{"id":382,"date":"2014-03-05T17:56:53","date_gmt":"2014-03-05T17:56:53","guid":{"rendered":"http:\/\/www.top10casinowebsites.net\/?page_id=382"},"modified":"2019-02-04T15:53:43","modified_gmt":"2019-02-04T15:53:43","slug":"juegos","status":"publish","type":"page","link":"https:\/\/www.top10casinowebsites.net\/es\/juegos","title":{"rendered":"Juegos de casino \u2013 Lista de juegos de casino con dinero real"},"content":{"rendered":"<p><img decoding=\"async\" class=\"alignleft\" src=\"https:\/\/www.top10casinowebsites.net\/wp-content\/uploads\/2017\/06\/casino-games.jpg\" alt=\"Juegos de Casino\" width=\"280\" \/>Existen dos tipos de jugadores de casino: aquellos que participan repetidamente en los mismos juegos azar, y otros que se muestran encantados en poder vivir la experiencia afrontar un nuevo desaf\u00edo, nuevos juegos que le ayuden a mejorar sus prestaciones como apostador con diferentes retos.<\/p>\n<p>Teniendo en cuenta lo anterior, hemos dise\u00f1ado un listado en el que encontrar\u00e1s p\u00e1ginas que te permiten disfrutar de la m\u00e1s <a href=\"https:\/\/es.wikipedia.org\/wiki\/Casino_de_juego\">amplia y destacada gama de juegos de casino online<\/a>.<\/p>\n<p>Todos ellos est\u00e1n altamente valorados y han sido recomendados por los propios usuarios, por lo que las son cientos las posibilidades a elegir.<\/p>\n<p>Hemos querido ayudarte a conocer la gran variedad de juegos que se ofrecen en nuestro cat\u00e1logo y a los que quiz\u00e1s nunca antes hayas jugado, de dos formas. La primera, a trav\u00e9s de una detallada <strong>revisi\u00f3n de los juegos<\/strong> y un exhaustivo <a href=\"\/es\/review\">an\u00e1lisis de las p\u00e1ginas de casinos online<\/a>. La segunda, con la opci\u00f3n de participar adem\u00e1s en estos juegos de forma gratuita directamente desde nuestra website.<\/p>\n<p>Te invitamos a que eches un vistazo a nuestra p\u00e1gina web y te diviertas de forma gratuita con el amplio cat\u00e1logo de juegos de casino que te ofrecemos. Algo que te permitir\u00e1, adem\u00e1s, descubrir cu\u00e1l o cu\u00e1les son los juegos de azar que m\u00e1s disfrutas.<\/p>\n<div class=\"grid-contents\" id=\"grid-contents\"><table class=\"cas_table\" ><tbody><tr class=\"rank-1\">\n                                <td class=\"ranking\">1<\/td>\n                                <td class=\"brandcol\">\n                                    <a href=https:\/\/www.top10casinowebsites.net\/es\/review\/888-casino class=\"brand brand-bg\"><img loading=\"lazy\" decoding=\"async\" class=\"group list-group-image\" src=\"https:\/\/static.top10casinowebsites.net\/images\/casino-rooms\/888-casino-logo.png\" width=\"200\" height=\"128\"\/><\/a>\n                                <\/td>\n                                <td class=\"bonus\" data-title=\"Bonus\">\n\t\t\t\t\t               <p class=\"bonus-text\"><strong>$888<\/strong>Welcome Bonus <br>(<a href=\"https:\/\/www.top10casinowebsites.net\/es\/review\/888-casino\">T&Cs apply, 18+<\/a>)<\/p>\n\t\t\t\t                <\/td>\n\t\t\t\t\t            <td class=\"badge_game\" data-title=\"Rating\">\n                                    <div class=\"rating\"><strong>5<\/strong>\/5<\/div>\n                                    <div class=\"rating stars\" style=\"margin-top: 5px;\"><span class=\"icon icon-stars\"><span class=\"icon-stars green\" style=\"width: 100%;\"><\/span><\/span><\/div>\n\t\t\t\t\t            <\/td>\n                               \n                                <td class=\"play\">\n\t\t\t\t\t               <a class=\"button-gold\" rel=\"nofollow\" href=\"https:\/\/www.top10casinowebsites.net\/es\/review\/888-casino\">Visit<\/a>\n\t                               <div class=\"\">\n\t\t\t\t\t                   <a class=\"review-snippet-link-play-now-col\" href=\"https:\/\/www.top10casinowebsites.net\/es\/review\/888-casino\">Read Review<\/a>\n\t\t\t\t\t               <\/div>\n\t\t\t\t\t           <\/td>\n     \t\t\t\t        <\/tr><\/tbody><\/table><\/div>\n<p>Tambi\u00e9n comprobar\u00e1s que, para obtener las mejores posibilidades de ganar y excelentes opciones de incrementar los fondos de tu cuenta, nuestra lista <a href=\"\/es\/casinos\">con los casinos online mejor valorados<\/a> te ofrece los bonos m\u00e1s elevados del mercado y decenas de promociones especiales. As\u00ed que, cuando participes en cualquiera de los juegos de casino de las p\u00e1ginas de nuestro cat\u00e1logo, aseg\u00farate que recibes todos los beneficios que estos bonos y promociones te ofrecen.<\/p>\n<p>A continuaci\u00f3n te ense\u00f1amos, de forma sencilla, c\u00f3mo registrarte y jugar a cualquier casino virtual si nunca antes lo has hecho. Adem\u00e1s, te daremos algunas sugerencias y consejos que incrementar\u00e1n tus posibilidades de ganar cuando est\u00e9s participando en tu juego de casino online favorito.<\/p>\n<h2>Participa en juegos de casino online<\/h2>\n<p>Queremos que te diviertas al m\u00e1ximo cuando decidas registrarte en cualquiera de los casinos en l\u00ednea de nuestro listado ofreci\u00e9ndote una gran variedad de juegos de los que poder disfrutar. Sin embargo, si nunca has tenido la posibilidad de registrarte en una p\u00e1gina de este tipo, perm\u00edtenos que te expliquemos como hacerlo de forma f\u00e1cil y r\u00e1pida.<\/p>\n<p>La primera cosa que debes tener claro es el tipo de plataforma de juegos a la que deseas tener acceso: descargable o v\u00eda navegador de internet.<\/p>\n<p>Si optas por la primera opci\u00f3n, tendr\u00e1s la posibilidad de descargar completamente la plataforma de juego en tu ordenador o port\u00e1til. Para esto, basta con hacer clic sobre el enlace de descarga que aparecer\u00e1 en el casino online seleccionado e instalar el software.<\/p>\n<p>Esta versi\u00f3n ofrece al usuario la posibilidad de modificar diferentes elementos de la interfaz que vienen configurados por defecto, pudiendo personalizar el juego seleccionado y adaptarlo a sus gustos o preferencias. B\u00e1sicamente estar\u00e1s visualizando una interfaz \u00fanica mientras apuestas a tu juego preferido.<\/p>\n<p>Sin embargo, si por cualquier motivo no te atrae la opci\u00f3n de descargar a tu ordenador o port\u00e1til el software, siempre tienes la alternativa de inscribirte f\u00e1cilmente y en cuesti\u00f3n de minutos a trav\u00e9s de las plataformas de juego instant\u00e1neo que ofrecen las destacadas p\u00e1ginas de casino online de nuestro listado.<\/p>\n<p>De esta forma, podr\u00e1s entretenerte con los juegos de casino con dinero real que m\u00e1s te atraigan simplemente utilizando el navegador web que has usado para visitar dicha p\u00e1gina. En consecuencia, no tendr\u00e1s que perder tiempo esperando a que el software con tus juegos preferidos se descargue en tu ordenador, ya que podr\u00e1s jugar a ellos inmediatamente a trav\u00e9s de Mozilla Firefox, Google Chrome o Internet Explorer.<\/p>\n<p>Otra alternativa que existe para jugar a estos juegos de casino online es utilizando un Smartphone o Tablet. Puedes comprobar como pr\u00e1cticamente todas las p\u00e1ginas de nuestro listado ofrece una plataforma 100% compatible con este tipo de dispositivos electr\u00f3nicos. Esto incluye tel\u00e9fonos m\u00f3viles y tabletas casi de cualquier marca que utilicen sistemas operativos como iOS, Android, Windows Phone, etc.<\/p>\n<p>Adem\u00e1s, cuando te registres en cualquiera de estos casinos online, independientemente de la plataforma que uses, \u00a1recibir\u00e1s interesantes bonos de bienvenida que incrementar\u00e1n de forma notable los fondos de tu cuenta de forma gratuita!<\/p>\n<h2>Estrategias y consejos para juegos de casino<\/h2>\n<p>Gracias a la amplia gama de juegos de casino online a los que se pueden jugar y las diferentes variantes en las que poder participar dentro de cada website, te garantizamos que vas a encontrar el tipo de juego que est\u00e1s buscando.<\/p>\n<p>Por supuesto, no nos queremos olvidar que cuando participas en cualquier juego de casino con dinero real, lo principal es que acabes tu sesi\u00f3n con una cantidad de dinero mayor en tu cuenta que con la que empezaste a jugar.<\/p>\n<p>Como norma general, por lo tanto, para que obtengas los m\u00e1ximos beneficios posibles cuando juegas a cualquiera de estos juegos de casino online es necesario encontrar una casa de apuestas que, o bien tenga un margen de beneficio bajo o, de otra forma, que ofrezca un alto porcentaje de pago a sus jugadores.<\/p>\n<p>Si echas un vistazo a nuestra website podr\u00e1s comprobar que te ofrecemos m\u00faltiples juegos entre los que elegir y en los que participar online. Adem\u00e1s de esto, debes saber que vamos a mostrarte cuales ofrecen los mayores porcentaje de pago a sus jugadores y aquellos que poseen un margen de beneficio para la casa m\u00e1s bajo.<\/p>\n<p>As\u00ed pues, ahora puedes aprovecharte de esta circunstancia y revisar con detenimiento nuestra p\u00e1gina para encontrar el juego de casino que m\u00e1s ventajas te ofrezca. Puedes probar directamente desde tu navegador adem\u00e1s muchos de nuestros juegos gratuitos si lo prefieres. De esta forma, conocer\u00e1s de primera mano su funcionamiento y el porcentaje de ganancia que vas a obtener con cada mano ganadora.<\/p>\n<p>Por \u00faltimo, no olvides que tienes m\u00e1s oportunidades de ganar y sacar el m\u00e1ximo a tus fondos probando nuestros <a href=\"\/es\/moviles\">casinos para dispositivos m\u00f3viles<\/a>. Esta secci\u00f3n es especialmente fruct\u00edfera para nuevos jugadores, ya que los bonos de bienvenida y promociones que ofrece son las mejores del mercado.<\/p>\n","protected":false},"excerpt":{"rendered":"<p>Existen dos tipos de jugadores de casino: aquellos que participan repetidamente en los mismos juegos azar, y otros que se muestran encantados en poder vivir la experiencia afrontar un nuevo desaf\u00edo, nuevos juegos que le ayuden a mejorar sus prestaciones como apostador con diferentes retos. Teniendo en cuenta lo anterior, hemos dise\u00f1ado un listado en [&hellip;]<\/p>\n","protected":false},"author":4,"featured_media":0,"parent":0,"menu_order":0,"comment_status":"closed","ping_status":"closed","template":"","meta":{"_acf_changed":false,"footnotes":""},"class_list":["post-382","page","type-page","status-publish","hentry"],"acf":[],"yoast_head":"<!-- This site is optimized with the Yoast SEO plugin v27.4 - https:\/\/yoast.com\/product\/yoast-seo-wordpress\/ -->\n<title>Juegos de casino \u2013 Lista de juegos de casino con dinero real<\/title>\n<meta name=\"description\" content=\"Disfruta de las p\u00e1ginas de casino online que te ofrecen los mejores juegos de toda la red y de sus inigualables promociones y bonos de bienvenida.\" \/>\n<meta name=\"robots\" content=\"index, follow, max-snippet:-1, max-image-preview:large, max-video-preview:-1\" \/>\n<link rel=\"canonical\" href=\"https:\/\/www.top10casinowebsites.net\/es\/juegos\" \/>\n<meta property=\"og:locale\" content=\"en_US\" \/>\n<meta property=\"og:type\" content=\"article\" \/>\n<meta property=\"og:title\" content=\"Juegos de casino \u2013 Lista de juegos de casino con dinero real\" \/>\n<meta property=\"og:description\" content=\"Disfruta de las p\u00e1ginas de casino online que te ofrecen los mejores juegos de toda la red y de sus inigualables promociones y bonos de bienvenida.\" \/>\n<meta property=\"og:url\" content=\"https:\/\/www.top10casinowebsites.net\/es\/juegos\" \/>\n<meta property=\"og:site_name\" content=\"ES\" \/>\n<meta property=\"article:modified_time\" content=\"2019-02-04T15:53:43+00:00\" \/>\n<meta property=\"og:image\" content=\"https:\/\/www.top10casinowebsites.net\/wp-content\/uploads\/2017\/06\/casino-games.jpg\" \/>\n<meta name=\"twitter:card\" content=\"summary_large_image\" \/>\n<meta name=\"twitter:label1\" content=\"Est. reading time\" \/>\n\t<meta name=\"twitter:data1\" content=\"6 minutes\" \/>\n<script type=\"application\/ld+json\" class=\"yoast-schema-graph\">{\"@context\":\"https:\\\/\\\/schema.org\",\"@graph\":[{\"@type\":\"WebPage\",\"@id\":\"https:\\\/\\\/www.top10casinowebsites.net\\\/es\\\/juegos\",\"url\":\"https:\\\/\\\/www.top10casinowebsites.net\\\/es\\\/juegos\",\"name\":\"Juegos de casino \u2013 Lista de juegos de casino con dinero real\",\"isPartOf\":{\"@id\":\"https:\\\/\\\/www.top10casinowebsites.net\\\/es\\\/#website\"},\"primaryImageOfPage\":{\"@id\":\"https:\\\/\\\/www.top10casinowebsites.net\\\/es\\\/juegos#primaryimage\"},\"image\":{\"@id\":\"https:\\\/\\\/www.top10casinowebsites.net\\\/es\\\/juegos#primaryimage\"},\"thumbnailUrl\":\"https:\\\/\\\/www.top10casinowebsites.net\\\/wp-content\\\/uploads\\\/2017\\\/06\\\/casino-games.jpg\",\"datePublished\":\"2014-03-05T17:56:53+00:00\",\"dateModified\":\"2019-02-04T15:53:43+00:00\",\"description\":\"Disfruta de las p\u00e1ginas de casino online que te ofrecen los mejores juegos de toda la red y de sus inigualables promociones y bonos de bienvenida.\",\"breadcrumb\":{\"@id\":\"https:\\\/\\\/www.top10casinowebsites.net\\\/es\\\/juegos#breadcrumb\"},\"inLanguage\":\"en-US\",\"potentialAction\":[{\"@type\":\"ReadAction\",\"target\":[\"https:\\\/\\\/www.top10casinowebsites.net\\\/es\\\/juegos\"]}]},{\"@type\":\"ImageObject\",\"inLanguage\":\"en-US\",\"@id\":\"https:\\\/\\\/www.top10casinowebsites.net\\\/es\\\/juegos#primaryimage\",\"url\":\"https:\\\/\\\/www.top10casinowebsites.net\\\/wp-content\\\/uploads\\\/2017\\\/06\\\/casino-games.jpg\",\"contentUrl\":\"https:\\\/\\\/www.top10casinowebsites.net\\\/wp-content\\\/uploads\\\/2017\\\/06\\\/casino-games.jpg\"},{\"@type\":\"BreadcrumbList\",\"@id\":\"https:\\\/\\\/www.top10casinowebsites.net\\\/es\\\/juegos#breadcrumb\",\"itemListElement\":[{\"@type\":\"ListItem\",\"position\":1,\"name\":\"Home\",\"item\":\"https:\\\/\\\/www.top10casinowebsites.net\\\/es\\\/\"},{\"@type\":\"ListItem\",\"position\":2,\"name\":\"Juegos de casino \u2013 Lista de juegos de casino con dinero real\"}]},{\"@type\":\"WebSite\",\"@id\":\"https:\\\/\\\/www.top10casinowebsites.net\\\/es\\\/#website\",\"url\":\"https:\\\/\\\/www.top10casinowebsites.net\\\/es\\\/\",\"name\":\"ES\",\"description\":\"\",\"potentialAction\":[{\"@type\":\"SearchAction\",\"target\":{\"@type\":\"EntryPoint\",\"urlTemplate\":\"https:\\\/\\\/www.top10casinowebsites.net\\\/es\\\/?s={search_term_string}\"},\"query-input\":{\"@type\":\"PropertyValueSpecification\",\"valueRequired\":true,\"valueName\":\"search_term_string\"}}],\"inLanguage\":\"en-US\"}]}<\/script>\n<!-- \/ Yoast SEO plugin. -->","yoast_head_json":{"title":"Juegos de casino \u2013 Lista de juegos de casino con dinero real","description":"Disfruta de las p\u00e1ginas de casino online que te ofrecen los mejores juegos de toda la red y de sus inigualables promociones y bonos de bienvenida.","robots":{"index":"index","follow":"follow","max-snippet":"max-snippet:-1","max-image-preview":"max-image-preview:large","max-video-preview":"max-video-preview:-1"},"canonical":"https:\/\/www.top10casinowebsites.net\/es\/juegos","og_locale":"en_US","og_type":"article","og_title":"Juegos de casino \u2013 Lista de juegos de casino con dinero real","og_description":"Disfruta de las p\u00e1ginas de casino online que te ofrecen los mejores juegos de toda la red y de sus inigualables promociones y bonos de bienvenida.","og_url":"https:\/\/www.top10casinowebsites.net\/es\/juegos","og_site_name":"ES","article_modified_time":"2019-02-04T15:53:43+00:00","og_image":[{"url":"https:\/\/www.top10casinowebsites.net\/wp-content\/uploads\/2017\/06\/casino-games.jpg","type":"","width":"","height":""}],"twitter_card":"summary_large_image","twitter_misc":{"Est. reading time":"6 minutes"},"schema":{"@context":"https:\/\/schema.org","@graph":[{"@type":"WebPage","@id":"https:\/\/www.top10casinowebsites.net\/es\/juegos","url":"https:\/\/www.top10casinowebsites.net\/es\/juegos","name":"Juegos de casino \u2013 Lista de juegos de casino con dinero real","isPartOf":{"@id":"https:\/\/www.top10casinowebsites.net\/es\/#website"},"primaryImageOfPage":{"@id":"https:\/\/www.top10casinowebsites.net\/es\/juegos#primaryimage"},"image":{"@id":"https:\/\/www.top10casinowebsites.net\/es\/juegos#primaryimage"},"thumbnailUrl":"https:\/\/www.top10casinowebsites.net\/wp-content\/uploads\/2017\/06\/casino-games.jpg","datePublished":"2014-03-05T17:56:53+00:00","dateModified":"2019-02-04T15:53:43+00:00","description":"Disfruta de las p\u00e1ginas de casino online que te ofrecen los mejores juegos de toda la red y de sus inigualables promociones y bonos de bienvenida.","breadcrumb":{"@id":"https:\/\/www.top10casinowebsites.net\/es\/juegos#breadcrumb"},"inLanguage":"en-US","potentialAction":[{"@type":"ReadAction","target":["https:\/\/www.top10casinowebsites.net\/es\/juegos"]}]},{"@type":"ImageObject","inLanguage":"en-US","@id":"https:\/\/www.top10casinowebsites.net\/es\/juegos#primaryimage","url":"https:\/\/www.top10casinowebsites.net\/wp-content\/uploads\/2017\/06\/casino-games.jpg","contentUrl":"https:\/\/www.top10casinowebsites.net\/wp-content\/uploads\/2017\/06\/casino-games.jpg"},{"@type":"BreadcrumbList","@id":"https:\/\/www.top10casinowebsites.net\/es\/juegos#breadcrumb","itemListElement":[{"@type":"ListItem","position":1,"name":"Home","item":"https:\/\/www.top10casinowebsites.net\/es\/"},{"@type":"ListItem","position":2,"name":"Juegos de casino \u2013 Lista de juegos de casino con dinero real"}]},{"@type":"WebSite","@id":"https:\/\/www.top10casinowebsites.net\/es\/#website","url":"https:\/\/www.top10casinowebsites.net\/es\/","name":"ES","description":"","potentialAction":[{"@type":"SearchAction","target":{"@type":"EntryPoint","urlTemplate":"https:\/\/www.top10casinowebsites.net\/es\/?s={search_term_string}"},"query-input":{"@type":"PropertyValueSpecification","valueRequired":true,"valueName":"search_term_string"}}],"inLanguage":"en-US"}]}},"_links":{"self":[{"href":"https:\/\/www.top10casinowebsites.net\/es\/wp-json\/wp\/v2\/pages\/382","targetHints":{"allow":["GET"]}}],"collection":[{"href":"https:\/\/www.top10casinowebsites.net\/es\/wp-json\/wp\/v2\/pages"}],"about":[{"href":"https:\/\/www.top10casinowebsites.net\/es\/wp-json\/wp\/v2\/types\/page"}],"author":[{"embeddable":true,"href":"https:\/\/www.top10casinowebsites.net\/es\/wp-json\/wp\/v2\/users\/4"}],"replies":[{"embeddable":true,"href":"https:\/\/www.top10casinowebsites.net\/es\/wp-json\/wp\/v2\/comments?post=382"}],"version-history":[{"count":2,"href":"https:\/\/www.top10casinowebsites.net\/es\/wp-json\/wp\/v2\/pages\/382\/revisions"}],"predecessor-version":[{"id":2129,"href":"https:\/\/www.top10casinowebsites.net\/es\/wp-json\/wp\/v2\/pages\/382\/revisions\/2129"}],"wp:attachment":[{"href":"https:\/\/www.top10casinowebsites.net\/es\/wp-json\/wp\/v2\/media?parent=382"}],"curies":[{"name":"wp","href":"https:\/\/api.w.org\/{rel}","templated":true}]}}