{"id":414,"date":"2016-02-10T09:35:30","date_gmt":"2016-02-10T09:35:30","guid":{"rendered":"http:\/\/www.top10casinowebsites.net\/?page_id=414"},"modified":"2022-10-17T17:03:36","modified_gmt":"2022-10-17T17:03:36","slug":"blackjack","status":"publish","type":"page","link":"https:\/\/www.top10casinowebsites.net\/es\/blackjack","title":{"rendered":"Juega al blackjack online con dinero real \u2013 los 5 mejores casinos blackjack"},"content":{"rendered":"<p><img decoding=\"async\" class=\"alignright size-full wp-image-115\" src=\"https:\/\/www.top10casinowebsites.net\/wp-content\/uploads\/2016\/01\/blackjack.jpg\" alt=\"blackjack.jpg\" width=\"300\" \/>Participa en diferentes <a href=\"https:\/\/es.wikipedia.org\/wiki\/Blackjack\">variantes de Blackjack<\/a> y utiliza todo tu ingenio para derrotar a la casa. \u00a1Incre\u00edbles <strong>bonos de bienvenida para nuevos jugadores de hasta 500 euros<\/strong> est\u00e1n esperando!<\/p>\n<p>El Blackjack o veintiuna es uno de los juegos de mesa m\u00e1s antiguos de los casinos y ciertamente conocido entre los jugadores habituales. De hecho, ha sido uno de los referentes en los salones de juego f\u00edsicos de Espa\u00f1a desde que estos inmuebles comenzaron a operar. Y, lo m\u00e1s positivo, es que se ha adaptado al universo virtual de internet de una forma bastante r\u00e1pida, siendo jugado por millones de usuarios en todo el mundo.<\/p>\n<p>Disfrutar de partidas de Blackjack online es bastante sencillo y, si lo que quieres es encontrar los mejores casinos donde poder jugar a este juego de cartas, los expertos de Top 10 Casino Websites est\u00e1 aqu\u00ed para ayudarte a encontrarlos. Independientemente si eres nuevo en el mundo del Blackjack o un jugador experto, nuestra p\u00e1gina tiene mucho que ofrecerte en relaci\u00f3n con este apasionante universo.<\/p>\n<p>Entre las numerosas variantes de este juego encontrar\u00e1 <strong>BlackJack Multi-mano, Blackjack de Doble Exposici\u00f3n, Blackjack Surrender, Pontoon, Blackjack Triple 7<\/strong> y muchos m\u00e1s<\/p>\n<p>Aqu\u00ed empieza el camino que te acercar\u00e1 un poco m\u00e1s a la carrera por el 21, con una lista con los mejores casinos para Blackjack de internet, sin importar el tipo de jugador que seas y la inversi\u00f3n inicial que puedas realizar.<\/p>\n<p>En nuestra p\u00e1gina encontrar\u00e1s todo lo relacionado con la versi\u00f3n online de este apasionante juego de cartas, desde los elementos m\u00e1s b\u00e1sicos de juego hasta las estrategias m\u00e1s avanzadas, pasando por trucos y consejos que te ayudar\u00e1n a mejorar tu juego desde el primer momento. \u00a1Y mucho m\u00e1s! Lo mejor es que te mostraremos los mejores casinos donde poder disfrutar de una amplia gama de variantes de Blackjack y decenas de incre\u00edbles bonos y promociones cuidadosamente seleccionadas por nuestros expertos de Top 10 Casino Websites.<\/p>\n<h2>Blackjack \u2013 fundamentos de juego<\/h2>\n<p>Para empezar, hemos de decir que el Blackjack es uno de los juegos de mesa m\u00e1s populares y sencillos de comprender. En pocas palabras, el objetivo de este juego de cartas es conseguir una mano con un valor m\u00e1s alta que la del crupier, pero sin pasarse de 21. Obtener una combinaci\u00f3n de cartas superior a 21 (<em>bust o pasarse<\/em>) supone perder la mano autom\u00e1ticamente.<\/p>\n<p>Sin embargo, antes de comenzar a jugar, el usuario debe saber c\u00f3mo determinar el valor de su mano. Para ello, hay que conocer cu\u00e1nto suma cada carta. El rey, la reina y la Jota tienen una valor de 10. El resto de cartas tienen el valor que su propio n\u00famero indica, a excepci\u00f3n del AS, que puede valen tanto 1 como 11, dependiendo de la mano que se tenga.<\/p>\n<p>La partida comienza con el reparto de dos cartas, que aparecen boca arriba, a los jugadores y otras dos al crupier (una aparecer\u00e1 boca arriba y la otra boca abajo).<\/p>\n<p>En el caso de tener 2 cartas que sumen 21, habr\u00e1s obtenido <em>Blackjack<\/em> y ganado la mano, siempre y cuando el dealer no obtenga la misma suma, caso en el que ser\u00e1 un empate y tu apuesta original se llevar\u00e1 a la siguiente mano. Si el valor de tu mano no suma 21, tendr\u00e1s la posibilidad de \u00b4<em>Pedir<\/em>\u00b4 una nueva carta o \u00b4<em>Plantarse<\/em>\u00b4.<\/p>\n<ul>\n<li>\u00b4<em>Pedir<\/em>\u00b4 una nueva carta supone que el crupier a\u00f1ada un naipe m\u00e1s a los dos que ya ten\u00edas del inicio de la mano y compute para el valor total de tu jugada. Podr\u00e1s pedir tantas cartas como creas necesario para acercarte al m\u00e1ximo a 21. \u00b4<em>Plantarse<\/em>\u00b4, por otro lado, supone que el jugador desea quedarse con el valor que las cartas suman en ese momento, sin a\u00f1adir ninguna otra.<\/li>\n<li>Tambi\u00e9n tienes la posibilidad de \u00b4<em>Dividir<\/em>\u00b4, lo que significa que juegas dos manos separadas a partir de tus dos cartas iniciales o \u00b4<em>Doblar<\/em>\u00b4, lo que supone duplicar la apuesta original pero pudiendo solicitar una \u00fanica carta m\u00e1s.<\/li>\n<\/ul>\n<h3>El rol del crupier<\/h3>\n<p>Una vez el jugador ejecuta la acci\u00f3n que desee para su jugada, es el turno del crupier de revelar el valor de la carta que coloc\u00f3 boca abajo. Una vez muestra dicho naipe, tiene varias posibilidades.<\/p>\n<p>El crupier debe \u00b4<em>Pedir<\/em>\u00b4 una nueva carta si el valor de su mano es 16 o un n\u00famero menor. Podr\u00e1, sin embargo, \u00b4Plantarse\u00b4 si su mano suma un total de 18 o m\u00e1s. Si sus primeras dos cartas son 10 y 7, mano conocida como \u00b4<em>Hard 17<\/em>\u00b4, deber\u00e1 \u00b4Plantarse\u00b4. Por otro lado, el repartidor debe \u00b4<em>Pedir<\/em>)\u00b4 una nueva carta si posee el conocido como \u00b4<em>Soft 17<\/em>\u00b4, compuesto por un AS y un 6.<\/p>\n<h2>Reglas del blackjack<\/h2>\n<p>Es importante entender las reglas de la variante del Blackjack online al que se juegue. A continuaci\u00f3n te mostramos una lista elaborada por nuestro equipo de expertos.<\/p>\n<ul>\n<li>Las apuestas ganadoras se pagan hasta cubrir la inversi\u00f3n realizada por el jugador 1:1<\/li>\n<li>El Blackjack se paga 3:2<\/li>\n<li>En caso de empate (push), el jugador mantiene su apuesta para la siguiente mano.<\/li>\n<li><strong>Doblar<\/strong>: si crees que tu mano inicial tiene muchas posibilidades se convertirse en ganadora sumando una sola carta m\u00e1s a ella y no tienes ni 10 ni 11, puedes solicitar la opci\u00f3n de \u00b4<em>Doblar<\/em>\u00b4 o \u00b4<em>Duplicar<\/em>\u00b4 tu apuesta. Para ello, deber\u00e1s colocar una apuesta adicional del mismo valor que la inicial y recibir\u00e1s entonces una nueva carta para conocer el valor final de tu mano.<\/li>\n<li><strong>Rendirse<\/strong>: algunos casinos online ofrecen la opci\u00f3n de retirarse de una mano, lo que supone la p\u00e9rdida de la mitad de lo apostado, antes de que el crupier muestre su segunda carta. Esta es una buena opci\u00f3n si piensas que tus posibilidades de ganar son reducidas y quieres recuperar parte de lo apostado. Es, por ejemplo, una situaci\u00f3n ideal cuando la primera carta del crupier es un AS.<\/li>\n<li><strong>Seguro para Blackjack<\/strong>: cuando la carta que muestra el crupier es un AS, se ofrecer\u00e1 al jugador un \u00b4seguro\u00b4. Si aceptas el \u00b4<em>seguro<\/em>\u00b4, tendr\u00e1s que colocar la mitad de tu apuesta inicial en la bolsa de seguridad. El crupier comprobar\u00e1 entonces el valor de su carta boca abajo. Si su mano obtiene Blackjack, tu apuesta de seguridad se pagar\u00e1 2:1. Si el crupier no obtiene Blackjack el usuario pierde la mano.<\/li>\n<li><strong>L\u00edmite<\/strong>: es el importe m\u00ednimo o m\u00e1ximo que se puede apostar en una mano. Esto depender\u00e1 del casino online y la variante de Blackjack a la que se juegue.<\/li>\n<\/ul>\n<p><strong>Howcast<\/strong><\/p>\n<h2>Tipos de blackjack<\/h2>\n<p>La mayor\u00eda de casinos online ofrece diferentes variantes del Blackjack a las que poder jugar. Te mostramos m\u00e1s abajo algunas de las m\u00e1s habituales.<\/p>\n<h3>Atlantic City Blackjack<\/h3>\n<p>Esta es una de las populares variantes m\u00e1s parecidas al Blackjack cl\u00e1sico con una baja ventaja para la casa. Este juego est\u00e1 disponible para jugar tanto de forma individual como a la opci\u00f3n multi-mano. Se juega con 8 barajas de cartas y el jugador tiene la posibilidad de <em>rendirse<\/em>. El crupier se planta con un <em>soft 17<\/em>.<\/p>\n<h3>Doble Exposure Blackjack<\/h3>\n<p>Esta es una de las variantes de Blackjack que m\u00e1s difiere de las versiones cl\u00e1sicas. La partida se juega con 8 barajas y el crupier debe mostrar sus dos cartas iniciales desde el principio. Debido a esto, la ventaja de la casa es m\u00e1s elevada, llegando incluso a un 0.69%. El crupier <em>pide<\/em> carta con un <em>soft 17<\/em> y gana todos los empates excepto en el caso que haya un Blackjack, que se paga 1:1. Se puede \u00b4<em>doblar<\/em>\u00b4 \u00fanicamente con <em>hard 9, 10 y 11<\/em> o despu\u00e9s de <em>dividir<\/em>.<\/p>\n<h3>Blackjack Europeo<\/h3>\n<p>Este es una de las variantes de Blackjack m\u00e1s similares a la versi\u00f3n cl\u00e1sica del juego. Se juega con 2 barajas de cartas. Reyes, Reinas y Jotas valen 10, mientras que el AS tiene un valor doble, 1 u 11, dependiendo de la situaci\u00f3n. Los jugadores pueden <em>pedir<\/em> hasta un total de nueve cartas extra. El crupier se <em>planta<\/em> con 17 y, si consigue Blackjack, las apuestas iniciales y dobladas se pierden. Las ganancias se pagan 3:2 mientras que la casa puede ofrecer un <em>seguro<\/em> si su primera carta es un AS.<\/p>\n<h3>Bonus Blackjack<\/h3>\n<p>Este tipo de Blackjack es similar al europeo, a excepci\u00f3n de algunos matices que te permitir\u00e1n recibir pagos mayores que en otras variantes. Se juega con dos mazos de cartas y con una opci\u00f3n de bono donde la Jota y el As de espadas se pagan 50:1. Jotas y Ases de otro palo se pagan 25:1.<\/p>\n<h3>Blackjack Switch<\/h3>\n<p>Esta variante ofrece una interesante alternativa al cl\u00e1sico Blackjack. El jugador participa con dos manos de forma simult\u00e1nea y tiene la opci\u00f3n de cambiar la primera carta despu\u00e9s de recibir los cuatro naipes iniciales, lo que permite mayores posibilidades de ganar. El juego tambi\u00e9n ofrece otras apuestas paralelas, que se pagan si las primeras cuatro cartas del jugador contienen un par, dos pares o tres cartas del mismo palo.<\/p>\n<h3>Blackjack con crupieres en vivo<\/h3>\n<p>Esta es la versi\u00f3n m\u00e1s cercana a jugar en un casino real que un jugador puede experimentar a trav\u00e9s de internet, gracias a la emisi\u00f3n del video en directo. Muchos casinos online ofrecen crupieres en vivo con los que el jugador puede interactuar a trav\u00e9s de un chat online como si se encontrara en cualquier casino de la geograf\u00eda nacional y que se encarga de dirigir el desarrollo del juego. Le recomendamos que eche un vistazo a los mejores casinos con crupieres en vivo de nuestra lista si desea disfrutar del Blackjack de la forma m\u00e1s realista posible.<\/p>\n<h2>Estrategias y consejos para jugar al blackjack<\/h2>\n<p>Siempre es importante elegir una estrategia de Blackjack y conocer algunos consejos interesantes con los que tengas posibilidades reales de ganar, lo que har\u00e1 que juegues con mucha m\u00e1s confianza.<\/p>\n<ul>\n<li>Lo principal es conocer las reglas del casino online donde vayas a jugar, que var\u00eda de unos a otros.<\/li>\n<li>Aj\u00fastate al presupuesto que tienes y adapta tus apuestas a unas cantidades que puedas manejar, sin realizar inversiones exageradas que pongan en peligro el total de tu cuenta. Una mesa en la que se manejen apuestas entre el 3% y el 5% del total resulta muy adecuada.<\/li>\n<li>Algunos jugadores ignoran el hecho de que es prudente plantarse cuando el valor de sus cartas suma 17, esperando conseguir 21. Sin embargo, con 17, las posibilidades de obtener una carta que no supere 21 y no te haga perder el juego son limitadas. Es importante saber que el crupier tiene que mantenerse pidiendo cartas hasta que llegue o supere 17, lo que puede forzar que sobrepase 21 y pierda.<\/li>\n<li>Si consigues dos cartas con una valor de 10, ser\u00eda conveniente no dividir, ya que la suma de estas, que ser\u00eda 20, es una cifra bastante complicada de batir para el crupier. Si divides y las nuevas cartas que recibes son un 5 o un 6, las probabilidades de ganar se habr\u00e1n reducido exponencialmente. La regla de oro es no dividir si tu primer par de cartas suma 20.<\/li>\n<li>No dividir si tienes un par de 5, todo lo contrario si obtienes un par de 8, lo que podr\u00eda colocarte es una situaci\u00f3n muy dudosa: \u00bfpedir nueva carta o plantarte?<\/li>\n<li>Si la primera carta del crupier es un 10, entonces es conveniente que no dividas tu mano, ya que el repartidor tendr\u00e1 que seguir pidiendo cartas hasta conseguir 17 al menos. En este caso, las posibilidades de pasarse para el crupier incrementar\u00e1n si su segunda carta es un 6, ya que no puede plantarse con 16.<\/li>\n<li>En el caso de tener 2 Ases, lo ideal ser\u00eda dividir. En ese caso, basta un 10 para conseguir Blackjack y, con casi total seguridad, ganar la mano, ya que el crupier no tendr\u00e1 otra opci\u00f3n m\u00e1s que buscar el Blackjack.<\/li>\n<li>Ten en cuenta que la ventaja del casino que escoges sea menor que la del resto, lo que depender\u00e1, en muchos casos, de la variante en la que participe. La ventaja de la casa en juegos con una sola baraja se encuentra en un 0.17% aproximadamente, mientras que si se utilizan 2 barajas, la ventaja de la casa se incrementa hasta el 0.46%. La ventaja de la casa si se juega con 8 barajas se eleva hasta el 0.65%.<\/li>\n<\/ul>\n<h2>Preguntas frecuentes relacionadas con el blackjack<\/h2>\n<div class='dt-sc-toggle-frame-set'><div class=\"dt-sc-toggle-frame\">\t<h5 class='dt-sc-toggle-accordion '><a href='#'>1. \u00bfD\u00f3nde puedo encontrar los mejores casinos para jugar al Blackjack?<\/a><\/h5>\t<div class=\"dt-sc-toggle-content\" style=\"display: none;\">\t\t<div class=\"block\">No tienes que buscar, ya que Top 10 Casino Websites te ofrece un listado con los m\u00e1s destacados de todo internet. Expertos del sector han analizado minuciosamente cada una de las p\u00e1ginas antes de darles el visto bueno y a\u00f1adirlas a nuestro cat\u00e1logo. En dichos casinos podr\u00e1s encontrar los m\u00e1s elevados porcentajes de pago y cientos de magn\u00edficos bonos. Y, lo m\u00e1s importante, son totalmente fiables, por lo que no tendr\u00e1s que preocuparte de la seguridad de tus datos personales y bancarios.\t\t<\/div>\t<\/div><\/div>\n<div class=\"dt-sc-toggle-frame\">\t<h5 class='dt-sc-toggle-accordion '><a href='#'>2. \u00bfPuedo jugar al Blackjack con dinero real en casinos para dispositivos m\u00f3viles?<\/a><\/h5>\t<div class=\"dt-sc-toggle-content\" style=\"display: none;\">\t\t<div class=\"block\">\u00a1Sin duda alguna! La mayor\u00eda de las p\u00e1ginas de casino online de nuestro listado ofrecen la posibilidad de jugar al Blackjack en cualquiera de sus variantes desde tu Smartphone o Tablet usando dinero de verdad.\t\t<\/div>\t<\/div><\/div>\n<div class=\"dt-sc-toggle-frame\">\t<h5 class='dt-sc-toggle-accordion '><a href='#'>3. \u00bfRealmente se pueden contar las cartas en el Blackjack?<\/a><\/h5>\t<div class=\"dt-sc-toggle-content\" style=\"display: none;\">\t\t<div class=\"block\">Contar cartas puede funcionar en los casinos f\u00edsicos, donde resulta mucho m\u00e1s sencillo analizar la frecuencia con la que aparecen ciertas cartas. Sin embargo, el casino online, gracias a su impresionante imprevisibilidad, no sigue ning\u00fan tipo de patr\u00f3n y es pr\u00e1cticamente imposible contar cartas y obtener alg\u00fan tipo de beneficio de ello.\t\t<\/div>\t<\/div><\/div>\n<div class=\"dt-sc-toggle-frame\">\t<h5 class='dt-sc-toggle-accordion '><a href='#'>4. \u00bfEs el Blackjack el juego de cartas con las mayores probabilidades de ganar?<\/a><\/h5>\t<div class=\"dt-sc-toggle-content\" style=\"display: none;\">\t\t<div class=\"block\">S\u00ed, comparado con muchos otros juegos de casino online. Como punto a tener en cuenta, la ventaja de la casa oscila entre el 0.17% y el 0.65% aproximadamente.\t\t<\/div>\t<\/div><\/div>\n<div class=\"dt-sc-toggle-frame\">\t<h5 class='dt-sc-toggle-accordion '><a href='#'>5. Para el jugador, \u00bfes mejor participar en una variante de Blackjack con una baraja o varias?<\/a><\/h5>\t<div class=\"dt-sc-toggle-content\" style=\"display: none;\">\t\t<div class=\"block\">Sin duda alguna con una baraja. Los juegos de Blackjack en los que se usa una sola baraja ofrece un 0.5% m\u00e1s de ventaja para el usuario que los multi barajas.\t\t<\/div>\t<\/div><\/div>\n<div class=\"dt-sc-toggle-frame\">\t<h5 class='dt-sc-toggle-accordion '><a href='#'>6. \u00bfDeber\u00eda jugar a tipos de Blackjack multijugador?<\/a><\/h5>\t<div class=\"dt-sc-toggle-content\" style=\"display: none;\">\t\t<div class=\"block\">No hay raz\u00f3n por la que no debas jugar a ellos. Las acciones de los otros jugadores no tienen nada que ver con las que t\u00fa realices. Adem\u00e1s, en muchas ocasiones, que haya m\u00e1s participantes aclara las posibilidades que tendr\u00e1s de ganar o perder, ya que el n\u00famero de cartas disponibles no ser\u00e1 el mismo.\t\t<\/div>\t<\/div><\/div><\/div>\n","protected":false},"excerpt":{"rendered":"<p>Participa en diferentes variantes de Blackjack y utiliza todo tu ingenio para derrotar a la casa. \u00a1Incre\u00edbles bonos de bienvenida para nuevos jugadores de hasta 500 euros est\u00e1n esperando! El Blackjack o veintiuna es uno de los juegos de mesa m\u00e1s antiguos de los casinos y ciertamente conocido entre los jugadores habituales. De hecho, ha [&hellip;]<\/p>\n","protected":false},"author":4,"featured_media":0,"parent":0,"menu_order":0,"comment_status":"closed","ping_status":"closed","template":"","meta":{"_acf_changed":false,"footnotes":""},"class_list":["post-414","page","type-page","status-publish","hentry"],"acf":[],"yoast_head":"<!-- This site is optimized with the Yoast SEO plugin v27.4 - https:\/\/yoast.com\/product\/yoast-seo-wordpress\/ -->\n<title>Juega al blackjack online con dinero real \u2013 los 5 mejores casinos blackjack<\/title>\n<meta name=\"description\" content=\"Desde Top10 Casino Websites te ofrecemos una lista con los mejores sitios de casino en l\u00ednea con dinero real para jugar Blackjack de todo internet.\" \/>\n<meta name=\"robots\" content=\"index, follow, max-snippet:-1, max-image-preview:large, max-video-preview:-1\" \/>\n<link rel=\"canonical\" href=\"https:\/\/www.top10casinowebsites.net\/es\/blackjack\" \/>\n<meta property=\"og:locale\" content=\"en_US\" \/>\n<meta property=\"og:type\" content=\"article\" \/>\n<meta property=\"og:title\" content=\"Juega al blackjack online con dinero real \u2013 los 5 mejores casinos blackjack\" \/>\n<meta property=\"og:description\" content=\"Desde Top10 Casino Websites te ofrecemos una lista con los mejores sitios de casino en l\u00ednea con dinero real para jugar Blackjack de todo internet.\" \/>\n<meta property=\"og:url\" content=\"https:\/\/www.top10casinowebsites.net\/es\/blackjack\" \/>\n<meta property=\"og:site_name\" content=\"ES\" \/>\n<meta property=\"article:modified_time\" content=\"2022-10-17T17:03:36+00:00\" \/>\n<meta name=\"twitter:card\" content=\"summary_large_image\" \/>\n<meta name=\"twitter:label1\" content=\"Est. reading time\" \/>\n\t<meta name=\"twitter:data1\" content=\"12 minutes\" \/>\n<script type=\"application\/ld+json\" class=\"yoast-schema-graph\">{\"@context\":\"https:\\\/\\\/schema.org\",\"@graph\":[{\"@type\":\"WebPage\",\"@id\":\"https:\\\/\\\/www.top10casinowebsites.net\\\/es\\\/blackjack\",\"url\":\"https:\\\/\\\/www.top10casinowebsites.net\\\/es\\\/blackjack\",\"name\":\"Juega al blackjack online con dinero real \u2013 los 5 mejores casinos blackjack\",\"isPartOf\":{\"@id\":\"https:\\\/\\\/www.top10casinowebsites.net\\\/es\\\/#website\"},\"primaryImageOfPage\":{\"@id\":\"https:\\\/\\\/www.top10casinowebsites.net\\\/es\\\/blackjack#primaryimage\"},\"image\":{\"@id\":\"https:\\\/\\\/www.top10casinowebsites.net\\\/es\\\/blackjack#primaryimage\"},\"thumbnailUrl\":\"https:\\\/\\\/www.top10casinowebsites.net\\\/wp-content\\\/uploads\\\/2016\\\/01\\\/blackjack.jpg\",\"datePublished\":\"2016-02-10T09:35:30+00:00\",\"dateModified\":\"2022-10-17T17:03:36+00:00\",\"description\":\"Desde Top10 Casino Websites te ofrecemos una lista con los mejores sitios de casino en l\u00ednea con dinero real para jugar Blackjack de todo internet.\",\"breadcrumb\":{\"@id\":\"https:\\\/\\\/www.top10casinowebsites.net\\\/es\\\/blackjack#breadcrumb\"},\"inLanguage\":\"en-US\",\"potentialAction\":[{\"@type\":\"ReadAction\",\"target\":[\"https:\\\/\\\/www.top10casinowebsites.net\\\/es\\\/blackjack\"]}]},{\"@type\":\"ImageObject\",\"inLanguage\":\"en-US\",\"@id\":\"https:\\\/\\\/www.top10casinowebsites.net\\\/es\\\/blackjack#primaryimage\",\"url\":\"https:\\\/\\\/www.top10casinowebsites.net\\\/wp-content\\\/uploads\\\/2016\\\/01\\\/blackjack.jpg\",\"contentUrl\":\"https:\\\/\\\/www.top10casinowebsites.net\\\/wp-content\\\/uploads\\\/2016\\\/01\\\/blackjack.jpg\"},{\"@type\":\"BreadcrumbList\",\"@id\":\"https:\\\/\\\/www.top10casinowebsites.net\\\/es\\\/blackjack#breadcrumb\",\"itemListElement\":[{\"@type\":\"ListItem\",\"position\":1,\"name\":\"Home\",\"item\":\"https:\\\/\\\/www.top10casinowebsites.net\\\/es\\\/\"},{\"@type\":\"ListItem\",\"position\":2,\"name\":\"Juega al blackjack online con dinero real \u2013 los 5 mejores casinos blackjack\"}]},{\"@type\":\"WebSite\",\"@id\":\"https:\\\/\\\/www.top10casinowebsites.net\\\/es\\\/#website\",\"url\":\"https:\\\/\\\/www.top10casinowebsites.net\\\/es\\\/\",\"name\":\"ES\",\"description\":\"\",\"potentialAction\":[{\"@type\":\"SearchAction\",\"target\":{\"@type\":\"EntryPoint\",\"urlTemplate\":\"https:\\\/\\\/www.top10casinowebsites.net\\\/es\\\/?s={search_term_string}\"},\"query-input\":{\"@type\":\"PropertyValueSpecification\",\"valueRequired\":true,\"valueName\":\"search_term_string\"}}],\"inLanguage\":\"en-US\"}]}<\/script>\n<!-- \/ Yoast SEO plugin. -->","yoast_head_json":{"title":"Juega al blackjack online con dinero real \u2013 los 5 mejores casinos blackjack","description":"Desde Top10 Casino Websites te ofrecemos una lista con los mejores sitios de casino en l\u00ednea con dinero real para jugar Blackjack de todo internet.","robots":{"index":"index","follow":"follow","max-snippet":"max-snippet:-1","max-image-preview":"max-image-preview:large","max-video-preview":"max-video-preview:-1"},"canonical":"https:\/\/www.top10casinowebsites.net\/es\/blackjack","og_locale":"en_US","og_type":"article","og_title":"Juega al blackjack online con dinero real \u2013 los 5 mejores casinos blackjack","og_description":"Desde Top10 Casino Websites te ofrecemos una lista con los mejores sitios de casino en l\u00ednea con dinero real para jugar Blackjack de todo internet.","og_url":"https:\/\/www.top10casinowebsites.net\/es\/blackjack","og_site_name":"ES","article_modified_time":"2022-10-17T17:03:36+00:00","twitter_card":"summary_large_image","twitter_misc":{"Est. reading time":"12 minutes"},"schema":{"@context":"https:\/\/schema.org","@graph":[{"@type":"WebPage","@id":"https:\/\/www.top10casinowebsites.net\/es\/blackjack","url":"https:\/\/www.top10casinowebsites.net\/es\/blackjack","name":"Juega al blackjack online con dinero real \u2013 los 5 mejores casinos blackjack","isPartOf":{"@id":"https:\/\/www.top10casinowebsites.net\/es\/#website"},"primaryImageOfPage":{"@id":"https:\/\/www.top10casinowebsites.net\/es\/blackjack#primaryimage"},"image":{"@id":"https:\/\/www.top10casinowebsites.net\/es\/blackjack#primaryimage"},"thumbnailUrl":"https:\/\/www.top10casinowebsites.net\/wp-content\/uploads\/2016\/01\/blackjack.jpg","datePublished":"2016-02-10T09:35:30+00:00","dateModified":"2022-10-17T17:03:36+00:00","description":"Desde Top10 Casino Websites te ofrecemos una lista con los mejores sitios de casino en l\u00ednea con dinero real para jugar Blackjack de todo internet.","breadcrumb":{"@id":"https:\/\/www.top10casinowebsites.net\/es\/blackjack#breadcrumb"},"inLanguage":"en-US","potentialAction":[{"@type":"ReadAction","target":["https:\/\/www.top10casinowebsites.net\/es\/blackjack"]}]},{"@type":"ImageObject","inLanguage":"en-US","@id":"https:\/\/www.top10casinowebsites.net\/es\/blackjack#primaryimage","url":"https:\/\/www.top10casinowebsites.net\/wp-content\/uploads\/2016\/01\/blackjack.jpg","contentUrl":"https:\/\/www.top10casinowebsites.net\/wp-content\/uploads\/2016\/01\/blackjack.jpg"},{"@type":"BreadcrumbList","@id":"https:\/\/www.top10casinowebsites.net\/es\/blackjack#breadcrumb","itemListElement":[{"@type":"ListItem","position":1,"name":"Home","item":"https:\/\/www.top10casinowebsites.net\/es\/"},{"@type":"ListItem","position":2,"name":"Juega al blackjack online con dinero real \u2013 los 5 mejores casinos blackjack"}]},{"@type":"WebSite","@id":"https:\/\/www.top10casinowebsites.net\/es\/#website","url":"https:\/\/www.top10casinowebsites.net\/es\/","name":"ES","description":"","potentialAction":[{"@type":"SearchAction","target":{"@type":"EntryPoint","urlTemplate":"https:\/\/www.top10casinowebsites.net\/es\/?s={search_term_string}"},"query-input":{"@type":"PropertyValueSpecification","valueRequired":true,"valueName":"search_term_string"}}],"inLanguage":"en-US"}]}},"_links":{"self":[{"href":"https:\/\/www.top10casinowebsites.net\/es\/wp-json\/wp\/v2\/pages\/414","targetHints":{"allow":["GET"]}}],"collection":[{"href":"https:\/\/www.top10casinowebsites.net\/es\/wp-json\/wp\/v2\/pages"}],"about":[{"href":"https:\/\/www.top10casinowebsites.net\/es\/wp-json\/wp\/v2\/types\/page"}],"author":[{"embeddable":true,"href":"https:\/\/www.top10casinowebsites.net\/es\/wp-json\/wp\/v2\/users\/4"}],"replies":[{"embeddable":true,"href":"https:\/\/www.top10casinowebsites.net\/es\/wp-json\/wp\/v2\/comments?post=414"}],"version-history":[{"count":2,"href":"https:\/\/www.top10casinowebsites.net\/es\/wp-json\/wp\/v2\/pages\/414\/revisions"}],"predecessor-version":[{"id":2199,"href":"https:\/\/www.top10casinowebsites.net\/es\/wp-json\/wp\/v2\/pages\/414\/revisions\/2199"}],"wp:attachment":[{"href":"https:\/\/www.top10casinowebsites.net\/es\/wp-json\/wp\/v2\/media?parent=414"}],"curies":[{"name":"wp","href":"https:\/\/api.w.org\/{rel}","templated":true}]}}