{"id":423,"date":"2016-02-10T10:27:46","date_gmt":"2016-02-10T10:27:46","guid":{"rendered":"http:\/\/www.top10casinowebsites.net\/?page_id=423"},"modified":"2022-10-24T16:18:13","modified_gmt":"2022-10-24T16:18:13","slug":"bacara","status":"publish","type":"page","link":"https:\/\/www.top10casinowebsites.net\/es\/bacara","title":{"rendered":"Bacar\u00e1 \u2013 juegos gratuitos y con dinero real"},"content":{"rendered":"<p><img decoding=\"async\" class=\"alignright size-full wp-image-1058\" src=\"https:\/\/www.top10casinowebsites.net\/wp-content\/uploads\/2016\/03\/baccarat.jpg\" alt=\"baccarat.jpg\" width=\"300\" \/>El Baccarat, Bacar\u00e1 o Punto y Banca es un juego de casino basado completamente en la suerte y que, al contrario que en otros juegos como el Blackjack no se necesitan conocimientos muy profundos para poder disfrutar de \u00e9l. La sencillez de sus reglas lo hace un juego de azar adecuado para casi cualquier usuario.<\/p>\n<p>Sin embargo, a lo largo de los a\u00f1os se han ido implementando diferentes variantes de este juego, por lo que el jugador deber\u00eda tener en cuenta los matices de cada uno estos, distintos seg\u00fan el casino online en el que se decida jugar.<\/p>\n<p>La gu\u00eda que le ofrecemos en nuestra p\u00e1gina le ayudar\u00e1 a entender mejor como jugar la versi\u00f3n de Baccarat online de la mayor\u00eda de casinos. Adem\u00e1s, obtendr\u00e1 interesantes consejos para sacar el m\u00e1ximo rendimiento a sus inversiones y hacerse con unas ganancias extra sin apenas esfuerzo.<\/p>\n<p>Uno de los aspectos principales que hay que conocer de este juego, es el valor que posee cada carta, ya que esto, en algunos casos, difiere de su valor num\u00e9rico impreso. Una vez sabido esto, hay que decir que Rey, Dama, Jota y 10 valen 0; el AS vale 1 y el resto de cartas (del 2 al 9) tienen el valor del n\u00famero impreso.<\/p>\n<p>Normalmente las p\u00e1ginas de casino online que ofertan el Bacar\u00e1, permiten disfrutar de este juego realizando una apuesta m\u00ednima de 1 euro y un m\u00e1ximo de 100, aunque es posible que esta cifra var\u00ede seg\u00fan de la casa de apuestas de la que se trate.<\/p>\n<p>M\u00e1s arriba puedes encontrar algunos ejemplos de estos juegos, todos ellos gratuitos, para que comiences a practicar desde cualquier lugar y en cualquier momento.<\/p>\n<h2>C\u00f3mo jugar al baccarat<\/h2>\n<p>Participar en una partida de Punto y Banca online es realmente sencillo, ya que el jugador simplemente debe apostar por cu\u00e1l de los tres posibles resultados se dar\u00e1 una vez se dispute la mano: gana el crupier, gana el jugador o hay un empate.<br \/>\nEs importante que sepas diferenciar entre las cartas que se reparten a la banca y al jugador, algo que estar\u00e1 claramente diferenciado y descrito sobre el tapete con las palabras: <em>Banker<\/em> (Banca) y <em>Player<\/em> (Jugador)<\/p>\n<p><strong>LasVegasSun<\/strong><\/p>\n<p>El n\u00famero de cartas que se reparten tanto al crupier como al jugador y las rondas que se jueguen, depende del casino online y la variante de Bacar\u00e1 en la que se participe. En cualquier caso, ganar\u00e1 la mano quien consiga 9 o m\u00e1s se acerque a esta cifra.<\/p>\n<p>Cuando el jugador apuesta a que la mano de la banca resultar\u00e1 ganadora y as\u00ed ocurre, el pago que el usuario recibe suele ser el total de lo apostado menos el 5% de comisi\u00f3n que se lleva la casa. Esto no sucede, sin embargo, cuando el jugador apuesta a que su mano ser\u00e1 la ganadora y es lo que sucede, obtendr\u00e1 el total de lo apostado, sin tener que aportar ninguna comisi\u00f3n al casino online al que juega.<\/p>\n<p>Con respecto a la apuesta que supone un empate, las ganancias obtenidas van a variar dependiendo de las <a href=\"\/es\/casinos\">diferentes p\u00e1ginas de casinos<\/a> en la que se juega, ya que cada una de ellas establece distintos pagos, acordes a un precio prefijado.<\/p>\n<h2>Las mejores estrategias de juego para baccarat<\/h2>\n<ul>\n<li>En primer lugar, debes entender que el Punto y Banca es un juego completamente supeditado al azar, fuera del control del jugador, que solo interviene cuando realiza la apuesta. Por lo tanto, las posibilidades de ganar o perder no dependen de la habilidad del usuario, lo que invita a priorizar m\u00e1s la diversi\u00f3n que cualquier otro aspecto.<\/li>\n<li>A pesar de esto, resulta necesario que el usuario de <a href=\"https:\/\/es.wikipedia.org\/wiki\/Bacar%C3%A1\">Baccarat online<\/a> conozca las reglas b\u00e1sicas del juego, lo que incrementar\u00e1 de alguna forma las probabilidades de ganar sus apuestas.<\/li>\n<li>Las posibilidades de que gane la mano de la casa o la del jugador son pr\u00e1cticamente las mismas, en torno entre el 44% y el 46%. As\u00ed que salvo por el 5% de comisi\u00f3n que se paga al casino online si se apuesta a una mano ganadora de la banca, el jugador puede apostar a una opci\u00f3n u otra sin apenas diferencia.<\/li>\n<li>En cualquier caso, la mano de la casa tiene una ligera ventaja con respecto a la del jugador, por lo que, en caso de duda, el manual dice que se apueste por la banca.<\/li>\n<li>El empate, que se encuentra alrededor del 9.5% de que ocurra, es bastante inusual, aunque los beneficios para esta apuesta son muy elevados, llegando a ser de 8 a 1 en algunos casos.<\/li>\n<li>Otra cosa que debes tener en mente, es que la mayor\u00eda de casinos de nuestro listado ofrecen la opci\u00f3n de jugar Bacar\u00e1 online de forma gratuita, con un funcionamiento id\u00e9ntico a los que operan con dinero real. Esto te ayudar\u00e1 a entender mejor c\u00f3mo se desarrolla el juego sin riesgo alguno.<\/li>\n<li>No te olvides de usar los excelentes bonos que te ofrecen las p\u00e1ginas de nuestro cat\u00e1logo, que multiplicar\u00e1n tu inversi\u00f3n inicial, incrementando de esta manera tus oportunidades de ganar.<\/li>\n<\/ul>\n","protected":false},"excerpt":{"rendered":"<p>El Baccarat, Bacar\u00e1 o Punto y Banca es un juego de casino basado completamente en la suerte y que, al contrario que en otros juegos como el Blackjack no se necesitan conocimientos muy profundos para poder disfrutar de \u00e9l. La sencillez de sus reglas lo hace un juego de azar adecuado para casi cualquier usuario. [&hellip;]<\/p>\n","protected":false},"author":4,"featured_media":0,"parent":0,"menu_order":0,"comment_status":"closed","ping_status":"closed","template":"","meta":{"_acf_changed":false,"footnotes":""},"class_list":["post-423","page","type-page","status-publish","hentry"],"acf":[],"yoast_head":"<!-- This site is optimized with the Yoast SEO plugin v27.4 - https:\/\/yoast.com\/product\/yoast-seo-wordpress\/ -->\n<title>Bacar\u00e1 \u2013 juegos gratuitos y con dinero real<\/title>\n<meta name=\"description\" content=\"Disfruta de la gu\u00eda m\u00e1s completa de todo internet para bacar\u00e1: bonos de bienvenida, cientos de juegos, sus reglas b\u00e1sicas y una larga lista de consejos \u00fatiles.\" \/>\n<meta name=\"robots\" content=\"index, follow, max-snippet:-1, max-image-preview:large, max-video-preview:-1\" \/>\n<link rel=\"canonical\" href=\"https:\/\/www.top10casinowebsites.net\/es\/bacara\" \/>\n<meta property=\"og:locale\" content=\"en_US\" \/>\n<meta property=\"og:type\" content=\"article\" \/>\n<meta property=\"og:title\" content=\"Bacar\u00e1 \u2013 juegos gratuitos y con dinero real\" \/>\n<meta property=\"og:description\" content=\"Disfruta de la gu\u00eda m\u00e1s completa de todo internet para bacar\u00e1: bonos de bienvenida, cientos de juegos, sus reglas b\u00e1sicas y una larga lista de consejos \u00fatiles.\" \/>\n<meta property=\"og:url\" content=\"https:\/\/www.top10casinowebsites.net\/es\/bacara\" \/>\n<meta property=\"og:site_name\" content=\"ES\" \/>\n<meta property=\"article:modified_time\" content=\"2022-10-24T16:18:13+00:00\" \/>\n<meta name=\"twitter:card\" content=\"summary_large_image\" \/>\n<meta name=\"twitter:label1\" content=\"Est. reading time\" \/>\n\t<meta name=\"twitter:data1\" content=\"4 minutes\" \/>\n<script type=\"application\/ld+json\" class=\"yoast-schema-graph\">{\"@context\":\"https:\\\/\\\/schema.org\",\"@graph\":[{\"@type\":\"WebPage\",\"@id\":\"https:\\\/\\\/www.top10casinowebsites.net\\\/es\\\/bacara\",\"url\":\"https:\\\/\\\/www.top10casinowebsites.net\\\/es\\\/bacara\",\"name\":\"Bacar\u00e1 \u2013 juegos gratuitos y con dinero real\",\"isPartOf\":{\"@id\":\"https:\\\/\\\/www.top10casinowebsites.net\\\/es\\\/#website\"},\"primaryImageOfPage\":{\"@id\":\"https:\\\/\\\/www.top10casinowebsites.net\\\/es\\\/bacara#primaryimage\"},\"image\":{\"@id\":\"https:\\\/\\\/www.top10casinowebsites.net\\\/es\\\/bacara#primaryimage\"},\"thumbnailUrl\":\"https:\\\/\\\/www.top10casinowebsites.net\\\/wp-content\\\/uploads\\\/2016\\\/03\\\/baccarat.jpg\",\"datePublished\":\"2016-02-10T10:27:46+00:00\",\"dateModified\":\"2022-10-24T16:18:13+00:00\",\"description\":\"Disfruta de la gu\u00eda m\u00e1s completa de todo internet para bacar\u00e1: bonos de bienvenida, cientos de juegos, sus reglas b\u00e1sicas y una larga lista de consejos \u00fatiles.\",\"breadcrumb\":{\"@id\":\"https:\\\/\\\/www.top10casinowebsites.net\\\/es\\\/bacara#breadcrumb\"},\"inLanguage\":\"en-US\",\"potentialAction\":[{\"@type\":\"ReadAction\",\"target\":[\"https:\\\/\\\/www.top10casinowebsites.net\\\/es\\\/bacara\"]}]},{\"@type\":\"ImageObject\",\"inLanguage\":\"en-US\",\"@id\":\"https:\\\/\\\/www.top10casinowebsites.net\\\/es\\\/bacara#primaryimage\",\"url\":\"https:\\\/\\\/www.top10casinowebsites.net\\\/wp-content\\\/uploads\\\/2016\\\/03\\\/baccarat.jpg\",\"contentUrl\":\"https:\\\/\\\/www.top10casinowebsites.net\\\/wp-content\\\/uploads\\\/2016\\\/03\\\/baccarat.jpg\"},{\"@type\":\"BreadcrumbList\",\"@id\":\"https:\\\/\\\/www.top10casinowebsites.net\\\/es\\\/bacara#breadcrumb\",\"itemListElement\":[{\"@type\":\"ListItem\",\"position\":1,\"name\":\"Home\",\"item\":\"https:\\\/\\\/www.top10casinowebsites.net\\\/es\\\/\"},{\"@type\":\"ListItem\",\"position\":2,\"name\":\"Bacar\u00e1 \u2013 juegos gratuitos y con dinero real\"}]},{\"@type\":\"WebSite\",\"@id\":\"https:\\\/\\\/www.top10casinowebsites.net\\\/es\\\/#website\",\"url\":\"https:\\\/\\\/www.top10casinowebsites.net\\\/es\\\/\",\"name\":\"ES\",\"description\":\"\",\"potentialAction\":[{\"@type\":\"SearchAction\",\"target\":{\"@type\":\"EntryPoint\",\"urlTemplate\":\"https:\\\/\\\/www.top10casinowebsites.net\\\/es\\\/?s={search_term_string}\"},\"query-input\":{\"@type\":\"PropertyValueSpecification\",\"valueRequired\":true,\"valueName\":\"search_term_string\"}}],\"inLanguage\":\"en-US\"}]}<\/script>\n<!-- \/ Yoast SEO plugin. -->","yoast_head_json":{"title":"Bacar\u00e1 \u2013 juegos gratuitos y con dinero real","description":"Disfruta de la gu\u00eda m\u00e1s completa de todo internet para bacar\u00e1: bonos de bienvenida, cientos de juegos, sus reglas b\u00e1sicas y una larga lista de consejos \u00fatiles.","robots":{"index":"index","follow":"follow","max-snippet":"max-snippet:-1","max-image-preview":"max-image-preview:large","max-video-preview":"max-video-preview:-1"},"canonical":"https:\/\/www.top10casinowebsites.net\/es\/bacara","og_locale":"en_US","og_type":"article","og_title":"Bacar\u00e1 \u2013 juegos gratuitos y con dinero real","og_description":"Disfruta de la gu\u00eda m\u00e1s completa de todo internet para bacar\u00e1: bonos de bienvenida, cientos de juegos, sus reglas b\u00e1sicas y una larga lista de consejos \u00fatiles.","og_url":"https:\/\/www.top10casinowebsites.net\/es\/bacara","og_site_name":"ES","article_modified_time":"2022-10-24T16:18:13+00:00","twitter_card":"summary_large_image","twitter_misc":{"Est. reading time":"4 minutes"},"schema":{"@context":"https:\/\/schema.org","@graph":[{"@type":"WebPage","@id":"https:\/\/www.top10casinowebsites.net\/es\/bacara","url":"https:\/\/www.top10casinowebsites.net\/es\/bacara","name":"Bacar\u00e1 \u2013 juegos gratuitos y con dinero real","isPartOf":{"@id":"https:\/\/www.top10casinowebsites.net\/es\/#website"},"primaryImageOfPage":{"@id":"https:\/\/www.top10casinowebsites.net\/es\/bacara#primaryimage"},"image":{"@id":"https:\/\/www.top10casinowebsites.net\/es\/bacara#primaryimage"},"thumbnailUrl":"https:\/\/www.top10casinowebsites.net\/wp-content\/uploads\/2016\/03\/baccarat.jpg","datePublished":"2016-02-10T10:27:46+00:00","dateModified":"2022-10-24T16:18:13+00:00","description":"Disfruta de la gu\u00eda m\u00e1s completa de todo internet para bacar\u00e1: bonos de bienvenida, cientos de juegos, sus reglas b\u00e1sicas y una larga lista de consejos \u00fatiles.","breadcrumb":{"@id":"https:\/\/www.top10casinowebsites.net\/es\/bacara#breadcrumb"},"inLanguage":"en-US","potentialAction":[{"@type":"ReadAction","target":["https:\/\/www.top10casinowebsites.net\/es\/bacara"]}]},{"@type":"ImageObject","inLanguage":"en-US","@id":"https:\/\/www.top10casinowebsites.net\/es\/bacara#primaryimage","url":"https:\/\/www.top10casinowebsites.net\/wp-content\/uploads\/2016\/03\/baccarat.jpg","contentUrl":"https:\/\/www.top10casinowebsites.net\/wp-content\/uploads\/2016\/03\/baccarat.jpg"},{"@type":"BreadcrumbList","@id":"https:\/\/www.top10casinowebsites.net\/es\/bacara#breadcrumb","itemListElement":[{"@type":"ListItem","position":1,"name":"Home","item":"https:\/\/www.top10casinowebsites.net\/es\/"},{"@type":"ListItem","position":2,"name":"Bacar\u00e1 \u2013 juegos gratuitos y con dinero real"}]},{"@type":"WebSite","@id":"https:\/\/www.top10casinowebsites.net\/es\/#website","url":"https:\/\/www.top10casinowebsites.net\/es\/","name":"ES","description":"","potentialAction":[{"@type":"SearchAction","target":{"@type":"EntryPoint","urlTemplate":"https:\/\/www.top10casinowebsites.net\/es\/?s={search_term_string}"},"query-input":{"@type":"PropertyValueSpecification","valueRequired":true,"valueName":"search_term_string"}}],"inLanguage":"en-US"}]}},"_links":{"self":[{"href":"https:\/\/www.top10casinowebsites.net\/es\/wp-json\/wp\/v2\/pages\/423","targetHints":{"allow":["GET"]}}],"collection":[{"href":"https:\/\/www.top10casinowebsites.net\/es\/wp-json\/wp\/v2\/pages"}],"about":[{"href":"https:\/\/www.top10casinowebsites.net\/es\/wp-json\/wp\/v2\/types\/page"}],"author":[{"embeddable":true,"href":"https:\/\/www.top10casinowebsites.net\/es\/wp-json\/wp\/v2\/users\/4"}],"replies":[{"embeddable":true,"href":"https:\/\/www.top10casinowebsites.net\/es\/wp-json\/wp\/v2\/comments?post=423"}],"version-history":[{"count":2,"href":"https:\/\/www.top10casinowebsites.net\/es\/wp-json\/wp\/v2\/pages\/423\/revisions"}],"predecessor-version":[{"id":2200,"href":"https:\/\/www.top10casinowebsites.net\/es\/wp-json\/wp\/v2\/pages\/423\/revisions\/2200"}],"wp:attachment":[{"href":"https:\/\/www.top10casinowebsites.net\/es\/wp-json\/wp\/v2\/media?parent=423"}],"curies":[{"name":"wp","href":"https:\/\/api.w.org\/{rel}","templated":true}]}}