{"id":425,"date":"2016-02-10T10:28:09","date_gmt":"2016-02-10T10:28:09","guid":{"rendered":"http:\/\/www.top10casinowebsites.net\/?page_id=425"},"modified":"2022-10-26T17:46:29","modified_gmt":"2022-10-26T17:46:29","slug":"ruleta","status":"publish","type":"page","link":"https:\/\/www.top10casinowebsites.net\/es\/ruleta","title":{"rendered":"Ruleta online \u2013 juegos con dinero real y gratuitos"},"content":{"rendered":"<p><img decoding=\"async\" class=\"alignright size-full wp-image-1134\" src=\"https:\/\/www.top10casinowebsites.net\/wp-content\/uploads\/2016\/03\/online-roulette.jpg\" alt=\"Online Roulette\" width=\"300\" \/>Sin duda alguna, la Ruleta es uno de los juegos m\u00e1s prestigiosos del mundo de los casinos y evoca en cualquier jugador la imagen de los impresionantes salones de juego de <a href=\"https:\/\/www.monte-carlo.mc\/es\/\">Monte Carlo<\/a> o Las Vegas.<\/p>\n<p>Sin embargo, gracias a los avances tecnol\u00f3gicos, la Ruleta ha dado el salto al universo de internet para crear una experiencia casi id\u00e9ntica a la de los casinos f\u00edsicos. Ya no necesitas salir para poder disfrutar de tu juego de azar favorito, puedes hacerlo c\u00f3modamente desde casa, con las cientos de opciones de Ruleta online que ofrece el mercado.<\/p>\n<p>Basta con que poseas un tel\u00e9fono inteligente o un ordenador port\u00e1til con conexi\u00f3n a internet para comenzar a disfrutar. Y lo que es incluso mejor, tendr\u00e1s la ocasi\u00f3n de escoger entre versiones descargables de la Ruleta o jugar directamente desde el navegador.<\/p>\n<p>Si quieres conocer m\u00e1s sobre la versi\u00f3n en l\u00ednea de este juego de azar, has llegado a la p\u00e1gina adecuada. En Top 10 Casino Websites encontrar\u00e1s los mejores casinos online para jugar a la Ruleta de todo internet, aprender\u00e1s las reglas de este emocionante juego, las m\u00e1s destacadas estrategias y consejos que te ayudar\u00e1n a optimizar tus ganancias, magn\u00edficos bonos que incrementar\u00e1n el dinero de tu cuenta y mucho m\u00e1s.<\/p>\n<h2>Aspectos b\u00e1sicos de la Ruleta en l\u00ednea<\/h2>\n<p>La Ruleta es un juego para casinos, tanto online como offline, que resulta ciertamente sencillo de jugar y que est\u00e1 lleno de diversi\u00f3n. No es necesario poseer unos conocimientos de experto para disfrutar de la Ruleta, aunque es importante conocer sus reglas b\u00e1sicas, m\u00e1s a\u00fan cuando estas pueden variar dependiendo de la website y la modalidad a la que se juegue.<\/p>\n<ul>\n<li>El juego de la Ruleta est\u00e1 compuesto por una rueda, una bola y un tablero.<\/li>\n<li>La rueda de la Ruleta es el elemento principal del juego y en el que se lanza una peque\u00f1a bola que salta de hueco en hueco hasta que cae finalmente en uno, en el que se encuentra el n\u00famero ganador. Los n\u00fameros, de color rojo o negro, van desde el 1 al 36. Adem\u00e1s, existe un cero para la versi\u00f3n Europea o Francesa y un doble cero para la modalidad Americana, ambos de color verde.<\/li>\n<li>El tablero de apuestas de la Ruleta en l\u00ednea cuenta igualmente con los mismos n\u00fameros 1-18 y 19-36, adem\u00e1s de par-impar, rojo-negro, 1\u00aa docena, 2\u00aa docena y 3\u00aa docena.<\/li>\n<li>El objetivo del juego es predecir el n\u00famero en el que caer\u00e1 la bola una vez la Ruleta se detenga.<\/li>\n<li>El usuario puede hacer su apuesta sobre cualquiera de las opciones disponibles, que van desde un solo n\u00famero, hasta una combinaci\u00f3n de varios n\u00fameros, pasando por el resto de posibilidades que se contemplan en el tablero, tales como: 1\u00aa, 2\u00aa o 3\u00aa docena, a una columna, un color, una fila, etc.<\/li>\n<li>Una vez colocada la apuesta, basta con hacer clic sobre el bot\u00f3n \u00b4spin\u00b4 o \u00b4girar\u00b4 para que la Ruleta empiece a moverse con la bola en ella. Tras unos segundos, la rueda se detendr\u00e1 y la bola caer\u00e1 en uno de los huecos, resolviendo as\u00ed la tirada.<\/li>\n<\/ul>\n<p><strong>Howcast<\/strong><\/p>\n<h2>Variantes de la ruleta online<\/h2>\n<p>Hemos querido mostrarte los m\u00e1s destacados tipos de Ruleta online del sector, con los que nuestros expertos han pasado interminables horas hasta extraer las particularidades de cada uno de ellos. A continuaci\u00f3n te mostramos las variantes de Ruleta online m\u00e1s importantes:<\/p>\n<h3>Ruleta Europea online<\/h3>\n<p>Esta variante de la <strong>Ruleta europea<\/strong> para casinos online, la m\u00e1s popular de todas, posee los n\u00fameros del 1 al 36 e incluye un solo 0. La ventaja de la casa es de las m\u00e1s bajas, ya que se encuentra sobre el 2.6% y cuenta con una regla que permite recuperar la mitad de lo apostado si la bola cae en el 0. Los pagos dependen del tipo de apuesta que se realice.<\/p>\n<ul>\n<li>Las apuestas que se hacen a un solo n\u00famero son las que mejor se pagan (35:1)<\/li>\n<li>Las apuestas ganadoras a dos n\u00fameros se pagan 17:1<\/li>\n<li>Las apuestas vencedoras a tres n\u00fameros se pagan 11:1<\/li>\n<li>Las apuestas par-impar y rojo-negro se pagan 1:1<\/li>\n<\/ul>\n<h3>Ruleta Americana online<\/h3>\n<p><strong>La Ruleta americana es otra de las variantes m\u00e1s populares<\/strong> entre los amantes de los casinos online, muy similar a la europea, pero que posee 38 n\u00fameros en vez de 37. La distinci\u00f3n principal entre ambas modalidades, es que la Ruleta Americana en l\u00ednea posee un doble 0, que, generalmente, permite mayores m\u00e1rgenes de beneficio, ya que la ventaja de la casa es algo mayor (entre 5.7% y 7.89%). Las apuestas son las mismas, aunque existen algunas diferencias.<\/p>\n<ul>\n<li>Las apuestas simples al cero o el doble cero se pagan 35:1<\/li>\n<li>Las apuestas combinadas al cero y al doble cero se cobran 17:1<\/li>\n<li>Las apuestas ganadoras a tres n\u00fameros se pagan 11:1<\/li>\n<li>8:1 se pagan las predicciones correctas a bloques de cuatro n\u00fameros<\/li>\n<li>La combinaci\u00f3n 0, 00, 1, 2 y 3 se paga 6:1<\/li>\n<li>Las docenas y columnas se pagan 2:1<\/li>\n<li>Los bloques de n\u00famero del 1 al 18, del 19 al 36, par-impar y rojo-negro, se cobran 1:1<\/li>\n<\/ul>\n<h3>Ruleta Francesa en l\u00ednea<\/h3>\n<p>Esta variante es pr\u00e1cticamente igual a la europea, excepto las diferencias de dise\u00f1o y color que se puede encontrar sobre su tablero, que adem\u00e1s suele estar en franc\u00e9s. Posee dos apuestas distintas al resto de modalidades: \u00b4<em>En Prison<\/em>\u00b4 y \u00b4<em>La Partage<\/em>\u00b4. En este caso, si se combina una de estas apuestas con una de par-impar, rojo-negro o al bloque de n\u00fameros 1-18-19-36 (pasa-falta) y la bola cae en la casilla del 0, el jugador recibe de vuelta la mitad de su apuesta.<\/p>\n<h3>Ruleta Multi-rueda<\/h3>\n<p>Como su nombre bien indica, este tipo de variante ese juega en una mesa de Ruleta pero con 8 ruedas Europeas al mismo tiempo, lo que multiplica las oportunidades del jugador de ganar. El giro de las Ruletas sucede de manera simult\u00e1nea, pero las ruedas no tienen ning\u00fan tipo de conexi\u00f3n entre ellas, por lo que cada uno de los ocho giros es totalmente independiente. Esto significa que el resultado puede ser completamente distinto entre cada una de las ruedas.<\/p>\n<h3>Ruleta con crupier en vivo<\/h3>\n<p>Si lo que quieres es vivir una experiencia lo m\u00e1s real a jugar en un casino f\u00edsico pero desde la comodidad de tu casa, el parque o la playa, este es el tipo de Ruleta m\u00e1s recomendada para ti. Esta variante del juego se desarrolla de forma id\u00e9ntica a la de cualquier casino f\u00edsico del pa\u00eds, ya que cuenta con una persona real que hace de crupier y se encarga de dirigir la sesi\u00f3n de juego en directo, gracias a la retransmisi\u00f3n de video en vivo. Todos los casinos online de nuestro cat\u00e1logo permiten disfrutar de la Ruleta en directo, ya sea a la versi\u00f3n europea, americana o francesa.<\/p>\n<h2>Recomendaciones y consejos para jugar a la Ruleta online<\/h2>\n<p>Top 10 Casino Websites y su equipo de expertos del sector tienen el AS en la manga que el usuario necesita para convertirse en un experto jugador de Ruleta de la forma m\u00e1s sencilla, r\u00e1pida y segura de toda la red. Tienen un mont\u00f3n de consejos y recomendaciones que te van a ayudar a sacarle el m\u00e1ximo rendimiento a tu juego.<\/p>\n<p>Hemos querido suprimir la palabra \u00b4estrategia\u00b4 de la secci\u00f3n de la Ruleta porque no existe realmente ninguna que pueda ayudarte a ganar en este juego, ya que el azar resulta el factor m\u00e1s importante. Sin embargo, si podemos guiarte de alguna manera a entender perfectamente los entresijos del juego para que puedas tomar decisiones que incrementen tus posibilidades de \u00e9xito. A continuaci\u00f3n te lo explicamos.<\/p>\n<ul>\n<li><strong>Apuestas internas o externas<\/strong>: es importante que el jugador entienda que, a pesar de haber muchos m\u00e1s tipos de apuestas, todas se resumen en las dos anteriores.Las \u00b4interiores o dentro\u00b4 son aquellas que abarcan los n\u00fameros del tablero del 1 al 36 y el 0 y\/o doble 0. Dichas apuestas tienen un mayor desembolso para el jugador en caso de resultar ganadora que las externas, ya que hay un menor n\u00famero de posibilidades involucradas.Dentro de las apuestas \u00b4exteriores o fuera\u00b4, por su parte, encontramos las de color (rojo-negro), las docenas (1\u00aa, 2\u00aa y 3\u00aa), par-impar, columna, etc. que ofrecen mayores probabilidades de salir ganador, ya que contienen muchos m\u00e1s n\u00fameros. Los pagos, sin embargo, son m\u00e1s peque\u00f1os. A pesar de ello, nuestros expertos recomiendan las apuestas externas al principio.<\/li>\n<li><strong>Apuestas m\u00faltiples<\/strong>: la Ruleta online es un juego que permite realizar varios tipos de apuestas a la vez e incluso mezclarlas y adaptarlas a lo que uno desea. Y el n\u00famero de combinaciones es tan elevado, que nos quedar\u00edamos sin tiempo para explicar todas ellas. En este caso, nuestros expertos recomiendan que pruebes a combinar apuestas y dise\u00f1es tu propio estilo de juego.<\/li>\n<li>Si eres nuevo en el juego de la Ruleta online, una opci\u00f3n para incrementar las opciones de ganar es apostar por par-impar. De esta forma, el jugador se asegura un mayor n\u00famero de ganancias mientras aprende de forma m\u00e1s profunda el funcionamiento del juego.<\/li>\n<li>Nunca apuestes sin haber comprobado cuales son las probabilidades y los pagos que ofrece la casa, ya que esto var\u00eda de una p\u00e1gina web a otra.<\/li>\n<li>Escoge inteligentemente la variante de Ruleta a la que jugar. Principalmente, es necesario comprender la diferencia entre la versi\u00f3n Europea y Americana, que est\u00e1 en el 0 y el doble 00. En el primer caso, la ventaja de la casa es menor, por lo que podr\u00eda resultar m\u00e1s interesante para un nuevo jugador comenzar a participar en la Ruleta Europea.<\/li>\n<li>Una vez se haya familiarizado con la Europea, ser\u00eda conveniente que probara con otras variantes de Ruleta en l\u00ednea. Cada una de ellas posee su propio m\u00e9todo de apuestas, de lo que podr\u00e1s beneficiarte si alternas unas con otras.<\/li>\n<li>No tengas prisa a la hora de realizar una apuesta, ya que esto podr\u00eda llevarte a tomar malas decisiones. T\u00f3mate tu tiempo para pensar la mejor opci\u00f3n.<\/li>\n<li>Es recomendable empezar realizando peque\u00f1as apuestas exteriores y, una vez consiga incrementar la cantidad acumulada en su cuenta, apostar por otras posibilidades. La clave est\u00e1 en introducir variedad al tipo de apuesta.<\/li>\n<li>Puedes realizar apuestas a dos o m\u00e1s n\u00fameros cercanos en el tablero, lo que te dar\u00e1 m\u00e1s probabilidades de ganar que si apuestas a un solo n\u00famero. Esta recomendaci\u00f3n es bastante interesante por las cantidades que se pagan si la apuesta resulta ganadora.<\/li>\n<li>Puedes hacer el juego m\u00e1s divertido participando en la Ruleta multi-jugador. De esta forma, ver\u00e1s a otros jugadores realizando apuestas en contra de la casa al igual que t\u00fa.<\/li>\n<li>Una forma de casi garantizar ganancias es apostando a ambos bloques de n\u00fameros: 1-18 y 19-36. De esta forma, caiga donde caiga la bola, el jugador resultar\u00e1 ganador. Eso s\u00ed, es importante comprobar el desembolso que se recibe a cambio de ejecutar este tipo de jugada.<\/li>\n<\/ul>\n<h2>Preguntas frecuentes sobre la Ruleta en l\u00ednea<\/h2>\n<p>Gracias a las interminables horas que nuestros expertos han pasado estudiando los mejores casinos online para este juego, tienen una idea clara del tipo de pregunta que los jugadores de la Ruleta se hacen habitualmente. As\u00ed pues, hemos decidido exponer estas cuestiones y mostrar adem\u00e1s las consiguientes respuestas.<br \/>\n<div class='dt-sc-toggle-frame-set'><div class=\"dt-sc-toggle-frame\">\t<h5 class='dt-sc-toggle-accordion '><a href='#'>1. \u00bfEs seguro jugar a la Ruleta online? \u00bfEs posible trucar el juego para favorecer a la casa?<\/a><\/h5>\t<div class=\"dt-sc-toggle-content\" style=\"display: none;\">\t\t<div class=\"block\">En nuestro sitio web encontrar\u00e1 \u00fanicamente casinos online autorizados y regulados por las administraciones que gestionan el juego en nuestro pa\u00eds, por lo que la garant\u00eda de fiabilidad de estas p\u00e1ginas es total. Adem\u00e1s, estos juegos cuentan con los sistemas de generaci\u00f3n de aleatoriedad m\u00e1s avanzados hasta la fecha, algo que los hace incluso menos previsibles que los que podemos encontrar en cualquier casino f\u00edsico.\t\t<\/div>\t<\/div><\/div><div class=\"dt-sc-toggle-frame\">\t<h5 class='dt-sc-toggle-accordion '><a href='#'>2. \u00bfCu\u00e1l es el tipo de Ruleta que ofrece mayores posibilidades de ganar?<\/a><\/h5>\t<div class=\"dt-sc-toggle-content\" style=\"display: none;\">\t\t<div class=\"block\">Es necesario saber que todas las versiones de la Ruleta poseen las mismas probabilidades de ganar, sin embargo, la ventaja de la casa var\u00eda de la Ruleta Europea (2.7%) a la Americana (5.2%)\t\t<\/div>\t<\/div><\/div><div class=\"dt-sc-toggle-frame\">\t<h5 class='dt-sc-toggle-accordion '><a href='#'>3. Soy nuevo en el mundo de la Ruleta en l\u00ednea, \u00bfpor d\u00f3nde debo empezar?<\/a><\/h5>\t<div class=\"dt-sc-toggle-content\" style=\"display: none;\">\t\t<div class=\"block\">Es aconsejable empezar jugando a la Ruleta Europea, ya que, como hemos indicado en el punto 2, la ventaja de la casa en menor, por lo que el jugador tiene m\u00e1s opciones de ganar. Adem\u00e1s, le recomendamos que comience realizando apuestas \u00b4externas\u00b4 del tipo par-impar, rojo-negro, etc. ya que aumentan todav\u00eda m\u00e1s tus opciones de resultar vencedor de la jugada.\t\t<\/div>\t<\/div><\/div><div class=\"dt-sc-toggle-frame\">\t<h5 class='dt-sc-toggle-accordion '><a href='#'>4. \u00bfExiste alguna estrategia para la Ruleta online que realmente funcione?<\/a><\/h5>\t<div class=\"dt-sc-toggle-content\" style=\"display: none;\">\t\t<div class=\"block\">Como hemos se\u00f1alado anteriormente, no existe una formula o estrategia que garantice ganar jugando a la Ruleta. Este juego depende totalmente del azar, por lo que el jugador no tiene ninguna implicaci\u00f3n en la resoluci\u00f3n de las tiradas. La influencia del usuario se encuentra en la apuesta que realiza. En ese sentido, jugar de manera inteligente s\u00ed puede incrementar su probabilidad de \u00e9xito.<\/p>\n<p><strong>Ojo con:<\/strong> usar el sistema <a href=\"https:\/\/en.wikipedia.org\/wiki\/Martingale_(betting_system)\">Martingale<\/a>. Esta estrategia de juego que consiste en apostar a rojo-negro o par-impar de forma sistem\u00e1tica e ir doblando la apuesta cada vez que se pierde. De esta forma, la primera vez que se ganara tras p\u00e9rdida se recuperar\u00eda lo que se perdi\u00f3 previamente y se obtendr\u00eda adem\u00e1s un peque\u00f1o beneficio. Esta estrategia est\u00e1 totalmente prohibida por muchos casinos online, por lo que es necesario revisar detenidamente los t\u00e9rminos y condiciones de la p\u00e1gina antes de intentar ejecutar el sistema <em>Martingale<\/em>.\t\t<\/div>\t<\/div><\/div><div class=\"dt-sc-toggle-frame\">\t<h5 class='dt-sc-toggle-accordion '><a href='#'>5. \u00bfEn qu\u00e9 dispositivos puedo jugar a la Ruleta en l\u00ednea?<\/a><\/h5>\t<div class=\"dt-sc-toggle-content\" style=\"display: none;\">\t\t<div class=\"block\">Jugar en el ordenador o port\u00e1til es uno de los m\u00e9todos m\u00e1s habituales, sin embargo, con el <a href=\"https:\/\/es.wikipedia.org\/wiki\/HTML5\">desarrollo de la tecnolog\u00eda HTML5<\/a> ahora ya puedes participar a este juego desde cualquier lugar con tu Smartphone o Tableta. De hecho, la mayor\u00eda de casinos online de nuestro cat\u00e1logo ofrecen una interfaz totalmente adaptada a este tipo de dispositivos m\u00f3viles. Adem\u00e1s, en muchos casos, presentan tambi\u00e9n la opci\u00f3n de descargar su aplicaci\u00f3n m\u00f3vil compatible con sistemas iOS, Android, Blackberry y Windows.\t\t<\/div>\t<\/div><\/div><div class=\"dt-sc-toggle-frame\">\t<h5 class='dt-sc-toggle-accordion '><a href='#'>6. \u00bfOfrecen las p\u00e1ginas del cat\u00e1logo bonos para jugadores de Ruleta?<\/a><\/h5>\t<div class=\"dt-sc-toggle-content\" style=\"display: none;\">\t\t<div class=\"block\">Una de las formas con la que las p\u00e1ginas de casino online atraen a nuevos jugadores son sus bonos y promociones, que con total seguridad vas a encontrar en el cat\u00e1logo de Top 10 Casino Websites. Muchas de estas p\u00e1ginas incluyen la Ruleta como juego que contribuye a obtener magn\u00edficas ventajas en forma de bono para sus jugadores. Basta con realizar un ingreso en su cuenta, cumplir con unos sencillos requisitos y podr\u00e1 disfrutar de estos beneficios.\t\t<\/div>\t<\/div><\/div><div class=\"dt-sc-toggle-frame\">\t<h5 class='dt-sc-toggle-accordion '><a href='#'>7. \u00bfD\u00f3nde puedo encontrar las mejores mesas para jugar a la Ruleta online?<\/a><\/h5>\t<div class=\"dt-sc-toggle-content\" style=\"display: none;\">\t\t<div class=\"block\">\u00a1Aqu\u00ed mismo en nuestra p\u00e1gina web! Nuestros expertos han pasado mucho tiempo analizando cada casino online y las ofertas de Ruleta que estos poseen, bas\u00e1ndose en par\u00e1metros como: gr\u00e1ficos, facilidad de uso, seguridad, bonos y mucho m\u00e1s. De esta forma, han conseguido seleccionar \u00fanicamente aquellas p\u00e1ginas que ofertan los mejores juegos de Ruleta online de todo el mercado.\t\t<\/div>\t<\/div><\/div><\/div>\n","protected":false},"excerpt":{"rendered":"<p>Sin duda alguna, la Ruleta es uno de los juegos m\u00e1s prestigiosos del mundo de los casinos y evoca en cualquier jugador la imagen de los impresionantes salones de juego de Monte Carlo o Las Vegas. Sin embargo, gracias a los avances tecnol\u00f3gicos, la Ruleta ha dado el salto al universo de internet para crear [&hellip;]<\/p>\n","protected":false},"author":4,"featured_media":0,"parent":0,"menu_order":0,"comment_status":"closed","ping_status":"closed","template":"","meta":{"_acf_changed":false,"footnotes":""},"class_list":["post-425","page","type-page","status-publish","hentry"],"acf":[],"yoast_head":"<!-- This site is optimized with the Yoast SEO plugin v27.4 - https:\/\/yoast.com\/product\/yoast-seo-wordpress\/ -->\n<title>Ruleta online \u2013 juegos con dinero real y gratuitos<\/title>\n<meta name=\"description\" content=\"Aprende todo lo que necesitas saber sobre los fundamentos de la ruleta en l\u00ednea, los diferentes tipos de ruleta y consejos para convertirte en un buen jugador.\" \/>\n<meta name=\"robots\" content=\"index, follow, max-snippet:-1, max-image-preview:large, max-video-preview:-1\" \/>\n<link rel=\"canonical\" href=\"https:\/\/www.top10casinowebsites.net\/es\/ruleta\" \/>\n<meta property=\"og:locale\" content=\"en_US\" \/>\n<meta property=\"og:type\" content=\"article\" \/>\n<meta property=\"og:title\" content=\"Ruleta online \u2013 juegos con dinero real y gratuitos\" \/>\n<meta property=\"og:description\" content=\"Aprende todo lo que necesitas saber sobre los fundamentos de la ruleta en l\u00ednea, los diferentes tipos de ruleta y consejos para convertirte en un buen jugador.\" \/>\n<meta property=\"og:url\" content=\"https:\/\/www.top10casinowebsites.net\/es\/ruleta\" \/>\n<meta property=\"og:site_name\" content=\"ES\" \/>\n<meta property=\"article:modified_time\" content=\"2022-10-26T17:46:29+00:00\" \/>\n<meta name=\"twitter:card\" content=\"summary_large_image\" \/>\n<meta name=\"twitter:label1\" content=\"Est. reading time\" \/>\n\t<meta name=\"twitter:data1\" content=\"13 minutes\" \/>\n<script type=\"application\/ld+json\" class=\"yoast-schema-graph\">{\"@context\":\"https:\\\/\\\/schema.org\",\"@graph\":[{\"@type\":\"WebPage\",\"@id\":\"https:\\\/\\\/www.top10casinowebsites.net\\\/es\\\/ruleta\",\"url\":\"https:\\\/\\\/www.top10casinowebsites.net\\\/es\\\/ruleta\",\"name\":\"Ruleta online \u2013 juegos con dinero real y gratuitos\",\"isPartOf\":{\"@id\":\"https:\\\/\\\/www.top10casinowebsites.net\\\/es\\\/#website\"},\"primaryImageOfPage\":{\"@id\":\"https:\\\/\\\/www.top10casinowebsites.net\\\/es\\\/ruleta#primaryimage\"},\"image\":{\"@id\":\"https:\\\/\\\/www.top10casinowebsites.net\\\/es\\\/ruleta#primaryimage\"},\"thumbnailUrl\":\"https:\\\/\\\/www.top10casinowebsites.net\\\/wp-content\\\/uploads\\\/2016\\\/03\\\/online-roulette.jpg\",\"datePublished\":\"2016-02-10T10:28:09+00:00\",\"dateModified\":\"2022-10-26T17:46:29+00:00\",\"description\":\"Aprende todo lo que necesitas saber sobre los fundamentos de la ruleta en l\u00ednea, los diferentes tipos de ruleta y consejos para convertirte en un buen jugador.\",\"breadcrumb\":{\"@id\":\"https:\\\/\\\/www.top10casinowebsites.net\\\/es\\\/ruleta#breadcrumb\"},\"inLanguage\":\"en-US\",\"potentialAction\":[{\"@type\":\"ReadAction\",\"target\":[\"https:\\\/\\\/www.top10casinowebsites.net\\\/es\\\/ruleta\"]}]},{\"@type\":\"ImageObject\",\"inLanguage\":\"en-US\",\"@id\":\"https:\\\/\\\/www.top10casinowebsites.net\\\/es\\\/ruleta#primaryimage\",\"url\":\"https:\\\/\\\/www.top10casinowebsites.net\\\/wp-content\\\/uploads\\\/2016\\\/03\\\/online-roulette.jpg\",\"contentUrl\":\"https:\\\/\\\/www.top10casinowebsites.net\\\/wp-content\\\/uploads\\\/2016\\\/03\\\/online-roulette.jpg\"},{\"@type\":\"BreadcrumbList\",\"@id\":\"https:\\\/\\\/www.top10casinowebsites.net\\\/es\\\/ruleta#breadcrumb\",\"itemListElement\":[{\"@type\":\"ListItem\",\"position\":1,\"name\":\"Home\",\"item\":\"https:\\\/\\\/www.top10casinowebsites.net\\\/es\\\/\"},{\"@type\":\"ListItem\",\"position\":2,\"name\":\"Ruleta online \u2013 juegos con dinero real y gratuitos\"}]},{\"@type\":\"WebSite\",\"@id\":\"https:\\\/\\\/www.top10casinowebsites.net\\\/es\\\/#website\",\"url\":\"https:\\\/\\\/www.top10casinowebsites.net\\\/es\\\/\",\"name\":\"ES\",\"description\":\"\",\"potentialAction\":[{\"@type\":\"SearchAction\",\"target\":{\"@type\":\"EntryPoint\",\"urlTemplate\":\"https:\\\/\\\/www.top10casinowebsites.net\\\/es\\\/?s={search_term_string}\"},\"query-input\":{\"@type\":\"PropertyValueSpecification\",\"valueRequired\":true,\"valueName\":\"search_term_string\"}}],\"inLanguage\":\"en-US\"}]}<\/script>\n<!-- \/ Yoast SEO plugin. -->","yoast_head_json":{"title":"Ruleta online \u2013 juegos con dinero real y gratuitos","description":"Aprende todo lo que necesitas saber sobre los fundamentos de la ruleta en l\u00ednea, los diferentes tipos de ruleta y consejos para convertirte en un buen jugador.","robots":{"index":"index","follow":"follow","max-snippet":"max-snippet:-1","max-image-preview":"max-image-preview:large","max-video-preview":"max-video-preview:-1"},"canonical":"https:\/\/www.top10casinowebsites.net\/es\/ruleta","og_locale":"en_US","og_type":"article","og_title":"Ruleta online \u2013 juegos con dinero real y gratuitos","og_description":"Aprende todo lo que necesitas saber sobre los fundamentos de la ruleta en l\u00ednea, los diferentes tipos de ruleta y consejos para convertirte en un buen jugador.","og_url":"https:\/\/www.top10casinowebsites.net\/es\/ruleta","og_site_name":"ES","article_modified_time":"2022-10-26T17:46:29+00:00","twitter_card":"summary_large_image","twitter_misc":{"Est. reading time":"13 minutes"},"schema":{"@context":"https:\/\/schema.org","@graph":[{"@type":"WebPage","@id":"https:\/\/www.top10casinowebsites.net\/es\/ruleta","url":"https:\/\/www.top10casinowebsites.net\/es\/ruleta","name":"Ruleta online \u2013 juegos con dinero real y gratuitos","isPartOf":{"@id":"https:\/\/www.top10casinowebsites.net\/es\/#website"},"primaryImageOfPage":{"@id":"https:\/\/www.top10casinowebsites.net\/es\/ruleta#primaryimage"},"image":{"@id":"https:\/\/www.top10casinowebsites.net\/es\/ruleta#primaryimage"},"thumbnailUrl":"https:\/\/www.top10casinowebsites.net\/wp-content\/uploads\/2016\/03\/online-roulette.jpg","datePublished":"2016-02-10T10:28:09+00:00","dateModified":"2022-10-26T17:46:29+00:00","description":"Aprende todo lo que necesitas saber sobre los fundamentos de la ruleta en l\u00ednea, los diferentes tipos de ruleta y consejos para convertirte en un buen jugador.","breadcrumb":{"@id":"https:\/\/www.top10casinowebsites.net\/es\/ruleta#breadcrumb"},"inLanguage":"en-US","potentialAction":[{"@type":"ReadAction","target":["https:\/\/www.top10casinowebsites.net\/es\/ruleta"]}]},{"@type":"ImageObject","inLanguage":"en-US","@id":"https:\/\/www.top10casinowebsites.net\/es\/ruleta#primaryimage","url":"https:\/\/www.top10casinowebsites.net\/wp-content\/uploads\/2016\/03\/online-roulette.jpg","contentUrl":"https:\/\/www.top10casinowebsites.net\/wp-content\/uploads\/2016\/03\/online-roulette.jpg"},{"@type":"BreadcrumbList","@id":"https:\/\/www.top10casinowebsites.net\/es\/ruleta#breadcrumb","itemListElement":[{"@type":"ListItem","position":1,"name":"Home","item":"https:\/\/www.top10casinowebsites.net\/es\/"},{"@type":"ListItem","position":2,"name":"Ruleta online \u2013 juegos con dinero real y gratuitos"}]},{"@type":"WebSite","@id":"https:\/\/www.top10casinowebsites.net\/es\/#website","url":"https:\/\/www.top10casinowebsites.net\/es\/","name":"ES","description":"","potentialAction":[{"@type":"SearchAction","target":{"@type":"EntryPoint","urlTemplate":"https:\/\/www.top10casinowebsites.net\/es\/?s={search_term_string}"},"query-input":{"@type":"PropertyValueSpecification","valueRequired":true,"valueName":"search_term_string"}}],"inLanguage":"en-US"}]}},"_links":{"self":[{"href":"https:\/\/www.top10casinowebsites.net\/es\/wp-json\/wp\/v2\/pages\/425","targetHints":{"allow":["GET"]}}],"collection":[{"href":"https:\/\/www.top10casinowebsites.net\/es\/wp-json\/wp\/v2\/pages"}],"about":[{"href":"https:\/\/www.top10casinowebsites.net\/es\/wp-json\/wp\/v2\/types\/page"}],"author":[{"embeddable":true,"href":"https:\/\/www.top10casinowebsites.net\/es\/wp-json\/wp\/v2\/users\/4"}],"replies":[{"embeddable":true,"href":"https:\/\/www.top10casinowebsites.net\/es\/wp-json\/wp\/v2\/comments?post=425"}],"version-history":[{"count":3,"href":"https:\/\/www.top10casinowebsites.net\/es\/wp-json\/wp\/v2\/pages\/425\/revisions"}],"predecessor-version":[{"id":2201,"href":"https:\/\/www.top10casinowebsites.net\/es\/wp-json\/wp\/v2\/pages\/425\/revisions\/2201"}],"wp:attachment":[{"href":"https:\/\/www.top10casinowebsites.net\/es\/wp-json\/wp\/v2\/media?parent=425"}],"curies":[{"name":"wp","href":"https:\/\/api.w.org\/{rel}","templated":true}]}}