{"id":427,"date":"2016-02-10T10:29:23","date_gmt":"2016-02-10T10:29:23","guid":{"rendered":"http:\/\/www.top10casinowebsites.net\/?page_id=427"},"modified":"2022-10-27T17:21:37","modified_gmt":"2022-10-27T17:21:37","slug":"video-poker","status":"publish","type":"page","link":"https:\/\/www.top10casinowebsites.net\/es\/video-poker","title":{"rendered":"Video poker \u2013 juegos de Poker con dinero real y gratuitos"},"content":{"rendered":"<p><img decoding=\"async\" class=\"alignright size-full wp-image-127\" src=\"https:\/\/www.top10casinowebsites.net\/wp-content\/uploads\/2016\/01\/video-poker.jpg\" alt=\"Video Poker\" width=\"300\" \/>En esta secci\u00f3n de nuestro sitio web vamos a presentarte el Video Poker, que es una variante del tradicional juego de cartas con un toque de <a href=\"https:\/\/www.top10casinowebsites.net\/es\/tragaperras\">tragaperras<\/a>. Gracias a la explosi\u00f3n del n\u00famero de p\u00e1ginas de casino online durante los \u00faltimos a\u00f1os, vas a encontrar una inmensa multitud de variantes de Video Poker disponibles.<\/p>\n<p>Uno de los aspectos m\u00e1s interesantes del Video Poker es que permite jugar una sola mano o varias de ellas al mismo tiempo, lo que se denomina multimano. Esta \u00faltima opci\u00f3n permite al jugador participar con hasta cuatro manos por ronda, multiplicando por cuatro las posibilidades de ganar.<\/p>\n<p>Por otro lado, una de las cosas que debes saber es que cuando participas en cualquier <a href=\"https:\/\/www.microgaming.co.uk\/\">casino online de Microgaming<\/a>, sus juegos multi-mano han pasado a denominarse Power Poker games. Estas p\u00e1ginas te ofrecen adem\u00e1s la posibilidad de disfrutar de Video Poker progresivo, los cuales acumulan excepcionales premios que el jugador puede conseguir con algo de suerte.<\/p>\n<p>A continuaci\u00f3n vamos a mostrarte c\u00f3mo jugar al Video Poker y algunas de las estrategias m\u00e1s atractivas que se pueden utilizar en este juego. Adem\u00e1s, te ense\u00f1aremos cuales son los aspectos que hacen que algunos juegos de Video Poker sean m\u00e1s interesantes de jugar que otros.<\/p>\n<p>En nuestra p\u00e1gina web encontrar\u00e1s adem\u00e1s distintas versiones gratuitas de Video Poker con las que practicar sin necesidad de usar dinero real. Esto te permitir\u00e1 probar nuevas estrategias de juego y conocer cuales se adaptan mejor a tu estilo como jugador.<\/p>\n<p>Practicar con m\u00faltiples variantes de Video Poker no har\u00e1 otra cosa m\u00e1s que mejorar tu estrategia de juego, prepar\u00e1ndote para apostar con dinero real cuando te sientas preparado para ello. As\u00ed pues, te recomendamos que sigas leyendo con detenimiento el resto de secciones de nuestra p\u00e1gina de Video Poker, ya que no tenemos duda que esto te servir\u00e1 para convertirte en un mejor jugador.<\/p>\n<h2>C\u00f3mo jugar al Video Poker<\/h2>\n<p>Al igual que sucede con las Slots, el Video Poker posee una serie de combinaciones que hacen ganar diferentes cantidades de dinero al cliente. Sin embargo, al contrario que en las tragamonedas, el jugador tiene mucho que decir en este juego. La elecci\u00f3n del casino en l\u00ednea al que jugar y la variante de Video Poker son dos aspectos de gran relevancia antes de comenzar el juego.<\/p>\n<p>Adem\u00e1s, tendr\u00e1s que decidir el valor de la moneda de tu apuesta, que habitualmente oscila entre 0.1 y 25, aunque esto tiene mucho que ver con el casino online y la variante de Video Poker a la que decidas jugar.<\/p>\n<p><strong>americancasinoguide<\/strong><\/p>\n<p>Otro de los aspectos que el jugador debe tener muy en cuenta antes de empezar a disfrutar del Video Poker es el valor de la apuesta que va a realizar y el porcentaje de pago que recibir\u00e1 si consigue ganar la mano. Para esto, el usuario tiene la opci\u00f3n de seleccionar hasta 5 l\u00edneas de pago, que aparecen con sus correspondientes tablas de ganancias y las combinaciones que te llevan a ellas. Basta con seleccionar la que m\u00e1s se adecue a tus pretensiones y comenzar a jugar.<\/p>\n<p>Tan pronto como hayas seleccionado el valor de tu apuesta y la l\u00ednea de pago que m\u00e1s te interese, basta con que hagas clic sobre el boto \u00b4deal\u00b4 u \u00b4ok\u00b4 para obtener tus cinco primeras cartas de la mano. Ahora s\u00ed, una vez conoces dichos naipes, tendr\u00e1s que demostrar tu habilidad como jugador y decidir si quedarte con alguna de ellas.<\/p>\n<p>Una vez seleccionadas \u00b4hold\u00b4 las cartas con las que vas a quedarte, tendr\u00e1s que pulsar de nuevo el bot\u00f3n \u00b4deal\u00b4, apareciendo unas nuevas cartas en sustituci\u00f3n de las que no conservaste y creando de esta forma tu mano definitiva. Ya solo basta con contemplar la tabla de pagos para conocer si tu jugada es ganadora de alg\u00fan premio y la cantidad obtenida.<\/p>\n<h2>Las mejores estrategias de juego de Video Poker<\/h2>\n<p>Existen tres aspectos que debes tener en cuenta para asegurarte que tienen las m\u00e1ximas probabilidades de ganar cuando participar en el Video Poker: apostar de acuerdo con las posibilidades de tu bolsa, conocer las combinaciones que pueden llevarte a ganar y escoger la variante que posea mayores porcentajes de pago.<\/p>\n<p>Tendr\u00e1s que estudiar con detenimiento la tabla de pagos que cada modalidad de Video Poker te ofrece para calcular el porcentaje de beneficio que obtendr\u00e1s en el caso de que tu apuesta resulte ganadora. Todos y cada uno de los casinos online de nuestra lista te ofrecen una completa informaci\u00f3n al respecto, entre la que se incluye el <a href=\"http:\/\/getgamblingfacts.ca\/how-gambling-really-works\/return-to-player-rtp-and-hit-frequency-what-do-these-mean\/\">RTP de cada juego disponible<\/a>.<\/p>\n<p>Habitualmente, para obtener los mejores porcentajes de pago en cualquiera de los casinos online de nuestro cat\u00e1logo, el jugador debe apostar un valor de cinco monedas por mano. Esto garantiza los beneficios m\u00e1s elevados en caso de ganar la partida.<\/p>\n<p>Una interesante opci\u00f3n es la de \u00b4auto selecci\u00f3n\u00b4, que hace que se retengan de forma autom\u00e1tica aquellas cartas que m\u00e1s probabilidades tienen de combinarse con cartas de la segunda ronda para formar una mano ganadora. De esta forma, el jugador tiene la garant\u00eda de que no se le escape ninguna opci\u00f3n interesante.<\/p>\n","protected":false},"excerpt":{"rendered":"<p>En esta secci\u00f3n de nuestro sitio web vamos a presentarte el Video Poker, que es una variante del tradicional juego de cartas con un toque de tragaperras. Gracias a la explosi\u00f3n del n\u00famero de p\u00e1ginas de casino online durante los \u00faltimos a\u00f1os, vas a encontrar una inmensa multitud de variantes de Video Poker disponibles. Uno [&hellip;]<\/p>\n","protected":false},"author":4,"featured_media":0,"parent":0,"menu_order":0,"comment_status":"closed","ping_status":"closed","template":"","meta":{"_acf_changed":false,"footnotes":""},"class_list":["post-427","page","type-page","status-publish","hentry"],"acf":[],"yoast_head":"<!-- This site is optimized with the Yoast SEO plugin v27.4 - https:\/\/yoast.com\/product\/yoast-seo-wordpress\/ -->\n<title>Video poker \u2013 juegos de poker con dinero real y gratuitos<\/title>\n<meta name=\"description\" content=\"Visita nuestro cat\u00e1logo con los mejores casinos online para Video Poker y disfruta de una completa gu\u00eda que llevar\u00e1 tu juego a un nivel superior.\" \/>\n<meta name=\"robots\" content=\"index, follow, max-snippet:-1, max-image-preview:large, max-video-preview:-1\" \/>\n<link rel=\"canonical\" href=\"https:\/\/www.top10casinowebsites.net\/es\/video-poker\" \/>\n<meta property=\"og:locale\" content=\"en_US\" \/>\n<meta property=\"og:type\" content=\"article\" \/>\n<meta property=\"og:title\" content=\"Video poker \u2013 juegos de poker con dinero real y gratuitos\" \/>\n<meta property=\"og:description\" content=\"Visita nuestro cat\u00e1logo con los mejores casinos online para Video Poker y disfruta de una completa gu\u00eda que llevar\u00e1 tu juego a un nivel superior.\" \/>\n<meta property=\"og:url\" content=\"https:\/\/www.top10casinowebsites.net\/es\/video-poker\" \/>\n<meta property=\"og:site_name\" content=\"ES\" \/>\n<meta property=\"article:modified_time\" content=\"2022-10-27T17:21:37+00:00\" \/>\n<meta name=\"twitter:card\" content=\"summary_large_image\" \/>\n<meta name=\"twitter:label1\" content=\"Est. reading time\" \/>\n\t<meta name=\"twitter:data1\" content=\"4 minutes\" \/>\n<script type=\"application\/ld+json\" class=\"yoast-schema-graph\">{\"@context\":\"https:\\\/\\\/schema.org\",\"@graph\":[{\"@type\":\"WebPage\",\"@id\":\"https:\\\/\\\/www.top10casinowebsites.net\\\/es\\\/video-poker\",\"url\":\"https:\\\/\\\/www.top10casinowebsites.net\\\/es\\\/video-poker\",\"name\":\"Video poker \u2013 juegos de poker con dinero real y gratuitos\",\"isPartOf\":{\"@id\":\"https:\\\/\\\/www.top10casinowebsites.net\\\/es\\\/#website\"},\"primaryImageOfPage\":{\"@id\":\"https:\\\/\\\/www.top10casinowebsites.net\\\/es\\\/video-poker#primaryimage\"},\"image\":{\"@id\":\"https:\\\/\\\/www.top10casinowebsites.net\\\/es\\\/video-poker#primaryimage\"},\"thumbnailUrl\":\"https:\\\/\\\/www.top10casinowebsites.net\\\/wp-content\\\/uploads\\\/2016\\\/01\\\/video-poker.jpg\",\"datePublished\":\"2016-02-10T10:29:23+00:00\",\"dateModified\":\"2022-10-27T17:21:37+00:00\",\"description\":\"Visita nuestro cat\u00e1logo con los mejores casinos online para Video Poker y disfruta de una completa gu\u00eda que llevar\u00e1 tu juego a un nivel superior.\",\"breadcrumb\":{\"@id\":\"https:\\\/\\\/www.top10casinowebsites.net\\\/es\\\/video-poker#breadcrumb\"},\"inLanguage\":\"en-US\",\"potentialAction\":[{\"@type\":\"ReadAction\",\"target\":[\"https:\\\/\\\/www.top10casinowebsites.net\\\/es\\\/video-poker\"]}]},{\"@type\":\"ImageObject\",\"inLanguage\":\"en-US\",\"@id\":\"https:\\\/\\\/www.top10casinowebsites.net\\\/es\\\/video-poker#primaryimage\",\"url\":\"https:\\\/\\\/www.top10casinowebsites.net\\\/wp-content\\\/uploads\\\/2016\\\/01\\\/video-poker.jpg\",\"contentUrl\":\"https:\\\/\\\/www.top10casinowebsites.net\\\/wp-content\\\/uploads\\\/2016\\\/01\\\/video-poker.jpg\"},{\"@type\":\"BreadcrumbList\",\"@id\":\"https:\\\/\\\/www.top10casinowebsites.net\\\/es\\\/video-poker#breadcrumb\",\"itemListElement\":[{\"@type\":\"ListItem\",\"position\":1,\"name\":\"Home\",\"item\":\"https:\\\/\\\/www.top10casinowebsites.net\\\/es\\\/\"},{\"@type\":\"ListItem\",\"position\":2,\"name\":\"Video poker \u2013 juegos de Poker con dinero real y gratuitos\"}]},{\"@type\":\"WebSite\",\"@id\":\"https:\\\/\\\/www.top10casinowebsites.net\\\/es\\\/#website\",\"url\":\"https:\\\/\\\/www.top10casinowebsites.net\\\/es\\\/\",\"name\":\"ES\",\"description\":\"\",\"potentialAction\":[{\"@type\":\"SearchAction\",\"target\":{\"@type\":\"EntryPoint\",\"urlTemplate\":\"https:\\\/\\\/www.top10casinowebsites.net\\\/es\\\/?s={search_term_string}\"},\"query-input\":{\"@type\":\"PropertyValueSpecification\",\"valueRequired\":true,\"valueName\":\"search_term_string\"}}],\"inLanguage\":\"en-US\"}]}<\/script>\n<!-- \/ Yoast SEO plugin. -->","yoast_head_json":{"title":"Video poker \u2013 juegos de poker con dinero real y gratuitos","description":"Visita nuestro cat\u00e1logo con los mejores casinos online para Video Poker y disfruta de una completa gu\u00eda que llevar\u00e1 tu juego a un nivel superior.","robots":{"index":"index","follow":"follow","max-snippet":"max-snippet:-1","max-image-preview":"max-image-preview:large","max-video-preview":"max-video-preview:-1"},"canonical":"https:\/\/www.top10casinowebsites.net\/es\/video-poker","og_locale":"en_US","og_type":"article","og_title":"Video poker \u2013 juegos de poker con dinero real y gratuitos","og_description":"Visita nuestro cat\u00e1logo con los mejores casinos online para Video Poker y disfruta de una completa gu\u00eda que llevar\u00e1 tu juego a un nivel superior.","og_url":"https:\/\/www.top10casinowebsites.net\/es\/video-poker","og_site_name":"ES","article_modified_time":"2022-10-27T17:21:37+00:00","twitter_card":"summary_large_image","twitter_misc":{"Est. reading time":"4 minutes"},"schema":{"@context":"https:\/\/schema.org","@graph":[{"@type":"WebPage","@id":"https:\/\/www.top10casinowebsites.net\/es\/video-poker","url":"https:\/\/www.top10casinowebsites.net\/es\/video-poker","name":"Video poker \u2013 juegos de poker con dinero real y gratuitos","isPartOf":{"@id":"https:\/\/www.top10casinowebsites.net\/es\/#website"},"primaryImageOfPage":{"@id":"https:\/\/www.top10casinowebsites.net\/es\/video-poker#primaryimage"},"image":{"@id":"https:\/\/www.top10casinowebsites.net\/es\/video-poker#primaryimage"},"thumbnailUrl":"https:\/\/www.top10casinowebsites.net\/wp-content\/uploads\/2016\/01\/video-poker.jpg","datePublished":"2016-02-10T10:29:23+00:00","dateModified":"2022-10-27T17:21:37+00:00","description":"Visita nuestro cat\u00e1logo con los mejores casinos online para Video Poker y disfruta de una completa gu\u00eda que llevar\u00e1 tu juego a un nivel superior.","breadcrumb":{"@id":"https:\/\/www.top10casinowebsites.net\/es\/video-poker#breadcrumb"},"inLanguage":"en-US","potentialAction":[{"@type":"ReadAction","target":["https:\/\/www.top10casinowebsites.net\/es\/video-poker"]}]},{"@type":"ImageObject","inLanguage":"en-US","@id":"https:\/\/www.top10casinowebsites.net\/es\/video-poker#primaryimage","url":"https:\/\/www.top10casinowebsites.net\/wp-content\/uploads\/2016\/01\/video-poker.jpg","contentUrl":"https:\/\/www.top10casinowebsites.net\/wp-content\/uploads\/2016\/01\/video-poker.jpg"},{"@type":"BreadcrumbList","@id":"https:\/\/www.top10casinowebsites.net\/es\/video-poker#breadcrumb","itemListElement":[{"@type":"ListItem","position":1,"name":"Home","item":"https:\/\/www.top10casinowebsites.net\/es\/"},{"@type":"ListItem","position":2,"name":"Video poker \u2013 juegos de Poker con dinero real y gratuitos"}]},{"@type":"WebSite","@id":"https:\/\/www.top10casinowebsites.net\/es\/#website","url":"https:\/\/www.top10casinowebsites.net\/es\/","name":"ES","description":"","potentialAction":[{"@type":"SearchAction","target":{"@type":"EntryPoint","urlTemplate":"https:\/\/www.top10casinowebsites.net\/es\/?s={search_term_string}"},"query-input":{"@type":"PropertyValueSpecification","valueRequired":true,"valueName":"search_term_string"}}],"inLanguage":"en-US"}]}},"_links":{"self":[{"href":"https:\/\/www.top10casinowebsites.net\/es\/wp-json\/wp\/v2\/pages\/427","targetHints":{"allow":["GET"]}}],"collection":[{"href":"https:\/\/www.top10casinowebsites.net\/es\/wp-json\/wp\/v2\/pages"}],"about":[{"href":"https:\/\/www.top10casinowebsites.net\/es\/wp-json\/wp\/v2\/types\/page"}],"author":[{"embeddable":true,"href":"https:\/\/www.top10casinowebsites.net\/es\/wp-json\/wp\/v2\/users\/4"}],"replies":[{"embeddable":true,"href":"https:\/\/www.top10casinowebsites.net\/es\/wp-json\/wp\/v2\/comments?post=427"}],"version-history":[{"count":2,"href":"https:\/\/www.top10casinowebsites.net\/es\/wp-json\/wp\/v2\/pages\/427\/revisions"}],"predecessor-version":[{"id":2202,"href":"https:\/\/www.top10casinowebsites.net\/es\/wp-json\/wp\/v2\/pages\/427\/revisions\/2202"}],"wp:attachment":[{"href":"https:\/\/www.top10casinowebsites.net\/es\/wp-json\/wp\/v2\/media?parent=427"}],"curies":[{"name":"wp","href":"https:\/\/api.w.org\/{rel}","templated":true}]}}