{"id":93,"date":"2016-01-25T10:48:46","date_gmt":"2016-01-25T10:48:46","guid":{"rendered":"http:\/\/www.top10casinowebsites.net\/?page_id=93"},"modified":"2021-02-18T17:09:34","modified_gmt":"2021-02-18T17:09:34","slug":"top-10-casinos","status":"publish","type":"page","link":"https:\/\/www.top10casinowebsites.net\/es\/","title":{"rendered":"Las 10 Mejores P\u00e1ginas de Casino Online"},"content":{"rendered":"<div class=\"trans_box\">\n<h3 class=\"title\">Top 10 Por Pa\u00eds<\/h3>\n<div class=\"trans_icon\"><a title=\"Espa\u00f1a\" href=\"\/es\/espana\"><img decoding=\"async\" src=\"https:\/\/static.top10casinowebsites.net\/images\/flags\/es.png\" alt=\"Espa\u00f1a\" \/><\/a><\/div>\n<div class=\"trans_icon\"><a title=\"Argentina\" href=\"\/es\/argentina\"><img decoding=\"async\" src=\"https:\/\/static.top10casinowebsites.net\/images\/flags\/ar.png\" alt=\"Argentina\" \/><\/a><\/div>\n<div class=\"trans_icon\"><a title=\"Chile\" href=\"\/es\/chile\"><img decoding=\"async\" src=\"https:\/\/static.top10casinowebsites.net\/images\/flags\/cl.png\" alt=\"Chile\" \/><\/a><\/div>\n<div class=\"trans_icon\"><a title=\"Mexico\" href=\"\/es\/mexico\"><img decoding=\"async\" src=\"https:\/\/static.top10casinowebsites.net\/images\/flags\/mx.png\" alt=\"Mexico\" \/><\/a><\/div>\n<\/div>\n<p>\u00bfEst\u00e1s buscando los mejores casinos donde poder jugar de forma segura y disfrutar de miles de juegos al mismo tiempo?<\/p>\n<p>En la actualidad, debido a la gran cantidad de p\u00e1ginas de casino que se pueden encontrar en internet, resulta bastante sencillo perderse en una b\u00fasqueda de este tipo. Es principalmente por esta raz\u00f3n, por la que naci\u00f3 Top 10 Casinos Websites.<\/p>\n<p>Top 10 Casinos Websites te da la bienvenida a un nuevo universo de juegos dentro del mundo virtual. Independientemente si eres un novato o un jugador experto, tenemos mucho que ofrecerte.<\/p>\n<div class=\"nest grid\">\n<div class=\"box-slider-head\">\n<h2 class=\"title\">NOVEDOSAS SALAS DE CASINO<\/h2>\n<p><a class=\"view-all\" href=\"\/es\/casinos\">Ver todo <\/a><\/p>\n<\/div>\n<div class=\"grid-contents\" id=\"grid-contents\"><table class=\"cas_table\" ><tbody><tr class=\"rank-1\">\n                                <td class=\"ranking\">1<\/td>\n                                <td class=\"brandcol\">\n                                    <a href=https:\/\/www.top10casinowebsites.net\/es\/review\/888-casino class=\"brand brand-bg\"><img loading=\"lazy\" decoding=\"async\" class=\"group list-group-image\" src=\"https:\/\/static.top10casinowebsites.net\/images\/casino-rooms\/888-casino-logo.png\" width=\"200\" height=\"128\"\/><\/a>\n                                <\/td>\n                                <td class=\"bonus\" data-title=\"Bonus\">\n\t\t\t\t\t               <p class=\"bonus-text\"><strong>$888<\/strong>Welcome Bonus <br>(<a href=\"https:\/\/www.top10casinowebsites.net\/es\/review\/888-casino\">T&Cs apply, 18+<\/a>)<\/p>\n\t\t\t\t                <\/td>\n\t\t\t\t\t            <td class=\"badge_game\" data-title=\"Rating\">\n                                    <div class=\"rating\"><strong>5<\/strong>\/5<\/div>\n                                    <div class=\"rating stars\" style=\"margin-top: 5px;\"><span class=\"icon icon-stars\"><span class=\"icon-stars green\" style=\"width: 100%;\"><\/span><\/span><\/div>\n\t\t\t\t\t            <\/td>\n                               \n                                <td class=\"play\">\n\t\t\t\t\t               <a class=\"button-gold\" rel=\"nofollow\" href=\"https:\/\/www.top10casinowebsites.net\/es\/review\/888-casino\">Visit<\/a>\n\t                               <div class=\"\">\n\t\t\t\t\t                   <a class=\"review-snippet-link-play-now-col\" href=\"https:\/\/www.top10casinowebsites.net\/es\/review\/888-casino\">Read Review<\/a>\n\t\t\t\t\t               <\/div>\n\t\t\t\t\t           <\/td>\n     \t\t\t\t        <\/tr><\/tbody><\/table><\/div>\n<\/div>\n<p>En primer lugar, hemos eliminado todas aquellas p\u00e1ginas que no alcanzan los niveles de excelencia necesarios para formar parte de nuestra lista, quedando de este modo s\u00f3lo aquellas que pueden ser consideradas como la \u201ccr\u00e8me de la cr\u00e8me\u201d. De hecho, en nuestra web no encontrar\u00e1s \u00fanicamente los 10 mejores Casinos Online del mercado, sino todo aquello que necesites saber en relaci\u00f3n al sector gambling:<\/p>\n<ul>\n<li>Los <a href=\"\/es\/tragaperras\">mejores juegos de Casino Online<\/a> con el mayor porcentaje de pago<\/li>\n<li><a href=\"\/es\/casinos\">Casinos Online<\/a> 100% fiables y regulados<\/li>\n<li>Casinos en l\u00ednea de <strong>Espa\u00f1a, M\u00e9xico, Argentina y Chile<\/strong><\/li>\n<li>Casinos compatibles con <a href=\"\/es\/moviles\">tel\u00e9fonos m\u00f3viles<\/a> y <strong>tabletas<\/strong>, desde los que podr\u00e1s jugar donde cuando quieras<\/li>\n<li><a href=\"\/es\/casinos-en-vivo\">Casinos en vivo con crupieres reales<\/a><\/li>\n<li>M\u00e9todos para incrementar los fondos de tu cuenta con los m\u00e1s destacados bonos y promociones del mercado<\/li>\n<li>Consejos \u00fatiles que te ayudar\u00e1n a mejorar tu estrategia de juego<\/li>\n<li>Escoger el mejor m\u00e9todo de pago y transferencia de fondos y MUCHO M\u00c1S.<\/li>\n<\/ul>\n<h2>Participa en los 10 mejores casinos online de espa\u00f1a<\/h2>\n<p><a href=\"\/es\/espana\"><img decoding=\"async\" class=\"alignleft\" src=\"https:\/\/www.top10casinowebsites.net\/wp-content\/themes\/t10casinos\/flags\/es.svg\" alt=\"Casinos online de espa\u00f1a\" width=\"100px\" height=\"100px\" \/><\/a>Si vives en Espa\u00f1a y eres aficionado a los juegos de Casino, te recomendamos que eches un vistazo a la secci\u00f3n que hemos preparado para ti y que incluye los <a href=\"\/es\/espana\">10 mejores Casinos Online de Espa\u00f1a<\/a>.<\/p>\n<p>Cada uno de estos Casinos ha sido analizado por t\u00e9cnicos de diferentes administraciones de juego del pa\u00eds, como la <strong>Direcci\u00f3n General de Ordenaci\u00f3n del Juego (DGOJ)<\/strong>, encargada de regular y aprobar licencias de operaci\u00f3n para dichas p\u00e1ginas. Adem\u00e1s, te traemos las noticias m\u00e1s jugosas de la actualidad y todas las novedades relacionadas con juegos y premios<\/p>\n<h2>Juega a los 10 mejores casinos online de m\u00e9xico<\/h2>\n<p><a href=\"\/es\/mexico\"><img decoding=\"async\" class=\"alignleft\" src=\"https:\/\/www.top10casinowebsites.net\/wp-content\/themes\/t10casinos\/flags\/mx.svg\" alt=\"Casinos online de M\u00e9xico\" width=\"100px\" height=\"100px\" \/><\/a>Sabemos lo dif\u00edcil que es para los jugadores mexicanos encontrar Casinos en l\u00ednea que les permitan apostar a los m\u00e1s destacados juegos del panorama virtual, tales como: Tragamonedas, BlackJack, Ruleta y otros juegos de creadores de software destacados como <strong>Real Time Gaming, Top Game y Playtech<\/strong>.<\/p>\n<p>Nuestros Casinos especializados de M\u00e9xico prometen todo lo que las mejores p\u00e1ginas de este tipo debe ofrecer a sus clientes: una interfaz amigable, generosos bonos y convenientes m\u00e9todos de pago y retirada de dinero adaptados al mercado mexicano, que incluye: Use <strong>MyWallet, MoneyGram, Click2pay y eWalletXpress<\/strong>. El <strong>cat\u00e1logo<\/strong> de nuestros <a href=\"\/es\/mexico\">Casinos de M\u00e9xico<\/a> contiene \u00fanicamente p\u00e1ginas totalmente reguladas y confiables, ya que han sido autorizadas por autoridades competentes como la Direcci\u00f3n General de Juegos y Sorteos.<\/p>\n<h2>Encuentra los mejores casinos online de Argentina<\/h2>\n<p><a href=\"\/es\/argentina\"><img decoding=\"async\" class=\"alignleft\" src=\"https:\/\/www.top10casinowebsites.net\/wp-content\/themes\/t10casinos\/flags\/ar.svg\" alt=\"Casinos online de Argentina\" width=\"100px\" height=\"100px\" \/><\/a>Independientemente si prefieres jugar a las M\u00e1quinas Slots, te encanta conseguir 21 participando en el BlackJack o disfrutar de todas las emociones que supone jugar a la Ruleta, nuestro listado de <a href=\"\/es\/argentina\">mejores Casinos argentinos<\/a> te dar\u00e1n la posibilidad de hacerlo en cualquier momento y desde cualquier lugar.<\/p>\n<p>Los usuarios de Argentina podr\u00e1n encontrar asimismo convenientes m\u00e9todos para traspasar sus ganancias a su cuenta bancaria, algo que resulta de vital inter\u00e9s para los jugadores de nuestro pa\u00eds. Por \u00faltimo, no queremos olvidarnos del excelente servicio t\u00e9cnico que ofrecen estas websites y que est\u00e1 disponible las 24 horas del d\u00eda durante los 365 d\u00edas del a\u00f1o.<\/p>\n<h2>Disfruta de los mejores casinos en l\u00ednea de Chile<\/h2>\n<p><a href=\"\/es\/chile\"><img decoding=\"async\" class=\"alignleft\" src=\"https:\/\/www.top10casinowebsites.net\/wp-content\/themes\/t10casinos\/flags\/cl.svg\" alt=\"Casinos online de Chile\" width=\"100px\" height=\"100px\" \/><\/a>El jugador nacional est\u00e1 de enhorabuena, ya que no va a tener que malgastar su tiempo buscando un Casino Online que se adapte a lo que necesita.<\/p>\n<p>Basta con ingresar en nuestra p\u00e1gina web y seleccionar cualquier de los <a href=\"\/es\/chile\">10 mejores Casino Online chilenos<\/a> que encontrar\u00e1 listado en nuestro cat\u00e1logo.<\/p>\n<p>Uno de los aspectos que hemos considerado muy seriamente antes de elaborar dicha lista, es que estas p\u00e1ginas est\u00e9n totalmente reguladas por la administraci\u00f3n p\u00fablica competente del mundo los Casinos en Chile, en este caso, la <strong>SCJ (Superintendencia de Casinos de Juego)<\/strong>. De esta forma vas tener la tranquilidad de jugar en p\u00e1ginas 100% fiables y seguras.<\/p>\n<h2>\u00bfPOR QU\u00c9 ELEGIR LA P\u00c1GINA TOP 10 CASINO WEBSITES?<\/h2>\n<p>Algo que debemos aclarar es que no somos un grupo de entusiastas de los juegos de azar que habla por hablar, sin ning\u00fan tipo de fundamento. Todo lo que publicamos ha sido previamente analizado y revisado con detenimiento por un equipo de especialistas con muchos a\u00f1os de experiencia en el mundo de los Casinos. Hablamos de expertos jugadores de Casino que saben identificar las mejores p\u00e1ginas de otras de menor calidad.<\/p>\n<p>A continuaci\u00f3n vamos a mostrarte algunos de los aspectos clave que hemos tenido en cuenta para completar el listado con las 10 mejores p\u00e1ginas de Casino Online:<\/p>\n<ul>\n<li>Seleccionamos los mejores Casinos Online bas\u00e1ndonos par\u00e1metros como: el software, la cantidad y variedad de juegos, la calidad de los bonos, el n\u00famero de premios, la rapidez a la hora de depositar y retirar dinero, los l\u00edmites en las apuestas y mucho m\u00e1s.<\/li>\n<li>Con la informaci\u00f3n que descubrir\u00e1s en estas p\u00e1ginas, cualquier usuario novato podr\u00e1 convertirse en un jugador bien entrenado y aprender mucho m\u00e1s que unas simples normas b\u00e1sicas.<\/li>\n<li>Encuentra honestos e imparciales an\u00e1lisis sobre los mejores Casinos Online de Espa\u00f1a, M\u00e9xico, Argentina y Chile.<\/li>\n<li>Te informamos de los pozos progresivos m\u00e1s jugosos de la red y d\u00f3nde encontrarlos, para que puedas hacer girar los carretes de tus Slots preferidas y ganar los mayores premios.<\/li>\n<li>Te ofrecemos tambi\u00e9n atractivos consejos que podr\u00e1s usar durante tu estrategia de juego.<\/li>\n<li>Adem\u00e1s, te mantendremos informado de las noticias relacionadas con el sector gambling m\u00e1s interesantes y novedosas de todo internet.<\/li>\n<li>Y lo m\u00e1s importante, te mostraremos c\u00f3mo disfrutar del juego online sacando el m\u00e1ximo partido a tu inversi\u00f3n.<\/li>\n<\/ul>\n<h2>\u00bfC\u00d3MO ESCOGEMOS LOS MEJORES CASINOS ONLINE?<\/h2>\n<p>Antes de poder formar parte de nuestro mejor listado, todos y cada uno de los Casinos en l\u00ednea de nuestro cat\u00e1logo han sido sometidos a una exhaustiva evaluaci\u00f3n por parte de expertos del sector. Esta es la \u00fanica forma en la que podemos asegurarnos de que nuestros usuarios juegan a los mejores Casinos Online del mercado y no a otros que destacan por aspectos superficiales y enga\u00f1osos.<\/p>\n<p>Entre muchos otros elementos, hemos analizados los siguientes aspectos:<\/p>\n<ul>\n<li><strong>Variedad de juegos que se ofrece<\/strong>. La cantidad y calidad de juegos que ofrece cualquier Casino es uno de sus sellos distintivos.<\/li>\n<li><strong>Bonos de Bienvenida<\/strong>. Buscamos las bonificaciones y promociones que ofrezcan la m\u00e1xima rentabilidad a las inversiones de nuestros lectores.<\/li>\n<li><strong>Garant\u00edas en la adjudicaci\u00f3n de los bonos<\/strong>. Los bonos deben estar sometidos a unos t\u00e9rminos que garanticen su cobro f\u00e1cilmente.<\/li>\n<li><strong>Servicio de atenci\u00f3n al cliente<\/strong>. No es posible encontrar en este listado con las mejores p\u00e1ginas un Casino sin un excelente servicio de ayuda al usuario disponible a cualquier hora del d\u00eda durante todo el a\u00f1o.<\/li>\n<li><strong>Botes o pozos<\/strong>. En estos Casinos hallar\u00e1s los mayores premios acumulados de todo internet.<\/li>\n<li><strong>Promociones especiales<\/strong>. Como cliente de dichos Casinos, nuestros usuarios disfrutar\u00e1n de excepcionales ofertas.<\/li>\n<li><strong>M\u00e9todos de traspaso de fondos<\/strong>. Nuestros jugadores encontrar\u00e1n m\u00faltiples formas de mover las ganancias hacia su cuenta bancaria y viceversa.<\/li>\n<li><strong>Seguridad<\/strong>. Todos los Casinos de nuestra lista est\u00e1n regulados y aprobados por las autoridades competentes del pa\u00eds en el que se encuentran.<\/li>\n<\/ul>\n<h2>TE MOSTRAMOS LOS MEJORES JUEGOS DE CASINOS ONLINE \u2013 HORA DE IR AL SIGUIENTE NIVEL<\/h2>\n<p>Una de nuestras prioridades es la de ayudar a nuestros usuarios a encontrar los mejores juegos de Casino Online. Adem\u00e1s, procuramos que nuestros lectores aprendan el funcionamiento de dichos juegos y sus reglas, estrategias que se pueden usar y tengan en cuanta algunos consejos o pautas interesantes que les ayuden llevar su estilo de juego al siguiente nivel. Top 10 Casino Websites es donde los jugadores podr\u00e1n disfrutar de complet\u00edsimas gu\u00edas para jugar de la mejor forma a:<\/p>\n<ul>\n<li>Las <a href=\"\/es\/tragaperras\">cl\u00e1sicas Tragamonedas Online y Video Slots<\/a><\/li>\n<li><a href=\"\/es\/blackjack\">BlackJack Online<\/a><\/li>\n<li><a href=\"\/es\/ruleta\">Ruleta Online<\/a><\/li>\n<li>Y otros muchos m\u00e1s juegos<\/li>\n<\/ul>\n<h2>MAGN\u00cdFICOS BONOS PARA INCREMENTAR LOS FONDOS DE TU CUENTA<\/h2>\n<p>Junto con una fant\u00e1stica selecci\u00f3n de juegos, los Casinos Online de nuestro cat\u00e1logo ofrecen a los jugadores diferentes m\u00e9todos de hacerse con lucrativos bonos. De esta forma, podr\u00e1s encontrar:<\/p>\n<ul>\n<li>Bonos de bienvenida para nuevos jugadores que se adhieren autom\u00e1ticamente a sus cuentas una vez han realizado el primer dep\u00f3sito.<\/li>\n<li>Otros bonos con nuevos ingresos.<\/li>\n<li>Reingreso de un porcentaje del bono en el caso de que se pierda tras su uso.<\/li>\n<li>Acumulaci\u00f3n de puntos para canjear por diferentes bonos por ser un usuario habitual.<\/li>\n<li>Promociones regulares y ofertas especiales.<\/li>\n<\/ul>\n<p>De este modo, si quieres exprimir al m\u00e1ximo tu dinero, doblando o incluso triplicando la cantidad ingresada, permanece atento a nuestra website para poder disfrutar de las mayores ofertas en bonos. Es importante adem\u00e1s saber que todas promociones est\u00e1n supeditadas a unos requisitos c\u00f3modamente asumibles por el usuario, lo que garantiza su f\u00e1cil adquisici\u00f3n.<\/p>\n<h2>EXPERIMENTA LO \u00daLTIMO EN CASINOS CON CRUPIERES EN VIVO<\/h2>\n<p>Es en las p\u00e1ginas de casino con crupieres reales donde podr\u00e1s experimentar la sensaci\u00f3n m\u00e1s cercana a estar en un sal\u00f3n de juegos f\u00edsico. Esto es posible gracias a la emisi\u00f3n de video en directo que ofrecen dichas p\u00e1ginas y que podr\u00e1s disfrutar c\u00f3modamente desde casa o donde quiera que te encuentres. Te recomendamos que eches un vistazo a nuestro exclusivo cat\u00e1logo de casinos con crupieres profesionales reales que ofrecen la posibilidad de jugar en vivo a: <a href=\"\/es\/casinos-en-vivo\/blackjack\">BlackJack<\/a>, <a href=\"\/es\/casinos-en-vivo\/bacara\">Bacar\u00e1<\/a>, <a href=\"\/es\/casinos-en-vivo\/ruleta\">Ruleta<\/a> y <a href=\"\/es\/casinos-en-vivo\/casino-holdem\">Casino Hold\u00b4em<\/a>.<\/p>\n<p>Agradecemos el apoyo de nuestros lectores y siempre estamos dispuestos a escuchar su lo que tengan que decirnos. Es por ello que nuestro equipo permanece atento a cualquier petici\u00f3n por su parte, siempre con la intenci\u00f3n de ayudarlos a ser mejores jugadores.<\/p>\n<p>Despu\u00e9s de todo, hay pocas que nos entusiasmen m\u00e1s que comprobar como nuestros usuarios consiguen un gran bote o ganan una buena suma de dinero gracias a inteligentes movimientos. Todo lo hacemos pensando en que puedas jugar de forma segura y ganar algunos premios disfrutando de tu juego online favorito.<\/p>\n<p>Mantente siempre atento a nuestra p\u00e1gina <strong>Top 10 Casinos Websites<\/strong> para aprovecharte de las \u00faltimas noticias, magn\u00edficos botes y nuevos juegos.<\/p>\n","protected":false},"excerpt":{"rendered":"<p>Top 10 Por Pa\u00eds \u00bfEst\u00e1s buscando los mejores casinos donde poder jugar de forma segura y disfrutar de miles de juegos al mismo tiempo? En la actualidad, debido a la gran cantidad de p\u00e1ginas de casino que se pueden encontrar en internet, resulta bastante sencillo perderse en una b\u00fasqueda de este tipo. Es principalmente por [&hellip;]<\/p>\n","protected":false},"author":4,"featured_media":0,"parent":0,"menu_order":0,"comment_status":"closed","ping_status":"closed","template":"","meta":{"_acf_changed":false,"footnotes":""},"class_list":["post-93","page","type-page","status-publish","hentry"],"acf":[],"yoast_head":"<!-- This site is optimized with the Yoast SEO plugin v27.4 - https:\/\/yoast.com\/product\/yoast-seo-wordpress\/ -->\n<title>Las 10 Mejores P\u00e1ginas De Casino Online<\/title>\n<meta name=\"description\" content=\"Top10 Casino Websites te ofrece una lista de los mejores casinos en l\u00ednea de 2019, as\u00ed como los magn\u00edficos bonos y torneos que estas p\u00e1ginas ofertan.\" \/>\n<meta name=\"robots\" content=\"index, follow, max-snippet:-1, max-image-preview:large, max-video-preview:-1\" \/>\n<link rel=\"canonical\" href=\"https:\/\/www.top10casinowebsites.net\/es\/\" \/>\n<meta property=\"og:locale\" content=\"en_US\" \/>\n<meta property=\"og:type\" content=\"article\" \/>\n<meta property=\"og:title\" content=\"Las 10 Mejores P\u00e1ginas De Casino Online\" \/>\n<meta property=\"og:description\" content=\"Top10 Casino Websites te ofrece una lista de los mejores casinos en l\u00ednea de 2019, as\u00ed como los magn\u00edficos bonos y torneos que estas p\u00e1ginas ofertan.\" \/>\n<meta property=\"og:url\" content=\"https:\/\/www.top10casinowebsites.net\/es\/\" \/>\n<meta property=\"og:site_name\" content=\"ES\" \/>\n<meta property=\"article:modified_time\" content=\"2021-02-18T17:09:34+00:00\" \/>\n<meta property=\"og:image\" content=\"https:\/\/www.top10casinowebsites.net\/wp-content\/themes\/t10casinos\/flags\/es.svg\" \/>\n<meta name=\"twitter:card\" content=\"summary_large_image\" \/>\n<meta name=\"twitter:label1\" content=\"Est. reading time\" \/>\n\t<meta name=\"twitter:data1\" content=\"9 minutes\" \/>\n<script type=\"application\/ld+json\" class=\"yoast-schema-graph\">{\"@context\":\"https:\\\/\\\/schema.org\",\"@graph\":[{\"@type\":\"WebPage\",\"@id\":\"https:\\\/\\\/www.top10casinowebsites.net\\\/es\\\/\",\"url\":\"https:\\\/\\\/www.top10casinowebsites.net\\\/es\\\/\",\"name\":\"Las 10 Mejores P\u00e1ginas De Casino Online\",\"isPartOf\":{\"@id\":\"https:\\\/\\\/www.top10casinowebsites.net\\\/es\\\/#website\"},\"primaryImageOfPage\":{\"@id\":\"https:\\\/\\\/www.top10casinowebsites.net\\\/es\\\/#primaryimage\"},\"image\":{\"@id\":\"https:\\\/\\\/www.top10casinowebsites.net\\\/es\\\/#primaryimage\"},\"thumbnailUrl\":\"https:\\\/\\\/static.top10casinowebsites.net\\\/images\\\/flags\\\/es.png\",\"datePublished\":\"2016-01-25T10:48:46+00:00\",\"dateModified\":\"2021-02-18T17:09:34+00:00\",\"description\":\"Top10 Casino Websites te ofrece una lista de los mejores casinos en l\u00ednea de 2019, as\u00ed como los magn\u00edficos bonos y torneos que estas p\u00e1ginas ofertan.\",\"breadcrumb\":{\"@id\":\"https:\\\/\\\/www.top10casinowebsites.net\\\/es\\\/#breadcrumb\"},\"inLanguage\":\"en-US\",\"potentialAction\":[{\"@type\":\"ReadAction\",\"target\":[\"https:\\\/\\\/www.top10casinowebsites.net\\\/es\\\/\"]}]},{\"@type\":\"ImageObject\",\"inLanguage\":\"en-US\",\"@id\":\"https:\\\/\\\/www.top10casinowebsites.net\\\/es\\\/#primaryimage\",\"url\":\"https:\\\/\\\/static.top10casinowebsites.net\\\/images\\\/flags\\\/es.png\",\"contentUrl\":\"https:\\\/\\\/static.top10casinowebsites.net\\\/images\\\/flags\\\/es.png\"},{\"@type\":\"BreadcrumbList\",\"@id\":\"https:\\\/\\\/www.top10casinowebsites.net\\\/es\\\/#breadcrumb\",\"itemListElement\":[{\"@type\":\"ListItem\",\"position\":1,\"name\":\"Home\",\"item\":\"https:\\\/\\\/www.top10casinowebsites.net\\\/es\\\/\"},{\"@type\":\"ListItem\",\"position\":2,\"name\":\"Las 10 Mejores P\u00e1ginas de Casino Online\"}]},{\"@type\":\"WebSite\",\"@id\":\"https:\\\/\\\/www.top10casinowebsites.net\\\/es\\\/#website\",\"url\":\"https:\\\/\\\/www.top10casinowebsites.net\\\/es\\\/\",\"name\":\"ES\",\"description\":\"\",\"potentialAction\":[{\"@type\":\"SearchAction\",\"target\":{\"@type\":\"EntryPoint\",\"urlTemplate\":\"https:\\\/\\\/www.top10casinowebsites.net\\\/es\\\/?s={search_term_string}\"},\"query-input\":{\"@type\":\"PropertyValueSpecification\",\"valueRequired\":true,\"valueName\":\"search_term_string\"}}],\"inLanguage\":\"en-US\"}]}<\/script>\n<!-- \/ Yoast SEO plugin. -->","yoast_head_json":{"title":"Las 10 Mejores P\u00e1ginas De Casino Online","description":"Top10 Casino Websites te ofrece una lista de los mejores casinos en l\u00ednea de 2019, as\u00ed como los magn\u00edficos bonos y torneos que estas p\u00e1ginas ofertan.","robots":{"index":"index","follow":"follow","max-snippet":"max-snippet:-1","max-image-preview":"max-image-preview:large","max-video-preview":"max-video-preview:-1"},"canonical":"https:\/\/www.top10casinowebsites.net\/es\/","og_locale":"en_US","og_type":"article","og_title":"Las 10 Mejores P\u00e1ginas De Casino Online","og_description":"Top10 Casino Websites te ofrece una lista de los mejores casinos en l\u00ednea de 2019, as\u00ed como los magn\u00edficos bonos y torneos que estas p\u00e1ginas ofertan.","og_url":"https:\/\/www.top10casinowebsites.net\/es\/","og_site_name":"ES","article_modified_time":"2021-02-18T17:09:34+00:00","og_image":[{"url":"https:\/\/www.top10casinowebsites.net\/wp-content\/themes\/t10casinos\/flags\/es.svg","type":"","width":"","height":""}],"twitter_card":"summary_large_image","twitter_misc":{"Est. reading time":"9 minutes"},"schema":{"@context":"https:\/\/schema.org","@graph":[{"@type":"WebPage","@id":"https:\/\/www.top10casinowebsites.net\/es\/","url":"https:\/\/www.top10casinowebsites.net\/es\/","name":"Las 10 Mejores P\u00e1ginas De Casino Online","isPartOf":{"@id":"https:\/\/www.top10casinowebsites.net\/es\/#website"},"primaryImageOfPage":{"@id":"https:\/\/www.top10casinowebsites.net\/es\/#primaryimage"},"image":{"@id":"https:\/\/www.top10casinowebsites.net\/es\/#primaryimage"},"thumbnailUrl":"https:\/\/static.top10casinowebsites.net\/images\/flags\/es.png","datePublished":"2016-01-25T10:48:46+00:00","dateModified":"2021-02-18T17:09:34+00:00","description":"Top10 Casino Websites te ofrece una lista de los mejores casinos en l\u00ednea de 2019, as\u00ed como los magn\u00edficos bonos y torneos que estas p\u00e1ginas ofertan.","breadcrumb":{"@id":"https:\/\/www.top10casinowebsites.net\/es\/#breadcrumb"},"inLanguage":"en-US","potentialAction":[{"@type":"ReadAction","target":["https:\/\/www.top10casinowebsites.net\/es\/"]}]},{"@type":"ImageObject","inLanguage":"en-US","@id":"https:\/\/www.top10casinowebsites.net\/es\/#primaryimage","url":"https:\/\/static.top10casinowebsites.net\/images\/flags\/es.png","contentUrl":"https:\/\/static.top10casinowebsites.net\/images\/flags\/es.png"},{"@type":"BreadcrumbList","@id":"https:\/\/www.top10casinowebsites.net\/es\/#breadcrumb","itemListElement":[{"@type":"ListItem","position":1,"name":"Home","item":"https:\/\/www.top10casinowebsites.net\/es\/"},{"@type":"ListItem","position":2,"name":"Las 10 Mejores P\u00e1ginas de Casino Online"}]},{"@type":"WebSite","@id":"https:\/\/www.top10casinowebsites.net\/es\/#website","url":"https:\/\/www.top10casinowebsites.net\/es\/","name":"ES","description":"","potentialAction":[{"@type":"SearchAction","target":{"@type":"EntryPoint","urlTemplate":"https:\/\/www.top10casinowebsites.net\/es\/?s={search_term_string}"},"query-input":{"@type":"PropertyValueSpecification","valueRequired":true,"valueName":"search_term_string"}}],"inLanguage":"en-US"}]}},"_links":{"self":[{"href":"https:\/\/www.top10casinowebsites.net\/es\/wp-json\/wp\/v2\/pages\/93","targetHints":{"allow":["GET"]}}],"collection":[{"href":"https:\/\/www.top10casinowebsites.net\/es\/wp-json\/wp\/v2\/pages"}],"about":[{"href":"https:\/\/www.top10casinowebsites.net\/es\/wp-json\/wp\/v2\/types\/page"}],"author":[{"embeddable":true,"href":"https:\/\/www.top10casinowebsites.net\/es\/wp-json\/wp\/v2\/users\/4"}],"replies":[{"embeddable":true,"href":"https:\/\/www.top10casinowebsites.net\/es\/wp-json\/wp\/v2\/comments?post=93"}],"version-history":[{"count":2,"href":"https:\/\/www.top10casinowebsites.net\/es\/wp-json\/wp\/v2\/pages\/93\/revisions"}],"predecessor-version":[{"id":2110,"href":"https:\/\/www.top10casinowebsites.net\/es\/wp-json\/wp\/v2\/pages\/93\/revisions\/2110"}],"wp:attachment":[{"href":"https:\/\/www.top10casinowebsites.net\/es\/wp-json\/wp\/v2\/media?parent=93"}],"curies":[{"name":"wp","href":"https:\/\/api.w.org\/{rel}","templated":true}]}}