{"id":112,"date":"2017-10-06T19:49:59","date_gmt":"2017-10-06T19:49:59","guid":{"rendered":"https:\/\/www.top10casinowebsites.net\/fr\/?page_id=112"},"modified":"2025-03-26T15:59:55","modified_gmt":"2025-03-26T15:59:55","slug":"plan-du-site","status":"publish","type":"page","link":"https:\/\/www.top10casinowebsites.net\/fr\/plan-du-site\/","title":{"rendered":"Plan du site"},"content":{"rendered":"<div class=\"wsp-container\"><h2 class=\"wsp-pages-title\">Pages<\/h2>\n<ul class=\"wsp-pages-list\">\n<li class=\"page_item page-item-95\"><a href=\"https:\/\/www.top10casinowebsites.net\/fr\/a-propos-de-nous\/\">\u00c0-propos De Nous<\/a><\/li>\n<li class=\"page_item page-item-18\"><a href=\"https:\/\/www.top10casinowebsites.net\/fr\/baccara\/\">Baccara \u2013 Argent R\u00e9el &#038; Jeux de Baccara Gratuits<\/a><\/li>\n<li class=\"page_item page-item-58 page_item_has_children\"><a href=\"https:\/\/www.top10casinowebsites.net\/fr\/casinos-en-direct\/\">Casinos en Direct \u2013 Casinos en Ligne en Direct avec Concessionnaire en direct<\/a>\n<ul class='children'>\n\t<li class=\"page_item page-item-65\"><a href=\"https:\/\/www.top10casinowebsites.net\/fr\/casinos-en-direct\/blackjack\/\">Blackjack en Direct \u2013 Jouer aux Jeux Blackjack en direct en ligne<\/a><\/li>\n\t<li class=\"page_item page-item-62\"><a href=\"https:\/\/www.top10casinowebsites.net\/fr\/casinos-en-direct\/baccarat\/\">Distributeur en direct Baccarat \u2013 Jouer En Ligne En Direct aux Jeux Baccarat<\/a><\/li>\n\t<li class=\"page_item page-item-68\"><a href=\"https:\/\/www.top10casinowebsites.net\/fr\/casinos-en-direct\/casino-holdem\/\">Hold\u2019em avec Distributeur en Direct \u2013 Jouez au Jeux Casino Hold\u2019em en ligne<\/a><\/li>\n\t<li class=\"page_item page-item-71\"><a href=\"https:\/\/www.top10casinowebsites.net\/fr\/casinos-en-direct\/roulette\/\">Roulette avec Distributeur en direct \u2013 Jouer aux Jeux de Roulette en Direct en Ligne<\/a><\/li>\n<\/ul>\n<\/li>\n<li class=\"page_item page-item-98\"><a href=\"https:\/\/www.top10casinowebsites.net\/fr\/conditions-generales-dutilisation\/\">Conditions G\u00e9n\u00e9rales d\u2019Utilisation<\/a><\/li>\n<li class=\"page_item page-item-96\"><a href=\"https:\/\/www.top10casinowebsites.net\/fr\/contact-us\/\">Contactez-Nous<\/a><\/li>\n<li class=\"page_item page-item-6\"><a href=\"https:\/\/www.top10casinowebsites.net\/fr\/jeux-de-casino\/\">Jeux de Casino &#8211; Liste des Jeux de Casino en Argent R\u00e9el<\/a><\/li>\n<li class=\"page_item page-item-14\"><a href=\"https:\/\/www.top10casinowebsites.net\/fr\/blackjack\/\">Jouer au Blackjack pour de l\u2019Argent R\u00e9el<\/a><\/li>\n<li class=\"page_item page-item-4\"><a href=\"https:\/\/www.top10casinowebsites.net\/fr\/\">LE TOP 10 DES SITES WEB DE CASINO<\/a><\/li>\n<li class=\"page_item page-item-8\"><a href=\"https:\/\/www.top10casinowebsites.net\/fr\/machines-a-sous\/\">Les 10 Meilleurs Machines \u00e0 Sous en Argent R\u00e9el<\/a><\/li>\n<li class=\"page_item page-item-78 page_item_has_children\"><a href=\"https:\/\/www.top10casinowebsites.net\/fr\/depots-options\/\">Les M\u00e9thodes de D\u00e9p\u00f4ts \u2013 Un Guide Complet sur Les Options de d\u00e9p\u00f4t Sur Un Casino<\/a>\n<ul class='children'>\n\t<li class=\"page_item page-item-81\"><a href=\"https:\/\/www.top10casinowebsites.net\/fr\/depots-options\/bitcoin\/\">Les Casinos Bitcoin \u2013 Les Casinos en Ligne Acceptent Bitcoins<\/a><\/li>\n\t<li class=\"page_item page-item-83\"><a href=\"https:\/\/www.top10casinowebsites.net\/fr\/depots-options\/cartes-de-credit\/\">Les Casinos Cartes de Cr\u00e9dit \u2013 Les Casinos en Ligne acceptent les Cartes de Cr\u00e9dit<\/a><\/li>\n\t<li class=\"page_item page-item-85\"><a href=\"https:\/\/www.top10casinowebsites.net\/fr\/depots-options\/mastercard\/\">Les Casinos Mastercard \u2013 Les casinos en ligne acceptent Mastercard<\/a><\/li>\n\t<li class=\"page_item page-item-82\"><a href=\"https:\/\/www.top10casinowebsites.net\/fr\/depots-options\/paypal\/\">Les Casinos PayPal \u2013 Le D\u00e9p\u00f4t Utilisant PayPal sur les Casinos en Ligne<\/a><\/li>\n\t<li class=\"page_item page-item-84\"><a href=\"https:\/\/www.top10casinowebsites.net\/fr\/depots-options\/paysafecard\/\">Les Casinos PaySafeCard \u2013 Faire Un D\u00e9p\u00f4t sur Les Casinos en Ligne<\/a><\/li>\n<\/ul>\n<\/li>\n<li class=\"page_item page-item-30 page_item_has_children\"><a href=\"https:\/\/www.top10casinowebsites.net\/fr\/mobiles\/\">Meilleurs Casinos Mobiles pour iOS, Android, Blackberry, Windows<\/a>\n<ul class='children'>\n\t<li class=\"page_item page-item-42\"><a href=\"https:\/\/www.top10casinowebsites.net\/fr\/mobiles\/ipad\/\">Casinos d\u2019IPad Mobile &#8211; Une exp\u00e9rience bien arrondie<\/a><\/li>\n\t<li class=\"page_item page-item-53\"><a href=\"https:\/\/www.top10casinowebsites.net\/fr\/mobiles\/windows\/\">Casinos mobile Windows \u2013 Nous donner tous le pouvoir<\/a><\/li>\n\t<li class=\"page_item page-item-40\"><a href=\"https:\/\/www.top10casinowebsites.net\/fr\/mobiles\/android-2\/\">Casinos mobiles Android &#8211; le plaisir, c\u2019est l\u00e0!<\/a><\/li>\n\t<li class=\"page_item page-item-45\"><a href=\"https:\/\/www.top10casinowebsites.net\/fr\/mobiles\/iphone\/\">Casinos Mobiles d\u2019IPhone &#8211; l&#8217;extraordinaire<\/a><\/li>\n\t<li class=\"page_item page-item-50\"><a href=\"https:\/\/www.top10casinowebsites.net\/fr\/mobiles\/samsung\/\">Casinos Samsung Mobile \u2013 Con\u00e7us pour vous !<\/a><\/li>\n<\/ul>\n<\/li>\n<li class=\"page_item page-item-112\"><a href=\"https:\/\/www.top10casinowebsites.net\/fr\/plan-du-site\/\">Plan du site<\/a><\/li>\n<li class=\"page_item page-item-97\"><a href=\"https:\/\/www.top10casinowebsites.net\/fr\/politique-de-confidentialite\/\">Politique de Confidentialit\u00e9<\/a><\/li>\n<li class=\"page_item page-item-21\"><a href=\"https:\/\/www.top10casinowebsites.net\/fr\/roulette\/\">Roulette \u2013 Argent R\u00e9el &#038; Jeux de Roulette Gratuits<\/a><\/li>\n<li class=\"page_item page-item-92\"><a href=\"https:\/\/www.top10casinowebsites.net\/fr\/pas-de-casinos-de-depot\/\">Top 10 de Sites Web de Casino Sans D\u00e9p\u00f4t par Top 10 des Sites Web de Casino<\/a><\/li>\n<li class=\"page_item page-item-99\"><a href=\"https:\/\/www.top10casinowebsites.net\/fr\/casinos\/\">Top 10 des Casinos en Ligne de Gain R\u00e9el en 2020<\/a><\/li>\n<li class=\"page_item page-item-94\"><a href=\"https:\/\/www.top10casinowebsites.net\/fr\/gain-reel-par-top-10-des-sites-web-de-casino\/\">Top 10 des sites Web de Casino en Ligne de Gain R\u00e9el par Top 10 des sites web de casino<\/a><\/li>\n<li class=\"page_item page-item-24\"><a href=\"https:\/\/www.top10casinowebsites.net\/fr\/video-poker\/\">Video Poker \u2013 Argent R\u00e9el &#038; Jeux de Video Poker gratuits<\/a><\/li>\n<\/ul>\n<h2 class=\"wsp-reviews-title\">Reviews<\/h2>\n<ul class=\"wsp-reviews-list\">\n<li><a href=\"https:\/\/www.top10casinowebsites.net\/fr\/review\/888-casino\/\">888 Casino<\/a><\/li>\n<\/ul>\n<\/div>\n","protected":false},"excerpt":{"rendered":"","protected":false},"author":1,"featured_media":0,"parent":0,"menu_order":0,"comment_status":"closed","ping_status":"closed","template":"","meta":{"_acf_changed":false,"footnotes":""},"class_list":["post-112","page","type-page","status-publish","hentry"],"acf":[],"yoast_head":"<!-- This site is optimized with the Yoast SEO plugin v27.4 - https:\/\/yoast.com\/product\/yoast-seo-wordpress\/ -->\n<title>Plan du site - FR<\/title>\n<meta name=\"robots\" content=\"index, follow, max-snippet:-1, max-image-preview:large, max-video-preview:-1\" \/>\n<link rel=\"canonical\" href=\"https:\/\/www.top10casinowebsites.net\/fr\/plan-du-site\/\" \/>\n<meta property=\"og:locale\" content=\"en_US\" \/>\n<meta property=\"og:type\" content=\"article\" \/>\n<meta property=\"og:title\" content=\"Plan du site - FR\" \/>\n<meta property=\"og:url\" content=\"https:\/\/www.top10casinowebsites.net\/fr\/plan-du-site\/\" \/>\n<meta property=\"og:site_name\" content=\"FR\" \/>\n<meta property=\"article:modified_time\" content=\"2025-03-26T15:59:55+00:00\" \/>\n<meta name=\"twitter:card\" content=\"summary_large_image\" \/>\n<script type=\"application\/ld+json\" class=\"yoast-schema-graph\">{\"@context\":\"https:\\\/\\\/schema.org\",\"@graph\":[{\"@type\":\"WebPage\",\"@id\":\"https:\\\/\\\/www.top10casinowebsites.net\\\/fr\\\/plan-du-site\\\/\",\"url\":\"https:\\\/\\\/www.top10casinowebsites.net\\\/fr\\\/plan-du-site\\\/\",\"name\":\"Plan du site - FR\",\"isPartOf\":{\"@id\":\"https:\\\/\\\/www.top10casinowebsites.net\\\/fr\\\/#website\"},\"datePublished\":\"2017-10-06T19:49:59+00:00\",\"dateModified\":\"2025-03-26T15:59:55+00:00\",\"breadcrumb\":{\"@id\":\"https:\\\/\\\/www.top10casinowebsites.net\\\/fr\\\/plan-du-site\\\/#breadcrumb\"},\"inLanguage\":\"en-US\",\"potentialAction\":[{\"@type\":\"ReadAction\",\"target\":[\"https:\\\/\\\/www.top10casinowebsites.net\\\/fr\\\/plan-du-site\\\/\"]}]},{\"@type\":\"BreadcrumbList\",\"@id\":\"https:\\\/\\\/www.top10casinowebsites.net\\\/fr\\\/plan-du-site\\\/#breadcrumb\",\"itemListElement\":[{\"@type\":\"ListItem\",\"position\":1,\"name\":\"Home\",\"item\":\"https:\\\/\\\/www.top10casinowebsites.net\\\/fr\\\/\"},{\"@type\":\"ListItem\",\"position\":2,\"name\":\"Plan du site\"}]},{\"@type\":\"WebSite\",\"@id\":\"https:\\\/\\\/www.top10casinowebsites.net\\\/fr\\\/#website\",\"url\":\"https:\\\/\\\/www.top10casinowebsites.net\\\/fr\\\/\",\"name\":\"FR\",\"description\":\"Just another Sites site\",\"potentialAction\":[{\"@type\":\"SearchAction\",\"target\":{\"@type\":\"EntryPoint\",\"urlTemplate\":\"https:\\\/\\\/www.top10casinowebsites.net\\\/fr\\\/?s={search_term_string}\"},\"query-input\":{\"@type\":\"PropertyValueSpecification\",\"valueRequired\":true,\"valueName\":\"search_term_string\"}}],\"inLanguage\":\"en-US\"}]}<\/script>\n<!-- \/ Yoast SEO plugin. -->","yoast_head_json":{"title":"Plan du site - FR","robots":{"index":"index","follow":"follow","max-snippet":"max-snippet:-1","max-image-preview":"max-image-preview:large","max-video-preview":"max-video-preview:-1"},"canonical":"https:\/\/www.top10casinowebsites.net\/fr\/plan-du-site\/","og_locale":"en_US","og_type":"article","og_title":"Plan du site - FR","og_url":"https:\/\/www.top10casinowebsites.net\/fr\/plan-du-site\/","og_site_name":"FR","article_modified_time":"2025-03-26T15:59:55+00:00","twitter_card":"summary_large_image","schema":{"@context":"https:\/\/schema.org","@graph":[{"@type":"WebPage","@id":"https:\/\/www.top10casinowebsites.net\/fr\/plan-du-site\/","url":"https:\/\/www.top10casinowebsites.net\/fr\/plan-du-site\/","name":"Plan du site - FR","isPartOf":{"@id":"https:\/\/www.top10casinowebsites.net\/fr\/#website"},"datePublished":"2017-10-06T19:49:59+00:00","dateModified":"2025-03-26T15:59:55+00:00","breadcrumb":{"@id":"https:\/\/www.top10casinowebsites.net\/fr\/plan-du-site\/#breadcrumb"},"inLanguage":"en-US","potentialAction":[{"@type":"ReadAction","target":["https:\/\/www.top10casinowebsites.net\/fr\/plan-du-site\/"]}]},{"@type":"BreadcrumbList","@id":"https:\/\/www.top10casinowebsites.net\/fr\/plan-du-site\/#breadcrumb","itemListElement":[{"@type":"ListItem","position":1,"name":"Home","item":"https:\/\/www.top10casinowebsites.net\/fr\/"},{"@type":"ListItem","position":2,"name":"Plan du site"}]},{"@type":"WebSite","@id":"https:\/\/www.top10casinowebsites.net\/fr\/#website","url":"https:\/\/www.top10casinowebsites.net\/fr\/","name":"FR","description":"Just another Sites site","potentialAction":[{"@type":"SearchAction","target":{"@type":"EntryPoint","urlTemplate":"https:\/\/www.top10casinowebsites.net\/fr\/?s={search_term_string}"},"query-input":{"@type":"PropertyValueSpecification","valueRequired":true,"valueName":"search_term_string"}}],"inLanguage":"en-US"}]}},"_links":{"self":[{"href":"https:\/\/www.top10casinowebsites.net\/fr\/wp-json\/wp\/v2\/pages\/112","targetHints":{"allow":["GET"]}}],"collection":[{"href":"https:\/\/www.top10casinowebsites.net\/fr\/wp-json\/wp\/v2\/pages"}],"about":[{"href":"https:\/\/www.top10casinowebsites.net\/fr\/wp-json\/wp\/v2\/types\/page"}],"author":[{"embeddable":true,"href":"https:\/\/www.top10casinowebsites.net\/fr\/wp-json\/wp\/v2\/users\/1"}],"replies":[{"embeddable":true,"href":"https:\/\/www.top10casinowebsites.net\/fr\/wp-json\/wp\/v2\/comments?post=112"}],"version-history":[{"count":1,"href":"https:\/\/www.top10casinowebsites.net\/fr\/wp-json\/wp\/v2\/pages\/112\/revisions"}],"predecessor-version":[{"id":156,"href":"https:\/\/www.top10casinowebsites.net\/fr\/wp-json\/wp\/v2\/pages\/112\/revisions\/156"}],"wp:attachment":[{"href":"https:\/\/www.top10casinowebsites.net\/fr\/wp-json\/wp\/v2\/media?parent=112"}],"curies":[{"name":"wp","href":"https:\/\/api.w.org\/{rel}","templated":true}]}}