{"id":18,"date":"2017-10-06T13:38:34","date_gmt":"2017-10-06T13:38:34","guid":{"rendered":"https:\/\/www.top10casinowebsites.net\/fr\/?page_id=18"},"modified":"2022-10-24T16:18:13","modified_gmt":"2022-10-24T16:18:13","slug":"baccara","status":"publish","type":"page","link":"https:\/\/www.top10casinowebsites.net\/fr\/baccara\/","title":{"rendered":"Baccara \u2013 Argent R\u00e9el &#038; Jeux de Baccara Gratuits"},"content":{"rendered":"<p><img loading=\"lazy\" decoding=\"async\" class=\"alignright size-medium wp-image-20\" src=\"https:\/\/www.top10casinowebsites.net\/fr\/wp-content\/uploads\/sites\/4\/2017\/10\/baccarat-300x197.jpg\" alt=\"\" width=\"300\" height=\"197\" srcset=\"https:\/\/www.top10casinowebsites.net\/fr\/wp-content\/uploads\/sites\/4\/2017\/10\/baccarat-300x197.jpg 300w, https:\/\/www.top10casinowebsites.net\/fr\/wp-content\/uploads\/sites\/4\/2017\/10\/baccarat.jpg 380w\" sizes=\"auto, (max-width: 300px) 100vw, 300px\" \/>Baccara est un jeu de cartes de casino simple sur lequel vous pourrez rapidement jouer \u00e0 un nombre incroyable de jeux par session en jouant en ligne, et contrairement \u00e0 des jeux tels que <a href=\"https:\/\/www.top10casinowebsites.net\/blackjack\">Blackjack<\/a>, par exemple, vous n&#8217;aurez pas besoin de comp\u00e9tences sp\u00e9ciales pour jouer \u00e0 ce jeu car vous ne poss\u00e9dez que trois opportunit\u00e9s de paris diff\u00e9rentes sur chaque main que vous jouez.<\/p>\n<p>Cependant, au cours des ann\u00e9es, plusieurs variantes diff\u00e9rentes de Baccara ont \u00e9t\u00e9 lanc\u00e9es et, en tant que telles, lorsque vous vous connectez \u00e0 votre site de casino en ligne choisi, vous retrouverez souvent de nombreuses variantes diff\u00e9rentes.<\/p>\n<p>Dans ce guide de jeu Baccara particulier, nous allons examiner comment vous pouvez jouer au Baccara en ligne et nous vous donnerons quelques astuces pour jouer \u00e0 ce jeu de casino tr\u00e8s populaire afin que vous puissiez obtenir la valeur maximale de votre capital de jeu.<\/p>\n<p>Lorsque vous jouez au Baccara, vous verrez que chaque carte de jeu qui vous sera attribu\u00e9e recevra une valeur, toute carte valant 10, comme par exemple toutes les cartes 10, les Valets, Dames et Roi valent toutes z\u00e9ro, les As vaut un point et toutes les autres cartes dans le pont ont leur valeur nominale, donc, par exemple, un 7 de tr\u00e8fle vaut 7 points et 2 de carreau vaut 2 points et ainsi de suite.<\/p>\n<p>Vous constaterez que vous pouvez jouer au Baccara pour aussi peu que 1.00 par main et cela sera \u00e9videmment dans la devise que vous avez choisie pour configurer votre compte casino. Soyez conscient que les niveaux maximaux d\u2019enjeux que vous pouvez choisir de mettre en jeu lors de Baccara peuvent varier souvent d\u2019un site de casino \u00e0 un autre et que certains casinos vous permettront de jouer pour autant ou m\u00eame plus de 1000,00 par main pour vous!<\/p>\n<h2>Comment jouer au Baccarat<\/h2>\n<p>Jouer \u00e0 Baccara est vraiment simple, car lorsque vous aurez trouv\u00e9 un site de casino proposant ce jeu, vous devrez d&#8217;abord d\u00e9cider lequel des trois r\u00e9sultats possibles que vous pensez va appara\u00eetre lorsque deux diff\u00e9rentes mains affich\u00e9es sur l&#8217;\u00e9cran ont \u00e9t\u00e9 distribu\u00e9es une s\u00e9rie de cartes.<\/p>\n<p>Vous trouverez qu&#8217;il y aura une s\u00e9rie de cartes distribu\u00e9es pour une main nomm\u00e9e la Banque et aussi un ensemble de cartes distribu\u00e9es \u00e0 une seconde main connue et affich\u00e9e sur l&#8217;\u00e9cran comme la main des Joueurs.<\/p>\n<h2><strong>LasVegasSun<\/strong><\/h2>\n<p><center><iframe loading=\"lazy\" src=\"https:\/\/www.youtube.com\/embed\/8CljzvH-64w\" width=\"560\" height=\"315\" frameborder=\"0\" allowfullscreen=\"allowfullscreen\"><\/iframe><\/center><br \/>\nLe nombre de cartes distribu\u00e9es \u00e0 chaque main peut varier en fonction des r\u00e8gles de jeu de la variante que vous jouez. Cependant, la main gagnante sera celle qui a une valeur de 9 ou \u00e0 pr\u00e8s de 9 points de valeur possible lorsque toutes les cartes sont additionn\u00e9es dans chaque main.<\/p>\n<p>Les joueurs de Baccarat peuvent placer un pari sur la main des Joueurs ou de la Banque ou choisir de placer un pari sur la Main Egalit\u00e9. La Main Egalit\u00e9 est consid\u00e9r\u00e9 comme une main gagnante seulement si les deux mains ont la m\u00eame valeur \u00e0 la fin de la distribution.<\/p>\n<p>Lorsque vous jouez au Baccara, si vous choisissez de placer un pari de n\u2019importe quelle valeur sur la main de la Banque et que cette main est d\u00e9clar\u00e9e gagnante, le paiement que vous recevrez est votre mise, moins une commission de maison de 5%.<\/p>\n<p>Cependant, la main des Joueurs r\u00e9compensera les joueurs avec un paiement de mise, mais vous ne devrez pas payer une commission de maison de 5% si vous choisissez de placer un pari sur cette main et elle est gagnante.<\/p>\n<p>Vous constaterez \u00e9galement que les cotes de paiement attach\u00e9es \u00e0 la Main Egalit\u00e9 peuvent varier, car diff\u00e9rents sites de casino utilisant diff\u00e9rents logiciels et plates-formes de jeux et une gamme de jeux de diff\u00e9rents fournisseurs ont des paiements diff\u00e9rents li\u00e9s \u00e0 cette combinaison gagnante.<\/p>\n<p>Les niveaux de mise en jeu peuvent \u00e9galement varier en fonction du site de casino que vous avez choisi de jouer, mais l&#8217;option d\u2019enjeu minimum la plus couramment disponible sur la grande majorit\u00e9 des jeux de Baccara sur les diff\u00e9rents sites de casino est \u00e0 seulement 1,00!<\/p>\n<h2>Meilleure Strat\u00e9gie de Jeu de Baccara<\/h2>\n<p>Vous devriez \u00e9viter de placer le pari de Main d\u2019Egalit\u00e9 lorsque vous jouez au Baccara sur n&#8217;importe quel site de casino en ligne ou mobile, et il y a une bonne raison pour cela! Alors que vous pourriez \u00eatre vraiment tent\u00e9 de placer le pari de Main d\u2019Egalit\u00e9 car les chances qui vous seront pay\u00e9es sont beaucoup plus \u00e9lev\u00e9es que celles des deux autres opportunit\u00e9s de paris sur ce jeu de cartes populaire, le bord de la maison sur ce pari est \u00e9norme!<\/p>\n<p>Par cons\u00e9quent, c&#8217;est un pari de tr\u00e8s mauvaise valeur et, plus vous en placez, plus t\u00f4t votre capital sera diminu\u00e9! \u00c9vitez donc de placer ce pari et concentrez vos efforts de jeu sur les deux autres propositions de paris.<\/p>\n<p>Une autre chose \u00e0 garder \u00e0 l&#8217;esprit si vous <a href=\"https:\/\/en.wikipedia.org\/wiki\/Baccarat_%28card_game%29\">aimez jouer au Baccara en ligne<\/a> dans un environnement de jeu en argent r\u00e9el est que la plupart des casinos en ligne offrent des points de compensation aux joueurs, en tant que tel, lorsque vous jouez \u00e0 ce jeu pour de l&#8217;argent r\u00e9el.<\/p>\n<p>Id\u00e9alement, vous devriez jouer \u00e0 un site de casino qui vous offre le club de points le plus g\u00e9n\u00e9reux car vous bloquerez plus de valeur de jeu suppl\u00e9mentaire en raison de la quantit\u00e9 de points de compensation que vous gagnerez par mise en argent r\u00e9el, et vous obtiendrez plus de cr\u00e9dits bonus lors du rachat de vos points!<\/p>\n<p>Une derni\u00e8re chose \u00e0 garder \u00e0 l&#8217;esprit est que de nombreux sites de casino offrent aux nouveaux joueurs un bonus d\u2019Achat et aux joueurs r\u00e9guliers \u00e9galement beaucoup de bonus d\u2019Achat en cours dans la plupart des sites de casino.<\/p>\n<p>Assurez-vous cependant si vous souhaitez jouer au Baccara avec des fonds bonus que le casino a ce jeu sur sa liste de jeux autoris\u00e9s lorsque vous utilisez des cr\u00e9dits bonus et que vous choisissez un bonus qui est livr\u00e9 avec une exigence minimale lorsqu&#8217;il est utilis\u00e9 sur les jeux de Baccara!<\/p>\n","protected":false},"excerpt":{"rendered":"<p>Baccara est un jeu de cartes de casino simple sur lequel vous pourrez rapidement jouer \u00e0 un nombre incroyable de jeux par session en jouant en ligne, et contrairement \u00e0 des jeux tels que Blackjack, par exemple, vous n&#8217;aurez pas besoin de comp\u00e9tences sp\u00e9ciales pour jouer \u00e0 ce jeu car vous ne poss\u00e9dez que trois [&hellip;]<\/p>\n","protected":false},"author":4,"featured_media":0,"parent":0,"menu_order":0,"comment_status":"closed","ping_status":"closed","template":"","meta":{"_acf_changed":false,"footnotes":""},"class_list":["post-18","page","type-page","status-publish","hentry"],"acf":[],"yoast_head":"<!-- This site is optimized with the Yoast SEO plugin v27.4 - https:\/\/yoast.com\/product\/yoast-seo-wordpress\/ -->\n<title>Baccara \u2013 Argent R\u00e9el &amp; Jeux de Baccara Gratuits<\/title>\n<meta name=\"description\" content=\"Baccara est un jeu de cartes de casino simple sur lequel vous pourrez rapidement jouer \u00e0 un nombre incroyable de jeux en jouant en ligne\" \/>\n<meta name=\"robots\" content=\"index, follow, max-snippet:-1, max-image-preview:large, max-video-preview:-1\" \/>\n<link rel=\"canonical\" href=\"https:\/\/www.top10casinowebsites.net\/fr\/baccara\/\" \/>\n<meta property=\"og:locale\" content=\"en_US\" \/>\n<meta property=\"og:type\" content=\"article\" \/>\n<meta property=\"og:title\" content=\"Baccara \u2013 Argent R\u00e9el &amp; Jeux de Baccara Gratuits\" \/>\n<meta property=\"og:description\" content=\"Baccara est un jeu de cartes de casino simple sur lequel vous pourrez rapidement jouer \u00e0 un nombre incroyable de jeux en jouant en ligne\" \/>\n<meta property=\"og:url\" content=\"https:\/\/www.top10casinowebsites.net\/fr\/baccara\/\" \/>\n<meta property=\"og:site_name\" content=\"FR\" \/>\n<meta property=\"article:modified_time\" content=\"2022-10-24T16:18:13+00:00\" \/>\n<meta property=\"og:image\" content=\"https:\/\/www.top10casinowebsites.net\/fr\/wp-content\/uploads\/sites\/4\/2017\/10\/baccarat.jpg\" \/>\n\t<meta property=\"og:image:width\" content=\"380\" \/>\n\t<meta property=\"og:image:height\" content=\"250\" \/>\n\t<meta property=\"og:image:type\" content=\"image\/jpeg\" \/>\n<meta name=\"twitter:card\" content=\"summary_large_image\" \/>\n<meta name=\"twitter:label1\" content=\"Est. reading time\" \/>\n\t<meta name=\"twitter:data1\" content=\"5 minutes\" \/>\n<script type=\"application\/ld+json\" class=\"yoast-schema-graph\">{\"@context\":\"https:\\\/\\\/schema.org\",\"@graph\":[{\"@type\":\"WebPage\",\"@id\":\"https:\\\/\\\/www.top10casinowebsites.net\\\/fr\\\/baccara\\\/\",\"url\":\"https:\\\/\\\/www.top10casinowebsites.net\\\/fr\\\/baccara\\\/\",\"name\":\"Baccara \u2013 Argent R\u00e9el & Jeux de Baccara Gratuits\",\"isPartOf\":{\"@id\":\"https:\\\/\\\/www.top10casinowebsites.net\\\/fr\\\/#website\"},\"primaryImageOfPage\":{\"@id\":\"https:\\\/\\\/www.top10casinowebsites.net\\\/fr\\\/baccara\\\/#primaryimage\"},\"image\":{\"@id\":\"https:\\\/\\\/www.top10casinowebsites.net\\\/fr\\\/baccara\\\/#primaryimage\"},\"thumbnailUrl\":\"https:\\\/\\\/www.top10casinowebsites.net\\\/fr\\\/wp-content\\\/uploads\\\/sites\\\/4\\\/2017\\\/10\\\/baccarat-300x197.jpg\",\"datePublished\":\"2017-10-06T13:38:34+00:00\",\"dateModified\":\"2022-10-24T16:18:13+00:00\",\"description\":\"Baccara est un jeu de cartes de casino simple sur lequel vous pourrez rapidement jouer \u00e0 un nombre incroyable de jeux en jouant en ligne\",\"breadcrumb\":{\"@id\":\"https:\\\/\\\/www.top10casinowebsites.net\\\/fr\\\/baccara\\\/#breadcrumb\"},\"inLanguage\":\"en-US\",\"potentialAction\":[{\"@type\":\"ReadAction\",\"target\":[\"https:\\\/\\\/www.top10casinowebsites.net\\\/fr\\\/baccara\\\/\"]}]},{\"@type\":\"ImageObject\",\"inLanguage\":\"en-US\",\"@id\":\"https:\\\/\\\/www.top10casinowebsites.net\\\/fr\\\/baccara\\\/#primaryimage\",\"url\":\"https:\\\/\\\/www.top10casinowebsites.net\\\/fr\\\/wp-content\\\/uploads\\\/sites\\\/4\\\/2017\\\/10\\\/baccarat.jpg\",\"contentUrl\":\"https:\\\/\\\/www.top10casinowebsites.net\\\/fr\\\/wp-content\\\/uploads\\\/sites\\\/4\\\/2017\\\/10\\\/baccarat.jpg\",\"width\":380,\"height\":250},{\"@type\":\"BreadcrumbList\",\"@id\":\"https:\\\/\\\/www.top10casinowebsites.net\\\/fr\\\/baccara\\\/#breadcrumb\",\"itemListElement\":[{\"@type\":\"ListItem\",\"position\":1,\"name\":\"Home\",\"item\":\"https:\\\/\\\/www.top10casinowebsites.net\\\/fr\\\/\"},{\"@type\":\"ListItem\",\"position\":2,\"name\":\"Baccara \u2013 Argent R\u00e9el &#038; Jeux de Baccara Gratuits\"}]},{\"@type\":\"WebSite\",\"@id\":\"https:\\\/\\\/www.top10casinowebsites.net\\\/fr\\\/#website\",\"url\":\"https:\\\/\\\/www.top10casinowebsites.net\\\/fr\\\/\",\"name\":\"FR\",\"description\":\"Just another Sites site\",\"potentialAction\":[{\"@type\":\"SearchAction\",\"target\":{\"@type\":\"EntryPoint\",\"urlTemplate\":\"https:\\\/\\\/www.top10casinowebsites.net\\\/fr\\\/?s={search_term_string}\"},\"query-input\":{\"@type\":\"PropertyValueSpecification\",\"valueRequired\":true,\"valueName\":\"search_term_string\"}}],\"inLanguage\":\"en-US\"}]}<\/script>\n<!-- \/ Yoast SEO plugin. -->","yoast_head_json":{"title":"Baccara \u2013 Argent R\u00e9el & Jeux de Baccara Gratuits","description":"Baccara est un jeu de cartes de casino simple sur lequel vous pourrez rapidement jouer \u00e0 un nombre incroyable de jeux en jouant en ligne","robots":{"index":"index","follow":"follow","max-snippet":"max-snippet:-1","max-image-preview":"max-image-preview:large","max-video-preview":"max-video-preview:-1"},"canonical":"https:\/\/www.top10casinowebsites.net\/fr\/baccara\/","og_locale":"en_US","og_type":"article","og_title":"Baccara \u2013 Argent R\u00e9el & Jeux de Baccara Gratuits","og_description":"Baccara est un jeu de cartes de casino simple sur lequel vous pourrez rapidement jouer \u00e0 un nombre incroyable de jeux en jouant en ligne","og_url":"https:\/\/www.top10casinowebsites.net\/fr\/baccara\/","og_site_name":"FR","article_modified_time":"2022-10-24T16:18:13+00:00","og_image":[{"width":380,"height":250,"url":"https:\/\/www.top10casinowebsites.net\/fr\/wp-content\/uploads\/sites\/4\/2017\/10\/baccarat.jpg","type":"image\/jpeg"}],"twitter_card":"summary_large_image","twitter_misc":{"Est. reading time":"5 minutes"},"schema":{"@context":"https:\/\/schema.org","@graph":[{"@type":"WebPage","@id":"https:\/\/www.top10casinowebsites.net\/fr\/baccara\/","url":"https:\/\/www.top10casinowebsites.net\/fr\/baccara\/","name":"Baccara \u2013 Argent R\u00e9el & Jeux de Baccara Gratuits","isPartOf":{"@id":"https:\/\/www.top10casinowebsites.net\/fr\/#website"},"primaryImageOfPage":{"@id":"https:\/\/www.top10casinowebsites.net\/fr\/baccara\/#primaryimage"},"image":{"@id":"https:\/\/www.top10casinowebsites.net\/fr\/baccara\/#primaryimage"},"thumbnailUrl":"https:\/\/www.top10casinowebsites.net\/fr\/wp-content\/uploads\/sites\/4\/2017\/10\/baccarat-300x197.jpg","datePublished":"2017-10-06T13:38:34+00:00","dateModified":"2022-10-24T16:18:13+00:00","description":"Baccara est un jeu de cartes de casino simple sur lequel vous pourrez rapidement jouer \u00e0 un nombre incroyable de jeux en jouant en ligne","breadcrumb":{"@id":"https:\/\/www.top10casinowebsites.net\/fr\/baccara\/#breadcrumb"},"inLanguage":"en-US","potentialAction":[{"@type":"ReadAction","target":["https:\/\/www.top10casinowebsites.net\/fr\/baccara\/"]}]},{"@type":"ImageObject","inLanguage":"en-US","@id":"https:\/\/www.top10casinowebsites.net\/fr\/baccara\/#primaryimage","url":"https:\/\/www.top10casinowebsites.net\/fr\/wp-content\/uploads\/sites\/4\/2017\/10\/baccarat.jpg","contentUrl":"https:\/\/www.top10casinowebsites.net\/fr\/wp-content\/uploads\/sites\/4\/2017\/10\/baccarat.jpg","width":380,"height":250},{"@type":"BreadcrumbList","@id":"https:\/\/www.top10casinowebsites.net\/fr\/baccara\/#breadcrumb","itemListElement":[{"@type":"ListItem","position":1,"name":"Home","item":"https:\/\/www.top10casinowebsites.net\/fr\/"},{"@type":"ListItem","position":2,"name":"Baccara \u2013 Argent R\u00e9el &#038; Jeux de Baccara Gratuits"}]},{"@type":"WebSite","@id":"https:\/\/www.top10casinowebsites.net\/fr\/#website","url":"https:\/\/www.top10casinowebsites.net\/fr\/","name":"FR","description":"Just another Sites site","potentialAction":[{"@type":"SearchAction","target":{"@type":"EntryPoint","urlTemplate":"https:\/\/www.top10casinowebsites.net\/fr\/?s={search_term_string}"},"query-input":{"@type":"PropertyValueSpecification","valueRequired":true,"valueName":"search_term_string"}}],"inLanguage":"en-US"}]}},"_links":{"self":[{"href":"https:\/\/www.top10casinowebsites.net\/fr\/wp-json\/wp\/v2\/pages\/18","targetHints":{"allow":["GET"]}}],"collection":[{"href":"https:\/\/www.top10casinowebsites.net\/fr\/wp-json\/wp\/v2\/pages"}],"about":[{"href":"https:\/\/www.top10casinowebsites.net\/fr\/wp-json\/wp\/v2\/types\/page"}],"author":[{"embeddable":true,"href":"https:\/\/www.top10casinowebsites.net\/fr\/wp-json\/wp\/v2\/users\/4"}],"replies":[{"embeddable":true,"href":"https:\/\/www.top10casinowebsites.net\/fr\/wp-json\/wp\/v2\/comments?post=18"}],"version-history":[{"count":2,"href":"https:\/\/www.top10casinowebsites.net\/fr\/wp-json\/wp\/v2\/pages\/18\/revisions"}],"predecessor-version":[{"id":150,"href":"https:\/\/www.top10casinowebsites.net\/fr\/wp-json\/wp\/v2\/pages\/18\/revisions\/150"}],"wp:attachment":[{"href":"https:\/\/www.top10casinowebsites.net\/fr\/wp-json\/wp\/v2\/media?parent=18"}],"curies":[{"name":"wp","href":"https:\/\/api.w.org\/{rel}","templated":true}]}}