{"id":24,"date":"2017-10-06T13:55:53","date_gmt":"2017-10-06T13:55:53","guid":{"rendered":"https:\/\/www.top10casinowebsites.net\/fr\/?page_id=24"},"modified":"2022-10-27T17:21:37","modified_gmt":"2022-10-27T17:21:37","slug":"video-poker","status":"publish","type":"page","link":"https:\/\/www.top10casinowebsites.net\/fr\/video-poker\/","title":{"rendered":"Video Poker \u2013 Argent R\u00e9el &#038; Jeux de Video Poker gratuits"},"content":{"rendered":"<p><img loading=\"lazy\" decoding=\"async\" class=\"alignright size-medium wp-image-26\" src=\"https:\/\/www.top10casinowebsites.net\/fr\/wp-content\/uploads\/sites\/4\/2017\/10\/video-poker-300x197.jpg\" alt=\"\" width=\"300\" height=\"197\" srcset=\"https:\/\/www.top10casinowebsites.net\/fr\/wp-content\/uploads\/sites\/4\/2017\/10\/video-poker-300x197.jpg 300w, https:\/\/www.top10casinowebsites.net\/fr\/wp-content\/uploads\/sites\/4\/2017\/10\/video-poker.jpg 380w\" sizes=\"auto, (max-width: 300px) 100vw, 300px\" \/>Cette section de notre site vous pr\u00e9sentera le jeu de vid\u00e9o poker. En fait, une chose qui m\u00e9rite d&#8217;\u00eatre mentionn\u00e9e sur le vid\u00e9o poker est comme beaucoup de jeux de <a href=\"https:\/\/www.top10casinowebsites.net\/slots\">machines \u00e0 sous<\/a>, vous trouverez qu&#8217;il existe de nombreux jeux individuels diff\u00e9rents et de nombreuses variantes suppl\u00e9mentaires du m\u00eame jeu en fonction des sites de casino que vous choisissez de jouer.<\/p>\n<p>Vous trouverez des jeux de vid\u00e9o poker \u00e0 une main o\u00f9, comme le nom l&#8217;indique, vous jouerez une seule main par jeu. Des variantes multi-mains sont propos\u00e9es sur la plupart des sites de casino et, en jouant ces jeux, vous pouvez jouer \u00e0 partir de 4 jusqu&#8217;\u00e0 100 mains par jeu.<\/p>\n<p>Soyez conscient lorsque vous jouez aux <a href=\"https:\/\/www.microgaming.co.uk\/\">casinos aliment\u00e9s par Microgaming<\/a>, ils ont nomm\u00e9s leurs variantes multi-jeux de jeux vid\u00e9o de poker Power Poker! De plus, les jeux de vid\u00e9o poker progressifs sont \u00e9galement offerts aux joueurs, cependant, en jouant ces jeux, vous trouverez souvent qu&#8217;ils ont une configuration de mise fixe et que vous voulez avoir la possibilit\u00e9 de gagner le jackpot progressif, vous devrez toujours mettre en jeu des mises maximales.<\/p>\n<p>Ci-dessous, nous vous montrerons comment jouer aux jeux de vid\u00e9o poker et comment mettre en jeu la meilleure strat\u00e9gie de jeu, et vous informerons \u00e9galement de ce qui rend un jeu de vid\u00e9o poker plus jouable que d&#8217;autres.<\/p>\n<p>Vous trouverez \u00e9galement que nous avons une version de jeu gratuite de plusieurs variantes de jeux de vid\u00e9o poker offertes directement \u00e0 partir de ce site et, en tant que telles, si vous souhaitez tester ces jeux directement \u00e0 partir de notre site Web, vous pouvez le faire sans aucun risque.<\/p>\n<p>En jouant \u00e0 plusieurs variantes de jeux de vid\u00e9o poker diff\u00e9rentes, vous d\u00e9couvrirez bient\u00f4t comment les jouer et vous pourrez alors vous d\u00e9cider s&#8217;ils sont dignes de jouer, mais pour de l&#8217;argent r\u00e9el. Alors, lisez la suite car vous trouverez que les pourcentages de paiement sur les jeux de vid\u00e9o poker sont beaucoup plus \u00e9lev\u00e9s que n&#8217;importe quelle autre cat\u00e9gorie de jeux de casino.<\/p>\n<h2>Comment Jouer au Vid\u00e9o Poker<\/h2>\n<p>D\u00e8s que vous avez s\u00e9lectionn\u00e9 un site de casino en ligne \u00e0 jouer et vous avez \u00e9galement s\u00e9lectionn\u00e9 une variante de jeu de vid\u00e9o poker \u00e0 jouer sur ce site, gratuitement ou pour de l&#8217;argent r\u00e9el, la premi\u00e8re t\u00e2che que vous devrez effectuer est de choisir une option de financement pour jouer en direct sur la variante que vous avez choisi de jouer.<\/p>\n<p>Vous trouverez que la grande majorit\u00e9 des jeux de vid\u00e9o poker vous permettront de modifier et d&#8217;ajuster les param\u00e8tres de la valeur de la pi\u00e8ce qui ne devraient pas \u00eatre trop difficiles \u00e0 faire car vous devrez cliquer sur le bouton de param\u00e8tres de la valeur de la pi\u00e8ce affich\u00e9e sur l&#8217;\u00e9cran, puis mettre en surbrillance celle que vous souhaitez avoir en jeu en direct.<\/p>\n<p><strong>americancasinoguide<\/strong><\/p>\n<p><center><iframe loading=\"lazy\" src=\"https:\/\/www.youtube.com\/embed\/gLYQ3ZIowPA\" width=\"560\" height=\"315\" frameborder=\"0\" allowfullscreen=\"allowfullscreen\"><\/iframe><\/center><br \/>\nSi vous \u00eates satisfait que vous pouvez vous permettre la valeur de pi\u00e8ce que vous avez s\u00e9lectionn\u00e9e sur la variante de jeu de vid\u00e9o poker que vous avez choisi de jouer, vous devrez d\u00e9cider si vous voulez jouer une, deux, trois, quatre ou cinq pi\u00e8ces par main.<\/p>\n<p>Soyez conscient que vous devriez d&#8217;abord regarder la table de paiement de la variante que vous avez choisie pour jouer. Si cette table de paiement a un ou plusieurs paiements am\u00e9lior\u00e9s attach\u00e9s \u00e0 l&#8217;une des combinaisons de mains possibles que vous pourriez \u00eatre distribu\u00e9es lorsque vous jouez des mains de cinq pi\u00e8ces, la strat\u00e9gie de jeu optimale de ce jeu exigera que vous mettiez toujours des mains de cinq pi\u00e8ces.<\/p>\n<p>D\u00e8s que vous avez choisi les valeurs de pi\u00e8ces et le nombre de pi\u00e8ces que vous souhaitez jouer, cliquez simplement sur le bouton de transaction et vous recevrez ensuite cinq cartes \u00e0 jouer. Vous devez utiliser votre comp\u00e9tence et votre jugement pour d\u00e9cider si l&#8217;une de ces cartes \u00e0 jouer vaut la peine d&#8217;\u00eatre retenue pour la prochaine partie du jeu et, si c\u2019est le cas, vous devez simplement cliquer dessus et la carte sera mise en surbrillance avec le mot Held.<\/p>\n<p>Ensuite, vous cliquez sur l\u2019op\u00e9ration une derni\u00e8re fois et n\u2019importe la carte \u00e0 jouer que vous n&#8217;avez pas retenue sera effac\u00e9e de l&#8217;\u00e9cran et les nouvelles seront envoy\u00e9es sur l&#8217;\u00e9cran pour remplacer les cartes qui manquent. Une fois que ces cartes ont \u00e9t\u00e9 remplac\u00e9es, si vous avez form\u00e9 une combinaison de main gagnante, comme indiqu\u00e9 sur la table de paiement, vous recevrez le nombre de pi\u00e8ces correspondant \u00e0 votre paiement gagnant.<\/p>\n<h2>Meilleure strat\u00e9gie de jeu de poker vid\u00e9o<\/h2>\n<p>Il y a trois choses que vous devriez faire si vous voulez jouer \u00e0 des jeux de vid\u00e9o poker en ligne pour vous assurer d&#8217;avoir les meilleures chances de gagner, et celles-l\u00e0 sont de miser chaque jeu de mani\u00e8re optimale, jouez chaque main parfaitement et jouez uniquement \u00e0 la variante qui se vante les pourcentages de paiement les plus \u00e9lev\u00e9s.<\/p>\n<p>Cependant, pour d\u00e9couvrir le pourcentage de paiement de toutes les variantes de jeux de vid\u00e9o poker que vous trouverez offerts sur n&#8217;importe quel site de casino en ligne, vous devrez d&#8217;abord \u00e9tudier la table de paiement et calculer le pourcentage de paiement en regardant la table de paiement, ou consulter les fichiers d&#8217;aide aux jeux car c\u2019est l\u00e0 o\u00f9 vous trouverez souvent que le <a href=\"http:\/\/getgamblingfacts.ca\/how-gambling-really-works\/return-to-player-rtp-and-hit-frequency-what-do-these-mean\/\">RTP de chaque jeu est disponible<\/a>.<\/p>\n<p>Vous trouverez \u00e9galement que de nombreux sites de casino en ligne qui sont enti\u00e8rement autoris\u00e9s et r\u00e9glement\u00e9s afficheront \u00e9galement le pourcentage de paiement pr\u00e9vu pour tous leurs jeux de vid\u00e9o poker et autres jeux de casino quelque part sur leur site Web, alors assurez-vous de retrouver ces informations et de vous pr\u00e9parer en jouant la variante avec le pourcentage de paiement le plus \u00e9lev\u00e9.<\/p>\n<p>Pour jouer \u00e0 n&#8217;importe quel jeu de vid\u00e9o poker, il faudra que vous sachiez les enjeux \u00e0 jouer et le nombre de pi\u00e8ces pour obtenir les meilleurs gains, ce qui signifie g\u00e9n\u00e9ralement jouer \u00e0 cinq pi\u00e8ces par main.<\/p>\n<p>Cependant, vous devriez \u00e9galement allumer le param\u00e8tre optionnel de retenue automatique car cela signifiera que vous ne prendrez pas de mauvaises d\u00e9cisions sur les cartes que vous d\u00e9tenez et jetterez, car le jeu tiendra automatiquement les meilleures cartes pour vous lors de la distribution initiale des cartes.<\/p>\n","protected":false},"excerpt":{"rendered":"<p>Cette section de notre site vous pr\u00e9sentera le jeu de vid\u00e9o poker. En fait, une chose qui m\u00e9rite d&#8217;\u00eatre mentionn\u00e9e sur le vid\u00e9o poker est comme beaucoup de jeux de machines \u00e0 sous, vous trouverez qu&#8217;il existe de nombreux jeux individuels diff\u00e9rents et de nombreuses variantes suppl\u00e9mentaires du m\u00eame jeu en fonction des sites de [&hellip;]<\/p>\n","protected":false},"author":4,"featured_media":0,"parent":0,"menu_order":0,"comment_status":"closed","ping_status":"closed","template":"","meta":{"_acf_changed":false,"footnotes":""},"class_list":["post-24","page","type-page","status-publish","hentry"],"acf":[],"yoast_head":"<!-- This site is optimized with the Yoast SEO plugin v27.4 - https:\/\/yoast.com\/product\/yoast-seo-wordpress\/ -->\n<title>Video Poker \u2013 Argent R\u00e9el &amp; Jeux de Video Poker gratuits<\/title>\n<meta name=\"description\" content=\"Cette section de notre site vous pr\u00e9sentera le jeu de vid\u00e9o poker. En fait, une chose qui m\u00e9rite d&#039;\u00eatre m\" \/>\n<meta name=\"robots\" content=\"index, follow, max-snippet:-1, max-image-preview:large, max-video-preview:-1\" \/>\n<link rel=\"canonical\" href=\"https:\/\/www.top10casinowebsites.net\/fr\/video-poker\/\" \/>\n<meta property=\"og:locale\" content=\"en_US\" \/>\n<meta property=\"og:type\" content=\"article\" \/>\n<meta property=\"og:title\" content=\"Video Poker \u2013 Argent R\u00e9el &amp; Jeux de Video Poker gratuits\" \/>\n<meta property=\"og:description\" content=\"Cette section de notre site vous pr\u00e9sentera le jeu de vid\u00e9o poker. En fait, une chose qui m\u00e9rite d&#039;\u00eatre m\" \/>\n<meta property=\"og:url\" content=\"https:\/\/www.top10casinowebsites.net\/fr\/video-poker\/\" \/>\n<meta property=\"og:site_name\" content=\"FR\" \/>\n<meta property=\"article:modified_time\" content=\"2022-10-27T17:21:37+00:00\" \/>\n<meta property=\"og:image\" content=\"https:\/\/www.top10casinowebsites.net\/fr\/wp-content\/uploads\/sites\/4\/2017\/10\/video-poker.jpg\" \/>\n\t<meta property=\"og:image:width\" content=\"380\" \/>\n\t<meta property=\"og:image:height\" content=\"250\" \/>\n\t<meta property=\"og:image:type\" content=\"image\/jpeg\" \/>\n<meta name=\"twitter:card\" content=\"summary_large_image\" \/>\n<meta name=\"twitter:label1\" content=\"Est. reading time\" \/>\n\t<meta name=\"twitter:data1\" content=\"6 minutes\" \/>\n<script type=\"application\/ld+json\" class=\"yoast-schema-graph\">{\"@context\":\"https:\\\/\\\/schema.org\",\"@graph\":[{\"@type\":\"WebPage\",\"@id\":\"https:\\\/\\\/www.top10casinowebsites.net\\\/fr\\\/video-poker\\\/\",\"url\":\"https:\\\/\\\/www.top10casinowebsites.net\\\/fr\\\/video-poker\\\/\",\"name\":\"Video Poker \u2013 Argent R\u00e9el & Jeux de Video Poker gratuits\",\"isPartOf\":{\"@id\":\"https:\\\/\\\/www.top10casinowebsites.net\\\/fr\\\/#website\"},\"primaryImageOfPage\":{\"@id\":\"https:\\\/\\\/www.top10casinowebsites.net\\\/fr\\\/video-poker\\\/#primaryimage\"},\"image\":{\"@id\":\"https:\\\/\\\/www.top10casinowebsites.net\\\/fr\\\/video-poker\\\/#primaryimage\"},\"thumbnailUrl\":\"https:\\\/\\\/www.top10casinowebsites.net\\\/fr\\\/wp-content\\\/uploads\\\/sites\\\/4\\\/2017\\\/10\\\/video-poker-300x197.jpg\",\"datePublished\":\"2017-10-06T13:55:53+00:00\",\"dateModified\":\"2022-10-27T17:21:37+00:00\",\"description\":\"Cette section de notre site vous pr\u00e9sentera le jeu de vid\u00e9o poker. En fait, une chose qui m\u00e9rite d'\u00eatre m\",\"breadcrumb\":{\"@id\":\"https:\\\/\\\/www.top10casinowebsites.net\\\/fr\\\/video-poker\\\/#breadcrumb\"},\"inLanguage\":\"en-US\",\"potentialAction\":[{\"@type\":\"ReadAction\",\"target\":[\"https:\\\/\\\/www.top10casinowebsites.net\\\/fr\\\/video-poker\\\/\"]}]},{\"@type\":\"ImageObject\",\"inLanguage\":\"en-US\",\"@id\":\"https:\\\/\\\/www.top10casinowebsites.net\\\/fr\\\/video-poker\\\/#primaryimage\",\"url\":\"https:\\\/\\\/www.top10casinowebsites.net\\\/fr\\\/wp-content\\\/uploads\\\/sites\\\/4\\\/2017\\\/10\\\/video-poker.jpg\",\"contentUrl\":\"https:\\\/\\\/www.top10casinowebsites.net\\\/fr\\\/wp-content\\\/uploads\\\/sites\\\/4\\\/2017\\\/10\\\/video-poker.jpg\",\"width\":380,\"height\":250},{\"@type\":\"BreadcrumbList\",\"@id\":\"https:\\\/\\\/www.top10casinowebsites.net\\\/fr\\\/video-poker\\\/#breadcrumb\",\"itemListElement\":[{\"@type\":\"ListItem\",\"position\":1,\"name\":\"Home\",\"item\":\"https:\\\/\\\/www.top10casinowebsites.net\\\/fr\\\/\"},{\"@type\":\"ListItem\",\"position\":2,\"name\":\"Video Poker \u2013 Argent R\u00e9el &#038; Jeux de Video Poker gratuits\"}]},{\"@type\":\"WebSite\",\"@id\":\"https:\\\/\\\/www.top10casinowebsites.net\\\/fr\\\/#website\",\"url\":\"https:\\\/\\\/www.top10casinowebsites.net\\\/fr\\\/\",\"name\":\"FR\",\"description\":\"Just another Sites site\",\"potentialAction\":[{\"@type\":\"SearchAction\",\"target\":{\"@type\":\"EntryPoint\",\"urlTemplate\":\"https:\\\/\\\/www.top10casinowebsites.net\\\/fr\\\/?s={search_term_string}\"},\"query-input\":{\"@type\":\"PropertyValueSpecification\",\"valueRequired\":true,\"valueName\":\"search_term_string\"}}],\"inLanguage\":\"en-US\"}]}<\/script>\n<!-- \/ Yoast SEO plugin. -->","yoast_head_json":{"title":"Video Poker \u2013 Argent R\u00e9el & Jeux de Video Poker gratuits","description":"Cette section de notre site vous pr\u00e9sentera le jeu de vid\u00e9o poker. En fait, une chose qui m\u00e9rite d'\u00eatre m","robots":{"index":"index","follow":"follow","max-snippet":"max-snippet:-1","max-image-preview":"max-image-preview:large","max-video-preview":"max-video-preview:-1"},"canonical":"https:\/\/www.top10casinowebsites.net\/fr\/video-poker\/","og_locale":"en_US","og_type":"article","og_title":"Video Poker \u2013 Argent R\u00e9el & Jeux de Video Poker gratuits","og_description":"Cette section de notre site vous pr\u00e9sentera le jeu de vid\u00e9o poker. En fait, une chose qui m\u00e9rite d'\u00eatre m","og_url":"https:\/\/www.top10casinowebsites.net\/fr\/video-poker\/","og_site_name":"FR","article_modified_time":"2022-10-27T17:21:37+00:00","og_image":[{"width":380,"height":250,"url":"https:\/\/www.top10casinowebsites.net\/fr\/wp-content\/uploads\/sites\/4\/2017\/10\/video-poker.jpg","type":"image\/jpeg"}],"twitter_card":"summary_large_image","twitter_misc":{"Est. reading time":"6 minutes"},"schema":{"@context":"https:\/\/schema.org","@graph":[{"@type":"WebPage","@id":"https:\/\/www.top10casinowebsites.net\/fr\/video-poker\/","url":"https:\/\/www.top10casinowebsites.net\/fr\/video-poker\/","name":"Video Poker \u2013 Argent R\u00e9el & Jeux de Video Poker gratuits","isPartOf":{"@id":"https:\/\/www.top10casinowebsites.net\/fr\/#website"},"primaryImageOfPage":{"@id":"https:\/\/www.top10casinowebsites.net\/fr\/video-poker\/#primaryimage"},"image":{"@id":"https:\/\/www.top10casinowebsites.net\/fr\/video-poker\/#primaryimage"},"thumbnailUrl":"https:\/\/www.top10casinowebsites.net\/fr\/wp-content\/uploads\/sites\/4\/2017\/10\/video-poker-300x197.jpg","datePublished":"2017-10-06T13:55:53+00:00","dateModified":"2022-10-27T17:21:37+00:00","description":"Cette section de notre site vous pr\u00e9sentera le jeu de vid\u00e9o poker. En fait, une chose qui m\u00e9rite d'\u00eatre m","breadcrumb":{"@id":"https:\/\/www.top10casinowebsites.net\/fr\/video-poker\/#breadcrumb"},"inLanguage":"en-US","potentialAction":[{"@type":"ReadAction","target":["https:\/\/www.top10casinowebsites.net\/fr\/video-poker\/"]}]},{"@type":"ImageObject","inLanguage":"en-US","@id":"https:\/\/www.top10casinowebsites.net\/fr\/video-poker\/#primaryimage","url":"https:\/\/www.top10casinowebsites.net\/fr\/wp-content\/uploads\/sites\/4\/2017\/10\/video-poker.jpg","contentUrl":"https:\/\/www.top10casinowebsites.net\/fr\/wp-content\/uploads\/sites\/4\/2017\/10\/video-poker.jpg","width":380,"height":250},{"@type":"BreadcrumbList","@id":"https:\/\/www.top10casinowebsites.net\/fr\/video-poker\/#breadcrumb","itemListElement":[{"@type":"ListItem","position":1,"name":"Home","item":"https:\/\/www.top10casinowebsites.net\/fr\/"},{"@type":"ListItem","position":2,"name":"Video Poker \u2013 Argent R\u00e9el &#038; Jeux de Video Poker gratuits"}]},{"@type":"WebSite","@id":"https:\/\/www.top10casinowebsites.net\/fr\/#website","url":"https:\/\/www.top10casinowebsites.net\/fr\/","name":"FR","description":"Just another Sites site","potentialAction":[{"@type":"SearchAction","target":{"@type":"EntryPoint","urlTemplate":"https:\/\/www.top10casinowebsites.net\/fr\/?s={search_term_string}"},"query-input":{"@type":"PropertyValueSpecification","valueRequired":true,"valueName":"search_term_string"}}],"inLanguage":"en-US"}]}},"_links":{"self":[{"href":"https:\/\/www.top10casinowebsites.net\/fr\/wp-json\/wp\/v2\/pages\/24","targetHints":{"allow":["GET"]}}],"collection":[{"href":"https:\/\/www.top10casinowebsites.net\/fr\/wp-json\/wp\/v2\/pages"}],"about":[{"href":"https:\/\/www.top10casinowebsites.net\/fr\/wp-json\/wp\/v2\/types\/page"}],"author":[{"embeddable":true,"href":"https:\/\/www.top10casinowebsites.net\/fr\/wp-json\/wp\/v2\/users\/4"}],"replies":[{"embeddable":true,"href":"https:\/\/www.top10casinowebsites.net\/fr\/wp-json\/wp\/v2\/comments?post=24"}],"version-history":[{"count":2,"href":"https:\/\/www.top10casinowebsites.net\/fr\/wp-json\/wp\/v2\/pages\/24\/revisions"}],"predecessor-version":[{"id":152,"href":"https:\/\/www.top10casinowebsites.net\/fr\/wp-json\/wp\/v2\/pages\/24\/revisions\/152"}],"wp:attachment":[{"href":"https:\/\/www.top10casinowebsites.net\/fr\/wp-json\/wp\/v2\/media?parent=24"}],"curies":[{"name":"wp","href":"https:\/\/api.w.org\/{rel}","templated":true}]}}