{"id":30,"date":"2017-10-06T14:11:29","date_gmt":"2017-10-06T14:11:29","guid":{"rendered":"https:\/\/www.top10casinowebsites.net\/fr\/?page_id=30"},"modified":"2017-10-07T17:12:28","modified_gmt":"2017-10-07T17:12:28","slug":"mobiles","status":"publish","type":"page","link":"https:\/\/www.top10casinowebsites.net\/fr\/mobiles\/","title":{"rendered":"Meilleurs Casinos Mobiles pour iOS, Android, Blackberry, Windows"},"content":{"rendered":"<p><img loading=\"lazy\" decoding=\"async\" class=\"alignright size-medium wp-image-38\" src=\"https:\/\/www.top10casinowebsites.net\/fr\/wp-content\/uploads\/sites\/4\/2017\/10\/mobile-platforms-1-300x197.jpg\" alt=\"\" width=\"300\" height=\"197\" srcset=\"https:\/\/www.top10casinowebsites.net\/fr\/wp-content\/uploads\/sites\/4\/2017\/10\/mobile-platforms-1-300x197.jpg 300w, https:\/\/www.top10casinowebsites.net\/fr\/wp-content\/uploads\/sites\/4\/2017\/10\/mobile-platforms-1.jpg 380w\" sizes=\"auto, (max-width: 300px) 100vw, 300px\" \/>Il y a quelques d\u00e9cennies, si vous vouliez jouer \u00e0 des jeux de casino, il vous fallait visiter un casino r\u00e9el et jouer aux jeux de votre choix. Cependant, gr\u00e2ce aux <a href=\"https:\/\/www.top10casinowebsites.net\/fr\/casinos\">casinos d\u2019argent r\u00e9el en ligne<\/a>, les gens peuvent se connecter \u00e0 partir du confort de leurs propres maisons ou de tout autre endroit pour parier et jouer \u00e0 tous leurs jeux de casino favoris.<\/p>\n<p>Les casinos de bureau sont g\u00e9niaux, mais le fait est que vous n&#8217;avez pas toujours acc\u00e8s \u00e0 un ordinateur de bureau n\u2019importe quand. Avec l&#8217;arriv\u00e9e du smartphone, la vie humaine moderne a \u00e9t\u00e9 consid\u00e9rablement r\u00e9volutionn\u00e9e.<\/p>\n<p>A partir du moment o\u00f9 nous nous r\u00e9veillons jusqu&#8217;au moment o\u00f9 nous allons nous coucher, nos t\u00e9l\u00e9phones mobiles font partie de notre vie et maintenant il y a des casinos mobiles o\u00f9 vous pouvez jouer pour de l&#8217;argent r\u00e9el.<\/p>\n<h2 id=\"topcasinos\">LE TOP 10 DES SITES WEB DE CASINO<\/h2>\n<p><div class=\"grid-contents\" id=\"grid-contents\"><table class=\"cas_table\" ><tbody><tr class=\"rank-1\">\n                                <td class=\"ranking\">1<\/td>\n                                <td class=\"brandcol\">\n                                    <a href=https:\/\/www.top10casinowebsites.net\/fr\/review\/888-casino\/ class=\"brand brand-bg\"><img loading=\"lazy\" decoding=\"async\" class=\"group list-group-image\" src=\"https:\/\/static.top10casinowebsites.net\/images\/casino-rooms\/888-casino-logo.png\" width=\"200\" height=\"128\"\/><\/a>\n                                <\/td>\n                                <td class=\"bonus\" data-title=\"Bonus\">\n\t\t\t\t\t               <p class=\"bonus-text\"><strong>$888<\/strong>Welcome Bonus <br>(<a href=\"https:\/\/www.top10casinowebsites.net\/fr\/review\/888-casino\/\">T&Cs apply, 18+<\/a>)<\/p>\n\t\t\t\t                <\/td>\n\t\t\t\t\t            <td class=\"badge_game\" data-title=\"Rating\">\n                                    <div class=\"rating\"><strong>5<\/strong>\/5<\/div>\n                                    <div class=\"rating stars\" style=\"margin-top: 5px;\"><span class=\"icon icon-stars\"><span class=\"icon-stars green\" style=\"width: 100%;\"><\/span><\/span><\/div>\n\t\t\t\t\t            <\/td>\n                               \n                                <td class=\"play\">\n\t\t\t\t\t               <a class=\"button-gold\" rel=\"nofollow\" href=\"https:\/\/www.top10casinowebsites.net\/fr\/review\/888-casino\/\">Visit<\/a>\n\t                               <div class=\"\">\n\t\t\t\t\t                   <a class=\"review-snippet-link-play-now-col\" href=\"https:\/\/www.top10casinowebsites.net\/fr\/review\/888-casino\/\">Read Review<\/a>\n\t\t\t\t\t               <\/div>\n\t\t\t\t\t           <\/td>\n     \t\t\t\t        <\/tr><\/tbody><\/table><\/div><br \/>\nSi vous \u00eates un joueur de casino en ligne, ce n&#8217;est qu&#8217;une question de temps avant que vous envisagiez de prendre le choix mobile, si vous ne l&#8217;avez pas encore. Si vous n&#8217;avez aucune exp\u00e9rience avec les casinos mobiles et envisagez de vous inscrire \u00e0 un, nous vous recommandons d&#8217;abord de consulter notre guide complet de casino mobile pour les d\u00e9butants qui contient tout ce dont vous avez besoin pour commencer avec le jeu d&#8217;argent r\u00e9el mobile. Il vous donnera \u00e9galement une id\u00e9e de certains des meilleurs casinos mobiles l\u00e0-bas. Oui, Top 10 des Sites Web de Casino est votre guichet unique pour tout ce qui concerne les casinos mobiles.<\/p>\n<h2>LEGITIME, CERTIFI\u00c9, \u00c9PROUV\u00c9 ET TEST\u00c9<\/h2>\n<p><img loading=\"lazy\" decoding=\"async\" class=\"alignleft size-full wp-image-37\" src=\"https:\/\/www.top10casinowebsites.net\/fr\/wp-content\/uploads\/sites\/4\/2017\/10\/licensed-casinos.png\" alt=\"\" width=\"128\" height=\"128\" \/>Vous pouvez \u00eatre assur\u00e9 que lorsque vous abordez des casinos mobiles, nous vous recommanderons les casinos mobiles les plus s\u00e9curis\u00e9s, avanc\u00e9s et l\u00e9gitimes au monde.<\/p>\n<p>Nous avons une \u00e9quipe hautement qualifi\u00e9e et exp\u00e9riment\u00e9e qui met tous les casinos \u00e9num\u00e9r\u00e9s \u00e0 travers des tests rigoureux et s&#8217;assure qu&#8217;ils sont compl\u00e8tement s\u00e9curis\u00e9s du point de vue de l&#8217;utilisateur.<\/p>\n<p>Tous les casinos \u00e9num\u00e9r\u00e9s sont approuv\u00e9s par les autorit\u00e9s comp\u00e9tentes en mati\u00e8re d&#8217;octroi de licences de jeu et d&#8217;audit.<\/p>\n<p>Tous les casinos r\u00e9pertori\u00e9s ici vous offriront les \u00e9l\u00e9ments suivants chaque fois que vous jouez &#8211;<\/p>\n<ul>\n<li>Jeux \u00e9quitables v\u00e9rifi\u00e9s qui utilisent la technologie RNG pour prouver l&#8217;\u00e9quit\u00e9<\/li>\n<li>Une collection \u00e9clectique de jeux allant des jeux de tableaux aux machines \u00e0 sous vid\u00e9o<\/li>\n<li>Une bonne gamme de mise &#8211; mise \u00e9lev\u00e9e \u00e0 une mise faible avec diff\u00e9rents achats<\/li>\n<li>Excellentes promotions bonus et programmes de fid\u00e9lisation qui vous laisseront absolument satisfaits<\/li>\n<li>Toutes sortes de jeux de casino sont disponibles<\/li>\n<\/ul>\n<h2>COMPATIBILIT\u00c9: PLATES-FORMES MOBILES ET CASINOS MOBILE<\/h2>\n<p><img loading=\"lazy\" decoding=\"async\" class=\"alignleft size-full wp-image-36\" src=\"https:\/\/www.top10casinowebsites.net\/fr\/wp-content\/uploads\/sites\/4\/2017\/10\/help-and-tips.png\" alt=\"\" width=\"128\" height=\"128\" \/>Tout comme avec les ordinateurs de bureau, les t\u00e9l\u00e9phones portables ont \u00e9galement des syst\u00e8mes d&#8217;exploitation (apr\u00e8s tout ils sont des ordinateurs portables et puissants) et avec des syst\u00e8mes d&#8217;exploitation diff\u00e9rents\u00a0 viennent des probl\u00e8mes de compatibilit\u00e9. Par exemple, un casino mobile qui a \u00e9t\u00e9 cod\u00e9 et d\u00e9velopp\u00e9 pour Android peut ne pas prendre en charge iOS et vice versa.<\/p>\n<p>Lisez ci-dessous pour un bref aper\u00e7u des diff\u00e9rentes plateformes qui existent et de ce que chacun d&#8217;entre eux veut dire en termes de jeux de casino mobile.<\/p>\n<div class=\"bordered-layer\"><img loading=\"lazy\" decoding=\"async\" class=\"alignright size-full wp-image-35\" src=\"https:\/\/www.top10casinowebsites.net\/fr\/wp-content\/uploads\/sites\/4\/2017\/10\/android.png\" alt=\"\" width=\"256\" height=\"256\" srcset=\"https:\/\/www.top10casinowebsites.net\/fr\/wp-content\/uploads\/sites\/4\/2017\/10\/android.png 256w, https:\/\/www.top10casinowebsites.net\/fr\/wp-content\/uploads\/sites\/4\/2017\/10\/android-150x150.png 150w\" sizes=\"auto, (max-width: 256px) 100vw, 256px\" \/><a href=\"https:\/\/www.top10casinowebsites.net\/fr\/mobile\/android\">Android<\/a> &#8211; Les t\u00e9l\u00e9phones Android sont actuellement les plus populaires au sens global. Ils ont traditionnellement \u00e9t\u00e9 plus abordables que les appareils Apple, mais offrent aussi des fonctionnalit\u00e9s haut de gamme, du mat\u00e9riel et des sp\u00e9cifications. Dans cet esprit, nous pouvons dire que vous n&#8217;aurez absolument aucun probl\u00e8me \u00e0 trouver de tr\u00e8s bons casinos mobiles Android car il y en a beaucoup sur le march\u00e9. C&#8217;est vraiment une question de choix personnel. Nous avons beaucoup de casinos Android r\u00e9pertori\u00e9s sur notre site Web et vous pouvez toujours les consulter si vous ne savez pas \u00e0 quel casino jouer. Les avantages de jouer sur les casinos que nous avons test\u00e9s et certifi\u00e9s ont d\u00e9j\u00e0 \u00e9t\u00e9 discut\u00e9s, et vous obtiendrez la cr\u00e8me de la cr\u00e8me avec ces casinos.<\/div>\n<div class=\"bordered-layer\"><img loading=\"lazy\" decoding=\"async\" class=\"alignright size-full wp-image-34\" src=\"https:\/\/www.top10casinowebsites.net\/fr\/wp-content\/uploads\/sites\/4\/2017\/10\/250-ios.png\" alt=\"\" width=\"250\" height=\"150\" \/><a href=\"https:\/\/www.top10casinowebsites.net\/fr\/mobile\/iphone\">IPhone<\/a>\/<a href=\"https:\/\/www.top10casinowebsites.net\/fr\/mobile\/ipad\">iPad<\/a> &#8211; iOS est tr\u00e8s populaire aussi et a une base d&#8217;utilisateurs consid\u00e9rable. Il y a des millions d&#8217;utilisateurs iOS qui jouent \u00e0 des jeux en ligne en argent r\u00e9el. O\u00f9 il y a de la demande, il y a de l&#8217;approvisionnement et il n&#8217;y a pas de manque de grands casinos mobiles compatibles iOS. Les iPads sont \u00e9galement des p\u00e9riph\u00e9riques portables fonctionnant sur la plate-forme iOS et offrent une exp\u00e9rience plus large. Il existe \u00e9galement des casinos con\u00e7us sp\u00e9cifiquement pour l&#8217;iPad pour votre plaisir.<\/div>\n<div class=\"bordered-layer\"><img loading=\"lazy\" decoding=\"async\" class=\"alignright size-medium wp-image-33\" src=\"https:\/\/www.top10casinowebsites.net\/fr\/wp-content\/uploads\/sites\/4\/2017\/10\/Blackberry-logo-300x300.jpg\" alt=\"\" width=\"300\" height=\"300\" srcset=\"https:\/\/www.top10casinowebsites.net\/fr\/wp-content\/uploads\/sites\/4\/2017\/10\/Blackberry-logo-300x300.jpg 300w, https:\/\/www.top10casinowebsites.net\/fr\/wp-content\/uploads\/sites\/4\/2017\/10\/Blackberry-logo-150x150.jpg 150w, https:\/\/www.top10casinowebsites.net\/fr\/wp-content\/uploads\/sites\/4\/2017\/10\/Blackberry-logo.jpg 512w\" sizes=\"auto, (max-width: 300px) 100vw, 300px\" \/><a href=\"https:\/\/global.blackberry.com\/en\/index\">Blackberry<\/a> &#8211; Blackberry \u00e9tait autrefois le t\u00e9l\u00e9phone commercial le plus populaire, et est toujours favoris\u00e9 par beaucoup dans le monde entier. Il concourt encore beaucoup dans l&#8217;industrie mobile, et les d\u00e9veloppeurs de jeux qui connaissent leurs potentiels n&#8217;ont pas n\u00e9glig\u00e9 les appareils Blackberry et ont d\u00e9velopp\u00e9 des casinos mobiles de pointe exclusivement pour les appareils Blackberry.<\/div>\n<div class=\"bordered-layer\"><img loading=\"lazy\" decoding=\"async\" class=\"alignright size-full wp-image-32\" src=\"https:\/\/www.top10casinowebsites.net\/fr\/wp-content\/uploads\/sites\/4\/2017\/10\/windows-phone-logo.gif\" alt=\"\" width=\"400\" height=\"266\" \/><a href=\"https:\/\/www.top10casinowebsites.net\/fr\/mobile\/windows\">Windows<\/a> &#8211; Windows est le syst\u00e8me d&#8217;exploitation le plus populaire sur les ordinateurs de bureau et donc beaucoup de personnes ont migr\u00e9 vers les t\u00e9l\u00e9phones Windows en raison de leur familiarit\u00e9 et de leur facilit\u00e9 d&#8217;utilisation. Microsoft a \u00e9galement fait \u00e9quipe avec Nokia et a cr\u00e9\u00e9 des t\u00e9l\u00e9phones Windows sensationnels. Il existe de nombreux casinos mobiles Widows de pointe pour tous ceux qui le recherchent.<\/div>\n<h2>APPLICATION VS. NATIVE<\/h2>\n<p><img loading=\"lazy\" decoding=\"async\" class=\"alignleft size-full wp-image-36\" src=\"https:\/\/www.top10casinowebsites.net\/fr\/wp-content\/uploads\/sites\/4\/2017\/10\/help-and-tips.png\" alt=\"\" width=\"128\" height=\"128\" \/>Les casinos mobiles peuvent \u00eatre class\u00e9s dans les applications et les casinos de jeux instantan\u00e9s.<br \/>\nLes applications sont les casinos que vous t\u00e9l\u00e9chargerez sur votre t\u00e9l\u00e9phone et lancerez \u00e0 chaque fois pour jouer.<\/p>\n<p>D&#8217;autre part, les casinos de jeux instantan\u00e9s peuvent \u00eatre accessibles sur le site mobile via le navigateur Web et vous pouvez jouer tout de suite gr\u00e2ce \u00e0 des technologies telles que <a href=\"https:\/\/www.w3schools.com\/html\/html5_intro.asp\"><strong>HTML5<\/strong><\/a> et <strong>Flash<\/strong>.<\/p>\n<h2>FAQs de CASINO MOBILE<\/h2>\n<div class='dt-sc-toggle-frame-set'><div class=\"dt-sc-toggle-frame\">\t<h5 class='dt-sc-toggle-accordion '><a href='#'>Puis-je jouer de n'importe o\u00f9?<\/a><\/h5>\t<div class=\"dt-sc-toggle-content\" style=\"display: none;\">\t\t<div class=\"block\">Oui, le point d&#8217;un casino mobile est que vous pouvez y acc\u00e9der et y jouer de n&#8217;importe o\u00f9 et en d\u00e9placement. Non seulement pouvez vous jouer \u00e0 partir de n&#8217;importe o\u00f9, mais vous pouvez \u00e9galement cr\u00e9er des d\u00e9p\u00f4ts et r\u00e9clamer des retraits directement \u00e0 partir de votre appareil mobile.\t\t<\/div>\t<\/div><\/div><div class=\"dt-sc-toggle-frame\">\t<h5 class='dt-sc-toggle-accordion '><a href='#'>Dois-je jouer pour de l'argent r\u00e9el?<\/a><\/h5>\t<div class=\"dt-sc-toggle-content\" style=\"display: none;\">\t\t<div class=\"block\">Il n&#8217;est pas obligatoire que vous jouiez uniquement en argent r\u00e9el. Il y a plein de jeux pour les applications amusantes de casino mobile et les casinos de jeux instantan\u00e9s que vous pouvez jouer simplement pour le plaisir. Certaines personnes utilisent m\u00eame cela comme pratique avant de passer aux casinos en argent r\u00e9el afin qu&#8217;ils savent comment les jeux fonctionnent.\t\t<\/div>\t<\/div><\/div><\/div>\n","protected":false},"excerpt":{"rendered":"<p>Il y a quelques d\u00e9cennies, si vous vouliez jouer \u00e0 des jeux de casino, il vous fallait visiter un casino r\u00e9el et jouer aux jeux de votre choix. Cependant, gr\u00e2ce aux casinos d\u2019argent r\u00e9el en ligne, les gens peuvent se connecter \u00e0 partir du confort de leurs propres maisons ou de tout autre endroit pour [&hellip;]<\/p>\n","protected":false},"author":4,"featured_media":0,"parent":0,"menu_order":0,"comment_status":"closed","ping_status":"closed","template":"","meta":{"_acf_changed":false,"footnotes":""},"class_list":["post-30","page","type-page","status-publish","hentry"],"acf":[],"yoast_head":"<!-- This site is optimized with the Yoast SEO plugin v27.4 - https:\/\/yoast.com\/product\/yoast-seo-wordpress\/ -->\n<title>Meilleurs Casinos Mobiles pour iOS, Android, Blackberry, Windows<\/title>\n<meta name=\"description\" content=\"Retrouvez une liste compl\u00e8te de casinos mobiles pour les jeux gratuits et en argent r\u00e9el. Jouez \u00e0 des machines \u00e0 sous mobiles, \u00e0 la roulette, au blackjack et plus encore sur votre smartphone ou votre tablette.\" \/>\n<meta name=\"robots\" content=\"index, follow, max-snippet:-1, max-image-preview:large, max-video-preview:-1\" \/>\n<link rel=\"canonical\" href=\"https:\/\/www.top10casinowebsites.net\/fr\/mobiles\/\" \/>\n<meta property=\"og:locale\" content=\"en_US\" \/>\n<meta property=\"og:type\" content=\"article\" \/>\n<meta property=\"og:title\" content=\"Meilleurs Casinos Mobiles pour iOS, Android, Blackberry, Windows\" \/>\n<meta property=\"og:description\" content=\"Retrouvez une liste compl\u00e8te de casinos mobiles pour les jeux gratuits et en argent r\u00e9el. Jouez \u00e0 des machines \u00e0 sous mobiles, \u00e0 la roulette, au blackjack et plus encore sur votre smartphone ou votre tablette.\" \/>\n<meta property=\"og:url\" content=\"https:\/\/www.top10casinowebsites.net\/fr\/mobiles\/\" \/>\n<meta property=\"og:site_name\" content=\"FR\" \/>\n<meta property=\"article:modified_time\" content=\"2017-10-07T17:12:28+00:00\" \/>\n<meta property=\"og:image\" content=\"https:\/\/www.top10casinowebsites.net\/fr\/wp-content\/uploads\/sites\/4\/2017\/10\/mobile-platforms-1.jpg\" \/>\n\t<meta property=\"og:image:width\" content=\"380\" \/>\n\t<meta property=\"og:image:height\" content=\"250\" \/>\n\t<meta property=\"og:image:type\" content=\"image\/jpeg\" \/>\n<meta name=\"twitter:card\" content=\"summary_large_image\" \/>\n<meta name=\"twitter:label1\" content=\"Est. reading time\" \/>\n\t<meta name=\"twitter:data1\" content=\"6 minutes\" \/>\n<script type=\"application\/ld+json\" class=\"yoast-schema-graph\">{\"@context\":\"https:\\\/\\\/schema.org\",\"@graph\":[{\"@type\":\"WebPage\",\"@id\":\"https:\\\/\\\/www.top10casinowebsites.net\\\/fr\\\/mobiles\\\/\",\"url\":\"https:\\\/\\\/www.top10casinowebsites.net\\\/fr\\\/mobiles\\\/\",\"name\":\"Meilleurs Casinos Mobiles pour iOS, Android, Blackberry, Windows\",\"isPartOf\":{\"@id\":\"https:\\\/\\\/www.top10casinowebsites.net\\\/fr\\\/#website\"},\"primaryImageOfPage\":{\"@id\":\"https:\\\/\\\/www.top10casinowebsites.net\\\/fr\\\/mobiles\\\/#primaryimage\"},\"image\":{\"@id\":\"https:\\\/\\\/www.top10casinowebsites.net\\\/fr\\\/mobiles\\\/#primaryimage\"},\"thumbnailUrl\":\"https:\\\/\\\/www.top10casinowebsites.net\\\/fr\\\/wp-content\\\/uploads\\\/sites\\\/4\\\/2017\\\/10\\\/mobile-platforms-1-300x197.jpg\",\"datePublished\":\"2017-10-06T14:11:29+00:00\",\"dateModified\":\"2017-10-07T17:12:28+00:00\",\"description\":\"Retrouvez une liste compl\u00e8te de casinos mobiles pour les jeux gratuits et en argent r\u00e9el. Jouez \u00e0 des machines \u00e0 sous mobiles, \u00e0 la roulette, au blackjack et plus encore sur votre smartphone ou votre tablette.\",\"breadcrumb\":{\"@id\":\"https:\\\/\\\/www.top10casinowebsites.net\\\/fr\\\/mobiles\\\/#breadcrumb\"},\"inLanguage\":\"en-US\",\"potentialAction\":[{\"@type\":\"ReadAction\",\"target\":[\"https:\\\/\\\/www.top10casinowebsites.net\\\/fr\\\/mobiles\\\/\"]}]},{\"@type\":\"ImageObject\",\"inLanguage\":\"en-US\",\"@id\":\"https:\\\/\\\/www.top10casinowebsites.net\\\/fr\\\/mobiles\\\/#primaryimage\",\"url\":\"https:\\\/\\\/www.top10casinowebsites.net\\\/fr\\\/wp-content\\\/uploads\\\/sites\\\/4\\\/2017\\\/10\\\/mobile-platforms-1.jpg\",\"contentUrl\":\"https:\\\/\\\/www.top10casinowebsites.net\\\/fr\\\/wp-content\\\/uploads\\\/sites\\\/4\\\/2017\\\/10\\\/mobile-platforms-1.jpg\",\"width\":380,\"height\":250},{\"@type\":\"BreadcrumbList\",\"@id\":\"https:\\\/\\\/www.top10casinowebsites.net\\\/fr\\\/mobiles\\\/#breadcrumb\",\"itemListElement\":[{\"@type\":\"ListItem\",\"position\":1,\"name\":\"Home\",\"item\":\"https:\\\/\\\/www.top10casinowebsites.net\\\/fr\\\/\"},{\"@type\":\"ListItem\",\"position\":2,\"name\":\"Meilleurs Casinos Mobiles pour iOS, Android, Blackberry, Windows\"}]},{\"@type\":\"WebSite\",\"@id\":\"https:\\\/\\\/www.top10casinowebsites.net\\\/fr\\\/#website\",\"url\":\"https:\\\/\\\/www.top10casinowebsites.net\\\/fr\\\/\",\"name\":\"FR\",\"description\":\"Just another Sites site\",\"potentialAction\":[{\"@type\":\"SearchAction\",\"target\":{\"@type\":\"EntryPoint\",\"urlTemplate\":\"https:\\\/\\\/www.top10casinowebsites.net\\\/fr\\\/?s={search_term_string}\"},\"query-input\":{\"@type\":\"PropertyValueSpecification\",\"valueRequired\":true,\"valueName\":\"search_term_string\"}}],\"inLanguage\":\"en-US\"}]}<\/script>\n<!-- \/ Yoast SEO plugin. -->","yoast_head_json":{"title":"Meilleurs Casinos Mobiles pour iOS, Android, Blackberry, Windows","description":"Retrouvez une liste compl\u00e8te de casinos mobiles pour les jeux gratuits et en argent r\u00e9el. Jouez \u00e0 des machines \u00e0 sous mobiles, \u00e0 la roulette, au blackjack et plus encore sur votre smartphone ou votre tablette.","robots":{"index":"index","follow":"follow","max-snippet":"max-snippet:-1","max-image-preview":"max-image-preview:large","max-video-preview":"max-video-preview:-1"},"canonical":"https:\/\/www.top10casinowebsites.net\/fr\/mobiles\/","og_locale":"en_US","og_type":"article","og_title":"Meilleurs Casinos Mobiles pour iOS, Android, Blackberry, Windows","og_description":"Retrouvez une liste compl\u00e8te de casinos mobiles pour les jeux gratuits et en argent r\u00e9el. Jouez \u00e0 des machines \u00e0 sous mobiles, \u00e0 la roulette, au blackjack et plus encore sur votre smartphone ou votre tablette.","og_url":"https:\/\/www.top10casinowebsites.net\/fr\/mobiles\/","og_site_name":"FR","article_modified_time":"2017-10-07T17:12:28+00:00","og_image":[{"width":380,"height":250,"url":"https:\/\/www.top10casinowebsites.net\/fr\/wp-content\/uploads\/sites\/4\/2017\/10\/mobile-platforms-1.jpg","type":"image\/jpeg"}],"twitter_card":"summary_large_image","twitter_misc":{"Est. reading time":"6 minutes"},"schema":{"@context":"https:\/\/schema.org","@graph":[{"@type":"WebPage","@id":"https:\/\/www.top10casinowebsites.net\/fr\/mobiles\/","url":"https:\/\/www.top10casinowebsites.net\/fr\/mobiles\/","name":"Meilleurs Casinos Mobiles pour iOS, Android, Blackberry, Windows","isPartOf":{"@id":"https:\/\/www.top10casinowebsites.net\/fr\/#website"},"primaryImageOfPage":{"@id":"https:\/\/www.top10casinowebsites.net\/fr\/mobiles\/#primaryimage"},"image":{"@id":"https:\/\/www.top10casinowebsites.net\/fr\/mobiles\/#primaryimage"},"thumbnailUrl":"https:\/\/www.top10casinowebsites.net\/fr\/wp-content\/uploads\/sites\/4\/2017\/10\/mobile-platforms-1-300x197.jpg","datePublished":"2017-10-06T14:11:29+00:00","dateModified":"2017-10-07T17:12:28+00:00","description":"Retrouvez une liste compl\u00e8te de casinos mobiles pour les jeux gratuits et en argent r\u00e9el. Jouez \u00e0 des machines \u00e0 sous mobiles, \u00e0 la roulette, au blackjack et plus encore sur votre smartphone ou votre tablette.","breadcrumb":{"@id":"https:\/\/www.top10casinowebsites.net\/fr\/mobiles\/#breadcrumb"},"inLanguage":"en-US","potentialAction":[{"@type":"ReadAction","target":["https:\/\/www.top10casinowebsites.net\/fr\/mobiles\/"]}]},{"@type":"ImageObject","inLanguage":"en-US","@id":"https:\/\/www.top10casinowebsites.net\/fr\/mobiles\/#primaryimage","url":"https:\/\/www.top10casinowebsites.net\/fr\/wp-content\/uploads\/sites\/4\/2017\/10\/mobile-platforms-1.jpg","contentUrl":"https:\/\/www.top10casinowebsites.net\/fr\/wp-content\/uploads\/sites\/4\/2017\/10\/mobile-platforms-1.jpg","width":380,"height":250},{"@type":"BreadcrumbList","@id":"https:\/\/www.top10casinowebsites.net\/fr\/mobiles\/#breadcrumb","itemListElement":[{"@type":"ListItem","position":1,"name":"Home","item":"https:\/\/www.top10casinowebsites.net\/fr\/"},{"@type":"ListItem","position":2,"name":"Meilleurs Casinos Mobiles pour iOS, Android, Blackberry, Windows"}]},{"@type":"WebSite","@id":"https:\/\/www.top10casinowebsites.net\/fr\/#website","url":"https:\/\/www.top10casinowebsites.net\/fr\/","name":"FR","description":"Just another Sites site","potentialAction":[{"@type":"SearchAction","target":{"@type":"EntryPoint","urlTemplate":"https:\/\/www.top10casinowebsites.net\/fr\/?s={search_term_string}"},"query-input":{"@type":"PropertyValueSpecification","valueRequired":true,"valueName":"search_term_string"}}],"inLanguage":"en-US"}]}},"_links":{"self":[{"href":"https:\/\/www.top10casinowebsites.net\/fr\/wp-json\/wp\/v2\/pages\/30","targetHints":{"allow":["GET"]}}],"collection":[{"href":"https:\/\/www.top10casinowebsites.net\/fr\/wp-json\/wp\/v2\/pages"}],"about":[{"href":"https:\/\/www.top10casinowebsites.net\/fr\/wp-json\/wp\/v2\/types\/page"}],"author":[{"embeddable":true,"href":"https:\/\/www.top10casinowebsites.net\/fr\/wp-json\/wp\/v2\/users\/4"}],"replies":[{"embeddable":true,"href":"https:\/\/www.top10casinowebsites.net\/fr\/wp-json\/wp\/v2\/comments?post=30"}],"version-history":[{"count":1,"href":"https:\/\/www.top10casinowebsites.net\/fr\/wp-json\/wp\/v2\/pages\/30\/revisions"}],"predecessor-version":[{"id":31,"href":"https:\/\/www.top10casinowebsites.net\/fr\/wp-json\/wp\/v2\/pages\/30\/revisions\/31"}],"wp:attachment":[{"href":"https:\/\/www.top10casinowebsites.net\/fr\/wp-json\/wp\/v2\/media?parent=30"}],"curies":[{"name":"wp","href":"https:\/\/api.w.org\/{rel}","templated":true}]}}