{"id":4,"date":"2017-10-06T11:37:50","date_gmt":"2017-10-06T11:37:50","guid":{"rendered":"https:\/\/www.top10casinowebsites.net\/fr\/?page_id=4"},"modified":"2021-02-18T17:09:34","modified_gmt":"2021-02-18T17:09:34","slug":"le-top-10-des-sites-web-de-casino","status":"publish","type":"page","link":"https:\/\/www.top10casinowebsites.net\/fr\/","title":{"rendered":"LE TOP 10 DES SITES WEB DE CASINO"},"content":{"rendered":"<p>\u00cates-vous \u00e0 la recherche des meilleurs casinos o\u00f9 vous pouvez jouer en toute s\u00e9curit\u00e9 et profiter de centaines de jeux de casino en m\u00eame temps?<\/p>\n<p>Honn\u00eatement, vous pouvez facilement vous perdre en tenant en compte le nombre de casinos dans le monde virtuel. Cela pourrait vous laisser plus confus que jamais. Et c&#8217;est pourquoi le Top 10 des Sites Web \u00e9tait cr\u00e9\u00e9.<\/p>\n<p>Le Top 10 des Sites Web de Casino vous accueille dans un monde nouveau de jeux de pari dans le monde virtuel. Que vous soyez un d\u00e9butant ou un expert, il y a beaucoup de choses que nous pouvons offrir.<\/p>\n<h2 id=\"topcasinos\"><strong>POURQUOI CHOISIR LE TOP 10 DES SITES WEB DE CASINO<\/strong><\/h2>\n<p><div class=\"grid-contents\" id=\"grid-contents\"><table class=\"cas_table\" ><tbody><tr class=\"rank-1\">\n                                <td class=\"ranking\">1<\/td>\n                                <td class=\"brandcol\">\n                                    <a href=https:\/\/www.top10casinowebsites.net\/fr\/review\/888-casino\/ class=\"brand brand-bg\"><img loading=\"lazy\" decoding=\"async\" class=\"group list-group-image\" src=\"https:\/\/static.top10casinowebsites.net\/images\/casino-rooms\/888-casino-logo.png\" width=\"200\" height=\"128\"\/><\/a>\n                                <\/td>\n                                <td class=\"bonus\" data-title=\"Bonus\">\n\t\t\t\t\t               <p class=\"bonus-text\"><strong>$888<\/strong>Welcome Bonus <br>(<a href=\"https:\/\/www.top10casinowebsites.net\/fr\/review\/888-casino\/\">T&Cs apply, 18+<\/a>)<\/p>\n\t\t\t\t                <\/td>\n\t\t\t\t\t            <td class=\"badge_game\" data-title=\"Rating\">\n                                    <div class=\"rating\"><strong>5<\/strong>\/5<\/div>\n                                    <div class=\"rating stars\" style=\"margin-top: 5px;\"><span class=\"icon icon-stars\"><span class=\"icon-stars green\" style=\"width: 100%;\"><\/span><\/span><\/div>\n\t\t\t\t\t            <\/td>\n                               \n                                <td class=\"play\">\n\t\t\t\t\t               <a class=\"button-gold\" rel=\"nofollow\" href=\"https:\/\/www.top10casinowebsites.net\/fr\/review\/888-casino\/\">Visit<\/a>\n\t                               <div class=\"\">\n\t\t\t\t\t                   <a class=\"review-snippet-link-play-now-col\" href=\"https:\/\/www.top10casinowebsites.net\/fr\/review\/888-casino\/\">Read Review<\/a>\n\t\t\t\t\t               <\/div>\n\t\t\t\t\t           <\/td>\n     \t\t\t\t        <\/tr><\/tbody><\/table><\/div><br \/>\nNous ne sommes pas une \u00e9quipe de joueurs trop enthousiastes visant juste \u00e0 crier \u00e0 haute voix sans aucune substance. Tout ce que nous publions n\u2019est publi\u00e9 qu\u2019apr\u00e8s une vaste recherche men\u00e9e par une \u00e9quipe avec des d\u00e9cennies d&#8217;exp\u00e9rience combin\u00e9e dans le domaine du casino. Oui, ce sont tous des joueurs de casino qui savent comment rep\u00e9rer le meilleur du reste.<\/p>\n<p>En toute humilit\u00e9, voici quelques raisons pour lesquelles vous devriez rester avec nous sur Top 10 des Sites Web de Casino.<\/p>\n<p>Nous choisissons les meilleurs casinos en ligne en se basant sur des dizaines de param\u00e8tres incluant les logiciels, les vari\u00e9t\u00e9s de jeux, les bonus, les jackpots, les d\u00e9p\u00f4ts rapides et les paiements, les limites de paris et bien plus encore.<\/p>\n<p>C&#8217;est l\u00e0 o\u00f9 les d\u00e9butants peuvent devenir des joueurs bien inform\u00e9s et apprendre plus que juste les bases.<\/p>\n<p>Obtenez des critiques honn\u00eates et impartiales sur les casinos de premi\u00e8re classe au Royaume-Uni, aux \u00c9tats-Unis et en Australie.<\/p>\n<p>Nous avons toutes les nouvelles sur les jackpots progressifs les plus chauds et o\u00f9 les localiser afin que vous puissiez faire tourner les bobines et gagner vraiment de la Mega Moolah<\/p>\n<p>Plus important encore, nous pouvons vous montrer comment profiter pleinement du jeu en ligne et en avoir pour votre argent<\/p>\n<p>Nous donnons des conseils g\u00e9niaux sur le jeu de casino en ligne<\/p>\n<p>Restez inform\u00e9 des mises \u00e0 jour importantes et des nouvelles r\u00e9guli\u00e8res<\/p>\n<div class=\"info-box star\">\n<h3><strong>COMMENT NOUS EXAMINONS LES CASINOS EN LIGNE<\/strong><\/h3>\n<div class=\"info-box-content\">\n<p>Les casinos en ligne ne sont admis dans notre liste qu\u2019apr\u00e8s que nos examinateurs experts les ont \u00e9valu\u00e9s sur diff\u00e9rents param\u00e8tres. C&#8217;est ainsi que nous veillons \u00e0 ce que nos visiteurs puissent jouer aux meilleurs casinos et pas seulement parce que nous les aimons pour leurs apparences.Certains \u00e9l\u00e9ments de notre liste de contr\u00f4le incluent:<\/p>\n<ul>\n<li><strong>Vari\u00e9t\u00e9 de jeu offerte<\/strong>&#8211; La qualit\u00e9 et la vari\u00e9t\u00e9 des jeux sont la marque d&#8217;un bon casino<\/li>\n<li><strong>Bonus de bienvenue<\/strong> &#8211; Nous recherchons des bonus lucratifs qui viennent avec des termes de pari \u00e9quitables<\/li>\n<li><strong>Taille et termes de bonus<\/strong> &#8211; Les primes doivent \u00eatre relativement faciles \u00e0 gagner pour qu\u2019elles soient attirantes<\/li>\n<li><strong>Support client et satisfaction<\/strong> &#8211; Aucun casino n\u2019est admis sur notre liste sans un service de support client professionnel 24 heures sur 24, 7 jours sur 7<\/li>\n<li><strong>Jackpots<\/strong> &#8211; Notre site est l\u00e0 o\u00f9 vous trouverez les meilleurs jackpots, y compris les progressifs bouleversants<\/li>\n<li><strong>Particularit\u00e9s et promotions<\/strong> &#8211; En tant que client, vous avez droit \u00e0 des offres exclusives<\/li>\n<li><strong>M\u00e9thodes bancaires<\/strong> &#8211; Les casinos que nous recommandons soutiennent un certain nombre de m\u00e9thodes de d\u00e9p\u00f4t et de retrait pour tous les types de joueurs<\/li>\n<li><strong>S\u00e9curit\u00e9<\/strong> &#8211; Tous nos casinos class\u00e9s sont autoris\u00e9s et r\u00e9glement\u00e9s par des autorit\u00e9s de jeu r\u00e9put\u00e9es et r\u00e9guli\u00e8rement test\u00e9s et certifi\u00e9s pour un jeu \u00e9quitable.<\/li>\n<\/ul>\n<\/div>\n<\/div>\n<h2><strong>TROUVEZ LES MEILLEURS JEUX DE CASINO EN LIGNE &#8211; TEMPS D&#8217;\u00c9LEVER LA BARRE<\/strong><\/h2>\n<p>L&#8217;une de nos priorit\u00e9s principales est d&#8217;aider nos visiteurs \u00e0 trouver les meilleurs jeux de casino en ligne. Nous visons \u00e0 \u00e9duquer nos visiteurs sur divers jeux et leurs r\u00e8gles, comment les jouer, et quelques conseils et astuces pour am\u00e9liorer votre jeu consid\u00e9rablement. Top 10 des Sites Web de Casino est le guide o\u00f9 vous trouverez les meilleurs:<\/p>\n<ul>\n<li>Machines \u00e0 sous classiques et vid\u00e9o en ligne<\/li>\n<li>Blackjack en ligne<\/li>\n<li>Roulette en ligne<\/li>\n<li>Jeux de jackpot progressifs, et ENCORE PLUS<\/li>\n<\/ul>\n<div class=\"info-box star\">\n<h3><strong>GRANDS BONUS POUR ACCROITRE VOTRE CAPITAL<\/strong><\/h3>\n<div class=\"info-box-content\">\n<p>Avec une s\u00e9lection de jeux fantastique, les casinos en ligne que nous proposons offrent des bonus assez lucratifs disponibles sous diverses formes. Vous trouverez:<\/p>\n<ul>\n<li>Des Bonus de Bienvenue pour les nouveaux joueurs qui s&#8217;inscrivent et font leur premier d\u00e9p\u00f4t en argent r\u00e9el<\/li>\n<li>Des Bonus de Recharge sur d&#8217;autres d\u00e9p\u00f4ts<\/li>\n<li>Des Bonus de Remboursement, qui sont habituellement un pourcentage sur les pertes pendant une p\u00e9riode sp\u00e9cifique<\/li>\n<li>Des Bonus de Fid\u00e9lit\u00e9 et des Points de R\u00e9mun\u00e9ration pour les joueurs r\u00e9guliers<\/li>\n<li>Des Promotions r\u00e9guli\u00e8res et des Offres Sp\u00e9ciales<\/li>\n<\/ul>\n<p>Donc, si vous souhaitez \u00e9tirer vos dollars \u00e0 la limite et doubler ou tripler votre capital, consultez r\u00e9guli\u00e8rement notre site pour les plus grandes offres bonus. Tous les bonus sont livr\u00e9s avec des conditions de pari raisonnablement \u00e9quitables, sinon nous ne les publions pas sur notre liste.<\/p>\n<\/div>\n<\/div>\n<h2>VIVEZ L&#8217;EXP\u00c9RIENCE ULTIME DE JEUX AUX CASINOS A CROUPIER EN DIRECT<\/h2>\n<p>Les casinos \u00e0 croupier en direct sont l&#8217;endroit o\u00f9 vous obtenez une exp\u00e9rience aussi proche que possible d&#8217;un casino r\u00e9el. Tout cela est possible gr\u00e2ce \u00e0 la diffusion vid\u00e9o en direct afin que vous n\u2019ayez pas besoin de quitter votre domicile. D\u00e9couvrez notre gamme exclusive de casinos de vente en direct qui proposent des Blackjack, Roulettes, Baccarats et Casinos Hold&#8217;em en direct avec des croupiers professionnels pr\u00e9sents.<\/p>\n<p>Nous appr\u00e9cions votre soutien et nous serons heureux de vous entendre. Notre \u00e9quipe reste d\u00e9termin\u00e9e \u00e0 aider tous nos visiteurs \u00e0 devenir des joueurs intelligents. Apr\u00e8s tout, rien ne peut \u00eatre plus gratifiant que de voir nos visiteurs avoir une chance au grand pot et gagner des jeux progressifs payants. Nous vous souhaitons un temps s\u00fbr et gratifiant en jouant vos jeux de casino en ligne pr\u00e9f\u00e9r\u00e9s.<\/p>\n<p>Consultez r\u00e9guli\u00e8rement le Top 10 des Sites Web de Casino pour les derni\u00e8res nouvelles de casino, des jackpots juteux et des nouveaux jeux de casino.<\/p>\n","protected":false},"excerpt":{"rendered":"<p>\u00cates-vous \u00e0 la recherche des meilleurs casinos o\u00f9 vous pouvez jouer en toute s\u00e9curit\u00e9 et profiter de centaines de jeux de casino en m\u00eame temps? Honn\u00eatement, vous pouvez facilement vous perdre en tenant en compte le nombre de casinos dans le monde virtuel. Cela pourrait vous laisser plus confus que jamais. Et c&#8217;est pourquoi le [&hellip;]<\/p>\n","protected":false},"author":1,"featured_media":0,"parent":0,"menu_order":0,"comment_status":"closed","ping_status":"closed","template":"","meta":{"_acf_changed":false,"footnotes":""},"class_list":["post-4","page","type-page","status-publish","hentry"],"acf":[],"yoast_head":"<!-- This site is optimized with the Yoast SEO plugin v27.4 - https:\/\/yoast.com\/product\/yoast-seo-wordpress\/ -->\n<title>Top 10 des Sites Web de Casino: liste des meilleurs sites de casino en ligne pour 2019<\/title>\n<meta name=\"description\" content=\"Top10CasinoWebsites.net offre une liste des meilleurs sites Web de casino en ligne pour 2019 ainsi que des offres bonus et de tournois offerts par chaque salle de casino internet.\" \/>\n<meta name=\"robots\" content=\"index, follow, max-snippet:-1, max-image-preview:large, max-video-preview:-1\" \/>\n<link rel=\"canonical\" href=\"https:\/\/www.top10casinowebsites.net\/fr\/\" \/>\n<meta property=\"og:locale\" content=\"en_US\" \/>\n<meta property=\"og:type\" content=\"article\" \/>\n<meta property=\"og:title\" content=\"Top 10 des Sites Web de Casino: liste des meilleurs sites de casino en ligne pour 2019\" \/>\n<meta property=\"og:description\" content=\"Top10CasinoWebsites.net offre une liste des meilleurs sites Web de casino en ligne pour 2019 ainsi que des offres bonus et de tournois offerts par chaque salle de casino internet.\" \/>\n<meta property=\"og:url\" content=\"https:\/\/www.top10casinowebsites.net\/fr\/\" \/>\n<meta property=\"og:site_name\" content=\"FR\" \/>\n<meta property=\"article:modified_time\" content=\"2021-02-18T17:09:34+00:00\" \/>\n<meta name=\"twitter:card\" content=\"summary_large_image\" \/>\n<meta name=\"twitter:label1\" content=\"Est. reading time\" \/>\n\t<meta name=\"twitter:data1\" content=\"5 minutes\" \/>\n<script type=\"application\/ld+json\" class=\"yoast-schema-graph\">{\"@context\":\"https:\\\/\\\/schema.org\",\"@graph\":[{\"@type\":\"WebPage\",\"@id\":\"https:\\\/\\\/www.top10casinowebsites.net\\\/fr\\\/\",\"url\":\"https:\\\/\\\/www.top10casinowebsites.net\\\/fr\\\/\",\"name\":\"Top 10 des Sites Web de Casino: liste des meilleurs sites de casino en ligne pour 2019\",\"isPartOf\":{\"@id\":\"https:\\\/\\\/www.top10casinowebsites.net\\\/fr\\\/#website\"},\"datePublished\":\"2017-10-06T11:37:50+00:00\",\"dateModified\":\"2021-02-18T17:09:34+00:00\",\"description\":\"Top10CasinoWebsites.net offre une liste des meilleurs sites Web de casino en ligne pour 2019 ainsi que des offres bonus et de tournois offerts par chaque salle de casino internet.\",\"breadcrumb\":{\"@id\":\"https:\\\/\\\/www.top10casinowebsites.net\\\/fr\\\/#breadcrumb\"},\"inLanguage\":\"en-US\",\"potentialAction\":[{\"@type\":\"ReadAction\",\"target\":[\"https:\\\/\\\/www.top10casinowebsites.net\\\/fr\\\/\"]}]},{\"@type\":\"BreadcrumbList\",\"@id\":\"https:\\\/\\\/www.top10casinowebsites.net\\\/fr\\\/#breadcrumb\",\"itemListElement\":[{\"@type\":\"ListItem\",\"position\":1,\"name\":\"Home\",\"item\":\"https:\\\/\\\/www.top10casinowebsites.net\\\/fr\\\/\"},{\"@type\":\"ListItem\",\"position\":2,\"name\":\"LE TOP 10 DES SITES WEB DE CASINO\"}]},{\"@type\":\"WebSite\",\"@id\":\"https:\\\/\\\/www.top10casinowebsites.net\\\/fr\\\/#website\",\"url\":\"https:\\\/\\\/www.top10casinowebsites.net\\\/fr\\\/\",\"name\":\"FR\",\"description\":\"Just another Sites site\",\"potentialAction\":[{\"@type\":\"SearchAction\",\"target\":{\"@type\":\"EntryPoint\",\"urlTemplate\":\"https:\\\/\\\/www.top10casinowebsites.net\\\/fr\\\/?s={search_term_string}\"},\"query-input\":{\"@type\":\"PropertyValueSpecification\",\"valueRequired\":true,\"valueName\":\"search_term_string\"}}],\"inLanguage\":\"en-US\"}]}<\/script>\n<!-- \/ Yoast SEO plugin. -->","yoast_head_json":{"title":"Top 10 des Sites Web de Casino: liste des meilleurs sites de casino en ligne pour 2019","description":"Top10CasinoWebsites.net offre une liste des meilleurs sites Web de casino en ligne pour 2019 ainsi que des offres bonus et de tournois offerts par chaque salle de casino internet.","robots":{"index":"index","follow":"follow","max-snippet":"max-snippet:-1","max-image-preview":"max-image-preview:large","max-video-preview":"max-video-preview:-1"},"canonical":"https:\/\/www.top10casinowebsites.net\/fr\/","og_locale":"en_US","og_type":"article","og_title":"Top 10 des Sites Web de Casino: liste des meilleurs sites de casino en ligne pour 2019","og_description":"Top10CasinoWebsites.net offre une liste des meilleurs sites Web de casino en ligne pour 2019 ainsi que des offres bonus et de tournois offerts par chaque salle de casino internet.","og_url":"https:\/\/www.top10casinowebsites.net\/fr\/","og_site_name":"FR","article_modified_time":"2021-02-18T17:09:34+00:00","twitter_card":"summary_large_image","twitter_misc":{"Est. reading time":"5 minutes"},"schema":{"@context":"https:\/\/schema.org","@graph":[{"@type":"WebPage","@id":"https:\/\/www.top10casinowebsites.net\/fr\/","url":"https:\/\/www.top10casinowebsites.net\/fr\/","name":"Top 10 des Sites Web de Casino: liste des meilleurs sites de casino en ligne pour 2019","isPartOf":{"@id":"https:\/\/www.top10casinowebsites.net\/fr\/#website"},"datePublished":"2017-10-06T11:37:50+00:00","dateModified":"2021-02-18T17:09:34+00:00","description":"Top10CasinoWebsites.net offre une liste des meilleurs sites Web de casino en ligne pour 2019 ainsi que des offres bonus et de tournois offerts par chaque salle de casino internet.","breadcrumb":{"@id":"https:\/\/www.top10casinowebsites.net\/fr\/#breadcrumb"},"inLanguage":"en-US","potentialAction":[{"@type":"ReadAction","target":["https:\/\/www.top10casinowebsites.net\/fr\/"]}]},{"@type":"BreadcrumbList","@id":"https:\/\/www.top10casinowebsites.net\/fr\/#breadcrumb","itemListElement":[{"@type":"ListItem","position":1,"name":"Home","item":"https:\/\/www.top10casinowebsites.net\/fr\/"},{"@type":"ListItem","position":2,"name":"LE TOP 10 DES SITES WEB DE CASINO"}]},{"@type":"WebSite","@id":"https:\/\/www.top10casinowebsites.net\/fr\/#website","url":"https:\/\/www.top10casinowebsites.net\/fr\/","name":"FR","description":"Just another Sites site","potentialAction":[{"@type":"SearchAction","target":{"@type":"EntryPoint","urlTemplate":"https:\/\/www.top10casinowebsites.net\/fr\/?s={search_term_string}"},"query-input":{"@type":"PropertyValueSpecification","valueRequired":true,"valueName":"search_term_string"}}],"inLanguage":"en-US"}]}},"_links":{"self":[{"href":"https:\/\/www.top10casinowebsites.net\/fr\/wp-json\/wp\/v2\/pages\/4","targetHints":{"allow":["GET"]}}],"collection":[{"href":"https:\/\/www.top10casinowebsites.net\/fr\/wp-json\/wp\/v2\/pages"}],"about":[{"href":"https:\/\/www.top10casinowebsites.net\/fr\/wp-json\/wp\/v2\/types\/page"}],"author":[{"embeddable":true,"href":"https:\/\/www.top10casinowebsites.net\/fr\/wp-json\/wp\/v2\/users\/1"}],"replies":[{"embeddable":true,"href":"https:\/\/www.top10casinowebsites.net\/fr\/wp-json\/wp\/v2\/comments?post=4"}],"version-history":[{"count":1,"href":"https:\/\/www.top10casinowebsites.net\/fr\/wp-json\/wp\/v2\/pages\/4\/revisions"}],"predecessor-version":[{"id":108,"href":"https:\/\/www.top10casinowebsites.net\/fr\/wp-json\/wp\/v2\/pages\/4\/revisions\/108"}],"wp:attachment":[{"href":"https:\/\/www.top10casinowebsites.net\/fr\/wp-json\/wp\/v2\/media?parent=4"}],"curies":[{"name":"wp","href":"https:\/\/api.w.org\/{rel}","templated":true}]}}