{"id":40,"date":"2017-10-06T14:21:07","date_gmt":"2017-10-06T14:21:07","guid":{"rendered":"https:\/\/www.top10casinowebsites.net\/fr\/?page_id=40"},"modified":"2017-10-07T17:14:35","modified_gmt":"2017-10-07T17:14:35","slug":"android-2","status":"publish","type":"page","link":"https:\/\/www.top10casinowebsites.net\/fr\/mobiles\/android-2\/","title":{"rendered":"Casinos mobiles Android &#8211; le plaisir, c\u2019est l\u00e0!"},"content":{"rendered":"<p><img loading=\"lazy\" decoding=\"async\" class=\"alignright size-full wp-image-35\" src=\"https:\/\/www.top10casinowebsites.net\/fr\/wp-content\/uploads\/sites\/4\/2017\/10\/android.png\" alt=\"\" width=\"256\" height=\"256\" srcset=\"https:\/\/www.top10casinowebsites.net\/fr\/wp-content\/uploads\/sites\/4\/2017\/10\/android.png 256w, https:\/\/www.top10casinowebsites.net\/fr\/wp-content\/uploads\/sites\/4\/2017\/10\/android-150x150.png 150w\" sizes=\"auto, (max-width: 256px) 100vw, 256px\" \/>Android est essentiellement un Syst\u00e8me d&#8217;Exploitation qui est utilis\u00e9 pour alimenter des smartphones et des tablettes. Android est \u00e9galement source ouverte &#8211; ce qui signifie qu&#8217;il est gratuit et que le code source est disponible. Les t\u00e9l\u00e9phones Android sont sans doute le type de smartphone le plus populaire aujourd&#8217;hui globallement.<\/p>\n<p>L&#8217;avantage des t\u00e9l\u00e9phones Android par rapport aux <a href=\"https:\/\/www.top10casinowebsites.net\/fr\/mobile\/iphone\">iPhones<\/a> est qu&#8217;ils sont (au moins la plupart d&#8217;entre eux) beaucoup plus \u00e9conomiques tout en offrant toutes les fonctionnalit\u00e9s et technologies de pointe en termes de logiciels et de mat\u00e9riel.<\/p>\n<p>Les t\u00e9l\u00e9phones Android ont des processeurs puissants et vous pouvez les consid\u00e9rer comme des ordinateurs mini super que vous pouvez adapter \u00e0 votre poche et \u00e0 transporter. La vitesse de traitement, le moteur graphique avanc\u00e9, etc. signifient que ces petites centrales \u00e9lectriques sont id\u00e9ales pour lancer des jeux.<\/p>\n<h2 id=\"topcasinos\">LE TOP 10 DES SITES WEB DE CASINO<\/h2>\n<p><div class=\"grid-contents\" id=\"grid-contents\"><table class=\"cas_table\" ><tbody><tr class=\"rank-1\">\n                                <td class=\"ranking\">1<\/td>\n                                <td class=\"brandcol\">\n                                    <a href=https:\/\/www.top10casinowebsites.net\/fr\/review\/888-casino\/ class=\"brand brand-bg\"><img loading=\"lazy\" decoding=\"async\" class=\"group list-group-image\" src=\"https:\/\/static.top10casinowebsites.net\/images\/casino-rooms\/888-casino-logo.png\" width=\"200\" height=\"128\"\/><\/a>\n                                <\/td>\n                                <td class=\"bonus\" data-title=\"Bonus\">\n\t\t\t\t\t               <p class=\"bonus-text\"><strong>$888<\/strong>Welcome Bonus <br>(<a href=\"https:\/\/www.top10casinowebsites.net\/fr\/review\/888-casino\/\">T&Cs apply, 18+<\/a>)<\/p>\n\t\t\t\t                <\/td>\n\t\t\t\t\t            <td class=\"badge_game\" data-title=\"Rating\">\n                                    <div class=\"rating\"><strong>5<\/strong>\/5<\/div>\n                                    <div class=\"rating stars\" style=\"margin-top: 5px;\"><span class=\"icon icon-stars\"><span class=\"icon-stars green\" style=\"width: 100%;\"><\/span><\/span><\/div>\n\t\t\t\t\t            <\/td>\n                               \n                                <td class=\"play\">\n\t\t\t\t\t               <a class=\"button-gold\" rel=\"nofollow\" href=\"https:\/\/www.top10casinowebsites.net\/fr\/review\/888-casino\/\">Visit<\/a>\n\t                               <div class=\"\">\n\t\t\t\t\t                   <a class=\"review-snippet-link-play-now-col\" href=\"https:\/\/www.top10casinowebsites.net\/fr\/review\/888-casino\/\">Read Review<\/a>\n\t\t\t\t\t               <\/div>\n\t\t\t\t\t           <\/td>\n     \t\t\t\t        <\/tr><\/tbody><\/table><\/div><br \/>\nSi vous \u00eates un fan de jeux de casino et avez un t\u00e9l\u00e9phone Android alors nous avons de bonnes nouvelles pour vous! Vous n&#8217;avez plus besoin de visiter un casino r\u00e9el pour jouer vos jeux de casino pr\u00e9f\u00e9r\u00e9s, vous n\u2019avez pas besoin non plus \u00e0 vous asseoir \u00e0 la maison devant votre bureau pour jouer \u00e0 vos jeux de casino en ligne pr\u00e9f\u00e9r\u00e9s. Vous pouvez jouer les meilleurs et plus scintillants des jeux de casino en ligne de n&#8217;importe o\u00f9 \u00e0 tout moment \u00e0 partir de votre t\u00e9l\u00e9phone mobile Android.<\/p>\n<p>Les smartphones sont en train de prendre la place de l&#8217;ordinateur personnel comme p\u00e9riph\u00e9rique privil\u00e9gi\u00e9 pour les courriels, la navigation, les r\u00e9seaux sociaux, les jeux et les d\u00e9veloppeurs de casino Android, m\u00eame les jeux de casino en argent r\u00e9el.<\/p>\n<h2>L\u00e9gitime, certifi\u00e9, \u00e9prouv\u00e9 et test\u00e9<\/h2>\n<p><img loading=\"lazy\" decoding=\"async\" class=\"alignleft size-full wp-image-37\" src=\"https:\/\/www.top10casinowebsites.net\/fr\/wp-content\/uploads\/sites\/4\/2017\/10\/licensed-casinos.png\" alt=\"\" width=\"128\" height=\"128\" \/>Cependant, nous devons avouer que pour quelqu&#8217;un qui veut commencer \u00e0 jouer \u00e0 l&#8217;argent r\u00e9el ou m\u00eame \u00e0 des jeux de casino amusants sur son smartphone Android, \u00e7a peut \u00eatre un peu accablant en raison du nombre de casinos disponible pour choisir. Bien qu&#8217;une grande vari\u00e9t\u00e9 de choix puisse \u00eatre une bonne chose, la r\u00e9alit\u00e9 est qu&#8217;il y a beaucoup de casinos frivoles o\u00f9 vous pourriez vous faire escroquer et perdre votre argent. Par cons\u00e9quent, il est essentiel que vous fassiez des recherches avant de jouer \u00e0 des jeux de casino en argent r\u00e9el sur n&#8217;importe quel casino Android.<\/p>\n<p>C&#8217;est l\u00e0 o\u00f9 nous pouvons aider \u00e9norm\u00e9ment. Chez <strong>top10casinowebsites.net<\/strong>, nous sommes d\u00e9di\u00e9s \u00e0 tester, r\u00e9viser et classer les casinos mobiles. Nous allons faire tout le travail dur pour vous et vous le pr\u00e9senter de la mani\u00e8re la plus simple. Nous cherchons la petite b\u00eate et avons un oeil pour les d\u00e9tails, chaque casino est rigoureusement test\u00e9 par notre \u00e9quipe de qualit\u00e9 exp\u00e9riment\u00e9e et toutes les d\u00e9couvertes sont expos\u00e9es pour que vous puissiez voir.<\/p>\n<p>Les avantages de jouer sur les casinos que nous avons \u00e9num\u00e9r\u00e9s dans nos critiques et sites Web sont nombreux, mais surtout, vous pouvez \u00eatre assur\u00e9 que le casino est l\u00e9gitime, les jeux de casino sont \u00e9quitables et utilisent une technologie de g\u00e9n\u00e9rateur de nombres al\u00e9atoires, le casino est autoris\u00e9 et agr\u00e9\u00e9, ils ont un r\u00e9seau de service client fonctionnel, les jeux sont de haute qualit\u00e9 et le choix des jeux est \u00e9clectique.<\/p>\n<h2>Casinos Android &#8211; comment nous les testons et les \u00e9valuons<\/h2>\n<p><img loading=\"lazy\" decoding=\"async\" class=\"size-full wp-image-36 alignright\" src=\"https:\/\/www.top10casinowebsites.net\/fr\/wp-content\/uploads\/sites\/4\/2017\/10\/help-and-tips.png\" alt=\"\" width=\"128\" height=\"128\" \/>Contrairement \u00e0 la croyance populaire, les casinos mobiles Android peuvent \u00eatre aussi vastes que les casinos de bureau. La plupart d&#8217;entre eux accueillent des milliers de jeux, b\u00e9n\u00e9ficient de primes, de salles de vente en direct, de services de discussion, de service \u00e0 client\u00e8le 24 heures sur 24, etc.<\/p>\n<p>Par cons\u00e9quent, il y a \u00e9galement beaucoup de facteurs pour juger et \u00e9valuer un casino mobile. En fait, il y en a trop pour lister ici, mais certains des \u00e9l\u00e9ments les plus fondamentaux de notre liste de contr\u00f4le tout en \u00e9valuant tout casino mobile Android sont les suivants &#8211;<\/p>\n<ol>\n<li><strong>Bonus de bienvenue<\/strong>: le casino offre-t-il un bonus de bienvenue aux nouveaux joueurs? Comment se compare le bonus aux autres casinos Android? Le bonus est-il simple \u00e0 utiliser? Y a-t-il des termes et conditions cach\u00e9s?<\/li>\n<li><strong>Jeux<\/strong>: comment sont les graphiques? Y at-il une bonne vari\u00e9t\u00e9 de vid\u00e9o poker? rami? roulette? Machines \u00e0 sous? Sont les jeux justes, est-ce que c\u2019est facile \u00e0 jouer? Y a-t-il un retard ou une lenteur? Quelles sont les chances?<\/li>\n<li><strong>S\u00e9curit\u00e9<\/strong>: le casino utilise-t-il une technologie SSL? Sont-ils pirat\u00e9s? Est-ce que toutes vos informations priv\u00e9es sont s\u00e9curis\u00e9es? Pouvez-vous jouer anonymement?<\/li>\n<li><strong>D\u00e9p\u00f4ts et paiements<\/strong>: Le casino accepte-t-il toutes sortes de m\u00e9thodes de paiement? Faire le pr\u00e9l\u00e8vement des frais de transaction? Combien dure le temps de traitement?<\/li>\n<li><strong>Service \u00e0 la client\u00e8le<\/strong>: est-ce que le service \u00e0 la client\u00e8le disponible 24 heures sur 24? Quel est leur temps de r\u00e9ponse moyen? Existe-t-il un num\u00e9ro sans frais ou est-ce seulement un support de messagerie et de discussion?<\/li>\n<\/ol>\n<h2>Application Vs. Native<\/h2>\n<p><img loading=\"lazy\" decoding=\"async\" class=\"size-full wp-image-36 alignright\" src=\"https:\/\/www.top10casinowebsites.net\/fr\/wp-content\/uploads\/sites\/4\/2017\/10\/help-and-tips.png\" alt=\"\" width=\"128\" height=\"128\" \/>Il y a essentiellement deux types de casinos Android. Le premier est celui o\u00f9 vous pouvez t\u00e9l\u00e9charger l\u2019application du casino sur votre t\u00e9l\u00e9phone, lancez l&#8217;application lorsque vous souhaitez jouer et vous pouvez commencer \u00e0 jouer. Ces types de casinos mobiles sont essentiellement des applications qui n\u00e9cessitent initialement un t\u00e9l\u00e9chargement et peuvent \u00e9galement \u00eatre mises \u00e0 jour en temps opportun. Pour la plupart, les applications de casino en argent r\u00e9el ne peuvent pas \u00eatre trouv\u00e9es sur <a href=\"https:\/\/play.google.com\/store\">Google Play Store<\/a> en raison de politique, il est peut-\u00eatre difficile de trouver des bonnes applications dignes de confiance \u00e0 t\u00e9l\u00e9charger.<\/p>\n<p>Cependant, il existe \u00e9galement des casinos instantan\u00e9s auxquels vous pouvez acc\u00e9der simplement en visitant le site. Vous pouvez commencer \u00e0 jouer instantan\u00e9ment sans t\u00e9l\u00e9chargement.<\/p>\n<h2>FAQ du Casino Android<\/h2>\n<div class='dt-sc-toggle-frame-set'><div class=\"dt-sc-toggle-frame\">\t<h5 class='dt-sc-toggle-accordion '><a href='#'>Puis-je jouer de n'importe o\u00f9?<\/a><\/h5>\t<div class=\"dt-sc-toggle-content\" style=\"display: none;\">\t\t<div class=\"block\">Le plus grand avantage de jouer sur les casinos Android est le fait que vous pouvez vous connecter et jouer de n&#8217;importe o\u00f9 tant que vous avez la connectivit\u00e9 sur Internet.\t\t<\/div>\t<\/div><\/div><div class=\"dt-sc-toggle-frame\">\t<h5 class='dt-sc-toggle-accordion '><a href='#'>Dois-je jouer pour de l'argent r\u00e9el?<\/a><\/h5>\t<div class=\"dt-sc-toggle-content\" style=\"display: none;\">\t\t<div class=\"block\">Les jeux amusants sont \u00e9galement disponibles o\u00f9 vous n&#8217;avez pas besoin de mettre de l&#8217;argent sur la ligne. C&#8217;est un bon moyen de tuer le temps et de se familiariser avec les casinos mobiles avant de passer aux jeux de casino en argent r\u00e9el.\t\t<\/div>\t<\/div><\/div><\/div>\n","protected":false},"excerpt":{"rendered":"<p>Android est essentiellement un Syst\u00e8me d&#8217;Exploitation qui est utilis\u00e9 pour alimenter des smartphones et des tablettes. Android est \u00e9galement source ouverte &#8211; ce qui signifie qu&#8217;il est gratuit et que le code source est disponible. Les t\u00e9l\u00e9phones Android sont sans doute le type de smartphone le plus populaire aujourd&#8217;hui globallement. L&#8217;avantage des t\u00e9l\u00e9phones Android par [&hellip;]<\/p>\n","protected":false},"author":4,"featured_media":0,"parent":30,"menu_order":0,"comment_status":"closed","ping_status":"closed","template":"","meta":{"_acf_changed":false,"footnotes":""},"class_list":["post-40","page","type-page","status-publish","hentry"],"acf":[],"yoast_head":"<!-- This site is optimized with the Yoast SEO plugin v27.4 - https:\/\/yoast.com\/product\/yoast-seo-wordpress\/ -->\n<title>Casinos Android \u2013 Meilleurs Casinos Mobiles Android<\/title>\n<meta name=\"description\" content=\"Retrouvez une liste compl\u00e8te de casinos mobiles pour les jeux gratuits et en argent r\u00e9el. Jouez \u00e0 des machines \u00e0 sous mobiles, \u00e0 la roulette, au blackjack et plus encore sur votre smartphone ou tablette.\" \/>\n<meta name=\"robots\" content=\"index, follow, max-snippet:-1, max-image-preview:large, max-video-preview:-1\" \/>\n<link rel=\"canonical\" href=\"https:\/\/www.top10casinowebsites.net\/fr\/mobiles\/android-2\/\" \/>\n<meta property=\"og:locale\" content=\"en_US\" \/>\n<meta property=\"og:type\" content=\"article\" \/>\n<meta property=\"og:title\" content=\"Casinos Android \u2013 Meilleurs Casinos Mobiles Android\" \/>\n<meta property=\"og:description\" content=\"Retrouvez une liste compl\u00e8te de casinos mobiles pour les jeux gratuits et en argent r\u00e9el. Jouez \u00e0 des machines \u00e0 sous mobiles, \u00e0 la roulette, au blackjack et plus encore sur votre smartphone ou tablette.\" \/>\n<meta property=\"og:url\" content=\"https:\/\/www.top10casinowebsites.net\/fr\/mobiles\/android-2\/\" \/>\n<meta property=\"og:site_name\" content=\"FR\" \/>\n<meta property=\"article:modified_time\" content=\"2017-10-07T17:14:35+00:00\" \/>\n<meta property=\"og:image\" content=\"https:\/\/www.top10casinowebsites.net\/fr\/wp-content\/uploads\/sites\/4\/2017\/10\/android.png\" \/>\n\t<meta property=\"og:image:width\" content=\"256\" \/>\n\t<meta property=\"og:image:height\" content=\"256\" \/>\n\t<meta property=\"og:image:type\" content=\"image\/png\" \/>\n<meta name=\"twitter:card\" content=\"summary_large_image\" \/>\n<meta name=\"twitter:label1\" content=\"Est. reading time\" \/>\n\t<meta name=\"twitter:data1\" content=\"6 minutes\" \/>\n<script type=\"application\/ld+json\" class=\"yoast-schema-graph\">{\"@context\":\"https:\\\/\\\/schema.org\",\"@graph\":[{\"@type\":\"WebPage\",\"@id\":\"https:\\\/\\\/www.top10casinowebsites.net\\\/fr\\\/mobiles\\\/android-2\\\/\",\"url\":\"https:\\\/\\\/www.top10casinowebsites.net\\\/fr\\\/mobiles\\\/android-2\\\/\",\"name\":\"Casinos Android \u2013 Meilleurs Casinos Mobiles Android\",\"isPartOf\":{\"@id\":\"https:\\\/\\\/www.top10casinowebsites.net\\\/fr\\\/#website\"},\"primaryImageOfPage\":{\"@id\":\"https:\\\/\\\/www.top10casinowebsites.net\\\/fr\\\/mobiles\\\/android-2\\\/#primaryimage\"},\"image\":{\"@id\":\"https:\\\/\\\/www.top10casinowebsites.net\\\/fr\\\/mobiles\\\/android-2\\\/#primaryimage\"},\"thumbnailUrl\":\"https:\\\/\\\/www.top10casinowebsites.net\\\/fr\\\/wp-content\\\/uploads\\\/sites\\\/4\\\/2017\\\/10\\\/android.png\",\"datePublished\":\"2017-10-06T14:21:07+00:00\",\"dateModified\":\"2017-10-07T17:14:35+00:00\",\"description\":\"Retrouvez une liste compl\u00e8te de casinos mobiles pour les jeux gratuits et en argent r\u00e9el. Jouez \u00e0 des machines \u00e0 sous mobiles, \u00e0 la roulette, au blackjack et plus encore sur votre smartphone ou tablette.\",\"breadcrumb\":{\"@id\":\"https:\\\/\\\/www.top10casinowebsites.net\\\/fr\\\/mobiles\\\/android-2\\\/#breadcrumb\"},\"inLanguage\":\"en-US\",\"potentialAction\":[{\"@type\":\"ReadAction\",\"target\":[\"https:\\\/\\\/www.top10casinowebsites.net\\\/fr\\\/mobiles\\\/android-2\\\/\"]}]},{\"@type\":\"ImageObject\",\"inLanguage\":\"en-US\",\"@id\":\"https:\\\/\\\/www.top10casinowebsites.net\\\/fr\\\/mobiles\\\/android-2\\\/#primaryimage\",\"url\":\"https:\\\/\\\/www.top10casinowebsites.net\\\/fr\\\/wp-content\\\/uploads\\\/sites\\\/4\\\/2017\\\/10\\\/android.png\",\"contentUrl\":\"https:\\\/\\\/www.top10casinowebsites.net\\\/fr\\\/wp-content\\\/uploads\\\/sites\\\/4\\\/2017\\\/10\\\/android.png\",\"width\":256,\"height\":256},{\"@type\":\"BreadcrumbList\",\"@id\":\"https:\\\/\\\/www.top10casinowebsites.net\\\/fr\\\/mobiles\\\/android-2\\\/#breadcrumb\",\"itemListElement\":[{\"@type\":\"ListItem\",\"position\":1,\"name\":\"Home\",\"item\":\"https:\\\/\\\/www.top10casinowebsites.net\\\/fr\\\/\"},{\"@type\":\"ListItem\",\"position\":2,\"name\":\"Meilleurs Casinos Mobiles pour iOS, Android, Blackberry, Windows\",\"item\":\"https:\\\/\\\/www.top10casinowebsites.net\\\/fr\\\/mobiles\\\/\"},{\"@type\":\"ListItem\",\"position\":3,\"name\":\"Casinos mobiles Android &#8211; le plaisir, c\u2019est l\u00e0!\"}]},{\"@type\":\"WebSite\",\"@id\":\"https:\\\/\\\/www.top10casinowebsites.net\\\/fr\\\/#website\",\"url\":\"https:\\\/\\\/www.top10casinowebsites.net\\\/fr\\\/\",\"name\":\"FR\",\"description\":\"Just another Sites site\",\"potentialAction\":[{\"@type\":\"SearchAction\",\"target\":{\"@type\":\"EntryPoint\",\"urlTemplate\":\"https:\\\/\\\/www.top10casinowebsites.net\\\/fr\\\/?s={search_term_string}\"},\"query-input\":{\"@type\":\"PropertyValueSpecification\",\"valueRequired\":true,\"valueName\":\"search_term_string\"}}],\"inLanguage\":\"en-US\"}]}<\/script>\n<!-- \/ Yoast SEO plugin. -->","yoast_head_json":{"title":"Casinos Android \u2013 Meilleurs Casinos Mobiles Android","description":"Retrouvez une liste compl\u00e8te de casinos mobiles pour les jeux gratuits et en argent r\u00e9el. Jouez \u00e0 des machines \u00e0 sous mobiles, \u00e0 la roulette, au blackjack et plus encore sur votre smartphone ou tablette.","robots":{"index":"index","follow":"follow","max-snippet":"max-snippet:-1","max-image-preview":"max-image-preview:large","max-video-preview":"max-video-preview:-1"},"canonical":"https:\/\/www.top10casinowebsites.net\/fr\/mobiles\/android-2\/","og_locale":"en_US","og_type":"article","og_title":"Casinos Android \u2013 Meilleurs Casinos Mobiles Android","og_description":"Retrouvez une liste compl\u00e8te de casinos mobiles pour les jeux gratuits et en argent r\u00e9el. Jouez \u00e0 des machines \u00e0 sous mobiles, \u00e0 la roulette, au blackjack et plus encore sur votre smartphone ou tablette.","og_url":"https:\/\/www.top10casinowebsites.net\/fr\/mobiles\/android-2\/","og_site_name":"FR","article_modified_time":"2017-10-07T17:14:35+00:00","og_image":[{"width":256,"height":256,"url":"https:\/\/www.top10casinowebsites.net\/fr\/wp-content\/uploads\/sites\/4\/2017\/10\/android.png","type":"image\/png"}],"twitter_card":"summary_large_image","twitter_misc":{"Est. reading time":"6 minutes"},"schema":{"@context":"https:\/\/schema.org","@graph":[{"@type":"WebPage","@id":"https:\/\/www.top10casinowebsites.net\/fr\/mobiles\/android-2\/","url":"https:\/\/www.top10casinowebsites.net\/fr\/mobiles\/android-2\/","name":"Casinos Android \u2013 Meilleurs Casinos Mobiles Android","isPartOf":{"@id":"https:\/\/www.top10casinowebsites.net\/fr\/#website"},"primaryImageOfPage":{"@id":"https:\/\/www.top10casinowebsites.net\/fr\/mobiles\/android-2\/#primaryimage"},"image":{"@id":"https:\/\/www.top10casinowebsites.net\/fr\/mobiles\/android-2\/#primaryimage"},"thumbnailUrl":"https:\/\/www.top10casinowebsites.net\/fr\/wp-content\/uploads\/sites\/4\/2017\/10\/android.png","datePublished":"2017-10-06T14:21:07+00:00","dateModified":"2017-10-07T17:14:35+00:00","description":"Retrouvez une liste compl\u00e8te de casinos mobiles pour les jeux gratuits et en argent r\u00e9el. Jouez \u00e0 des machines \u00e0 sous mobiles, \u00e0 la roulette, au blackjack et plus encore sur votre smartphone ou tablette.","breadcrumb":{"@id":"https:\/\/www.top10casinowebsites.net\/fr\/mobiles\/android-2\/#breadcrumb"},"inLanguage":"en-US","potentialAction":[{"@type":"ReadAction","target":["https:\/\/www.top10casinowebsites.net\/fr\/mobiles\/android-2\/"]}]},{"@type":"ImageObject","inLanguage":"en-US","@id":"https:\/\/www.top10casinowebsites.net\/fr\/mobiles\/android-2\/#primaryimage","url":"https:\/\/www.top10casinowebsites.net\/fr\/wp-content\/uploads\/sites\/4\/2017\/10\/android.png","contentUrl":"https:\/\/www.top10casinowebsites.net\/fr\/wp-content\/uploads\/sites\/4\/2017\/10\/android.png","width":256,"height":256},{"@type":"BreadcrumbList","@id":"https:\/\/www.top10casinowebsites.net\/fr\/mobiles\/android-2\/#breadcrumb","itemListElement":[{"@type":"ListItem","position":1,"name":"Home","item":"https:\/\/www.top10casinowebsites.net\/fr\/"},{"@type":"ListItem","position":2,"name":"Meilleurs Casinos Mobiles pour iOS, Android, Blackberry, Windows","item":"https:\/\/www.top10casinowebsites.net\/fr\/mobiles\/"},{"@type":"ListItem","position":3,"name":"Casinos mobiles Android &#8211; le plaisir, c\u2019est l\u00e0!"}]},{"@type":"WebSite","@id":"https:\/\/www.top10casinowebsites.net\/fr\/#website","url":"https:\/\/www.top10casinowebsites.net\/fr\/","name":"FR","description":"Just another Sites site","potentialAction":[{"@type":"SearchAction","target":{"@type":"EntryPoint","urlTemplate":"https:\/\/www.top10casinowebsites.net\/fr\/?s={search_term_string}"},"query-input":{"@type":"PropertyValueSpecification","valueRequired":true,"valueName":"search_term_string"}}],"inLanguage":"en-US"}]}},"_links":{"self":[{"href":"https:\/\/www.top10casinowebsites.net\/fr\/wp-json\/wp\/v2\/pages\/40","targetHints":{"allow":["GET"]}}],"collection":[{"href":"https:\/\/www.top10casinowebsites.net\/fr\/wp-json\/wp\/v2\/pages"}],"about":[{"href":"https:\/\/www.top10casinowebsites.net\/fr\/wp-json\/wp\/v2\/types\/page"}],"author":[{"embeddable":true,"href":"https:\/\/www.top10casinowebsites.net\/fr\/wp-json\/wp\/v2\/users\/4"}],"replies":[{"embeddable":true,"href":"https:\/\/www.top10casinowebsites.net\/fr\/wp-json\/wp\/v2\/comments?post=40"}],"version-history":[{"count":1,"href":"https:\/\/www.top10casinowebsites.net\/fr\/wp-json\/wp\/v2\/pages\/40\/revisions"}],"predecessor-version":[{"id":41,"href":"https:\/\/www.top10casinowebsites.net\/fr\/wp-json\/wp\/v2\/pages\/40\/revisions\/41"}],"up":[{"embeddable":true,"href":"https:\/\/www.top10casinowebsites.net\/fr\/wp-json\/wp\/v2\/pages\/30"}],"wp:attachment":[{"href":"https:\/\/www.top10casinowebsites.net\/fr\/wp-json\/wp\/v2\/media?parent=40"}],"curies":[{"name":"wp","href":"https:\/\/api.w.org\/{rel}","templated":true}]}}