{"id":42,"date":"2017-10-06T14:30:59","date_gmt":"2017-10-06T14:30:59","guid":{"rendered":"https:\/\/www.top10casinowebsites.net\/fr\/?page_id=42"},"modified":"2017-10-07T17:13:09","modified_gmt":"2017-10-07T17:13:09","slug":"ipad","status":"publish","type":"page","link":"https:\/\/www.top10casinowebsites.net\/fr\/mobiles\/ipad\/","title":{"rendered":"Casinos d\u2019IPad Mobile &#8211; Une exp\u00e9rience bien arrondie"},"content":{"rendered":"<p><img loading=\"lazy\" decoding=\"async\" class=\"alignright size-medium wp-image-44\" src=\"https:\/\/www.top10casinowebsites.net\/fr\/wp-content\/uploads\/sites\/4\/2017\/10\/apple-300x197.jpg\" alt=\"\" width=\"300\" height=\"197\" srcset=\"https:\/\/www.top10casinowebsites.net\/fr\/wp-content\/uploads\/sites\/4\/2017\/10\/apple-300x197.jpg 300w, https:\/\/www.top10casinowebsites.net\/fr\/wp-content\/uploads\/sites\/4\/2017\/10\/apple.jpg 380w\" sizes=\"auto, (max-width: 300px) 100vw, 300px\" \/><a href=\"https:\/\/www.apple.com\/ipad\/\">Les p\u00e9riph\u00e9riques de tablette tels que l&#8217;iPad<\/a> sont l&#8217;avenir de l&#8217;informatique d\u2019apr\u00e8s plusieurs chercheurs et experts en technologie. Aujourd&#8217;hui, l&#8217;iPad est sans doute la tablette la plus connue et la plus utilis\u00e9e sur le march\u00e9. Il y a une certaine concurrence de <a href=\"http:\/\/www.samsung.com\/n_africa\/\">Samsung avec leur <strong>s\u00e9rie Galaxy<\/strong><\/a>, mais l&#8217;iPad gagne sans doute. L&#8217;iPad est ador\u00e9 et aim\u00e9 car c\u2019est pragmatique, l&#8217;\u00e9cran est plus grand que selui d\u2019un grand smartphone, mais l&#8217;appareil lui-m\u00eame est portable et peut \u00eatre transport\u00e9. Il est formidable pour lire des livres, de donner des pr\u00e9sentations d&#8217;une seule personne, de regarder des films et des vid\u00e9os et aussi pour les jeux!<\/p>\n<p>L\u2019\u00e9cran plus grand signifie une exp\u00e9rience plus encapsulante et passionnante pour les joueurs. En outre, il permet \u00e9galement aux jeux de prendre plus de commentaires du joueur car il y a beaucoup plus d&#8217;espace sur l&#8217;\u00e9cran que vous pouvez toucher. En outre, ces jours-ci, vous obtenez \u00e9galement des claviers d\u00e9tachables que vous pouvez connecter \u00e0 votre iPad sans fil, ce qui rend les jeux aussi bien que sur PC ou toute autre console de jeux. Quand il s&#8217;agit de casinos en ligne et de jeux de hasard, il n\u2019y a rien de meilleur que l&#8217;iPad. L\u2019\u00e9cran plus grand fait un grand d\u00e9calage.<\/p>\n<h2 id=\"topcasinos\">LE TOP 10 DES SITES WEB DE CASINO<\/h2>\n<p><div class=\"grid-contents\" id=\"grid-contents\"><table class=\"cas_table\" ><tbody><tr class=\"rank-1\">\n                                <td class=\"ranking\">1<\/td>\n                                <td class=\"brandcol\">\n                                    <a href=https:\/\/www.top10casinowebsites.net\/fr\/review\/888-casino\/ class=\"brand brand-bg\"><img loading=\"lazy\" decoding=\"async\" class=\"group list-group-image\" src=\"https:\/\/static.top10casinowebsites.net\/images\/casino-rooms\/888-casino-logo.png\" width=\"200\" height=\"128\"\/><\/a>\n                                <\/td>\n                                <td class=\"bonus\" data-title=\"Bonus\">\n\t\t\t\t\t               <p class=\"bonus-text\"><strong>$888<\/strong>Welcome Bonus <br>(<a href=\"https:\/\/www.top10casinowebsites.net\/fr\/review\/888-casino\/\">T&Cs apply, 18+<\/a>)<\/p>\n\t\t\t\t                <\/td>\n\t\t\t\t\t            <td class=\"badge_game\" data-title=\"Rating\">\n                                    <div class=\"rating\"><strong>5<\/strong>\/5<\/div>\n                                    <div class=\"rating stars\" style=\"margin-top: 5px;\"><span class=\"icon icon-stars\"><span class=\"icon-stars green\" style=\"width: 100%;\"><\/span><\/span><\/div>\n\t\t\t\t\t            <\/td>\n                               \n                                <td class=\"play\">\n\t\t\t\t\t               <a class=\"button-gold\" rel=\"nofollow\" href=\"https:\/\/www.top10casinowebsites.net\/fr\/review\/888-casino\/\">Visit<\/a>\n\t                               <div class=\"\">\n\t\t\t\t\t                   <a class=\"review-snippet-link-play-now-col\" href=\"https:\/\/www.top10casinowebsites.net\/fr\/review\/888-casino\/\">Read Review<\/a>\n\t\t\t\t\t               <\/div>\n\t\t\t\t\t           <\/td>\n     \t\t\t\t        <\/tr><\/tbody><\/table><\/div><br \/>\nL&#8217;iPad est l\u00e0 pour rester et l\u2019exp\u00e9rience des jeux de casino mobiles est meilleur sur un iPad plut\u00f4t que sur un smartphone. Si vous \u00eates un joueur en ligne avide et que vous utilisez un PC ou un t\u00e9l\u00e9phone portable, vous voudrez peut-\u00eatre penser \u00e0 passer \u00e0 l&#8217;iPad car l&#8217;iPad est le contraste id\u00e9al entre le PC et le smartphone. Il a un grand \u00e9cran pour que vous n\u2019ayez pas \u00e0 balbutier et pour que vous pouvez avoir la m\u00eame exp\u00e9rience que lorsque vous jouez sur un PC et il est parfaitement portable, et l\u00e9ger, tout comme un smartphone. Vous pouvez vous connecter \u00e0 votre casino en ligne pr\u00e9f\u00e9r\u00e9 et <a href=\"https:\/\/www.top10casinowebsites.net\/fr\/jeux-de-casino\/\">jouer \u00e0 tous vos jeux de casino pr\u00e9f\u00e9r\u00e9s \u00e0 partir de n&#8217;importe o\u00f9 et \u00e0 tout moment<\/a>.<\/p>\n<h2>L\u00e9gitime, certifi\u00e9, \u00e9prouv\u00e9 et test\u00e9<\/h2>\n<p><img loading=\"lazy\" decoding=\"async\" class=\"alignleft size-full wp-image-37\" src=\"https:\/\/www.top10casinowebsites.net\/fr\/wp-content\/uploads\/sites\/4\/2017\/10\/licensed-casinos.png\" alt=\"\" width=\"128\" height=\"128\" \/>Comme l&#8217;iPhone, l&#8217;iPad fonctionne sur iOS et, comme l&#8217;iPhone, les applications pour l&#8217;iPad peuvent \u00eatre t\u00e9l\u00e9charg\u00e9es officiellement depuis l&#8217;App Store d&#8217;Apple.<\/p>\n<p>Cependant, le probl\u00e8me est que, en raison de politiques et de restrictions, vous ne trouverez pas de casinos en ligne en argent r\u00e9el pour l&#8217;iPad sur l&#8217;App Store.<\/p>\n<p>Par cons\u00e9quent, si vous cherchez des casinos iPad, vous \u00eates au bon endroit. Nous avons une liste des meilleurs casinos iPad l\u00e0-bas et nous continuons \u00e0 mettre \u00e0 jour r\u00e9guli\u00e8rement cette liste.<\/p>\n<p>Lorsque vous choisissez de jouer sur un casino que nous avons \u00e9num\u00e9r\u00e9, vous pouvez \u00eatre assur\u00e9 que vous obtenez le meilleur des meilleurs. Le plus important de tout, vous pouvez jouer sans aucun souci, car lorsque vous choisissez un casino que nous vous recommandons, vous pouvez parier votre dernier dollar qu\u2019il est l\u00e9gitime, sous licence et les jeux sont <strong>100% justes<\/strong>.<\/p>\n<p>M\u00e9fiez-vous des casinos mobiles frivoles et frauduleux o\u00f9 vous ne r\u00e9cup\u00e9rez jamais votre argent. Oui! Il y a beaucoup d&#8217;entre eux et pour vous aider \u00e0 les identifier, nous avons m\u00eame une liste noire que nous mettons \u00e0 jour r\u00e9guli\u00e8rement afin que vous puissiez garder un \u0153il et rester en s\u00e9curit\u00e9.<\/p>\n<h2>Casinos IPad &#8211; comment nous les testons et les \u00e9valuons<\/h2>\n<p><img loading=\"lazy\" decoding=\"async\" class=\"alignright size-full wp-image-36\" src=\"https:\/\/www.top10casinowebsites.net\/fr\/wp-content\/uploads\/sites\/4\/2017\/10\/help-and-tips.png\" alt=\"\" width=\"128\" height=\"128\" \/>A <strong>top10casinowebsites.net<\/strong>, nous avons une \u00e9quipe de qualit\u00e9 dont nous sommes fiers! Nous pouvons dire en toute confiance qu&#8217;il n&#8217;y a pas d&#8217;autre endroit que vous trouverez qui teste les casinos des cas si rigoureusement et compl\u00e8tement.<\/p>\n<p>Nous ne pouvons pas entrer dans tous les d\u00e9tails complexes de la fa\u00e7on dont nous testons et \u00e9valuons les casinos iPad, mais voici quelques facteurs importants que nous prenons en compte.<\/p>\n<ol>\n<li><strong>Bonus de bienvenue<\/strong>: les bonus de bienvenue sont destin\u00e9s \u00e0 attirer de nouveaux clients potentiels et presque tous les casinos offrent des bonus de bienvenue. Nous comparons ces bonus et vous indiquons quels casinos offrent les meilleurs bonus de bienvenue afin de faciliter votre d\u00e9cision.<\/li>\n<li><strong>Jeux<\/strong>: Le but des casinos mobiles est de jouer aux jeux. Nous v\u00e9rifions combien de jeux le casino a \u00e0 offrir, quels types de jeux ils h\u00e9bergent, qui sont les fournisseurs de logiciels et la qualit\u00e9 des jeux en g\u00e9n\u00e9ral.<\/li>\n<li><strong>S\u00e9curit\u00e9<\/strong>: les informations sensibles telles que les d\u00e9tails de la carte cr\u00e9dit, les informations personnelles, etc. seront \u00e9chang\u00e9es in\u00e9vitablement entre l&#8217;utilisateur et le serveur du casino. Nous v\u00e9rifions \u00e0 quel point ces \u00e9changes sont s\u00fbrs et nous exposons toutes leurs faiblesses.<\/li>\n<li><strong>D\u00e9p\u00f4ts et paiements<\/strong>: quand il s&#8217;agit de casinos en argent r\u00e9el, les paiements rapides sont tout.<\/li>\n<li><strong>Service de client\u00e8le<\/strong>: le service de client\u00e8le est votre destination quand quelque chose ne va pas. Nous nous assurons personnellement que les casinos que nous recommandons ont un bon r\u00e9seau de service de client\u00e8le.<\/li>\n<\/ol>\n<h2>Application Vs. Native<\/h2>\n<p><img loading=\"lazy\" decoding=\"async\" class=\"alignright size-full wp-image-36\" src=\"https:\/\/www.top10casinowebsites.net\/fr\/wp-content\/uploads\/sites\/4\/2017\/10\/help-and-tips.png\" alt=\"\" width=\"128\" height=\"128\" \/>Vous n\u2019avez pas BESOIN de t\u00e9l\u00e9charger une application pour jouer aux jeux de casino en argent r\u00e9el sur votre iPad.<\/p>\n<p>En fait, la m\u00e9thode plus simple et pr\u00e9f\u00e9r\u00e9e est celle des casinos de jeu instantan\u00e9.<\/p>\n<p>Tout ce que vous avez besoin de faire est de visiter le site mobile du casino sur votre iPad \u00e0 l&#8217;aide de votre navigateur Web (habituellement Safari sur les appareils Apple) et vous pouvez commencer \u00e0 jouer tout de suite.<\/p>\n<h2><strong>FAQ du<\/strong> <strong>Casino iPad<\/strong><\/h2>\n<div class='dt-sc-toggle-frame-set'><div class=\"dt-sc-toggle-frame\">\t<h5 class='dt-sc-toggle-accordion '><a href='#'>Quels jeux de casino puis-je jouer sur mon iPad?<\/a><\/h5>\t<div class=\"dt-sc-toggle-content\" style=\"display: none;\">\t\t<div class=\"block\">Poker, Roulette, Machines \u00e0 sous, Slots progressifs, Bingo, Black Jack, Video Poker, vous le nommez! Tout jeu de casino que vous trouverez sous le toit d&#8217;un vrai casino, vous pourrez \u00e9galement jouer sur votre iPad.\t\t<\/div>\t<\/div><\/div><div class=\"dt-sc-toggle-frame\">\t<h5 class='dt-sc-toggle-accordion '><a href='#'>Puis-je jouer gratuitement sur mon iPad?<\/a><\/h5>\t<div class=\"dt-sc-toggle-content\" style=\"display: none;\">\t\t<div class=\"block\">Oui, il y a beaucoup de casinos \u00e0 jeux gratuits et amusants o\u00f9 vous ne pariez pas d&#8217;argent sur les jeux.\t\t<\/div>\t<\/div><\/div><div class=\"dt-sc-toggle-frame\">\t<h5 class='dt-sc-toggle-accordion '><a href='#'>Est-ce que je recevrai un bonus de bienvenue?<\/a><\/h5>\t<div class=\"dt-sc-toggle-content\" style=\"display: none;\">\t\t<div class=\"block\">Bien s\u00fbr! Veuillez consulter nos revues de casino et listes pour avoir une id\u00e9e de ce que vous pouvez attendre en termes de bonus de bienvenue\t\t<\/div>\t<\/div><\/div><\/div>\n","protected":false},"excerpt":{"rendered":"<p>Les p\u00e9riph\u00e9riques de tablette tels que l&#8217;iPad sont l&#8217;avenir de l&#8217;informatique d\u2019apr\u00e8s plusieurs chercheurs et experts en technologie. Aujourd&#8217;hui, l&#8217;iPad est sans doute la tablette la plus connue et la plus utilis\u00e9e sur le march\u00e9. Il y a une certaine concurrence de Samsung avec leur s\u00e9rie Galaxy, mais l&#8217;iPad gagne sans doute. L&#8217;iPad est ador\u00e9 [&hellip;]<\/p>\n","protected":false},"author":4,"featured_media":0,"parent":30,"menu_order":0,"comment_status":"closed","ping_status":"closed","template":"","meta":{"_acf_changed":false,"footnotes":""},"class_list":["post-42","page","type-page","status-publish","hentry"],"acf":[],"yoast_head":"<!-- This site is optimized with the Yoast SEO plugin v27.4 - https:\/\/yoast.com\/product\/yoast-seo-wordpress\/ -->\n<title>iPad Casinos - Meilleurs Casinos d\u2019iPad Mobile<\/title>\n<meta name=\"description\" content=\"Trouvez les meilleurs casinos iPad pour une large gamme de machines \u00e0 sous en ligne, roulette et blackjack. Jouez sur pratiquement n&#039;importe quel appareil mobile.\" \/>\n<meta name=\"robots\" content=\"index, follow, max-snippet:-1, max-image-preview:large, max-video-preview:-1\" \/>\n<link rel=\"canonical\" href=\"https:\/\/www.top10casinowebsites.net\/fr\/mobiles\/ipad\/\" \/>\n<meta property=\"og:locale\" content=\"en_US\" \/>\n<meta property=\"og:type\" content=\"article\" \/>\n<meta property=\"og:title\" content=\"iPad Casinos - Meilleurs Casinos d\u2019iPad Mobile\" \/>\n<meta property=\"og:description\" content=\"Trouvez les meilleurs casinos iPad pour une large gamme de machines \u00e0 sous en ligne, roulette et blackjack. Jouez sur pratiquement n&#039;importe quel appareil mobile.\" \/>\n<meta property=\"og:url\" content=\"https:\/\/www.top10casinowebsites.net\/fr\/mobiles\/ipad\/\" \/>\n<meta property=\"og:site_name\" content=\"FR\" \/>\n<meta property=\"article:modified_time\" content=\"2017-10-07T17:13:09+00:00\" \/>\n<meta property=\"og:image\" content=\"https:\/\/www.top10casinowebsites.net\/fr\/wp-content\/uploads\/sites\/4\/2017\/10\/apple.jpg\" \/>\n\t<meta property=\"og:image:width\" content=\"380\" \/>\n\t<meta property=\"og:image:height\" content=\"250\" \/>\n\t<meta property=\"og:image:type\" content=\"image\/jpeg\" \/>\n<meta name=\"twitter:card\" content=\"summary_large_image\" \/>\n<meta name=\"twitter:label1\" content=\"Est. reading time\" \/>\n\t<meta name=\"twitter:data1\" content=\"5 minutes\" \/>\n<script type=\"application\/ld+json\" class=\"yoast-schema-graph\">{\"@context\":\"https:\\\/\\\/schema.org\",\"@graph\":[{\"@type\":\"WebPage\",\"@id\":\"https:\\\/\\\/www.top10casinowebsites.net\\\/fr\\\/mobiles\\\/ipad\\\/\",\"url\":\"https:\\\/\\\/www.top10casinowebsites.net\\\/fr\\\/mobiles\\\/ipad\\\/\",\"name\":\"iPad Casinos - Meilleurs Casinos d\u2019iPad Mobile\",\"isPartOf\":{\"@id\":\"https:\\\/\\\/www.top10casinowebsites.net\\\/fr\\\/#website\"},\"primaryImageOfPage\":{\"@id\":\"https:\\\/\\\/www.top10casinowebsites.net\\\/fr\\\/mobiles\\\/ipad\\\/#primaryimage\"},\"image\":{\"@id\":\"https:\\\/\\\/www.top10casinowebsites.net\\\/fr\\\/mobiles\\\/ipad\\\/#primaryimage\"},\"thumbnailUrl\":\"https:\\\/\\\/www.top10casinowebsites.net\\\/fr\\\/wp-content\\\/uploads\\\/sites\\\/4\\\/2017\\\/10\\\/apple-300x197.jpg\",\"datePublished\":\"2017-10-06T14:30:59+00:00\",\"dateModified\":\"2017-10-07T17:13:09+00:00\",\"description\":\"Trouvez les meilleurs casinos iPad pour une large gamme de machines \u00e0 sous en ligne, roulette et blackjack. Jouez sur pratiquement n'importe quel appareil mobile.\",\"breadcrumb\":{\"@id\":\"https:\\\/\\\/www.top10casinowebsites.net\\\/fr\\\/mobiles\\\/ipad\\\/#breadcrumb\"},\"inLanguage\":\"en-US\",\"potentialAction\":[{\"@type\":\"ReadAction\",\"target\":[\"https:\\\/\\\/www.top10casinowebsites.net\\\/fr\\\/mobiles\\\/ipad\\\/\"]}]},{\"@type\":\"ImageObject\",\"inLanguage\":\"en-US\",\"@id\":\"https:\\\/\\\/www.top10casinowebsites.net\\\/fr\\\/mobiles\\\/ipad\\\/#primaryimage\",\"url\":\"https:\\\/\\\/www.top10casinowebsites.net\\\/fr\\\/wp-content\\\/uploads\\\/sites\\\/4\\\/2017\\\/10\\\/apple.jpg\",\"contentUrl\":\"https:\\\/\\\/www.top10casinowebsites.net\\\/fr\\\/wp-content\\\/uploads\\\/sites\\\/4\\\/2017\\\/10\\\/apple.jpg\",\"width\":380,\"height\":250},{\"@type\":\"BreadcrumbList\",\"@id\":\"https:\\\/\\\/www.top10casinowebsites.net\\\/fr\\\/mobiles\\\/ipad\\\/#breadcrumb\",\"itemListElement\":[{\"@type\":\"ListItem\",\"position\":1,\"name\":\"Home\",\"item\":\"https:\\\/\\\/www.top10casinowebsites.net\\\/fr\\\/\"},{\"@type\":\"ListItem\",\"position\":2,\"name\":\"Meilleurs Casinos Mobiles pour iOS, Android, Blackberry, Windows\",\"item\":\"https:\\\/\\\/www.top10casinowebsites.net\\\/fr\\\/mobiles\\\/\"},{\"@type\":\"ListItem\",\"position\":3,\"name\":\"Casinos d\u2019IPad Mobile &#8211; Une exp\u00e9rience bien arrondie\"}]},{\"@type\":\"WebSite\",\"@id\":\"https:\\\/\\\/www.top10casinowebsites.net\\\/fr\\\/#website\",\"url\":\"https:\\\/\\\/www.top10casinowebsites.net\\\/fr\\\/\",\"name\":\"FR\",\"description\":\"Just another Sites site\",\"potentialAction\":[{\"@type\":\"SearchAction\",\"target\":{\"@type\":\"EntryPoint\",\"urlTemplate\":\"https:\\\/\\\/www.top10casinowebsites.net\\\/fr\\\/?s={search_term_string}\"},\"query-input\":{\"@type\":\"PropertyValueSpecification\",\"valueRequired\":true,\"valueName\":\"search_term_string\"}}],\"inLanguage\":\"en-US\"}]}<\/script>\n<!-- \/ Yoast SEO plugin. -->","yoast_head_json":{"title":"iPad Casinos - Meilleurs Casinos d\u2019iPad Mobile","description":"Trouvez les meilleurs casinos iPad pour une large gamme de machines \u00e0 sous en ligne, roulette et blackjack. Jouez sur pratiquement n'importe quel appareil mobile.","robots":{"index":"index","follow":"follow","max-snippet":"max-snippet:-1","max-image-preview":"max-image-preview:large","max-video-preview":"max-video-preview:-1"},"canonical":"https:\/\/www.top10casinowebsites.net\/fr\/mobiles\/ipad\/","og_locale":"en_US","og_type":"article","og_title":"iPad Casinos - Meilleurs Casinos d\u2019iPad Mobile","og_description":"Trouvez les meilleurs casinos iPad pour une large gamme de machines \u00e0 sous en ligne, roulette et blackjack. Jouez sur pratiquement n'importe quel appareil mobile.","og_url":"https:\/\/www.top10casinowebsites.net\/fr\/mobiles\/ipad\/","og_site_name":"FR","article_modified_time":"2017-10-07T17:13:09+00:00","og_image":[{"width":380,"height":250,"url":"https:\/\/www.top10casinowebsites.net\/fr\/wp-content\/uploads\/sites\/4\/2017\/10\/apple.jpg","type":"image\/jpeg"}],"twitter_card":"summary_large_image","twitter_misc":{"Est. reading time":"5 minutes"},"schema":{"@context":"https:\/\/schema.org","@graph":[{"@type":"WebPage","@id":"https:\/\/www.top10casinowebsites.net\/fr\/mobiles\/ipad\/","url":"https:\/\/www.top10casinowebsites.net\/fr\/mobiles\/ipad\/","name":"iPad Casinos - Meilleurs Casinos d\u2019iPad Mobile","isPartOf":{"@id":"https:\/\/www.top10casinowebsites.net\/fr\/#website"},"primaryImageOfPage":{"@id":"https:\/\/www.top10casinowebsites.net\/fr\/mobiles\/ipad\/#primaryimage"},"image":{"@id":"https:\/\/www.top10casinowebsites.net\/fr\/mobiles\/ipad\/#primaryimage"},"thumbnailUrl":"https:\/\/www.top10casinowebsites.net\/fr\/wp-content\/uploads\/sites\/4\/2017\/10\/apple-300x197.jpg","datePublished":"2017-10-06T14:30:59+00:00","dateModified":"2017-10-07T17:13:09+00:00","description":"Trouvez les meilleurs casinos iPad pour une large gamme de machines \u00e0 sous en ligne, roulette et blackjack. Jouez sur pratiquement n'importe quel appareil mobile.","breadcrumb":{"@id":"https:\/\/www.top10casinowebsites.net\/fr\/mobiles\/ipad\/#breadcrumb"},"inLanguage":"en-US","potentialAction":[{"@type":"ReadAction","target":["https:\/\/www.top10casinowebsites.net\/fr\/mobiles\/ipad\/"]}]},{"@type":"ImageObject","inLanguage":"en-US","@id":"https:\/\/www.top10casinowebsites.net\/fr\/mobiles\/ipad\/#primaryimage","url":"https:\/\/www.top10casinowebsites.net\/fr\/wp-content\/uploads\/sites\/4\/2017\/10\/apple.jpg","contentUrl":"https:\/\/www.top10casinowebsites.net\/fr\/wp-content\/uploads\/sites\/4\/2017\/10\/apple.jpg","width":380,"height":250},{"@type":"BreadcrumbList","@id":"https:\/\/www.top10casinowebsites.net\/fr\/mobiles\/ipad\/#breadcrumb","itemListElement":[{"@type":"ListItem","position":1,"name":"Home","item":"https:\/\/www.top10casinowebsites.net\/fr\/"},{"@type":"ListItem","position":2,"name":"Meilleurs Casinos Mobiles pour iOS, Android, Blackberry, Windows","item":"https:\/\/www.top10casinowebsites.net\/fr\/mobiles\/"},{"@type":"ListItem","position":3,"name":"Casinos d\u2019IPad Mobile &#8211; Une exp\u00e9rience bien arrondie"}]},{"@type":"WebSite","@id":"https:\/\/www.top10casinowebsites.net\/fr\/#website","url":"https:\/\/www.top10casinowebsites.net\/fr\/","name":"FR","description":"Just another Sites site","potentialAction":[{"@type":"SearchAction","target":{"@type":"EntryPoint","urlTemplate":"https:\/\/www.top10casinowebsites.net\/fr\/?s={search_term_string}"},"query-input":{"@type":"PropertyValueSpecification","valueRequired":true,"valueName":"search_term_string"}}],"inLanguage":"en-US"}]}},"_links":{"self":[{"href":"https:\/\/www.top10casinowebsites.net\/fr\/wp-json\/wp\/v2\/pages\/42","targetHints":{"allow":["GET"]}}],"collection":[{"href":"https:\/\/www.top10casinowebsites.net\/fr\/wp-json\/wp\/v2\/pages"}],"about":[{"href":"https:\/\/www.top10casinowebsites.net\/fr\/wp-json\/wp\/v2\/types\/page"}],"author":[{"embeddable":true,"href":"https:\/\/www.top10casinowebsites.net\/fr\/wp-json\/wp\/v2\/users\/4"}],"replies":[{"embeddable":true,"href":"https:\/\/www.top10casinowebsites.net\/fr\/wp-json\/wp\/v2\/comments?post=42"}],"version-history":[{"count":1,"href":"https:\/\/www.top10casinowebsites.net\/fr\/wp-json\/wp\/v2\/pages\/42\/revisions"}],"predecessor-version":[{"id":43,"href":"https:\/\/www.top10casinowebsites.net\/fr\/wp-json\/wp\/v2\/pages\/42\/revisions\/43"}],"up":[{"embeddable":true,"href":"https:\/\/www.top10casinowebsites.net\/fr\/wp-json\/wp\/v2\/pages\/30"}],"wp:attachment":[{"href":"https:\/\/www.top10casinowebsites.net\/fr\/wp-json\/wp\/v2\/media?parent=42"}],"curies":[{"name":"wp","href":"https:\/\/api.w.org\/{rel}","templated":true}]}}