{"id":45,"date":"2017-10-06T14:37:44","date_gmt":"2017-10-06T14:37:44","guid":{"rendered":"https:\/\/www.top10casinowebsites.net\/fr\/?page_id=45"},"modified":"2017-10-07T17:15:04","modified_gmt":"2017-10-07T17:15:04","slug":"iphone","status":"publish","type":"page","link":"https:\/\/www.top10casinowebsites.net\/fr\/mobiles\/iphone\/","title":{"rendered":"Casinos Mobiles d\u2019IPhone &#8211; l&#8217;extraordinaire"},"content":{"rendered":"<p><img loading=\"lazy\" decoding=\"async\" class=\"alignright size-medium wp-image-44\" src=\"https:\/\/www.top10casinowebsites.net\/fr\/wp-content\/uploads\/sites\/4\/2017\/10\/apple-300x197.jpg\" alt=\"\" width=\"300\" height=\"197\" srcset=\"https:\/\/www.top10casinowebsites.net\/fr\/wp-content\/uploads\/sites\/4\/2017\/10\/apple-300x197.jpg 300w, https:\/\/www.top10casinowebsites.net\/fr\/wp-content\/uploads\/sites\/4\/2017\/10\/apple.jpg 380w\" sizes=\"auto, (max-width: 300px) 100vw, 300px\" \/><a href=\"https:\/\/www.apple.com\/iphone\/\">L\u2019iPhone est l&#8217;un des produits les plus vendus jamais cr\u00e9\u00e9s<\/a> et a une \u00e9norme base d&#8217;utilisateurs partout dans le monde. Il fonctionne sur le syst\u00e8me d&#8217;exploitation d\u2019Apple, <strong>iOS<\/strong>, qui est un syst\u00e8me d&#8217;exploitation comme aucun autre en ce qui concerne l&#8217;exp\u00e9rience de l&#8217;utilisateur et la conception. Le g\u00e9nie du logiciel est dans sa simplicit\u00e9!<\/p>\n<p>Apple a une capacit\u00e9 \u00e9tonnante \u00e0 d\u00e9composer des op\u00e9rations complexes d\u2019une fa\u00e7on homog\u00e8ne et simple, ce qui rend les utilisateurs content et leurs donne une exp\u00e9rience incroyable.<\/p>\n<p>L&#8217;iPhone, l&#8217;iPad et les ordinateurs Macbook et Mac de Apple utilisent tous iOS.<\/p>\n<h2 id=\"topcasinos\">LE TOP 10 DES SITES WEB DE CASINO<\/h2>\n<p><div class=\"grid-contents\" id=\"grid-contents\"><table class=\"cas_table\" ><tbody><tr class=\"rank-1\">\n                                <td class=\"ranking\">1<\/td>\n                                <td class=\"brandcol\">\n                                    <a href=https:\/\/www.top10casinowebsites.net\/fr\/review\/888-casino\/ class=\"brand brand-bg\"><img loading=\"lazy\" decoding=\"async\" class=\"group list-group-image\" src=\"https:\/\/static.top10casinowebsites.net\/images\/casino-rooms\/888-casino-logo.png\" width=\"200\" height=\"128\"\/><\/a>\n                                <\/td>\n                                <td class=\"bonus\" data-title=\"Bonus\">\n\t\t\t\t\t               <p class=\"bonus-text\"><strong>$888<\/strong>Welcome Bonus <br>(<a href=\"https:\/\/www.top10casinowebsites.net\/fr\/review\/888-casino\/\">T&Cs apply, 18+<\/a>)<\/p>\n\t\t\t\t                <\/td>\n\t\t\t\t\t            <td class=\"badge_game\" data-title=\"Rating\">\n                                    <div class=\"rating\"><strong>5<\/strong>\/5<\/div>\n                                    <div class=\"rating stars\" style=\"margin-top: 5px;\"><span class=\"icon icon-stars\"><span class=\"icon-stars green\" style=\"width: 100%;\"><\/span><\/span><\/div>\n\t\t\t\t\t            <\/td>\n                               \n                                <td class=\"play\">\n\t\t\t\t\t               <a class=\"button-gold\" rel=\"nofollow\" href=\"https:\/\/www.top10casinowebsites.net\/fr\/review\/888-casino\/\">Visit<\/a>\n\t                               <div class=\"\">\n\t\t\t\t\t                   <a class=\"review-snippet-link-play-now-col\" href=\"https:\/\/www.top10casinowebsites.net\/fr\/review\/888-casino\/\">Read Review<\/a>\n\t\t\t\t\t               <\/div>\n\t\t\t\t\t           <\/td>\n     \t\t\t\t        <\/tr><\/tbody><\/table><\/div><br \/>\nApple lance \u00e9galement des mises \u00e0 jour qui rendent le logiciel meilleur et meilleur \u00e0 chaque fois. La version de l&#8217;iOS actuel (au moment de la r\u00e9daction) est iOS 9 et l&#8217;iPhone lui-m\u00eame est \u00e9galement mis \u00e0 niveau une fois par an &#8211; nous avons maintenant l&#8217;iPhone 7 et l\u2019iPhone 7 Plus qui ont deux cam\u00e9ras arri\u00e8re et sont m\u00eame \u00e9tanches! Gr\u00e2ce \u00e0 un mat\u00e9riel et \u00e0 un logiciel tr\u00e8s synergiques, l&#8217;iPhone se vend lui-m\u00eame.<\/p>\n<p>Les d\u00e9veloppeurs de casinos mobiles ne peuvent \u00e9videmment pas ignorer l&#8217;iPhone \u00e9tant donn\u00e9 son utilisation r\u00e9pandue. En fait, plus d&#8217;un milliard d&#8217;appareils Apple sont utilis\u00e9s activement dans le monde entier! Par cons\u00e9quent, les d\u00e9veloppeurs de casino de classe mondiale tels que <a href=\"http:\/\/www.microgaming.co.uk\/\">Microgaming<\/a> et <a href=\"https:\/\/www.netent.com\/en\/\">NetEnt<\/a> ont con\u00e7u et lanc\u00e9 des casinos d\u2019iPhone incroyables qui sont tout simplement superbes!<\/p>\n<p>Si vous \u00eates un joueur en ligne avide et avez un iPhone, il est temps que vous pensiez \u00e0 passer du jeu de bureau en ligne aux casinos d\u2019iPhone en argent r\u00e9el. Certains des meilleurs casinos en ligne pour iPhone incluent, sans s&#8217;y limiter, <strong>Mega Moolah, Major Millions, Tumor Raider, Mermaid&#8217;s Millions, Royal Derby, etc.<\/strong><\/p>\n<h2>L\u00e9gitime, certifi\u00e9, approuv\u00e9 et test\u00e9<\/h2>\n<p><img loading=\"lazy\" decoding=\"async\" class=\"alignleft size-full wp-image-37\" src=\"https:\/\/www.top10casinowebsites.net\/fr\/wp-content\/uploads\/sites\/4\/2017\/10\/licensed-casinos.png\" alt=\"\" width=\"128\" height=\"128\" \/>Donc, si vous avez d\u00e9cid\u00e9 de passer du jeu vid\u00e9o en ligne au jeu de casino d\u2019iPhone ou m\u00eame si vous \u00eates un d\u00e9butant en commen\u00e7ant par des jeux en ligne sur votre iPhone, vous voudriez probablement aller \u00e0 l\u2019App Store d\u2019Apple et chercher des applications de casino. Le probl\u00e8me avec cela est qu&#8217;il y a des milliers d&#8217;applications de casino et vous serez compl\u00e8tement confus pour savoir quoi choisir! En outre, de nombreux casinos en ligne ont \u00e9t\u00e9 class\u00e9s dans notre liste noire &#8211; ce qui signifie qu&#8217;ils ne sont pas l\u00e9gitimes ou que les jeux ne sont pas justes ou que vous ne recevrez jamais vos paiements.<\/p>\n<p>C&#8217;est pr\u00e9cis\u00e9ment pourquoi nous vous demandons de faire des recherches avant de jouer sur n&#8217;importe quel casino d\u2019iPhone. En fait, nous avons fait ce travail pour vous. Nous avons r\u00e9pertori\u00e9 certains des meilleurs casinos d\u2019iPhone disponibles sur le march\u00e9 aujourd&#8217;hui et il vous suffit d\u2019en choisir un bas\u00e9 sur les \u00e9valuations et notations que nous leur avons donn\u00e9s.<\/p>\n<p>En fait, certains des meilleurs casinos iPhone d&#8217;argent r\u00e9el ne sont m\u00eame pas disponibles sur <a href=\"https:\/\/www.apple.com\/itunes\/\">Apple App Store<\/a> en raison de certaines restrictions et politiques impos\u00e9es par l&#8217;App Store. Par cons\u00e9quent, l&#8217;avantage d&#8217;aller dans la liste que nous avons sur ce site Web est que vous pouvez \u00eatre s\u00fbr que le casino sur lequel vous jouez est compl\u00e8tement test\u00e9, autoris\u00e9, a une grande collection de jeux, les jeux sont 100% justes et les paiements et les d\u00e9p\u00f4ts peuvent \u00eatre d\u00e9pos\u00e9s sans aucun tracas.<\/p>\n<h2><strong>Casinos iPhone \u2013 comment nous les testons et les \u00e9valuons<\/strong><\/h2>\n<p><img loading=\"lazy\" decoding=\"async\" class=\"alignright size-full wp-image-36\" src=\"https:\/\/www.top10casinowebsites.net\/fr\/wp-content\/uploads\/sites\/4\/2017\/10\/help-and-tips.png\" alt=\"\" width=\"128\" height=\"128\" \/>Il existe plusieurs qualit\u00e9s qui entrent en jeu lors de l\u2019acc\u00e8s \u00e0 un casino mobile \u2013<\/p>\n<ol>\n<li><strong>Bonus de bienvenue\u00a0&#8211; <\/strong>Tous les casinos offrent certains premiers bonus de d\u00e9p\u00f4t. Nous comparons ces bonus \u00e0 tous les niveaux afin que vous ayez une image claire des casinos qui offrent les meilleurs bonus.<\/li>\n<li><strong>Jeux\u00a0&#8211; <\/strong>Les jeux sont la raison pour laquelle vous jouez sur les casinos en ligne. Alors nous passons une majeure partie de notre temps et des ressources, testant les jeux et la qualit\u00e9 de ces derniers.<\/li>\n<li><strong>La s\u00e9curit\u00e9\u00a0&#8211; <\/strong>Un autre facteur crucial est la s\u00e9curit\u00e9. Nous nous assurons que les casinos que nous recommandons sont tous sans risque de hack et utilisent les derni\u00e8res technologies du cyber s\u00e9curit\u00e9.<\/li>\n<li><strong>Les d\u00e9p\u00f4ts et Paiements <\/strong>\u2013 Nous v\u00e9rifions aussi les m\u00e9thodes de paiement que les casinos acceptent et nous testons le nombre de temps requis pour effectuer les d\u00e9p\u00f4ts et les retraits.<\/li>\n<li><strong>Service Client<\/strong> \u2013 Le service client est d\u2019une importance capitale pour un utilisateur. Si vous rencontrez des probl\u00e8mes, alors vous aurez besoin de vous adresser \u00e0 quelqu\u2019un pour trouver la solution aussit\u00f4t que possible. L\u2019Assistance par discussion instantan\u00e9e, l\u2019assistance par Mail et l\u2019assistance par t\u00e9l\u00e9phone sont celles que les casinos recommand\u00e9s par nous utilisent.<\/li>\n<\/ol>\n<h2><strong>Application vs Natif<\/strong><\/h2>\n<p><img loading=\"lazy\" decoding=\"async\" class=\"alignright size-full wp-image-36\" src=\"https:\/\/www.top10casinowebsites.net\/fr\/wp-content\/uploads\/sites\/4\/2017\/10\/help-and-tips.png\" alt=\"\" width=\"128\" height=\"128\" \/>Lorsque les gens pensent aux IPhone, ils ont en esprit les applications. Cependant, ce ne sont pas tous les casinos iPhone qui doivent \u00eatre des applications.<\/p>\n<p>En fait, certains des meilleurs casinos iPhone sont des casinos de jeux instantan\u00e9s.<\/p>\n<p>La diff\u00e9rence r\u00e9side au fait que les applications sont quelque chose dont vous aurez besoin de t\u00e9l\u00e9charger dans votre iPhone et la lancer chaque fois que vous aurez envie de jouer, et de l\u2019autre c\u00f4t\u00e9, les casinos de jeu instantan\u00e9 peuvent juste \u00eatre acc\u00e9d\u00e9s \u00e0 travers votre navigateur web mobile en visitant tout simplement le site web du casino mobile.<\/p>\n<h2><strong>Foire Aux Questions du Casino iPhone<\/strong><\/h2>\n<div class='dt-sc-toggle-frame-set'><div class=\"dt-sc-toggle-frame\">\t<h5 class='dt-sc-toggle-accordion '><a href='#'>Quels jeux de casino puis-je jouer sur mon iPhone ?<\/a><\/h5>\t<div class=\"dt-sc-toggle-content\" style=\"display: none;\">\t\t<div class=\"block\">IOS supporte litt\u00e9ralement chacun et tout jeu que vous trouverez probablement dans une grande \u00e9chelle du casino terrestre. Depuis les machines \u00e0 sous, aux jeux de table, \u00e0 la roulette, au video poker et beaucoup beaucoup d\u2019autres.\u00a0 Plusieurs casinos iPhone ont tous d\u00e9j\u00e0 tous ces jeux dans leurs galeries et ils sont m\u00eame cat\u00e9goris\u00e9s par type de jeux pour votre facilit\u00e9.\t\t<\/div>\t<\/div><\/div><div class=\"dt-sc-toggle-frame\">\t<h5 class='dt-sc-toggle-accordion '><a href='#'>Puis-je jouer gratuitement sur mon iPhone ?<\/a><\/h5>\t<div class=\"dt-sc-toggle-content\" style=\"display: none;\">\t\t<div class=\"block\">Il existe de nombreux Casinos iPhone d\u2019argent r\u00e9el dans lesquels vous pourrez jouer gratuitement\u00a0! Ces derniers sont les jeux de casinos pour jouer, s\u2019amuser et vous pouvez le faire sans paiement requis du tout. C\u2019est une belle mani\u00e8re de se r\u00e9chauffer ou pratiquer avant de mettre de l\u2019argent en jeu.\t\t<\/div>\t<\/div><\/div><div class=\"dt-sc-toggle-frame\">\t<h5 class='dt-sc-toggle-accordion '><a href='#'>Aurais-je un bonus de bienvenue ?<\/a><\/h5>\t<div class=\"dt-sc-toggle-content\" style=\"display: none;\">\t\t<div class=\"block\">Effectivement, presque tous les casinos iPhone offrent quelques eaux \u00e0 la bouche en termes de bonus de bienvenue\u00a0! Consultez notre liste des casinos iPhone recommand\u00e9s.\t\t<\/div>\t<\/div><\/div><\/div>\n","protected":false},"excerpt":{"rendered":"<p>L\u2019iPhone est l&#8217;un des produits les plus vendus jamais cr\u00e9\u00e9s et a une \u00e9norme base d&#8217;utilisateurs partout dans le monde. Il fonctionne sur le syst\u00e8me d&#8217;exploitation d\u2019Apple, iOS, qui est un syst\u00e8me d&#8217;exploitation comme aucun autre en ce qui concerne l&#8217;exp\u00e9rience de l&#8217;utilisateur et la conception. Le g\u00e9nie du logiciel est dans sa simplicit\u00e9! Apple [&hellip;]<\/p>\n","protected":false},"author":4,"featured_media":0,"parent":30,"menu_order":0,"comment_status":"closed","ping_status":"closed","template":"","meta":{"_acf_changed":false,"footnotes":""},"class_list":["post-45","page","type-page","status-publish","hentry"],"acf":[],"yoast_head":"<!-- This site is optimized with the Yoast SEO plugin v27.4 - https:\/\/yoast.com\/product\/yoast-seo-wordpress\/ -->\n<title>Casinos d\u2019iPhone \u2013 Meilleurs Casinos Mobiles d\u2019iPhone<\/title>\n<meta name=\"description\" content=\"Un guide pour trouver les meilleurs casinos d\u2019iPhone pour les jeux gratuits et en argent r\u00e9el. Jouez aux machines \u00e0 sous, au blackjack et \u00e0 la roulette dans Top 10 des casinos mobiles.\" \/>\n<meta name=\"robots\" content=\"index, follow, max-snippet:-1, max-image-preview:large, max-video-preview:-1\" \/>\n<link rel=\"canonical\" href=\"https:\/\/www.top10casinowebsites.net\/fr\/mobiles\/iphone\/\" \/>\n<meta property=\"og:locale\" content=\"en_US\" \/>\n<meta property=\"og:type\" content=\"article\" \/>\n<meta property=\"og:title\" content=\"Casinos d\u2019iPhone \u2013 Meilleurs Casinos Mobiles d\u2019iPhone\" \/>\n<meta property=\"og:description\" content=\"Un guide pour trouver les meilleurs casinos d\u2019iPhone pour les jeux gratuits et en argent r\u00e9el. Jouez aux machines \u00e0 sous, au blackjack et \u00e0 la roulette dans Top 10 des casinos mobiles.\" \/>\n<meta property=\"og:url\" content=\"https:\/\/www.top10casinowebsites.net\/fr\/mobiles\/iphone\/\" \/>\n<meta property=\"og:site_name\" content=\"FR\" \/>\n<meta property=\"article:modified_time\" content=\"2017-10-07T17:15:04+00:00\" \/>\n<meta property=\"og:image\" content=\"https:\/\/www.top10casinowebsites.net\/fr\/wp-content\/uploads\/sites\/4\/2017\/10\/apple.jpg\" \/>\n\t<meta property=\"og:image:width\" content=\"380\" \/>\n\t<meta property=\"og:image:height\" content=\"250\" \/>\n\t<meta property=\"og:image:type\" content=\"image\/jpeg\" \/>\n<meta name=\"twitter:card\" content=\"summary_large_image\" \/>\n<meta name=\"twitter:label1\" content=\"Est. reading time\" \/>\n\t<meta name=\"twitter:data1\" content=\"6 minutes\" \/>\n<script type=\"application\/ld+json\" class=\"yoast-schema-graph\">{\"@context\":\"https:\\\/\\\/schema.org\",\"@graph\":[{\"@type\":\"WebPage\",\"@id\":\"https:\\\/\\\/www.top10casinowebsites.net\\\/fr\\\/mobiles\\\/iphone\\\/\",\"url\":\"https:\\\/\\\/www.top10casinowebsites.net\\\/fr\\\/mobiles\\\/iphone\\\/\",\"name\":\"Casinos d\u2019iPhone \u2013 Meilleurs Casinos Mobiles d\u2019iPhone\",\"isPartOf\":{\"@id\":\"https:\\\/\\\/www.top10casinowebsites.net\\\/fr\\\/#website\"},\"primaryImageOfPage\":{\"@id\":\"https:\\\/\\\/www.top10casinowebsites.net\\\/fr\\\/mobiles\\\/iphone\\\/#primaryimage\"},\"image\":{\"@id\":\"https:\\\/\\\/www.top10casinowebsites.net\\\/fr\\\/mobiles\\\/iphone\\\/#primaryimage\"},\"thumbnailUrl\":\"https:\\\/\\\/www.top10casinowebsites.net\\\/fr\\\/wp-content\\\/uploads\\\/sites\\\/4\\\/2017\\\/10\\\/apple-300x197.jpg\",\"datePublished\":\"2017-10-06T14:37:44+00:00\",\"dateModified\":\"2017-10-07T17:15:04+00:00\",\"description\":\"Un guide pour trouver les meilleurs casinos d\u2019iPhone pour les jeux gratuits et en argent r\u00e9el. Jouez aux machines \u00e0 sous, au blackjack et \u00e0 la roulette dans Top 10 des casinos mobiles.\",\"breadcrumb\":{\"@id\":\"https:\\\/\\\/www.top10casinowebsites.net\\\/fr\\\/mobiles\\\/iphone\\\/#breadcrumb\"},\"inLanguage\":\"en-US\",\"potentialAction\":[{\"@type\":\"ReadAction\",\"target\":[\"https:\\\/\\\/www.top10casinowebsites.net\\\/fr\\\/mobiles\\\/iphone\\\/\"]}]},{\"@type\":\"ImageObject\",\"inLanguage\":\"en-US\",\"@id\":\"https:\\\/\\\/www.top10casinowebsites.net\\\/fr\\\/mobiles\\\/iphone\\\/#primaryimage\",\"url\":\"https:\\\/\\\/www.top10casinowebsites.net\\\/fr\\\/wp-content\\\/uploads\\\/sites\\\/4\\\/2017\\\/10\\\/apple.jpg\",\"contentUrl\":\"https:\\\/\\\/www.top10casinowebsites.net\\\/fr\\\/wp-content\\\/uploads\\\/sites\\\/4\\\/2017\\\/10\\\/apple.jpg\",\"width\":380,\"height\":250},{\"@type\":\"BreadcrumbList\",\"@id\":\"https:\\\/\\\/www.top10casinowebsites.net\\\/fr\\\/mobiles\\\/iphone\\\/#breadcrumb\",\"itemListElement\":[{\"@type\":\"ListItem\",\"position\":1,\"name\":\"Home\",\"item\":\"https:\\\/\\\/www.top10casinowebsites.net\\\/fr\\\/\"},{\"@type\":\"ListItem\",\"position\":2,\"name\":\"Meilleurs Casinos Mobiles pour iOS, Android, Blackberry, Windows\",\"item\":\"https:\\\/\\\/www.top10casinowebsites.net\\\/fr\\\/mobiles\\\/\"},{\"@type\":\"ListItem\",\"position\":3,\"name\":\"Casinos Mobiles d\u2019IPhone &#8211; l&#8217;extraordinaire\"}]},{\"@type\":\"WebSite\",\"@id\":\"https:\\\/\\\/www.top10casinowebsites.net\\\/fr\\\/#website\",\"url\":\"https:\\\/\\\/www.top10casinowebsites.net\\\/fr\\\/\",\"name\":\"FR\",\"description\":\"Just another Sites site\",\"potentialAction\":[{\"@type\":\"SearchAction\",\"target\":{\"@type\":\"EntryPoint\",\"urlTemplate\":\"https:\\\/\\\/www.top10casinowebsites.net\\\/fr\\\/?s={search_term_string}\"},\"query-input\":{\"@type\":\"PropertyValueSpecification\",\"valueRequired\":true,\"valueName\":\"search_term_string\"}}],\"inLanguage\":\"en-US\"}]}<\/script>\n<!-- \/ Yoast SEO plugin. -->","yoast_head_json":{"title":"Casinos d\u2019iPhone \u2013 Meilleurs Casinos Mobiles d\u2019iPhone","description":"Un guide pour trouver les meilleurs casinos d\u2019iPhone pour les jeux gratuits et en argent r\u00e9el. Jouez aux machines \u00e0 sous, au blackjack et \u00e0 la roulette dans Top 10 des casinos mobiles.","robots":{"index":"index","follow":"follow","max-snippet":"max-snippet:-1","max-image-preview":"max-image-preview:large","max-video-preview":"max-video-preview:-1"},"canonical":"https:\/\/www.top10casinowebsites.net\/fr\/mobiles\/iphone\/","og_locale":"en_US","og_type":"article","og_title":"Casinos d\u2019iPhone \u2013 Meilleurs Casinos Mobiles d\u2019iPhone","og_description":"Un guide pour trouver les meilleurs casinos d\u2019iPhone pour les jeux gratuits et en argent r\u00e9el. Jouez aux machines \u00e0 sous, au blackjack et \u00e0 la roulette dans Top 10 des casinos mobiles.","og_url":"https:\/\/www.top10casinowebsites.net\/fr\/mobiles\/iphone\/","og_site_name":"FR","article_modified_time":"2017-10-07T17:15:04+00:00","og_image":[{"width":380,"height":250,"url":"https:\/\/www.top10casinowebsites.net\/fr\/wp-content\/uploads\/sites\/4\/2017\/10\/apple.jpg","type":"image\/jpeg"}],"twitter_card":"summary_large_image","twitter_misc":{"Est. reading time":"6 minutes"},"schema":{"@context":"https:\/\/schema.org","@graph":[{"@type":"WebPage","@id":"https:\/\/www.top10casinowebsites.net\/fr\/mobiles\/iphone\/","url":"https:\/\/www.top10casinowebsites.net\/fr\/mobiles\/iphone\/","name":"Casinos d\u2019iPhone \u2013 Meilleurs Casinos Mobiles d\u2019iPhone","isPartOf":{"@id":"https:\/\/www.top10casinowebsites.net\/fr\/#website"},"primaryImageOfPage":{"@id":"https:\/\/www.top10casinowebsites.net\/fr\/mobiles\/iphone\/#primaryimage"},"image":{"@id":"https:\/\/www.top10casinowebsites.net\/fr\/mobiles\/iphone\/#primaryimage"},"thumbnailUrl":"https:\/\/www.top10casinowebsites.net\/fr\/wp-content\/uploads\/sites\/4\/2017\/10\/apple-300x197.jpg","datePublished":"2017-10-06T14:37:44+00:00","dateModified":"2017-10-07T17:15:04+00:00","description":"Un guide pour trouver les meilleurs casinos d\u2019iPhone pour les jeux gratuits et en argent r\u00e9el. Jouez aux machines \u00e0 sous, au blackjack et \u00e0 la roulette dans Top 10 des casinos mobiles.","breadcrumb":{"@id":"https:\/\/www.top10casinowebsites.net\/fr\/mobiles\/iphone\/#breadcrumb"},"inLanguage":"en-US","potentialAction":[{"@type":"ReadAction","target":["https:\/\/www.top10casinowebsites.net\/fr\/mobiles\/iphone\/"]}]},{"@type":"ImageObject","inLanguage":"en-US","@id":"https:\/\/www.top10casinowebsites.net\/fr\/mobiles\/iphone\/#primaryimage","url":"https:\/\/www.top10casinowebsites.net\/fr\/wp-content\/uploads\/sites\/4\/2017\/10\/apple.jpg","contentUrl":"https:\/\/www.top10casinowebsites.net\/fr\/wp-content\/uploads\/sites\/4\/2017\/10\/apple.jpg","width":380,"height":250},{"@type":"BreadcrumbList","@id":"https:\/\/www.top10casinowebsites.net\/fr\/mobiles\/iphone\/#breadcrumb","itemListElement":[{"@type":"ListItem","position":1,"name":"Home","item":"https:\/\/www.top10casinowebsites.net\/fr\/"},{"@type":"ListItem","position":2,"name":"Meilleurs Casinos Mobiles pour iOS, Android, Blackberry, Windows","item":"https:\/\/www.top10casinowebsites.net\/fr\/mobiles\/"},{"@type":"ListItem","position":3,"name":"Casinos Mobiles d\u2019IPhone &#8211; l&#8217;extraordinaire"}]},{"@type":"WebSite","@id":"https:\/\/www.top10casinowebsites.net\/fr\/#website","url":"https:\/\/www.top10casinowebsites.net\/fr\/","name":"FR","description":"Just another Sites site","potentialAction":[{"@type":"SearchAction","target":{"@type":"EntryPoint","urlTemplate":"https:\/\/www.top10casinowebsites.net\/fr\/?s={search_term_string}"},"query-input":{"@type":"PropertyValueSpecification","valueRequired":true,"valueName":"search_term_string"}}],"inLanguage":"en-US"}]}},"_links":{"self":[{"href":"https:\/\/www.top10casinowebsites.net\/fr\/wp-json\/wp\/v2\/pages\/45","targetHints":{"allow":["GET"]}}],"collection":[{"href":"https:\/\/www.top10casinowebsites.net\/fr\/wp-json\/wp\/v2\/pages"}],"about":[{"href":"https:\/\/www.top10casinowebsites.net\/fr\/wp-json\/wp\/v2\/types\/page"}],"author":[{"embeddable":true,"href":"https:\/\/www.top10casinowebsites.net\/fr\/wp-json\/wp\/v2\/users\/4"}],"replies":[{"embeddable":true,"href":"https:\/\/www.top10casinowebsites.net\/fr\/wp-json\/wp\/v2\/comments?post=45"}],"version-history":[{"count":1,"href":"https:\/\/www.top10casinowebsites.net\/fr\/wp-json\/wp\/v2\/pages\/45\/revisions"}],"predecessor-version":[{"id":46,"href":"https:\/\/www.top10casinowebsites.net\/fr\/wp-json\/wp\/v2\/pages\/45\/revisions\/46"}],"up":[{"embeddable":true,"href":"https:\/\/www.top10casinowebsites.net\/fr\/wp-json\/wp\/v2\/pages\/30"}],"wp:attachment":[{"href":"https:\/\/www.top10casinowebsites.net\/fr\/wp-json\/wp\/v2\/media?parent=45"}],"curies":[{"name":"wp","href":"https:\/\/api.w.org\/{rel}","templated":true}]}}