{"id":50,"date":"2017-10-06T14:48:50","date_gmt":"2017-10-06T14:48:50","guid":{"rendered":"https:\/\/www.top10casinowebsites.net\/fr\/?page_id=50"},"modified":"2017-10-07T17:15:52","modified_gmt":"2017-10-07T17:15:52","slug":"samsung","status":"publish","type":"page","link":"https:\/\/www.top10casinowebsites.net\/fr\/mobiles\/samsung\/","title":{"rendered":"Casinos Samsung Mobile \u2013 Con\u00e7us pour vous !"},"content":{"rendered":"<p><img loading=\"lazy\" decoding=\"async\" class=\"alignright size-medium wp-image-52\" src=\"https:\/\/www.top10casinowebsites.net\/fr\/wp-content\/uploads\/sites\/4\/2017\/10\/samsung-300x197.jpg\" alt=\"\" width=\"300\" height=\"197\" srcset=\"https:\/\/www.top10casinowebsites.net\/fr\/wp-content\/uploads\/sites\/4\/2017\/10\/samsung-300x197.jpg 300w, https:\/\/www.top10casinowebsites.net\/fr\/wp-content\/uploads\/sites\/4\/2017\/10\/samsung.jpg 380w\" sizes=\"auto, (max-width: 300px) 100vw, 300px\" \/><a href=\"http:\/\/www.samsung.com\/\">Samsung<\/a> est un nom de marque que nous connaissons tous et beaucoup parmi nous sont parvenus \u00e0 l\u2019adorer.\u00a0 Ils sont des pr\u00e9curseurs lorsqu\u2019il s\u2019agit des <a href=\"https:\/\/www.top10casinowebsites.net\/fr\/mobile\/android\">t\u00e9l\u00e9phones tournant sur Android.<\/a> Ils ont aussi la seule vraie comp\u00e9tition qui existe pour Apple.<\/p>\n<p>Samsung est peut \u00eatre devenue un stock de blagues tout r\u00e9cemment d\u00fb \u00e0 <a href=\"https:\/\/www.nytimes.com\/2017\/01\/22\/business\/samsung-galaxy-note-7-battery-fires-report.html?_r=0\">l\u2019\u00e9chec colossal de Samsung Note 7<\/a>, mais nous ne pouvons pas tout simplement refuser qu\u2019ils ont r\u00e9alis\u00e9s quelques des meilleurs, \u00e9l\u00e9gants et des t\u00e9l\u00e9phones pleines de fonctionnalit\u00e9s sur le march\u00e9.<\/p>\n<p>Les t\u00e9l\u00e9phones Samsung ont des excellents processeurs et ils sont en mesure de faire tourner des jeux comme un r\u00eave. En plus de cela, en g\u00e9n\u00e9ral, nombreux des t\u00e9l\u00e9phones Samsung haut de gamme ont des affichages qui sont \u00e0 couper le souffle\u00a0! En termes de <strong>PPI (Pixel Par Pouce)<\/strong> ils sont classes au-dessus de tout autre.<\/p>\n<h2 id=\"topcasinos\">LE TOP 10 DES SITES WEB DE CASINO<\/h2>\n<p><div class=\"grid-contents\" id=\"grid-contents\"><table class=\"cas_table\" ><tbody><tr class=\"rank-1\">\n                                <td class=\"ranking\">1<\/td>\n                                <td class=\"brandcol\">\n                                    <a href=https:\/\/www.top10casinowebsites.net\/fr\/review\/888-casino\/ class=\"brand brand-bg\"><img loading=\"lazy\" decoding=\"async\" class=\"group list-group-image\" src=\"https:\/\/static.top10casinowebsites.net\/images\/casino-rooms\/888-casino-logo.png\" width=\"200\" height=\"128\"\/><\/a>\n                                <\/td>\n                                <td class=\"bonus\" data-title=\"Bonus\">\n\t\t\t\t\t               <p class=\"bonus-text\"><strong>$888<\/strong>Welcome Bonus <br>(<a href=\"https:\/\/www.top10casinowebsites.net\/fr\/review\/888-casino\/\">T&Cs apply, 18+<\/a>)<\/p>\n\t\t\t\t                <\/td>\n\t\t\t\t\t            <td class=\"badge_game\" data-title=\"Rating\">\n                                    <div class=\"rating\"><strong>5<\/strong>\/5<\/div>\n                                    <div class=\"rating stars\" style=\"margin-top: 5px;\"><span class=\"icon icon-stars\"><span class=\"icon-stars green\" style=\"width: 100%;\"><\/span><\/span><\/div>\n\t\t\t\t\t            <\/td>\n                               \n                                <td class=\"play\">\n\t\t\t\t\t               <a class=\"button-gold\" rel=\"nofollow\" href=\"https:\/\/www.top10casinowebsites.net\/fr\/review\/888-casino\/\">Visit<\/a>\n\t                               <div class=\"\">\n\t\t\t\t\t                   <a class=\"review-snippet-link-play-now-col\" href=\"https:\/\/www.top10casinowebsites.net\/fr\/review\/888-casino\/\">Read Review<\/a>\n\t\t\t\t\t               <\/div>\n\t\t\t\t\t           <\/td>\n     \t\t\t\t        <\/tr><\/tbody><\/table><\/div><br \/>\nPour ceux d\u2019entre vous poss\u00e9dant des t\u00e9l\u00e9phones Samsung, principalement les t\u00e9l\u00e9phones haut de gamme des s\u00e9ries Galaxy, vous ne faites pas justice au t\u00e9l\u00e9phone si vous ne jouez pas aux jeux de casino mobile sur votre t\u00e9l\u00e9phone Samsung. Pas seulement qu\u2019il est un outil de vie, mais vous pourrez vous faire un bon montant de revenus en l\u2019utilisant.<\/p>\n<h2><strong>L\u00e9gitime, certifi\u00e9, essay\u00e9 et test\u00e9<\/strong><\/h2>\n<p><img loading=\"lazy\" decoding=\"async\" class=\"alignleft size-full wp-image-37\" src=\"https:\/\/www.top10casinowebsites.net\/fr\/wp-content\/uploads\/sites\/4\/2017\/10\/licensed-casinos.png\" alt=\"\" width=\"128\" height=\"128\" \/>Les smartphones Samsung se limitent \u00e0 Android et ex\u00e9cutent leur propre interface utilisateur personnalis\u00e9 en plus. Par cons\u00e9quent, vous pourriez typiquement visiter le Google Play Store afin de t\u00e9l\u00e9charger les applications. On pourrait donc penser que c\u2019est ici que vous allez que vous allez trouver vos casinos Samsung Mobile, mais malheureusement, les politiques et r\u00e8gles de Google Play Store sont loin d\u2019autoriser les applications de jeux d\u2019argent r\u00e9el.<\/p>\n<p>Par cons\u00e9quent, vous pourrez \u00eatre un peu pr\u00e9cipit\u00e9 de trouver un casino Samsung Mobile d\u2019argent r\u00e9el. C\u2019est \u00e0 ce moment que nous venons \u00e0 la rescousse, jetez juste un coup d\u2019\u0153il sur le site et vous constaterez que nous avons une liste des Casinos Android pour vous et tout ce que vous avez \u00e0 faire et de choisir celui qui vous int\u00e9resse et commencer \u00e0 jouer dessus.<\/p>\n<p>Lorsque vous choisissez un casino Android que nous avions recommand\u00e9s sur notre site web pour votre t\u00e9l\u00e9phone Samsung, alors vous \u00eates litt\u00e9ralement en train de jouer sur un casino qu\u2019a \u00e9t\u00e9 v\u00e9rifi\u00e9 par nous. Nous avions en Back ground v\u00e9rifi\u00e9 \u00e7a, jou\u00e9 dessus, test\u00e9 \u00e7a, et nous rassurer qu\u2019il soit autoris\u00e9, assur\u00e9 que les jeux sont tous 100% bons et que vous aurez la meilleure cr\u00e8me possible \u2013 tout ce que vous avez \u00e0 faire est de choisir un casino et commencez \u00e0 jouer votre c\u0153ur ouvert\u00a0!<\/p>\n<h2><strong>Casinos Samsung \u2013 comment nous les testons et les \u00e9valuons <\/strong><\/h2>\n<p><img loading=\"lazy\" decoding=\"async\" class=\"alignright size-full wp-image-36\" src=\"https:\/\/www.top10casinowebsites.net\/fr\/wp-content\/uploads\/sites\/4\/2017\/10\/help-and-tips.png\" alt=\"\" width=\"128\" height=\"128\" \/>Comme mentionn\u00e9, nous ne recommandons pas tout et chaque casino.<\/p>\n<p>S\u2019il existe un casino list\u00e9 ici, cela signifie que nous avions consacr\u00e9s du temps et des ressources pout v\u00e9rifi\u00e9 qu\u2019il soit un casino de meilleure qualit\u00e9.<\/p>\n<p>Voici quelques-uns des facteurs qui sont consid\u00e9r\u00e9s pendant l\u2019\u00e9valuation des casinos Samsung Mobile.<\/p>\n<ol>\n<li><strong>Bonus de bienvenue\u00a0: <\/strong>Les bonus de premier d\u00e9p\u00f4t sont fr\u00e9quents ces jours et vous trouverez souvent cela sur tout casino pour la premi\u00e8re fois. Toutefois, ce que vous pourrez ignorer sont les conditions et termes derri\u00e8re tout \u00e7a. Nous mettons tout cela \u00e0 nu pour vous afin que vous puissiez prendre une d\u00e9cision avis\u00e9e.<\/li>\n<li><strong>Jeux\u00a0:<\/strong> Les casinos que nous recommandons ont une collection de jeux \u00e9lectriques qui peut varier des pokers aux paris sport et de la Roulette au Bingo. Les jeux de carte, de table, machines \u00e0 sous\u2026etc. Ils ont tous cela\u00a0!<\/li>\n<li><strong>S\u00e9curit\u00e9\u00a0:<\/strong> De tous les casinos que nous testons, il y a juste quelques-uns parmi que nous recommandons aux lecteurs. L\u2019utilisation de technologies SSL et de chiffrement pour prot\u00e9ger les donn\u00e9es est le plus important dans nos livres et nous n\u2019accepterons jamais un casino que ne se pr\u00e9sente pas dans cet ordre.<\/li>\n<li><strong>D\u00e9p\u00f4ts et Paiements\u00a0:<\/strong> Les d\u00e9p\u00f4ts et paiements se doivent d\u2019\u00eatre sans tracas et rapides. Aussi, un vrai Casino Samsung acceptera de nombreux moyens de paiements tels que les cartes de cr\u00e9dit, cartes de d\u00e9bit, portefeuilles \u00e9lectroniques, ch\u00e8ques, transfert bancaire et bien plus.<\/li>\n<li><strong>Service Client\u00a0:<\/strong> Si un casino \u00e0 tout cela, mais ne dispose pas d\u2019un service client de renom \u2013 il ne pourra pas tout simplement entrer en jeu aussit\u00f4t que nous sommes concern\u00e9s.<\/li>\n<\/ol>\n<h2><strong>Application vs Natif<\/strong><\/h2>\n<p><img loading=\"lazy\" decoding=\"async\" class=\"alignright size-full wp-image-36\" src=\"https:\/\/www.top10casinowebsites.net\/fr\/wp-content\/uploads\/sites\/4\/2017\/10\/help-and-tips.png\" alt=\"\" width=\"128\" height=\"128\" \/>Contrairement \u00e0 ce que beaucoup pensent, les meilleurs casinos mobiles ne pas des applications t\u00e9l\u00e9chargeables\u00a0!<\/p>\n<p>Il existe en r\u00e9alit\u00e9 les casinos de jeu instantan\u00e9 qui sont aliment\u00e9s par <a href=\"https:\/\/en.wikipedia.org\/wiki\/HTML5\">HTML5<\/a> et <a href=\"https:\/\/get.adobe.com\/flashplayer\/\">Flash<\/a> et dont vous pourrez avoir acc\u00e8s depuis votre t\u00e9l\u00e9phone mobile Samsung \u00e0 travers le navigateur.<\/p>\n<p>Tout ce que vous aurez \u00e0 faire et de lancer le navigateur et d\u2019entrer l\u2019URL du site web mobile (nous les avons list\u00e9s) dans la barre d\u2019adresse.<\/p>\n<p>De cette fa\u00e7on, vous ne prenez aucun risque \u00e0 t\u00e9l\u00e9charger les applications de casinos des sources non s\u00e9curis\u00e9s et risquer d\u2019infecter votre t\u00e9l\u00e9phone Samsung avec un virus ou un logiciel malveillant.<\/p>\n<h2><strong>Foire Aux Questions Du Casino Samsung<\/strong><\/h2>\n<div class='dt-sc-toggle-frame-set'><div class=\"dt-sc-toggle-frame\">\t<h5 class='dt-sc-toggle-accordion '><a href='#'>Quels jeux puis-je jouer sur mon t\u00e9l\u00e9phone mobile Samsung ?<\/a><\/h5>\t<div class=\"dt-sc-toggle-content\" style=\"display: none;\">\t\t<div class=\"block\">De nombreux casinos disposent de toutes sortes de jeux pour vous\u00a0! Tout jeu de casino que vous pourrez trouver dans un vrai casino, vous \u00eates certain de trouver pareil dans un casino mobile Samsung.\t\t<\/div>\t<\/div><\/div><div class=\"dt-sc-toggle-frame\">\t<h5 class='dt-sc-toggle-accordion '><a href='#'>Est-il prudent de jouer aux jeux de casino d\u2019argent r\u00e9el sur mon t\u00e9l\u00e9phone mobile Samsung ?<\/a><\/h5>\t<div class=\"dt-sc-toggle-content\" style=\"display: none;\">\t\t<div class=\"block\">Pour autant que vous ayez port\u00e9 votre choix vers les jeux que nous avions list\u00e9s, nous vous garantissons que vous \u00eates en s\u00e9curit\u00e9 dans tous les sens. Nous disposons aussi d\u2019une liste noire dans laquelle nous \u00e9num\u00e9rons les casinos que nous avons jug\u00e9s \u00eatre frauduleux. C\u2019est important de jeter un coup d\u2019\u0153il sur ladite liste pour voir ce qu\u2019il faut \u00e9viter absolument.\t\t<\/div>\t<\/div><\/div><div class=\"dt-sc-toggle-frame\">\t<h5 class='dt-sc-toggle-accordion '><a href='#'>Jouer aux jeux de casino ralentira-t-il mon mobile Samsung ?<\/a><\/h5>\t<div class=\"dt-sc-toggle-content\" style=\"display: none;\">\t\t<div class=\"block\">Pas du tout\u00a0! Rappelez-vous que vous n\u2019allez absolument rien t\u00e9l\u00e9charger dans la m\u00e9moire de votre appareil. Tout ce que vous faites est d\u2019acc\u00e9der au site mobile et de jouer dessus \u2013 et ceci ne prend honn\u00eatement m\u00eame pas %20 des ressources du processeur de votre mobile Samsung. Si vous avez le sentiment que le jeu est \u00e0 la traine, alors ce n\u2019est li\u00e9 \u00e0 votre appareil, c\u2019est sans doute votre connexion internet et vous devrez v\u00e9rifier \u00e0 ce niveau.\t\t<\/div>\t<\/div><\/div><\/div>\n","protected":false},"excerpt":{"rendered":"<p>Samsung est un nom de marque que nous connaissons tous et beaucoup parmi nous sont parvenus \u00e0 l\u2019adorer.\u00a0 Ils sont des pr\u00e9curseurs lorsqu\u2019il s\u2019agit des t\u00e9l\u00e9phones tournant sur Android. Ils ont aussi la seule vraie comp\u00e9tition qui existe pour Apple. Samsung est peut \u00eatre devenue un stock de blagues tout r\u00e9cemment d\u00fb \u00e0 l\u2019\u00e9chec colossal [&hellip;]<\/p>\n","protected":false},"author":4,"featured_media":0,"parent":30,"menu_order":0,"comment_status":"closed","ping_status":"closed","template":"","meta":{"_acf_changed":false,"footnotes":""},"class_list":["post-50","page","type-page","status-publish","hentry"],"acf":[],"yoast_head":"<!-- This site is optimized with the Yoast SEO plugin v27.4 - https:\/\/yoast.com\/product\/yoast-seo-wordpress\/ -->\n<title>Casinos Samsung \u2013 Meilleurs Casinos Samsung Mobile<\/title>\n<meta name=\"description\" content=\"Une liste des 10 meilleurs Casinos Samsung Mobile. Jouez la meilleur Machine \u00e0 sous Vegas en ligne, les jeux de table et de carte gratuitement en argent r\u00e9el.\" \/>\n<meta name=\"robots\" content=\"index, follow, max-snippet:-1, max-image-preview:large, max-video-preview:-1\" \/>\n<link rel=\"canonical\" href=\"https:\/\/www.top10casinowebsites.net\/fr\/mobiles\/samsung\/\" \/>\n<meta property=\"og:locale\" content=\"en_US\" \/>\n<meta property=\"og:type\" content=\"article\" \/>\n<meta property=\"og:title\" content=\"Casinos Samsung \u2013 Meilleurs Casinos Samsung Mobile\" \/>\n<meta property=\"og:description\" content=\"Une liste des 10 meilleurs Casinos Samsung Mobile. Jouez la meilleur Machine \u00e0 sous Vegas en ligne, les jeux de table et de carte gratuitement en argent r\u00e9el.\" \/>\n<meta property=\"og:url\" content=\"https:\/\/www.top10casinowebsites.net\/fr\/mobiles\/samsung\/\" \/>\n<meta property=\"og:site_name\" content=\"FR\" \/>\n<meta property=\"article:modified_time\" content=\"2017-10-07T17:15:52+00:00\" \/>\n<meta property=\"og:image\" content=\"https:\/\/www.top10casinowebsites.net\/fr\/wp-content\/uploads\/sites\/4\/2017\/10\/samsung.jpg\" \/>\n\t<meta property=\"og:image:width\" content=\"380\" \/>\n\t<meta property=\"og:image:height\" content=\"250\" \/>\n\t<meta property=\"og:image:type\" content=\"image\/jpeg\" \/>\n<meta name=\"twitter:card\" content=\"summary_large_image\" \/>\n<meta name=\"twitter:label1\" content=\"Est. reading time\" \/>\n\t<meta name=\"twitter:data1\" content=\"6 minutes\" \/>\n<script type=\"application\/ld+json\" class=\"yoast-schema-graph\">{\"@context\":\"https:\\\/\\\/schema.org\",\"@graph\":[{\"@type\":\"WebPage\",\"@id\":\"https:\\\/\\\/www.top10casinowebsites.net\\\/fr\\\/mobiles\\\/samsung\\\/\",\"url\":\"https:\\\/\\\/www.top10casinowebsites.net\\\/fr\\\/mobiles\\\/samsung\\\/\",\"name\":\"Casinos Samsung \u2013 Meilleurs Casinos Samsung Mobile\",\"isPartOf\":{\"@id\":\"https:\\\/\\\/www.top10casinowebsites.net\\\/fr\\\/#website\"},\"primaryImageOfPage\":{\"@id\":\"https:\\\/\\\/www.top10casinowebsites.net\\\/fr\\\/mobiles\\\/samsung\\\/#primaryimage\"},\"image\":{\"@id\":\"https:\\\/\\\/www.top10casinowebsites.net\\\/fr\\\/mobiles\\\/samsung\\\/#primaryimage\"},\"thumbnailUrl\":\"https:\\\/\\\/www.top10casinowebsites.net\\\/fr\\\/wp-content\\\/uploads\\\/sites\\\/4\\\/2017\\\/10\\\/samsung-300x197.jpg\",\"datePublished\":\"2017-10-06T14:48:50+00:00\",\"dateModified\":\"2017-10-07T17:15:52+00:00\",\"description\":\"Une liste des 10 meilleurs Casinos Samsung Mobile. Jouez la meilleur Machine \u00e0 sous Vegas en ligne, les jeux de table et de carte gratuitement en argent r\u00e9el.\",\"breadcrumb\":{\"@id\":\"https:\\\/\\\/www.top10casinowebsites.net\\\/fr\\\/mobiles\\\/samsung\\\/#breadcrumb\"},\"inLanguage\":\"en-US\",\"potentialAction\":[{\"@type\":\"ReadAction\",\"target\":[\"https:\\\/\\\/www.top10casinowebsites.net\\\/fr\\\/mobiles\\\/samsung\\\/\"]}]},{\"@type\":\"ImageObject\",\"inLanguage\":\"en-US\",\"@id\":\"https:\\\/\\\/www.top10casinowebsites.net\\\/fr\\\/mobiles\\\/samsung\\\/#primaryimage\",\"url\":\"https:\\\/\\\/www.top10casinowebsites.net\\\/fr\\\/wp-content\\\/uploads\\\/sites\\\/4\\\/2017\\\/10\\\/samsung.jpg\",\"contentUrl\":\"https:\\\/\\\/www.top10casinowebsites.net\\\/fr\\\/wp-content\\\/uploads\\\/sites\\\/4\\\/2017\\\/10\\\/samsung.jpg\",\"width\":380,\"height\":250},{\"@type\":\"BreadcrumbList\",\"@id\":\"https:\\\/\\\/www.top10casinowebsites.net\\\/fr\\\/mobiles\\\/samsung\\\/#breadcrumb\",\"itemListElement\":[{\"@type\":\"ListItem\",\"position\":1,\"name\":\"Home\",\"item\":\"https:\\\/\\\/www.top10casinowebsites.net\\\/fr\\\/\"},{\"@type\":\"ListItem\",\"position\":2,\"name\":\"Meilleurs Casinos Mobiles pour iOS, Android, Blackberry, Windows\",\"item\":\"https:\\\/\\\/www.top10casinowebsites.net\\\/fr\\\/mobiles\\\/\"},{\"@type\":\"ListItem\",\"position\":3,\"name\":\"Casinos Samsung Mobile \u2013 Con\u00e7us pour vous !\"}]},{\"@type\":\"WebSite\",\"@id\":\"https:\\\/\\\/www.top10casinowebsites.net\\\/fr\\\/#website\",\"url\":\"https:\\\/\\\/www.top10casinowebsites.net\\\/fr\\\/\",\"name\":\"FR\",\"description\":\"Just another Sites site\",\"potentialAction\":[{\"@type\":\"SearchAction\",\"target\":{\"@type\":\"EntryPoint\",\"urlTemplate\":\"https:\\\/\\\/www.top10casinowebsites.net\\\/fr\\\/?s={search_term_string}\"},\"query-input\":{\"@type\":\"PropertyValueSpecification\",\"valueRequired\":true,\"valueName\":\"search_term_string\"}}],\"inLanguage\":\"en-US\"}]}<\/script>\n<!-- \/ Yoast SEO plugin. -->","yoast_head_json":{"title":"Casinos Samsung \u2013 Meilleurs Casinos Samsung Mobile","description":"Une liste des 10 meilleurs Casinos Samsung Mobile. Jouez la meilleur Machine \u00e0 sous Vegas en ligne, les jeux de table et de carte gratuitement en argent r\u00e9el.","robots":{"index":"index","follow":"follow","max-snippet":"max-snippet:-1","max-image-preview":"max-image-preview:large","max-video-preview":"max-video-preview:-1"},"canonical":"https:\/\/www.top10casinowebsites.net\/fr\/mobiles\/samsung\/","og_locale":"en_US","og_type":"article","og_title":"Casinos Samsung \u2013 Meilleurs Casinos Samsung Mobile","og_description":"Une liste des 10 meilleurs Casinos Samsung Mobile. Jouez la meilleur Machine \u00e0 sous Vegas en ligne, les jeux de table et de carte gratuitement en argent r\u00e9el.","og_url":"https:\/\/www.top10casinowebsites.net\/fr\/mobiles\/samsung\/","og_site_name":"FR","article_modified_time":"2017-10-07T17:15:52+00:00","og_image":[{"width":380,"height":250,"url":"https:\/\/www.top10casinowebsites.net\/fr\/wp-content\/uploads\/sites\/4\/2017\/10\/samsung.jpg","type":"image\/jpeg"}],"twitter_card":"summary_large_image","twitter_misc":{"Est. reading time":"6 minutes"},"schema":{"@context":"https:\/\/schema.org","@graph":[{"@type":"WebPage","@id":"https:\/\/www.top10casinowebsites.net\/fr\/mobiles\/samsung\/","url":"https:\/\/www.top10casinowebsites.net\/fr\/mobiles\/samsung\/","name":"Casinos Samsung \u2013 Meilleurs Casinos Samsung Mobile","isPartOf":{"@id":"https:\/\/www.top10casinowebsites.net\/fr\/#website"},"primaryImageOfPage":{"@id":"https:\/\/www.top10casinowebsites.net\/fr\/mobiles\/samsung\/#primaryimage"},"image":{"@id":"https:\/\/www.top10casinowebsites.net\/fr\/mobiles\/samsung\/#primaryimage"},"thumbnailUrl":"https:\/\/www.top10casinowebsites.net\/fr\/wp-content\/uploads\/sites\/4\/2017\/10\/samsung-300x197.jpg","datePublished":"2017-10-06T14:48:50+00:00","dateModified":"2017-10-07T17:15:52+00:00","description":"Une liste des 10 meilleurs Casinos Samsung Mobile. Jouez la meilleur Machine \u00e0 sous Vegas en ligne, les jeux de table et de carte gratuitement en argent r\u00e9el.","breadcrumb":{"@id":"https:\/\/www.top10casinowebsites.net\/fr\/mobiles\/samsung\/#breadcrumb"},"inLanguage":"en-US","potentialAction":[{"@type":"ReadAction","target":["https:\/\/www.top10casinowebsites.net\/fr\/mobiles\/samsung\/"]}]},{"@type":"ImageObject","inLanguage":"en-US","@id":"https:\/\/www.top10casinowebsites.net\/fr\/mobiles\/samsung\/#primaryimage","url":"https:\/\/www.top10casinowebsites.net\/fr\/wp-content\/uploads\/sites\/4\/2017\/10\/samsung.jpg","contentUrl":"https:\/\/www.top10casinowebsites.net\/fr\/wp-content\/uploads\/sites\/4\/2017\/10\/samsung.jpg","width":380,"height":250},{"@type":"BreadcrumbList","@id":"https:\/\/www.top10casinowebsites.net\/fr\/mobiles\/samsung\/#breadcrumb","itemListElement":[{"@type":"ListItem","position":1,"name":"Home","item":"https:\/\/www.top10casinowebsites.net\/fr\/"},{"@type":"ListItem","position":2,"name":"Meilleurs Casinos Mobiles pour iOS, Android, Blackberry, Windows","item":"https:\/\/www.top10casinowebsites.net\/fr\/mobiles\/"},{"@type":"ListItem","position":3,"name":"Casinos Samsung Mobile \u2013 Con\u00e7us pour vous !"}]},{"@type":"WebSite","@id":"https:\/\/www.top10casinowebsites.net\/fr\/#website","url":"https:\/\/www.top10casinowebsites.net\/fr\/","name":"FR","description":"Just another Sites site","potentialAction":[{"@type":"SearchAction","target":{"@type":"EntryPoint","urlTemplate":"https:\/\/www.top10casinowebsites.net\/fr\/?s={search_term_string}"},"query-input":{"@type":"PropertyValueSpecification","valueRequired":true,"valueName":"search_term_string"}}],"inLanguage":"en-US"}]}},"_links":{"self":[{"href":"https:\/\/www.top10casinowebsites.net\/fr\/wp-json\/wp\/v2\/pages\/50","targetHints":{"allow":["GET"]}}],"collection":[{"href":"https:\/\/www.top10casinowebsites.net\/fr\/wp-json\/wp\/v2\/pages"}],"about":[{"href":"https:\/\/www.top10casinowebsites.net\/fr\/wp-json\/wp\/v2\/types\/page"}],"author":[{"embeddable":true,"href":"https:\/\/www.top10casinowebsites.net\/fr\/wp-json\/wp\/v2\/users\/4"}],"replies":[{"embeddable":true,"href":"https:\/\/www.top10casinowebsites.net\/fr\/wp-json\/wp\/v2\/comments?post=50"}],"version-history":[{"count":1,"href":"https:\/\/www.top10casinowebsites.net\/fr\/wp-json\/wp\/v2\/pages\/50\/revisions"}],"predecessor-version":[{"id":51,"href":"https:\/\/www.top10casinowebsites.net\/fr\/wp-json\/wp\/v2\/pages\/50\/revisions\/51"}],"up":[{"embeddable":true,"href":"https:\/\/www.top10casinowebsites.net\/fr\/wp-json\/wp\/v2\/pages\/30"}],"wp:attachment":[{"href":"https:\/\/www.top10casinowebsites.net\/fr\/wp-json\/wp\/v2\/media?parent=50"}],"curies":[{"name":"wp","href":"https:\/\/api.w.org\/{rel}","templated":true}]}}