{"id":58,"date":"2017-10-06T15:10:12","date_gmt":"2017-10-06T15:10:12","guid":{"rendered":"https:\/\/www.top10casinowebsites.net\/fr\/?page_id=58"},"modified":"2017-10-07T16:56:08","modified_gmt":"2017-10-07T16:56:08","slug":"casinos-en-direct","status":"publish","type":"page","link":"https:\/\/www.top10casinowebsites.net\/fr\/casinos-en-direct\/","title":{"rendered":"Casinos en Direct \u2013 Casinos en Ligne en Direct avec Concessionnaire en direct"},"content":{"rendered":"<p><img loading=\"lazy\" decoding=\"async\" class=\"alignright size-medium wp-image-60\" src=\"https:\/\/www.top10casinowebsites.net\/fr\/wp-content\/uploads\/sites\/4\/2017\/10\/live-casino-dealer-300x197.jpg\" alt=\"\" width=\"300\" height=\"197\" srcset=\"https:\/\/www.top10casinowebsites.net\/fr\/wp-content\/uploads\/sites\/4\/2017\/10\/live-casino-dealer-300x197.jpg 300w, https:\/\/www.top10casinowebsites.net\/fr\/wp-content\/uploads\/sites\/4\/2017\/10\/live-casino-dealer.jpg 380w\" sizes=\"auto, (max-width: 300px) 100vw, 300px\" \/>Table de jeu de fantaisie et les jeux de carte exactement comme ils le font pour les casinos natifs sans toute la difficult\u00e9 de visiter un physiquement\u00a0?<\/p>\n<p>Merci \u00e0 la technologie\u00a0! Pas besoin de bouger un pouce pour jouir de ce droit depuis le confort de votre maison.<\/p>\n<p><strong>Top 10 des Fonctionnalit\u00e9s des Sites Web de Casino <\/strong>dont les meilleurs casinos avec distributeur direct offrent\u00a0: une exp\u00e9rience unique o\u00f9 tout ce que vous faites est relax et laissez la technologie tout faire.<\/p>\n<p>Notre \u00e9quipe d\u2019experts a tout fait pour vous emmener les casinos avec meilleur distributeur en direct offrant une magnifique exp\u00e9rience mondiale de jeu.<\/p>\n<h2 id=\"topcasinos\">LE TOP 10 DES SITES WEB DE CASINO<\/h2>\n<div class=\"grid-contents\" id=\"grid-contents\"><table class=\"cas_table\" ><tbody><tr class=\"rank-1\">\n                                <td class=\"ranking\">1<\/td>\n                                <td class=\"brandcol\">\n                                    <a href=https:\/\/www.top10casinowebsites.net\/fr\/review\/888-casino\/ class=\"brand brand-bg\"><img loading=\"lazy\" decoding=\"async\" class=\"group list-group-image\" src=\"https:\/\/static.top10casinowebsites.net\/images\/casino-rooms\/888-casino-logo.png\" width=\"200\" height=\"128\"\/><\/a>\n                                <\/td>\n                                <td class=\"bonus\" data-title=\"Bonus\">\n\t\t\t\t\t               <p class=\"bonus-text\"><strong>$888<\/strong>Welcome Bonus <br>(<a href=\"https:\/\/www.top10casinowebsites.net\/fr\/review\/888-casino\/\">T&Cs apply, 18+<\/a>)<\/p>\n\t\t\t\t                <\/td>\n\t\t\t\t\t            <td class=\"badge_game\" data-title=\"Rating\">\n                                    <div class=\"rating\"><strong>5<\/strong>\/5<\/div>\n                                    <div class=\"rating stars\" style=\"margin-top: 5px;\"><span class=\"icon icon-stars\"><span class=\"icon-stars green\" style=\"width: 100%;\"><\/span><\/span><\/div>\n\t\t\t\t\t            <\/td>\n                               \n                                <td class=\"play\">\n\t\t\t\t\t               <a class=\"button-gold\" rel=\"nofollow\" href=\"https:\/\/www.top10casinowebsites.net\/fr\/review\/888-casino\/\">Visit<\/a>\n\t                               <div class=\"\">\n\t\t\t\t\t                   <a class=\"review-snippet-link-play-now-col\" href=\"https:\/\/www.top10casinowebsites.net\/fr\/review\/888-casino\/\">Read Review<\/a>\n\t\t\t\t\t               <\/div>\n\t\t\t\t\t           <\/td>\n     \t\t\t\t        <\/tr><\/tbody><\/table><\/div>\n<p>Alors, si vous \u00eates pr\u00eat \u00e0 exp\u00e9rimenter les vrais distributeurs mondiaux et croupiers, commen\u00e7ons. Nous listons les meilleurs casinos avec distributeur en direct qui offrent\u00a0:<\/p>\n<ul>\n<li>Une interface ergonomique avec distributeur de jeux en direct de qualit\u00e9<\/li>\n<li>Streaming en direct en haute d\u00e9finition avec les croupiers, brossiers et distributeurs professionnels<\/li>\n<li>Logiciel sophistiqu\u00e9 permettant de jouer ais\u00e9ment sur un Smartphone ou une tablette<\/li>\n<li>Tous les jeux avec distributeur en direct comprenant <a href=\"https:\/\/www.top10casinowebsites.net\/fr\/casinos-en-direct\/blackjack\/\"><strong>Blackjack<\/strong><\/a><strong>, <\/strong><a href=\"https:\/\/www.top10casinowebsites.net\/fr\/casinos-en-direct\/roulette\/\"><strong>Roulette<\/strong><\/a><strong>, <\/strong><a href=\"https:\/\/www.top10casinowebsites.net\/fr\/casinos-en-direct\/baccarat\/\"><strong>Baccarat<\/strong><\/a><strong>, et <\/strong><a href=\"https:\/\/www.top10casinowebsites.net\/fr\/casinos-en-direct\/casino-holdem\/\"><strong>Casino Hold\u2019em<\/strong><\/a><\/li>\n<\/ul>\n<p>Si vous souhaitez jouer pour une exp\u00e9rience unique, et bien entendu, les sensations d\u2019un casino terrestre (natif), alors le Top 10 des Sites Web de Casino est l\u2019endroit o\u00f9 vous pouvez commencer.<\/p>\n<h2><strong>Comment les Casinos avec Distributeurs en Direct Fonctionnent<\/strong><\/h2>\n<p><img loading=\"lazy\" decoding=\"async\" class=\"size-full wp-image-36 alignright\" src=\"https:\/\/www.top10casinowebsites.net\/fr\/wp-content\/uploads\/sites\/4\/2017\/10\/help-and-tips.png\" alt=\"\" width=\"128\" height=\"128\" \/>Les casinos avec Distributeurs en direct sont l\u2019un des plus belles innovations dans l\u2019industrie du jeu en ligne avec principaux fournisseurs de jeux comme <strong>Microgaming, <\/strong><a href=\"https:\/\/www.evolutiongaming.com\/\"><strong>Evolution Gaming<\/strong><\/a><strong>, Playtech, et <\/strong><a href=\"http:\/\/netent.com\/\"><strong>Net Entertainment<\/strong><\/a>, menant le peloton.<\/p>\n<p>Les jeux sont visionn\u00e9s en direct depuis le studio du fournisseur du jeu et sont conduits dans une configuration de casino authentique avec un distributeur et croupier r\u00e9els dirigeant le jeu plut\u00f4t que le logiciel.<\/p>\n<p>Quelques jeux sont visionn\u00e9s en direct depuis un casino terrestre.<\/p>\n<p>Vous pouvez interagir avec le distributeur et d\u2019autres joueurs et miser comme vous le feriez dans un casino. Si vous jouez \u00e0 Blackjack le concessionnaire vous mettra les cartes \u00e0 disposition pendant que si vous jouez \u00e0 la Roulette le croupier tournera la roue.<\/p>\n<h2><strong>Jeu d\u2019Evolution <\/strong><\/h2>\n<p><center><iframe loading=\"lazy\" src=\"https:\/\/www.youtube.com\/embed\/c9DORLfoZfQ\" width=\"560\" height=\"315\" frameborder=\"0\" allowfullscreen=\"allowfullscreen\"><\/iframe><\/center><br \/>\nChoisissez tout simplement votre type de pari et le montant et laisser le concessionnaire faire le reste. Vous serez en mesure d\u2019ajouter et retirer les jetons ou assises, en fonction de la table sur laquelle vous jouez. Vous pouvez jouer et regarder le jeu se d\u00e9rouler sur l\u2019interface. Ce qui est m\u00eame parfait est le fait que vous pouvez jouer \u00e0 de multiples jeux en un temps dans les formats disponible.<\/p>\n<p>Le Game-Play est lisse, rapide et transparent, donc pr\u00e9parez-vous pour vous quelques actions de haute indice dans les casinos avec des concessionnaires en direct.<\/p>\n<h2>L\u2019Interface Utilisateur du Concessionnaire en Direct<\/h2>\n<p><img loading=\"lazy\" decoding=\"async\" class=\"size-full wp-image-36 alignright\" src=\"https:\/\/www.top10casinowebsites.net\/fr\/wp-content\/uploads\/sites\/4\/2017\/10\/help-and-tips.png\" alt=\"\" width=\"128\" height=\"128\" \/>Une fois que vous avez d\u00e9pos\u00e9 des fonds dans votre compte de casino vous pouvez atteindre la section du distributeur en direct de ce dernier instantan\u00e9ment.<\/p>\n<p>A votre attente, vous trouverez des concessionnaires et croupiers qui r\u00e9gularisent aussi bien les jeux individuels et multi-joueurs.<\/p>\n<p>L\u2019interface du Concessionnaire en Direct offre d\u2019habitude deux modes de visualisation.<\/p>\n<p><strong>Vue de Jeu<\/strong>\u00a0: Dans cette vue le flux de la vid\u00e9o est plus petit et vous serez capable de voir cela en haut de l\u2019\u00e9cran avec un tableau de bord pr\u00e9sentant l\u2019histoire, les statistiques de jeu et les informations sur le concessionnaire de l\u2019autre c\u00f4t\u00e9. L\u2019interface de paris est en bas du flux o\u00f9 vous pouvez changer votre montant de paris.<\/p>\n<p><strong>Vue de Casino<\/strong>\u00a0: Le flux vid\u00e9o couvre l\u2019\u00e9cran avec une pleine vue de la disposition de la table et le concessionnaire. L\u2019histoire, les statistiques de jeu, et les informations sur le concessionnaire sont situ\u00e9s sur les c\u00f4t\u00e9s gauche et droite de l\u2019\u00e9cran.<\/p>\n<p>Les deux vues ont des dispositions de paris qui sont faciles \u00e0 op\u00e9rer. Les Joueurs ont 10 \u00e0 15 secondes pour placer les paris dans blackjack, baccarat et Casino Holde\u2019m et environ 40 secondes pour placer des paris dans la Roulette.<\/p>\n<p>Plusieurs casinos donnent la possibilit\u00e9 de jouer \u00e0 de nombreux jeux \u00e0 la fois.<\/p>\n<h2>Les avantages des casinos avec concessionnaires en direct<\/h2>\n<p><img loading=\"lazy\" decoding=\"async\" class=\"size-full wp-image-36 alignright\" src=\"https:\/\/www.top10casinowebsites.net\/fr\/wp-content\/uploads\/sites\/4\/2017\/10\/help-and-tips.png\" alt=\"\" width=\"128\" height=\"128\" \/>Nos experts \u00e0 Top 10 des Sites Web de casino recommandent que vous jouiez sur un casino avec concessionnaire en direct au moins une fois afin d\u2019explorer tout cet ensemble d\u2019avantages compar\u00e9s aux jeux r\u00e9guliers.<\/p>\n<p>Les joueurs pourront\u00a0:<\/p>\n<ul>\n<li>Profiter des sensations fortes, visions et sons des casinos terrestres depuis le confort de votre maison en temps r\u00e9el<\/li>\n<li>Jouer avec les \u00e9quipements des vrais casinos compar\u00e9s aux jeux r\u00e9guliers<\/li>\n<li>S\u00e9lectionner un professionnel et concessionnaire avis\u00e9 pour jouer avec<\/li>\n<li>S\u00e9lectionner les tables adapt\u00e9es \u00e0 chaque type de Financier<\/li>\n<li>Utiliser la fonctionnalit\u00e9 de pari derri\u00e8re<\/li>\n<\/ul>\n<h2>Foire Aux Questions du casino avec Distributeur en Direct<\/h2>\n<div class='dt-sc-toggle-frame-set'><div class=\"dt-sc-toggle-frame\">\t<h5 class='dt-sc-toggle-accordion '><a href='#'>O\u00f9 puis-je trouver les meilleurs jeux de casino avec concessionnaire en direct ?<\/a><\/h5>\t<div class=\"dt-sc-toggle-content\" style=\"display: none;\">\t\t<div class=\"block\">Vous n\u2019avez vraiment pas besoin de regarder ailleurs que le Top 10 des Sites Web de Casino. Vous trouverez ICI quelques-uns des meilleurs casinos avec distributeur en direct disponible dans les affaires de nos jours. En plus, sur plusieurs casinos en ligne il y aura un lien \u00e0 la section du Concessionnaire en Direct sur la page d\u2019accueil.\t\t<\/div>\t<\/div><\/div><div class=\"dt-sc-toggle-frame\">\t<h5 class='dt-sc-toggle-accordion '><a href='#'>Quels sont les jeux avec concessionnaires en direct les plus en vue ?<\/a><\/h5>\t<div class=\"dt-sc-toggle-content\" style=\"display: none;\">\t\t<div class=\"block\">Actuellement, Blackjack et la Roulette avec distributeurs en direct sont les jeux les plus jou\u00e9s. Ils sont ais\u00e9s \u00e0 apprendre pendant que game-play est aussi simple. Les bords des deux jeux sont \u00e9galement petits. D\u2019autres jeux comprennent baccarat, Casino Hold \u2018em, et 3 Card Poker.\t\t<\/div>\t<\/div><\/div><div class=\"dt-sc-toggle-frame\">\t<h5 class='dt-sc-toggle-accordion '><a href='#'>Combien dois-je parier sur les casinos avec concessionnaire en direct ?<\/a><\/h5>\t<div class=\"dt-sc-toggle-content\" style=\"display: none;\">\t\t<div class=\"block\">Les maximum et minimum de paris varient. Les jeux BlackJack ont couramment un minimum de 25$ de paris et un maximum de 500$ per main.<\/p>\n<p>Le minimum sur les paris de la Roulette commence de 0,50$ \u00e0 10$. Cependant, il existe des limites de paris beaucoup plus \u00e9lev\u00e9es pour r\u00e9pondre aux rouleaux \u00e9lev\u00e9s.<\/p>\n<p>Le pari minimum dans Baccarat est g\u00e9n\u00e9ralement 10$ et peut aller jusqu\u2019\u00e0 500$ par main.<\/p>\n<p>Les pairs minimum dans les jeux de Poker commencent de 1$ jusqu\u2019\u00e0 2500$ voire plus.\t\t<\/div>\t<\/div><\/div><div class=\"dt-sc-toggle-frame\">\t<h5 class='dt-sc-toggle-accordion '><a href='#'>Comment puis-je joindre une table ?<\/a><\/h5>\t<div class=\"dt-sc-toggle-content\" style=\"display: none;\">\t\t<div class=\"block\">Une fois que votre compte casino dispose de fonds suffisants, vous pouvez simplement entrer dans la section de casino avec concessionnaire en direct, et cliquer sur la table souhait\u00e9e et la place de votre pari.\t\t<\/div>\t<\/div><\/div><div class=\"dt-sc-toggle-frame\">\t<h5 class='dt-sc-toggle-accordion '><a href='#'>Les jeux avec concessionnaire en direct sont-ils disponible sur les appareils mobiles ?<\/a><\/h5>\t<div class=\"dt-sc-toggle-content\" style=\"display: none;\">\t\t<div class=\"block\">Oui, il y a quelques casinos avec les jeux avec distributeur en direct compatibles avec une cat\u00e9gorie de smartphones et tablettes. Il s\u2019agit des mobiles <strong>Apple<\/strong> et <a href=\"https:\/\/www.top10casinowebsites.net\/mobile\/android\">Android<\/a>.\t\t<\/div>\t<\/div><\/div><div class=\"dt-sc-toggle-frame\">\t<h5 class='dt-sc-toggle-accordion '><a href='#'>De quel type de connexion internet aurais-je besoin ?<\/a><\/h5>\t<div class=\"dt-sc-toggle-content\" style=\"display: none;\">\t\t<div class=\"block\">Une connexion raisonnable et rapide comme une large bande ou une <a href=\"https:\/\/en.wikipedia.org\/wiki\/4G\">connexion 4G<\/a> si vous souhaitez jouer sur votre appareil mobile est suffisante pour profiter des jeux avec distributeur en direct\u00a0;\t\t<\/div>\t<\/div><\/div><div class=\"dt-sc-toggle-frame\">\t<h5 class='dt-sc-toggle-accordion '><a href='#'>Aurais-je besoin de t\u00e9l\u00e9charger un logiciel ?<\/a><\/h5>\t<div class=\"dt-sc-toggle-content\" style=\"display: none;\">\t\t<div class=\"block\">Ceci d\u00e9pend sur casino. Certains casinos vous autorisent \u00e0 jouer directement dans un navigateur compatible pendant que certains vous obligent de t\u00e9l\u00e9charger un logiciel client.\t\t<\/div>\t<\/div><\/div><div class=\"dt-sc-toggle-frame\">\t<h5 class='dt-sc-toggle-accordion '><a href='#'>Que faire si ma connexion internet s\u2019interrompt pendant la partie?<\/a><\/h5>\t<div class=\"dt-sc-toggle-content\" style=\"display: none;\">\t\t<div class=\"block\">Les casinos ont leur propre politique de d\u00e9connexion. Alors, rassurez-vous de lire les termes et conditions ou contacter le service client avant d\u2019y jouer. Dans de nombreux cas, votre balance qui inclut ce que vous avez gagn\u00e9 ou perdu sera pr\u00e9sent\u00e9e dans votre compte une fois que la connexion est revenue.\t\t<\/div>\t<\/div><\/div><\/div>\n","protected":false},"excerpt":{"rendered":"<p>Table de jeu de fantaisie et les jeux de carte exactement comme ils le font pour les casinos natifs sans toute la difficult\u00e9 de visiter un physiquement\u00a0? Merci \u00e0 la technologie\u00a0! Pas besoin de bouger un pouce pour jouir de ce droit depuis le confort de votre maison. Top 10 des Fonctionnalit\u00e9s des Sites Web [&hellip;]<\/p>\n","protected":false},"author":4,"featured_media":0,"parent":0,"menu_order":0,"comment_status":"closed","ping_status":"closed","template":"","meta":{"_acf_changed":false,"footnotes":""},"class_list":["post-58","page","type-page","status-publish","hentry"],"acf":[],"yoast_head":"<!-- This site is optimized with the Yoast SEO plugin v27.4 - https:\/\/yoast.com\/product\/yoast-seo-wordpress\/ -->\n<title>Casinos en Direct \u2013 Casinos en Ligne en Direct avec Concessionnaire en direct<\/title>\n<meta name=\"description\" content=\"Retrouvez la liste des casinos avec meilleur concessionnaire en direct o\u00f9 vous pouvez jouer aux jeux de casino avec les concessionnaires directs offrant une magnifique exp\u00e9rience mondiale de jeux\" \/>\n<meta name=\"robots\" content=\"index, follow, max-snippet:-1, max-image-preview:large, max-video-preview:-1\" \/>\n<link rel=\"canonical\" href=\"https:\/\/www.top10casinowebsites.net\/fr\/casinos-en-direct\/\" \/>\n<meta property=\"og:locale\" content=\"en_US\" \/>\n<meta property=\"og:type\" content=\"article\" \/>\n<meta property=\"og:title\" content=\"Casinos en Direct \u2013 Casinos en Ligne en Direct avec Concessionnaire en direct\" \/>\n<meta property=\"og:description\" content=\"Retrouvez la liste des casinos avec meilleur concessionnaire en direct o\u00f9 vous pouvez jouer aux jeux de casino avec les concessionnaires directs offrant une magnifique exp\u00e9rience mondiale de jeux\" \/>\n<meta property=\"og:url\" content=\"https:\/\/www.top10casinowebsites.net\/fr\/casinos-en-direct\/\" \/>\n<meta property=\"og:site_name\" content=\"FR\" \/>\n<meta property=\"article:modified_time\" content=\"2017-10-07T16:56:08+00:00\" \/>\n<meta property=\"og:image\" content=\"https:\/\/www.top10casinowebsites.net\/fr\/wp-content\/uploads\/sites\/4\/2017\/10\/live-casino-dealer.jpg\" \/>\n\t<meta property=\"og:image:width\" content=\"380\" \/>\n\t<meta property=\"og:image:height\" content=\"250\" \/>\n\t<meta property=\"og:image:type\" content=\"image\/jpeg\" \/>\n<meta name=\"twitter:card\" content=\"summary_large_image\" \/>\n<meta name=\"twitter:label1\" content=\"Est. reading time\" \/>\n\t<meta name=\"twitter:data1\" content=\"7 minutes\" \/>\n<script type=\"application\/ld+json\" class=\"yoast-schema-graph\">{\"@context\":\"https:\\\/\\\/schema.org\",\"@graph\":[{\"@type\":\"WebPage\",\"@id\":\"https:\\\/\\\/www.top10casinowebsites.net\\\/fr\\\/casinos-en-direct\\\/\",\"url\":\"https:\\\/\\\/www.top10casinowebsites.net\\\/fr\\\/casinos-en-direct\\\/\",\"name\":\"Casinos en Direct \u2013 Casinos en Ligne en Direct avec Concessionnaire en direct\",\"isPartOf\":{\"@id\":\"https:\\\/\\\/www.top10casinowebsites.net\\\/fr\\\/#website\"},\"primaryImageOfPage\":{\"@id\":\"https:\\\/\\\/www.top10casinowebsites.net\\\/fr\\\/casinos-en-direct\\\/#primaryimage\"},\"image\":{\"@id\":\"https:\\\/\\\/www.top10casinowebsites.net\\\/fr\\\/casinos-en-direct\\\/#primaryimage\"},\"thumbnailUrl\":\"https:\\\/\\\/www.top10casinowebsites.net\\\/fr\\\/wp-content\\\/uploads\\\/sites\\\/4\\\/2017\\\/10\\\/live-casino-dealer-300x197.jpg\",\"datePublished\":\"2017-10-06T15:10:12+00:00\",\"dateModified\":\"2017-10-07T16:56:08+00:00\",\"description\":\"Retrouvez la liste des casinos avec meilleur concessionnaire en direct o\u00f9 vous pouvez jouer aux jeux de casino avec les concessionnaires directs offrant une magnifique exp\u00e9rience mondiale de jeux\",\"breadcrumb\":{\"@id\":\"https:\\\/\\\/www.top10casinowebsites.net\\\/fr\\\/casinos-en-direct\\\/#breadcrumb\"},\"inLanguage\":\"en-US\",\"potentialAction\":[{\"@type\":\"ReadAction\",\"target\":[\"https:\\\/\\\/www.top10casinowebsites.net\\\/fr\\\/casinos-en-direct\\\/\"]}]},{\"@type\":\"ImageObject\",\"inLanguage\":\"en-US\",\"@id\":\"https:\\\/\\\/www.top10casinowebsites.net\\\/fr\\\/casinos-en-direct\\\/#primaryimage\",\"url\":\"https:\\\/\\\/www.top10casinowebsites.net\\\/fr\\\/wp-content\\\/uploads\\\/sites\\\/4\\\/2017\\\/10\\\/live-casino-dealer.jpg\",\"contentUrl\":\"https:\\\/\\\/www.top10casinowebsites.net\\\/fr\\\/wp-content\\\/uploads\\\/sites\\\/4\\\/2017\\\/10\\\/live-casino-dealer.jpg\",\"width\":380,\"height\":250},{\"@type\":\"BreadcrumbList\",\"@id\":\"https:\\\/\\\/www.top10casinowebsites.net\\\/fr\\\/casinos-en-direct\\\/#breadcrumb\",\"itemListElement\":[{\"@type\":\"ListItem\",\"position\":1,\"name\":\"Home\",\"item\":\"https:\\\/\\\/www.top10casinowebsites.net\\\/fr\\\/\"},{\"@type\":\"ListItem\",\"position\":2,\"name\":\"Casinos en Direct \u2013 Casinos en Ligne en Direct avec Concessionnaire en direct\"}]},{\"@type\":\"WebSite\",\"@id\":\"https:\\\/\\\/www.top10casinowebsites.net\\\/fr\\\/#website\",\"url\":\"https:\\\/\\\/www.top10casinowebsites.net\\\/fr\\\/\",\"name\":\"FR\",\"description\":\"Just another Sites site\",\"potentialAction\":[{\"@type\":\"SearchAction\",\"target\":{\"@type\":\"EntryPoint\",\"urlTemplate\":\"https:\\\/\\\/www.top10casinowebsites.net\\\/fr\\\/?s={search_term_string}\"},\"query-input\":{\"@type\":\"PropertyValueSpecification\",\"valueRequired\":true,\"valueName\":\"search_term_string\"}}],\"inLanguage\":\"en-US\"}]}<\/script>\n<!-- \/ Yoast SEO plugin. -->","yoast_head_json":{"title":"Casinos en Direct \u2013 Casinos en Ligne en Direct avec Concessionnaire en direct","description":"Retrouvez la liste des casinos avec meilleur concessionnaire en direct o\u00f9 vous pouvez jouer aux jeux de casino avec les concessionnaires directs offrant une magnifique exp\u00e9rience mondiale de jeux","robots":{"index":"index","follow":"follow","max-snippet":"max-snippet:-1","max-image-preview":"max-image-preview:large","max-video-preview":"max-video-preview:-1"},"canonical":"https:\/\/www.top10casinowebsites.net\/fr\/casinos-en-direct\/","og_locale":"en_US","og_type":"article","og_title":"Casinos en Direct \u2013 Casinos en Ligne en Direct avec Concessionnaire en direct","og_description":"Retrouvez la liste des casinos avec meilleur concessionnaire en direct o\u00f9 vous pouvez jouer aux jeux de casino avec les concessionnaires directs offrant une magnifique exp\u00e9rience mondiale de jeux","og_url":"https:\/\/www.top10casinowebsites.net\/fr\/casinos-en-direct\/","og_site_name":"FR","article_modified_time":"2017-10-07T16:56:08+00:00","og_image":[{"width":380,"height":250,"url":"https:\/\/www.top10casinowebsites.net\/fr\/wp-content\/uploads\/sites\/4\/2017\/10\/live-casino-dealer.jpg","type":"image\/jpeg"}],"twitter_card":"summary_large_image","twitter_misc":{"Est. reading time":"7 minutes"},"schema":{"@context":"https:\/\/schema.org","@graph":[{"@type":"WebPage","@id":"https:\/\/www.top10casinowebsites.net\/fr\/casinos-en-direct\/","url":"https:\/\/www.top10casinowebsites.net\/fr\/casinos-en-direct\/","name":"Casinos en Direct \u2013 Casinos en Ligne en Direct avec Concessionnaire en direct","isPartOf":{"@id":"https:\/\/www.top10casinowebsites.net\/fr\/#website"},"primaryImageOfPage":{"@id":"https:\/\/www.top10casinowebsites.net\/fr\/casinos-en-direct\/#primaryimage"},"image":{"@id":"https:\/\/www.top10casinowebsites.net\/fr\/casinos-en-direct\/#primaryimage"},"thumbnailUrl":"https:\/\/www.top10casinowebsites.net\/fr\/wp-content\/uploads\/sites\/4\/2017\/10\/live-casino-dealer-300x197.jpg","datePublished":"2017-10-06T15:10:12+00:00","dateModified":"2017-10-07T16:56:08+00:00","description":"Retrouvez la liste des casinos avec meilleur concessionnaire en direct o\u00f9 vous pouvez jouer aux jeux de casino avec les concessionnaires directs offrant une magnifique exp\u00e9rience mondiale de jeux","breadcrumb":{"@id":"https:\/\/www.top10casinowebsites.net\/fr\/casinos-en-direct\/#breadcrumb"},"inLanguage":"en-US","potentialAction":[{"@type":"ReadAction","target":["https:\/\/www.top10casinowebsites.net\/fr\/casinos-en-direct\/"]}]},{"@type":"ImageObject","inLanguage":"en-US","@id":"https:\/\/www.top10casinowebsites.net\/fr\/casinos-en-direct\/#primaryimage","url":"https:\/\/www.top10casinowebsites.net\/fr\/wp-content\/uploads\/sites\/4\/2017\/10\/live-casino-dealer.jpg","contentUrl":"https:\/\/www.top10casinowebsites.net\/fr\/wp-content\/uploads\/sites\/4\/2017\/10\/live-casino-dealer.jpg","width":380,"height":250},{"@type":"BreadcrumbList","@id":"https:\/\/www.top10casinowebsites.net\/fr\/casinos-en-direct\/#breadcrumb","itemListElement":[{"@type":"ListItem","position":1,"name":"Home","item":"https:\/\/www.top10casinowebsites.net\/fr\/"},{"@type":"ListItem","position":2,"name":"Casinos en Direct \u2013 Casinos en Ligne en Direct avec Concessionnaire en direct"}]},{"@type":"WebSite","@id":"https:\/\/www.top10casinowebsites.net\/fr\/#website","url":"https:\/\/www.top10casinowebsites.net\/fr\/","name":"FR","description":"Just another Sites site","potentialAction":[{"@type":"SearchAction","target":{"@type":"EntryPoint","urlTemplate":"https:\/\/www.top10casinowebsites.net\/fr\/?s={search_term_string}"},"query-input":{"@type":"PropertyValueSpecification","valueRequired":true,"valueName":"search_term_string"}}],"inLanguage":"en-US"}]}},"_links":{"self":[{"href":"https:\/\/www.top10casinowebsites.net\/fr\/wp-json\/wp\/v2\/pages\/58","targetHints":{"allow":["GET"]}}],"collection":[{"href":"https:\/\/www.top10casinowebsites.net\/fr\/wp-json\/wp\/v2\/pages"}],"about":[{"href":"https:\/\/www.top10casinowebsites.net\/fr\/wp-json\/wp\/v2\/types\/page"}],"author":[{"embeddable":true,"href":"https:\/\/www.top10casinowebsites.net\/fr\/wp-json\/wp\/v2\/users\/4"}],"replies":[{"embeddable":true,"href":"https:\/\/www.top10casinowebsites.net\/fr\/wp-json\/wp\/v2\/comments?post=58"}],"version-history":[{"count":1,"href":"https:\/\/www.top10casinowebsites.net\/fr\/wp-json\/wp\/v2\/pages\/58\/revisions"}],"predecessor-version":[{"id":59,"href":"https:\/\/www.top10casinowebsites.net\/fr\/wp-json\/wp\/v2\/pages\/58\/revisions\/59"}],"wp:attachment":[{"href":"https:\/\/www.top10casinowebsites.net\/fr\/wp-json\/wp\/v2\/media?parent=58"}],"curies":[{"name":"wp","href":"https:\/\/api.w.org\/{rel}","templated":true}]}}