{"id":6,"date":"2017-10-06T11:42:47","date_gmt":"2017-10-06T11:42:47","guid":{"rendered":"https:\/\/www.top10casinowebsites.net\/fr\/?page_id=6"},"modified":"2019-02-04T15:53:43","modified_gmt":"2019-02-04T15:53:43","slug":"jeux-de-casino","status":"publish","type":"page","link":"https:\/\/www.top10casinowebsites.net\/fr\/jeux-de-casino\/","title":{"rendered":"Jeux de Casino &#8211; Liste des Jeux de Casino en Argent R\u00e9el"},"content":{"rendered":"<p>Il y a deux types principaux de joueurs de jeux de casino, ceux qui auront toujours tendance \u00e0 jouer exactement les m\u00eames jeux de casino, et les joueurs qui sont tr\u00e8s heureux de <a href=\"https:\/\/en.wikipedia.org\/wiki\/Casino_game\">jouer une gamme large et tr\u00e8s vari\u00e9e de diff\u00e9rent jeux de casino<\/a> chaque fois qu&#8217;ils sont dans un \u00e9tat d\u2019esprit de jeu.<\/p>\n<p>Dans cet esprit, nous avons con\u00e7u ce site Web pour vous permettre de localiser une gamme de diff\u00e9rents jeux de casinos et une gamme des sites de casino en ligne les mieux not\u00e9s et hautement recommand\u00e9s o\u00f9 vous pourrez jouer \u00e0 votre jeu ou vos jeux choisis.<\/p>\n<p>Pour vous aider \u00e0 n\u00e9gocier le fait de jouer de diff\u00e9rents jeux de casino que vous n\u2019avez peut-\u00eatre jamais jou\u00e9s, nous avons non seulement des <strong>revues de jeux de casino<\/strong> compl\u00e8tes et tr\u00e8s approfondies et instructives et des <a href=\"https:\/\/www.top10casinowebsites.net\/fr\/casinos\/\">revues de sites de casino en ligne<\/a>, mais nous avons \u00e9galement une gamme de jeux de casino que vous pouvez acc\u00e9der et jouer gratuitement directement \u00e0 partir de notre site Web.<\/p>\n<p>Nous vous invitons cordialement \u00e0 consulter attentivement notre site Web, pour que vous puissiez passer des heures \u00e0 tester une gamme large et tr\u00e8s vari\u00e9e de diff\u00e9rents jeux de casino sans risque, ce qui vous permettra alors de d\u00e9couvrir les jeux de casino que vous appr\u00e9ciez personnellement le plus.<\/p>\n<p>Vous constaterez \u00e9galement que lorsque vous obtiendrez les meilleures opportunit\u00e9s gagnantes et la meilleure valeur pour votre capital de jeu en argent r\u00e9el, nous aurons des bonus tr\u00e8s \u00e9lev\u00e9s et des offres promotionnelles sp\u00e9ciales disponibles pour chacun de nos <a href=\"https:\/\/www.top10casinowebsites.net\/fr\/casinos\/\">sites de casino en ligne les mieux not\u00e9s<\/a>, alors assurez-vous que lorsque vous rassemblerez une liste des jeux de casino que vous appr\u00e9ciez le plus vous utiliserez autant de ces offres bonus et des offres promotionnelles que vous le pouvez.<\/p>\n<p>Vous trouverez ci-dessous un aper\u00e7u de la fa\u00e7on de vous inscrire et de jouer sur un site de casino en ligne si vous ne l&#8217;avez jamais fait avant avec quelques astuces et conseils pour vous permettre d&#8217;avoir de meilleures chances de gagner lorsque vous jouez aux jeux de casino en ligne.<\/p>\n<h2>Jouer \u00e0 des jeux de casino en ligne<\/h2>\n<p>Nous voulons que vous vous amusiez autant que possible si vous d\u00e9cidez de vous inscrire \u00e0 l&#8217;un de nos sites de casino en ligne qui vous offrent des centaines de jeux de casino. Cependant, si vous ne vous \u00eates jamais inscrit \u00e0 un site de casino avant, permettez-nous de vous \u00e9clairer comment le faire rapidement et facilement!<\/p>\n<p>La premi\u00e8re chose que vous devrez d\u00e9cider est le type de plate-forme de jeux que vous souhaitez acc\u00e9der. Vous pouvez jouer via une plate-forme de jeux enti\u00e8rement t\u00e9l\u00e9chargeable et cela vous obligera \u00e0 cliquer sur le lien de t\u00e9l\u00e9chargement affich\u00e9 de nos sites Web de casino en vedette et, en le faisant, le logiciel va ensuite se t\u00e9l\u00e9charger, puis s&#8217;installer sur votre ordinateur.<\/p>\n<p>En jouant via une plate-forme de jeux de t\u00e9l\u00e9chargement, vous trouverez que vous disposerez de plus de param\u00e8tres optionnels suppl\u00e9mentaires pour configurer vos jeux de casino choisis que ceux qui sont disponibles sur les deux autres types de plates-formes de jeux, alors gardez cela \u00e0 l&#8217;esprit si vous souhaitez personnaliser votre propre choix de s\u00e9ances de jeux de casino!<\/p>\n<p>Toutefois, si vous n&#8217;avez pas envie d&#8217;attendre une plate-forme de jeux t\u00e9l\u00e9chargeable pour la t\u00e9l\u00e9charger et l\u2019installer sur votre ordinateur, vous pourrez vous inscrire en quelques minutes via les plates-formes de jeu instantan\u00e9es offertes par nos sites de casino en ligne.<\/p>\n<p>Vous pourrez ainsi jouer \u00e0 vos jeux de casino choisis pour de l&#8217;argent r\u00e9el, mais via n&#8217;importe quel navigateur Web auquel vous avez visit\u00e9 le site de casino, et en tant que tel, aucun temps ne sera perdu en attendant que les jeux se t\u00e9l\u00e9chargent et s\u2019installent car ils sont tous charg\u00e9s instantan\u00e9ment dans votre navigateur web choisi.<\/p>\n<p>Une derni\u00e8re fa\u00e7on que vous pouvez acc\u00e9der et jouer aux jeux de casino est sur un appareil mobile, vous trouverez que beaucoup de nos casinos en vedette disposent d\u00e9sormais d&#8217;une plate-forme de jeux mobiles enti\u00e8rement compatible avec n\u2019importe quel type d&#8217;appareil mobile que vous poss\u00e9dez ou dont vous avez l\u2019acc\u00e8s, incluant tous les types de t\u00e9l\u00e9phones mobiles et les smartphones et aussi n&#8217;importe quel type de tablette! De plus, vous trouverez beaucoup de bonus pr\u00e9cieux pour les nouveaux joueurs sur chaque casino o\u00f9 vous vous inscrirez!<\/p>\n<h2><strong>Strat\u00e9gies et Astuces de Jeux de Casino<\/strong><\/h2>\n<p>Comme il existe une tr\u00e8s large gamme de jeux de casino diff\u00e9rents que vous pouvez jouer en ligne et dans chaque cat\u00e9gorie de jeux de casino il y a diff\u00e9rents types de jeux disponibles, nous garantissons que vous trouverez le type exact de jeu ou de jeux que vous souhaitez jouer en ligne.<\/p>\n<p>Cependant, comme joueur en argent r\u00e9el, votre but ultime lorsque vous jouez \u00e0 un jeu de casino en argent r\u00e9el sera de gagner et de terminer chaque partie de jeu avec plus de solde dans votre compte de casino que lorsque vous avez commenc\u00e9.<\/p>\n<p>La r\u00e8gle g\u00e9n\u00e9rale pour que vous puissiez avoir une bonne chance de gagner lorsque vous jouez \u00e0 un jeu de casino en argent r\u00e9el est de jouer \u00e0 des jeux qui vous offrent le plus bas bord de maison ou des jeux qui vous offrent les pourcentages de paiement les plus \u00e9lev\u00e9s.<\/p>\n<p>En parcourant notre site Web, nous vous pr\u00e9senterons tous les jeux de casino auxquels vous pouvez acc\u00e9der et jouer en ligne, et nous vous informerons \u00e9galement des jeux qui offrent les pourcentages de paiement les plus \u00e9lev\u00e9s et les bords de la maison les plus bas.<\/p>\n<p>Donc, dans ce cas, cherchez bien dans notre site, car vous constaterez \u00e9galement que vous pouvez acc\u00e9der et jouer directement \u00e0 partir de notre site Web \u00e0 de nombreux jeux de casino gratuits! En jouant \u00e0 ces jeux gratuitement, vous pouvez voir de premi\u00e8re main comment ils ont \u00e9t\u00e9 con\u00e7us et comment chacun d&#8217;eux se joue et paie.<\/p>\n<p>De plus, encore plus de valeur et de possibilit\u00e9s gagnantes seront \u00e0 votre disposition lorsque vous jouez \u00e0 des jeux de casino sur notre site de casinos en ligne et <a href=\"https:\/\/www.top10casinowebsites.net\/fr\/mobiles\/\">mobile<\/a> en vedette et profitez pleinement de leur bonus r\u00e9guliers et de nouveau joueur et offres promotionnelles.<\/p>\n","protected":false},"excerpt":{"rendered":"<p>Il y a deux types principaux de joueurs de jeux de casino, ceux qui auront toujours tendance \u00e0 jouer exactement les m\u00eames jeux de casino, et les joueurs qui sont tr\u00e8s heureux de jouer une gamme large et tr\u00e8s vari\u00e9e de diff\u00e9rent jeux de casino chaque fois qu&#8217;ils sont dans un \u00e9tat d\u2019esprit de jeu. [&hellip;]<\/p>\n","protected":false},"author":4,"featured_media":0,"parent":0,"menu_order":0,"comment_status":"closed","ping_status":"closed","template":"","meta":{"_acf_changed":false,"footnotes":""},"class_list":["post-6","page","type-page","status-publish","hentry"],"acf":[],"yoast_head":"<!-- This site is optimized with the Yoast SEO plugin v27.4 - https:\/\/yoast.com\/product\/yoast-seo-wordpress\/ -->\n<title>Jeux de Casino - Liste des Jeux de Casino en Argent R\u00e9el<\/title>\n<meta name=\"description\" content=\"Il y a deux types principaux de joueurs de jeux de casino, ceux qui auront toujours tendance \u00e0 jouer exactement les m\u00eames jeux de casino, et les joueurs qui sont tr\u00e8s heureux de\" \/>\n<meta name=\"robots\" content=\"index, follow, max-snippet:-1, max-image-preview:large, max-video-preview:-1\" \/>\n<link rel=\"canonical\" href=\"https:\/\/www.top10casinowebsites.net\/fr\/jeux-de-casino\/\" \/>\n<meta property=\"og:locale\" content=\"en_US\" \/>\n<meta property=\"og:type\" content=\"article\" \/>\n<meta property=\"og:title\" content=\"Jeux de Casino - Liste des Jeux de Casino en Argent R\u00e9el\" \/>\n<meta property=\"og:description\" content=\"Il y a deux types principaux de joueurs de jeux de casino, ceux qui auront toujours tendance \u00e0 jouer exactement les m\u00eames jeux de casino, et les joueurs qui sont tr\u00e8s heureux de\" \/>\n<meta property=\"og:url\" content=\"https:\/\/www.top10casinowebsites.net\/fr\/jeux-de-casino\/\" \/>\n<meta property=\"og:site_name\" content=\"FR\" \/>\n<meta property=\"article:modified_time\" content=\"2019-02-04T15:53:43+00:00\" \/>\n<meta name=\"twitter:card\" content=\"summary_large_image\" \/>\n<meta name=\"twitter:label1\" content=\"Est. reading time\" \/>\n\t<meta name=\"twitter:data1\" content=\"6 minutes\" \/>\n<script type=\"application\/ld+json\" class=\"yoast-schema-graph\">{\"@context\":\"https:\\\/\\\/schema.org\",\"@graph\":[{\"@type\":\"WebPage\",\"@id\":\"https:\\\/\\\/www.top10casinowebsites.net\\\/fr\\\/jeux-de-casino\\\/\",\"url\":\"https:\\\/\\\/www.top10casinowebsites.net\\\/fr\\\/jeux-de-casino\\\/\",\"name\":\"Jeux de Casino - Liste des Jeux de Casino en Argent R\u00e9el\",\"isPartOf\":{\"@id\":\"https:\\\/\\\/www.top10casinowebsites.net\\\/fr\\\/#website\"},\"datePublished\":\"2017-10-06T11:42:47+00:00\",\"dateModified\":\"2019-02-04T15:53:43+00:00\",\"description\":\"Il y a deux types principaux de joueurs de jeux de casino, ceux qui auront toujours tendance \u00e0 jouer exactement les m\u00eames jeux de casino, et les joueurs qui sont tr\u00e8s heureux de\",\"breadcrumb\":{\"@id\":\"https:\\\/\\\/www.top10casinowebsites.net\\\/fr\\\/jeux-de-casino\\\/#breadcrumb\"},\"inLanguage\":\"en-US\",\"potentialAction\":[{\"@type\":\"ReadAction\",\"target\":[\"https:\\\/\\\/www.top10casinowebsites.net\\\/fr\\\/jeux-de-casino\\\/\"]}]},{\"@type\":\"BreadcrumbList\",\"@id\":\"https:\\\/\\\/www.top10casinowebsites.net\\\/fr\\\/jeux-de-casino\\\/#breadcrumb\",\"itemListElement\":[{\"@type\":\"ListItem\",\"position\":1,\"name\":\"Home\",\"item\":\"https:\\\/\\\/www.top10casinowebsites.net\\\/fr\\\/\"},{\"@type\":\"ListItem\",\"position\":2,\"name\":\"Jeux de Casino &#8211; Liste des Jeux de Casino en Argent R\u00e9el\"}]},{\"@type\":\"WebSite\",\"@id\":\"https:\\\/\\\/www.top10casinowebsites.net\\\/fr\\\/#website\",\"url\":\"https:\\\/\\\/www.top10casinowebsites.net\\\/fr\\\/\",\"name\":\"FR\",\"description\":\"Just another Sites site\",\"potentialAction\":[{\"@type\":\"SearchAction\",\"target\":{\"@type\":\"EntryPoint\",\"urlTemplate\":\"https:\\\/\\\/www.top10casinowebsites.net\\\/fr\\\/?s={search_term_string}\"},\"query-input\":{\"@type\":\"PropertyValueSpecification\",\"valueRequired\":true,\"valueName\":\"search_term_string\"}}],\"inLanguage\":\"en-US\"}]}<\/script>\n<!-- \/ Yoast SEO plugin. -->","yoast_head_json":{"title":"Jeux de Casino - Liste des Jeux de Casino en Argent R\u00e9el","description":"Il y a deux types principaux de joueurs de jeux de casino, ceux qui auront toujours tendance \u00e0 jouer exactement les m\u00eames jeux de casino, et les joueurs qui sont tr\u00e8s heureux de","robots":{"index":"index","follow":"follow","max-snippet":"max-snippet:-1","max-image-preview":"max-image-preview:large","max-video-preview":"max-video-preview:-1"},"canonical":"https:\/\/www.top10casinowebsites.net\/fr\/jeux-de-casino\/","og_locale":"en_US","og_type":"article","og_title":"Jeux de Casino - Liste des Jeux de Casino en Argent R\u00e9el","og_description":"Il y a deux types principaux de joueurs de jeux de casino, ceux qui auront toujours tendance \u00e0 jouer exactement les m\u00eames jeux de casino, et les joueurs qui sont tr\u00e8s heureux de","og_url":"https:\/\/www.top10casinowebsites.net\/fr\/jeux-de-casino\/","og_site_name":"FR","article_modified_time":"2019-02-04T15:53:43+00:00","twitter_card":"summary_large_image","twitter_misc":{"Est. reading time":"6 minutes"},"schema":{"@context":"https:\/\/schema.org","@graph":[{"@type":"WebPage","@id":"https:\/\/www.top10casinowebsites.net\/fr\/jeux-de-casino\/","url":"https:\/\/www.top10casinowebsites.net\/fr\/jeux-de-casino\/","name":"Jeux de Casino - Liste des Jeux de Casino en Argent R\u00e9el","isPartOf":{"@id":"https:\/\/www.top10casinowebsites.net\/fr\/#website"},"datePublished":"2017-10-06T11:42:47+00:00","dateModified":"2019-02-04T15:53:43+00:00","description":"Il y a deux types principaux de joueurs de jeux de casino, ceux qui auront toujours tendance \u00e0 jouer exactement les m\u00eames jeux de casino, et les joueurs qui sont tr\u00e8s heureux de","breadcrumb":{"@id":"https:\/\/www.top10casinowebsites.net\/fr\/jeux-de-casino\/#breadcrumb"},"inLanguage":"en-US","potentialAction":[{"@type":"ReadAction","target":["https:\/\/www.top10casinowebsites.net\/fr\/jeux-de-casino\/"]}]},{"@type":"BreadcrumbList","@id":"https:\/\/www.top10casinowebsites.net\/fr\/jeux-de-casino\/#breadcrumb","itemListElement":[{"@type":"ListItem","position":1,"name":"Home","item":"https:\/\/www.top10casinowebsites.net\/fr\/"},{"@type":"ListItem","position":2,"name":"Jeux de Casino &#8211; Liste des Jeux de Casino en Argent R\u00e9el"}]},{"@type":"WebSite","@id":"https:\/\/www.top10casinowebsites.net\/fr\/#website","url":"https:\/\/www.top10casinowebsites.net\/fr\/","name":"FR","description":"Just another Sites site","potentialAction":[{"@type":"SearchAction","target":{"@type":"EntryPoint","urlTemplate":"https:\/\/www.top10casinowebsites.net\/fr\/?s={search_term_string}"},"query-input":{"@type":"PropertyValueSpecification","valueRequired":true,"valueName":"search_term_string"}}],"inLanguage":"en-US"}]}},"_links":{"self":[{"href":"https:\/\/www.top10casinowebsites.net\/fr\/wp-json\/wp\/v2\/pages\/6","targetHints":{"allow":["GET"]}}],"collection":[{"href":"https:\/\/www.top10casinowebsites.net\/fr\/wp-json\/wp\/v2\/pages"}],"about":[{"href":"https:\/\/www.top10casinowebsites.net\/fr\/wp-json\/wp\/v2\/types\/page"}],"author":[{"embeddable":true,"href":"https:\/\/www.top10casinowebsites.net\/fr\/wp-json\/wp\/v2\/users\/4"}],"replies":[{"embeddable":true,"href":"https:\/\/www.top10casinowebsites.net\/fr\/wp-json\/wp\/v2\/comments?post=6"}],"version-history":[{"count":1,"href":"https:\/\/www.top10casinowebsites.net\/fr\/wp-json\/wp\/v2\/pages\/6\/revisions"}],"predecessor-version":[{"id":7,"href":"https:\/\/www.top10casinowebsites.net\/fr\/wp-json\/wp\/v2\/pages\/6\/revisions\/7"}],"wp:attachment":[{"href":"https:\/\/www.top10casinowebsites.net\/fr\/wp-json\/wp\/v2\/media?parent=6"}],"curies":[{"name":"wp","href":"https:\/\/api.w.org\/{rel}","templated":true}]}}