{"id":62,"date":"2017-10-06T15:21:00","date_gmt":"2017-10-06T15:21:00","guid":{"rendered":"https:\/\/www.top10casinowebsites.net\/fr\/?page_id=62"},"modified":"2017-10-06T19:39:16","modified_gmt":"2017-10-06T19:39:16","slug":"baccarat","status":"publish","type":"page","link":"https:\/\/www.top10casinowebsites.net\/fr\/casinos-en-direct\/baccarat\/","title":{"rendered":"Distributeur en direct Baccarat \u2013 Jouer En Ligne En Direct aux Jeux Baccarat"},"content":{"rendered":"<p><img loading=\"lazy\" decoding=\"async\" class=\"alignright size-medium wp-image-64\" src=\"https:\/\/www.top10casinowebsites.net\/fr\/wp-content\/uploads\/sites\/4\/2017\/10\/live-baccarat-300x197.jpg\" alt=\"\" width=\"300\" height=\"197\" srcset=\"https:\/\/www.top10casinowebsites.net\/fr\/wp-content\/uploads\/sites\/4\/2017\/10\/live-baccarat-300x197.jpg 300w, https:\/\/www.top10casinowebsites.net\/fr\/wp-content\/uploads\/sites\/4\/2017\/10\/live-baccarat.jpg 380w\" sizes=\"auto, (max-width: 300px) 100vw, 300px\" \/>Si vous \u00eates \u00e0 la recherche des meilleurs sites pour jouer Baccarat avec distributeur en direct, vous \u00eates au meilleur endroit.<\/p>\n<p><strong>Top 10 des Sites Web de Casino<\/strong> est l\u2019endroit o\u00f9 vous trouverez le top classe des casinos avec distributeur en direct offrant ce simple jeu de carte classe.<\/p>\n<p>Les chances sont relativement bonnes, donc si vous \u00eates pr\u00eats \u00e0 embarquer sur un vrai casino sans bouger de votre ordinateur, continuez \u00e0 lire.<\/p>\n<p>Pendant qu\u2019il existe plusieurs variantes de baccarat, le plus commun \u00e0 trouver sur les casinos avec distributeur en direct est <a href=\"http:\/\/www.thegoodgamblingguide.co.uk\/casino\/puntobancohowtoplay.htm\">Punto Banco<\/a>\u00a0 alors que le Mini Baccarat apparait juste sur quelques casinos.<\/p>\n<h2 id=\"topcasinos\">LE TOP 10 DES SITES WEB DE CASINO<\/h2>\n<p><div class=\"grid-contents\" id=\"grid-contents\"><table class=\"cas_table\" ><tbody><tr class=\"rank-1\">\n                                <td class=\"ranking\">1<\/td>\n                                <td class=\"brandcol\">\n                                    <a href=https:\/\/www.top10casinowebsites.net\/fr\/review\/888-casino\/ class=\"brand brand-bg\"><img loading=\"lazy\" decoding=\"async\" class=\"group list-group-image\" src=\"https:\/\/static.top10casinowebsites.net\/images\/casino-rooms\/888-casino-logo.png\" width=\"200\" height=\"128\"\/><\/a>\n                                <\/td>\n                                <td class=\"bonus\" data-title=\"Bonus\">\n\t\t\t\t\t               <p class=\"bonus-text\"><strong>$888<\/strong>Welcome Bonus <br>(<a href=\"https:\/\/www.top10casinowebsites.net\/fr\/review\/888-casino\/\">T&Cs apply, 18+<\/a>)<\/p>\n\t\t\t\t                <\/td>\n\t\t\t\t\t            <td class=\"badge_game\" data-title=\"Rating\">\n                                    <div class=\"rating\"><strong>5<\/strong>\/5<\/div>\n                                    <div class=\"rating stars\" style=\"margin-top: 5px;\"><span class=\"icon icon-stars\"><span class=\"icon-stars green\" style=\"width: 100%;\"><\/span><\/span><\/div>\n\t\t\t\t\t            <\/td>\n                               \n                                <td class=\"play\">\n\t\t\t\t\t               <a class=\"button-gold\" rel=\"nofollow\" href=\"https:\/\/www.top10casinowebsites.net\/fr\/review\/888-casino\/\">Visit<\/a>\n\t                               <div class=\"\">\n\t\t\t\t\t                   <a class=\"review-snippet-link-play-now-col\" href=\"https:\/\/www.top10casinowebsites.net\/fr\/review\/888-casino\/\">Read Review<\/a>\n\t\t\t\t\t               <\/div>\n\t\t\t\t\t           <\/td>\n     \t\t\t\t        <\/tr><\/tbody><\/table><\/div><br \/>\nSur notre site vous trouverez\u00a0:<\/p>\n<ul>\n<li>Les sites qui offrent une vari\u00e9t\u00e9 de limites de paris de Baccarat en direct<\/li>\n<li>Des casinos qui prolongent l\u2019exp\u00e9rience du distributeur en direct avec de bons bonus et des promotions sp\u00e9ciales<\/li>\n<li>Le top 10 des casinos baccarat avec distributeur en direct<\/li>\n<li>Les sites offrant une assistance client avanc\u00e9e and les m\u00e9thodes bancaires pour les joueurs de baccarat en direct<\/li>\n<\/ul>\n<p>Maintenant que vous savez o\u00f9 trouver le meilleur, c\u2019est le moment pour un aper\u00e7u pr\u00e9cis de ce qu\u2019il faut esp\u00e9rer des casinos offrant baccarat en direct sur notre site. Mais avant qu\u2019on en fasse cela, voici quelques raisons pour lesquelles vous deviez aborder le jeu.<\/p>\n<h2>Pourquoi jouer \u00e0 Baccarat distributeur en direct<\/h2>\n<p><img loading=\"lazy\" decoding=\"async\" class=\"alignright size-full wp-image-36\" src=\"https:\/\/www.top10casinowebsites.net\/fr\/wp-content\/uploads\/sites\/4\/2017\/10\/help-and-tips.png\" alt=\"\" width=\"128\" height=\"128\" \/>Oui, il y a bien quelques raisons pour lesquelles vous devriez tenter votre chance avec baccarat distributeur en direct.<\/p>\n<ul>\n<li><a href=\"https:\/\/www.top10casinowebsites.net\/baccarat\">Baccarat<\/a> \u00a0est un jeu rapide avec des belles opportunit\u00e9s de gains<\/li>\n<li>Les rouleaux hauts ont pleines de chances pour conqu\u00e9rir la table<\/li>\n<li>Jouer aux multiples tables simultan\u00e9ment<\/li>\n<li>Jouer avec les professionnels et distributeurs avis\u00e9s<\/li>\n<li>Ayez une meilleure compr\u00e9hension du jeu<\/li>\n<li>S\u00e9lectionner les paris avec facilit\u00e9 \u00e0 l\u2019\u00e9cran<\/li>\n<li>Interagir avec le concessionnaire et d\u2019autres joueurs<\/li>\n<li>Jouer \u00e0 100% les casinos en ligne sous licence s\u00e9curis\u00e9s dignes de confiance<\/li>\n<li>Jouer avec m\u00eame bord comme sur un baccarat en ligne r\u00e9gulier<\/li>\n<\/ul>\n<p><strong>Casino Adelaide<\/strong><\/p>\n<p><center><iframe loading=\"lazy\" src=\"https:\/\/www.youtube.com\/embed\/J7b6PDS8pg0\" width=\"560\" height=\"315\" frameborder=\"0\" allowfullscreen=\"allowfullscreen\"><\/iframe><\/center><\/p>\n<h2>Comment Jouer au Baccarat avec Distributeur en direct<\/h2>\n<p><img loading=\"lazy\" decoding=\"async\" class=\"alignright size-full wp-image-36\" src=\"https:\/\/www.top10casinowebsites.net\/fr\/wp-content\/uploads\/sites\/4\/2017\/10\/help-and-tips.png\" alt=\"\" width=\"128\" height=\"128\" \/>L\u2019une des choses int\u00e9ressantes concernant baccarat avec distributeur en direct est qu\u2019il est un jeu rapide.<\/p>\n<p>Si vous aimez les challenges et \u00eates pr\u00eat pour les gros enjeux, alors vous vous allez adorer jouer \u00e0 la version en direct.<\/p>\n<p>Il existe actuellement deux versions, baccarat avec distributeur en direct unique et multi-joueurs o\u00f9 certains incluent des bonus de pari lat\u00e9raux.<\/p>\n<p>Joueur au jeu est tr\u00e8s simple. Vous avez besoin de placer un pari dans le lieu suivant dont le distributeur traitera le joueur et la main du banquier. Tous les paris gagnant sont pay\u00e9s instantan\u00e9ment et les paris reprendront la main suivante.<\/p>\n<h2>Les bases du baccarat en direct<\/h2>\n<ul>\n<li>Le but du jeu est d\u2019obtenir une main avec une valeur aussi proche que possible de 9.<\/li>\n<li>Les aces sont \u00e9valu\u00e9s \u00e0 1,10s<\/li>\n<li>Rois, Reines, Valets valent 0<\/li>\n<li>Les cartes num\u00e9rot\u00e9es de 2 \u00e0 9 maintiennent leur valeur nominale.<\/li>\n<li>Lorsqu\u2019une main totalise 10 ou plus, 10 est soustrait du total pour d\u00e9terminer la valeur du point. Alors, si votre main totale est de 15, votre valeur du point actuel est de 10.<\/li>\n<\/ul>\n<p>Voici comment un jeu de baccarat avec distributeur en direct couvre normalement.<\/p>\n<ul>\n<li>Une fois que vous \u00eates dans le lobby du casino avec distributeur en direct, cliquez simplement sur la section du baccarat avec distributeur en direct.<\/li>\n<li>Vous pouvez parier soit sur le Joueur (vous), Banquier ou les jeux gagneront la main.<\/li>\n<li>Lorsque les paris sont plac\u00e9s, le Banquier et le Joueur re\u00e7oit chacun deux cartes qui sont distribu\u00e9es \u00e0 partir d\u2019une chaussure avec 6 jeux de carte \u00e0 jouer.<\/li>\n<li>Vous recevrez \u00bd du paiement si vous pariez sur le joueur et il gagne.<\/li>\n<li>Si vous pariez sur le Banquier et qu\u2019il gagne, vous recevez \u00bd du paiement d\u00e9bit\u00e9 de la commission de la banque.<\/li>\n<li>Dans le cas o\u00f9 le joueur (vous) et Banquier obtiennent des mains \u00e9gales, le jeu est un match nul. Les paris plac\u00e9s sur un match nul re\u00e7oivent 1\/9 du paiement.<\/li>\n<\/ul>\n<h2>Foire Aux Questions\u00a0 du Baccarat avec Distributeur en Direct<\/h2>\n<div class='dt-sc-toggle-frame-set'><div class=\"dt-sc-toggle-frame\">\t<h5 class='dt-sc-toggle-accordion '><a href='#'>O\u00f9 puis-je trouver les meilleurs jeux baccarat avec distributeur en direct ?<\/a><\/h5>\t<div class=\"dt-sc-toggle-content\" style=\"display: none;\">\t\t<div class=\"block\">Ne regardez pas plus loin que le Top 10 des Sites Web de Casino. C\u2019est ici que vous allez trouver des casinos avec distributeur en direct r\u00e9put\u00e9s et ayant une licence. Nos experts n\u2019\u00e9num\u00e8rent les meilleurs de casinos sur la base de la voyance. Ils sont tous des joueurs exp\u00e9riment\u00e9s qui testent chaque casino avec croupier en direct sur la base de plusieurs param\u00e8tres.\t\t<\/div>\t<\/div><\/div><div class=\"dt-sc-toggle-frame\">\t<h5 class='dt-sc-toggle-accordion '><a href='#'>Les jeux de baccarat en ligne peuvent-ils \u00eatre r\u00e9par\u00e9s?<\/a><\/h5>\t<div class=\"dt-sc-toggle-content\" style=\"display: none;\">\t\t<div class=\"block\">Pas sur les casinos que nous recommandons. Leurs jeux sont tous audit\u00e9s et certifi\u00e9s pour un jeu ais\u00e9. A c\u00f4t\u00e9, vous travaillez avec un croupier en direct dans un casino r\u00e9el pour qu\u2019il n\u2019y ait aucun logiciel utilis\u00e9, qui est la raison de plus pour croire que les jeux sont \u00e9quitables.\t\t<\/div>\t<\/div><\/div><div class=\"dt-sc-toggle-frame\">\t<h5 class='dt-sc-toggle-accordion '><a href='#'>Existe-t-il des r\u00e8gles sp\u00e9cifiques que je devrais conna\u00eetre?<\/a><\/h5>\t<div class=\"dt-sc-toggle-content\" style=\"display: none;\">\t\t<div class=\"block\">Il serait important de comprendre la r\u00e8gle de la troisi\u00e8me carte du joueur.<\/p>\n<p><strong>LA REGLE DE LA TROISIEME CARTE DU JOUEUR<\/strong><\/p>\n<ul>\n<li>Si le joueur ou le Banquier dispose d\u2019une valeur de main de 8 ou 9 avec les deux premi\u00e8res cartes, alors ils ne peuvent pas tirer la troisi\u00e8me carte. \u00b5<\/li>\n<li>Le croupier (distributeur, concessionnaire) peut tirer du joueur une troisi\u00e8me carte si le joueur a une valeur de main de 5 ou moins.<\/li>\n<li>Une troisi\u00e8me carte ne peut pas \u00eatre tir\u00e9e si le joueur a une valeur de main de 6 ou plus. Le banquier doit se tenir d\u00e9bout.<\/li>\n<\/ul>\n<p><strong>REGLE DE LA TROISIEME CARTE DU BANQUIER<\/strong><\/p>\n<ul>\n<li>Si le total des deux premi\u00e8res cartes du Banquier est inf\u00e9rieur \u00e0 2 moins, il peut tirer la troisi\u00e8me carte.<\/li>\n<li>Le Banquier peut tirer une troisi\u00e8me carte si le total des points est de 3 mais seulement si la troisi\u00e8me carte du joueur n\u2019est pas un 8.<\/li>\n<li>Le Banquier doit se tenir d\u00e9bout si le total des points des deux premi\u00e8res cartes est 7.<\/li>\n<\/ul>\t\t<\/div>\t<\/div><\/div><div class=\"dt-sc-toggle-frame\">\t<h5 class='dt-sc-toggle-accordion '><a href='#'>A quoi ressemblent les chances dans le Baccarat avec croupier en direct ?<\/a><\/h5>\t<div class=\"dt-sc-toggle-content\" style=\"display: none;\">\t\t<div class=\"block\">Les chances ne changent pas que vous jouez sur un casino r\u00e9gulier en ligne ou Baccarat en direct. Cependant, c\u2019est toujours important de poser la question au service client du casino si vous avez des requ\u00eates.\u00a0 Pour la plupart, les chances sont similaires dans les deux versions.\t\t<\/div>\t<\/div><\/div><div class=\"dt-sc-toggle-frame\">\t<h5 class='dt-sc-toggle-accordion '><a href='#'>Quels sont les variantes de baccarat en direct ?<\/a><\/h5>\t<div class=\"dt-sc-toggle-content\" style=\"display: none;\">\t\t<div class=\"block\">Il existe diff\u00e9rents types de Baccarat comme Punto Banco, la Version Fran\u00e7aise Chemin de Fer, et le Mini-Baccarat. Toutefois, Punto Banco est en ce moment la variante populaire dans le format du croupier en direct.\t\t<\/div>\t<\/div><\/div><div class=\"dt-sc-toggle-frame\">\t<h5 class='dt-sc-toggle-accordion '><a href='#'>Puis-je jouer au Baccarat en direct sur un Smartphone ou tablette ?<\/a><\/h5>\t<div class=\"dt-sc-toggle-content\" style=\"display: none;\">\t\t<div class=\"block\">Bien s\u00fbr, certains casinos ont leurs offres optimis\u00e9es pour jouer sur une multitude de p\u00e9riph\u00e9riques Apple et Android.\t\t<\/div>\t<\/div><\/div><\/div>\n","protected":false},"excerpt":{"rendered":"<p>Si vous \u00eates \u00e0 la recherche des meilleurs sites pour jouer Baccarat avec distributeur en direct, vous \u00eates au meilleur endroit. Top 10 des Sites Web de Casino est l\u2019endroit o\u00f9 vous trouverez le top classe des casinos avec distributeur en direct offrant ce simple jeu de carte classe. Les chances sont relativement bonnes, donc [&hellip;]<\/p>\n","protected":false},"author":4,"featured_media":0,"parent":58,"menu_order":0,"comment_status":"closed","ping_status":"closed","template":"","meta":{"_acf_changed":false,"footnotes":""},"class_list":["post-62","page","type-page","status-publish","hentry"],"acf":[],"yoast_head":"<!-- This site is optimized with the Yoast SEO plugin v27.4 - https:\/\/yoast.com\/product\/yoast-seo-wordpress\/ -->\n<title>Distributeur en direct Baccarat \u2013 Jouer En Ligne En Direct aux Jeux Baccarat<\/title>\n<meta name=\"description\" content=\"Challenger un distributeur en direct d\u2019une main de 9 dans ce jeu classe de Baccarat en Direct. Trouvez les meilleurs casinos Baccarat avec distributeur en direct sur Top 10 des Sites Web de Casino.\" \/>\n<meta name=\"robots\" content=\"index, follow, max-snippet:-1, max-image-preview:large, max-video-preview:-1\" \/>\n<link rel=\"canonical\" href=\"https:\/\/www.top10casinowebsites.net\/fr\/casinos-en-direct\/baccarat\/\" \/>\n<meta property=\"og:locale\" content=\"en_US\" \/>\n<meta property=\"og:type\" content=\"article\" \/>\n<meta property=\"og:title\" content=\"Distributeur en direct Baccarat \u2013 Jouer En Ligne En Direct aux Jeux Baccarat\" \/>\n<meta property=\"og:description\" content=\"Challenger un distributeur en direct d\u2019une main de 9 dans ce jeu classe de Baccarat en Direct. Trouvez les meilleurs casinos Baccarat avec distributeur en direct sur Top 10 des Sites Web de Casino.\" \/>\n<meta property=\"og:url\" content=\"https:\/\/www.top10casinowebsites.net\/fr\/casinos-en-direct\/baccarat\/\" \/>\n<meta property=\"og:site_name\" content=\"FR\" \/>\n<meta property=\"article:modified_time\" content=\"2017-10-06T19:39:16+00:00\" \/>\n<meta property=\"og:image\" content=\"https:\/\/www.top10casinowebsites.net\/fr\/wp-content\/uploads\/sites\/4\/2017\/10\/live-baccarat.jpg\" \/>\n\t<meta property=\"og:image:width\" content=\"380\" \/>\n\t<meta property=\"og:image:height\" content=\"250\" \/>\n\t<meta property=\"og:image:type\" content=\"image\/jpeg\" \/>\n<meta name=\"twitter:card\" content=\"summary_large_image\" \/>\n<meta name=\"twitter:label1\" content=\"Est. reading time\" \/>\n\t<meta name=\"twitter:data1\" content=\"6 minutes\" \/>\n<script type=\"application\/ld+json\" class=\"yoast-schema-graph\">{\"@context\":\"https:\\\/\\\/schema.org\",\"@graph\":[{\"@type\":\"WebPage\",\"@id\":\"https:\\\/\\\/www.top10casinowebsites.net\\\/fr\\\/casinos-en-direct\\\/baccarat\\\/\",\"url\":\"https:\\\/\\\/www.top10casinowebsites.net\\\/fr\\\/casinos-en-direct\\\/baccarat\\\/\",\"name\":\"Distributeur en direct Baccarat \u2013 Jouer En Ligne En Direct aux Jeux Baccarat\",\"isPartOf\":{\"@id\":\"https:\\\/\\\/www.top10casinowebsites.net\\\/fr\\\/#website\"},\"primaryImageOfPage\":{\"@id\":\"https:\\\/\\\/www.top10casinowebsites.net\\\/fr\\\/casinos-en-direct\\\/baccarat\\\/#primaryimage\"},\"image\":{\"@id\":\"https:\\\/\\\/www.top10casinowebsites.net\\\/fr\\\/casinos-en-direct\\\/baccarat\\\/#primaryimage\"},\"thumbnailUrl\":\"https:\\\/\\\/www.top10casinowebsites.net\\\/fr\\\/wp-content\\\/uploads\\\/sites\\\/4\\\/2017\\\/10\\\/live-baccarat-300x197.jpg\",\"datePublished\":\"2017-10-06T15:21:00+00:00\",\"dateModified\":\"2017-10-06T19:39:16+00:00\",\"description\":\"Challenger un distributeur en direct d\u2019une main de 9 dans ce jeu classe de Baccarat en Direct. Trouvez les meilleurs casinos Baccarat avec distributeur en direct sur Top 10 des Sites Web de Casino.\",\"breadcrumb\":{\"@id\":\"https:\\\/\\\/www.top10casinowebsites.net\\\/fr\\\/casinos-en-direct\\\/baccarat\\\/#breadcrumb\"},\"inLanguage\":\"en-US\",\"potentialAction\":[{\"@type\":\"ReadAction\",\"target\":[\"https:\\\/\\\/www.top10casinowebsites.net\\\/fr\\\/casinos-en-direct\\\/baccarat\\\/\"]}]},{\"@type\":\"ImageObject\",\"inLanguage\":\"en-US\",\"@id\":\"https:\\\/\\\/www.top10casinowebsites.net\\\/fr\\\/casinos-en-direct\\\/baccarat\\\/#primaryimage\",\"url\":\"https:\\\/\\\/www.top10casinowebsites.net\\\/fr\\\/wp-content\\\/uploads\\\/sites\\\/4\\\/2017\\\/10\\\/live-baccarat.jpg\",\"contentUrl\":\"https:\\\/\\\/www.top10casinowebsites.net\\\/fr\\\/wp-content\\\/uploads\\\/sites\\\/4\\\/2017\\\/10\\\/live-baccarat.jpg\",\"width\":380,\"height\":250},{\"@type\":\"BreadcrumbList\",\"@id\":\"https:\\\/\\\/www.top10casinowebsites.net\\\/fr\\\/casinos-en-direct\\\/baccarat\\\/#breadcrumb\",\"itemListElement\":[{\"@type\":\"ListItem\",\"position\":1,\"name\":\"Home\",\"item\":\"https:\\\/\\\/www.top10casinowebsites.net\\\/fr\\\/\"},{\"@type\":\"ListItem\",\"position\":2,\"name\":\"Casinos en Direct \u2013 Casinos en Ligne en Direct avec Concessionnaire en direct\",\"item\":\"https:\\\/\\\/www.top10casinowebsites.net\\\/fr\\\/casinos-en-direct\\\/\"},{\"@type\":\"ListItem\",\"position\":3,\"name\":\"Distributeur en direct Baccarat \u2013 Jouer En Ligne En Direct aux Jeux Baccarat\"}]},{\"@type\":\"WebSite\",\"@id\":\"https:\\\/\\\/www.top10casinowebsites.net\\\/fr\\\/#website\",\"url\":\"https:\\\/\\\/www.top10casinowebsites.net\\\/fr\\\/\",\"name\":\"FR\",\"description\":\"Just another Sites site\",\"potentialAction\":[{\"@type\":\"SearchAction\",\"target\":{\"@type\":\"EntryPoint\",\"urlTemplate\":\"https:\\\/\\\/www.top10casinowebsites.net\\\/fr\\\/?s={search_term_string}\"},\"query-input\":{\"@type\":\"PropertyValueSpecification\",\"valueRequired\":true,\"valueName\":\"search_term_string\"}}],\"inLanguage\":\"en-US\"}]}<\/script>\n<!-- \/ Yoast SEO plugin. -->","yoast_head_json":{"title":"Distributeur en direct Baccarat \u2013 Jouer En Ligne En Direct aux Jeux Baccarat","description":"Challenger un distributeur en direct d\u2019une main de 9 dans ce jeu classe de Baccarat en Direct. Trouvez les meilleurs casinos Baccarat avec distributeur en direct sur Top 10 des Sites Web de Casino.","robots":{"index":"index","follow":"follow","max-snippet":"max-snippet:-1","max-image-preview":"max-image-preview:large","max-video-preview":"max-video-preview:-1"},"canonical":"https:\/\/www.top10casinowebsites.net\/fr\/casinos-en-direct\/baccarat\/","og_locale":"en_US","og_type":"article","og_title":"Distributeur en direct Baccarat \u2013 Jouer En Ligne En Direct aux Jeux Baccarat","og_description":"Challenger un distributeur en direct d\u2019une main de 9 dans ce jeu classe de Baccarat en Direct. Trouvez les meilleurs casinos Baccarat avec distributeur en direct sur Top 10 des Sites Web de Casino.","og_url":"https:\/\/www.top10casinowebsites.net\/fr\/casinos-en-direct\/baccarat\/","og_site_name":"FR","article_modified_time":"2017-10-06T19:39:16+00:00","og_image":[{"width":380,"height":250,"url":"https:\/\/www.top10casinowebsites.net\/fr\/wp-content\/uploads\/sites\/4\/2017\/10\/live-baccarat.jpg","type":"image\/jpeg"}],"twitter_card":"summary_large_image","twitter_misc":{"Est. reading time":"6 minutes"},"schema":{"@context":"https:\/\/schema.org","@graph":[{"@type":"WebPage","@id":"https:\/\/www.top10casinowebsites.net\/fr\/casinos-en-direct\/baccarat\/","url":"https:\/\/www.top10casinowebsites.net\/fr\/casinos-en-direct\/baccarat\/","name":"Distributeur en direct Baccarat \u2013 Jouer En Ligne En Direct aux Jeux Baccarat","isPartOf":{"@id":"https:\/\/www.top10casinowebsites.net\/fr\/#website"},"primaryImageOfPage":{"@id":"https:\/\/www.top10casinowebsites.net\/fr\/casinos-en-direct\/baccarat\/#primaryimage"},"image":{"@id":"https:\/\/www.top10casinowebsites.net\/fr\/casinos-en-direct\/baccarat\/#primaryimage"},"thumbnailUrl":"https:\/\/www.top10casinowebsites.net\/fr\/wp-content\/uploads\/sites\/4\/2017\/10\/live-baccarat-300x197.jpg","datePublished":"2017-10-06T15:21:00+00:00","dateModified":"2017-10-06T19:39:16+00:00","description":"Challenger un distributeur en direct d\u2019une main de 9 dans ce jeu classe de Baccarat en Direct. Trouvez les meilleurs casinos Baccarat avec distributeur en direct sur Top 10 des Sites Web de Casino.","breadcrumb":{"@id":"https:\/\/www.top10casinowebsites.net\/fr\/casinos-en-direct\/baccarat\/#breadcrumb"},"inLanguage":"en-US","potentialAction":[{"@type":"ReadAction","target":["https:\/\/www.top10casinowebsites.net\/fr\/casinos-en-direct\/baccarat\/"]}]},{"@type":"ImageObject","inLanguage":"en-US","@id":"https:\/\/www.top10casinowebsites.net\/fr\/casinos-en-direct\/baccarat\/#primaryimage","url":"https:\/\/www.top10casinowebsites.net\/fr\/wp-content\/uploads\/sites\/4\/2017\/10\/live-baccarat.jpg","contentUrl":"https:\/\/www.top10casinowebsites.net\/fr\/wp-content\/uploads\/sites\/4\/2017\/10\/live-baccarat.jpg","width":380,"height":250},{"@type":"BreadcrumbList","@id":"https:\/\/www.top10casinowebsites.net\/fr\/casinos-en-direct\/baccarat\/#breadcrumb","itemListElement":[{"@type":"ListItem","position":1,"name":"Home","item":"https:\/\/www.top10casinowebsites.net\/fr\/"},{"@type":"ListItem","position":2,"name":"Casinos en Direct \u2013 Casinos en Ligne en Direct avec Concessionnaire en direct","item":"https:\/\/www.top10casinowebsites.net\/fr\/casinos-en-direct\/"},{"@type":"ListItem","position":3,"name":"Distributeur en direct Baccarat \u2013 Jouer En Ligne En Direct aux Jeux Baccarat"}]},{"@type":"WebSite","@id":"https:\/\/www.top10casinowebsites.net\/fr\/#website","url":"https:\/\/www.top10casinowebsites.net\/fr\/","name":"FR","description":"Just another Sites site","potentialAction":[{"@type":"SearchAction","target":{"@type":"EntryPoint","urlTemplate":"https:\/\/www.top10casinowebsites.net\/fr\/?s={search_term_string}"},"query-input":{"@type":"PropertyValueSpecification","valueRequired":true,"valueName":"search_term_string"}}],"inLanguage":"en-US"}]}},"_links":{"self":[{"href":"https:\/\/www.top10casinowebsites.net\/fr\/wp-json\/wp\/v2\/pages\/62","targetHints":{"allow":["GET"]}}],"collection":[{"href":"https:\/\/www.top10casinowebsites.net\/fr\/wp-json\/wp\/v2\/pages"}],"about":[{"href":"https:\/\/www.top10casinowebsites.net\/fr\/wp-json\/wp\/v2\/types\/page"}],"author":[{"embeddable":true,"href":"https:\/\/www.top10casinowebsites.net\/fr\/wp-json\/wp\/v2\/users\/4"}],"replies":[{"embeddable":true,"href":"https:\/\/www.top10casinowebsites.net\/fr\/wp-json\/wp\/v2\/comments?post=62"}],"version-history":[{"count":1,"href":"https:\/\/www.top10casinowebsites.net\/fr\/wp-json\/wp\/v2\/pages\/62\/revisions"}],"predecessor-version":[{"id":63,"href":"https:\/\/www.top10casinowebsites.net\/fr\/wp-json\/wp\/v2\/pages\/62\/revisions\/63"}],"up":[{"embeddable":true,"href":"https:\/\/www.top10casinowebsites.net\/fr\/wp-json\/wp\/v2\/pages\/58"}],"wp:attachment":[{"href":"https:\/\/www.top10casinowebsites.net\/fr\/wp-json\/wp\/v2\/media?parent=62"}],"curies":[{"name":"wp","href":"https:\/\/api.w.org\/{rel}","templated":true}]}}