{"id":65,"date":"2017-10-06T15:31:07","date_gmt":"2017-10-06T15:31:07","guid":{"rendered":"https:\/\/www.top10casinowebsites.net\/fr\/?page_id=65"},"modified":"2017-10-07T16:58:48","modified_gmt":"2017-10-07T16:58:48","slug":"blackjack","status":"publish","type":"page","link":"https:\/\/www.top10casinowebsites.net\/fr\/casinos-en-direct\/blackjack\/","title":{"rendered":"Blackjack en Direct \u2013 Jouer aux Jeux Blackjack en direct en ligne"},"content":{"rendered":"<p><img loading=\"lazy\" decoding=\"async\" class=\"alignright size-medium wp-image-67\" src=\"https:\/\/www.top10casinowebsites.net\/fr\/wp-content\/uploads\/sites\/4\/2017\/10\/live-blackjack-300x197.jpg\" alt=\"\" width=\"300\" height=\"197\" srcset=\"https:\/\/www.top10casinowebsites.net\/fr\/wp-content\/uploads\/sites\/4\/2017\/10\/live-blackjack-300x197.jpg 300w, https:\/\/www.top10casinowebsites.net\/fr\/wp-content\/uploads\/sites\/4\/2017\/10\/live-blackjack.jpg 380w\" sizes=\"auto, (max-width: 300px) 100vw, 300px\" \/>Si vous \u00eates \u00e0 la <a href=\"https:\/\/www.top10casinowebsites.net\/fr\/blackjack\/\">recherche des plus grandes sensations jouant Blackjack<\/a> alors le revendeur en direct Blackjack pourrait \u00eatre \u00e0 la hauteur de votre attente.<\/p>\n<p>Le Top 10 des Sites Web de Casino vous apporte les meilleurs sites de distributeur en direct o\u00f9 vous obtenez le meilleur des deux mondes, donc, jouer dans un casino terrestre r\u00e9el mais depuis votre <strong>desktop<\/strong>,<strong> laptop<\/strong> ou <strong>mobile<\/strong>.<\/p>\n<p>Course \u00e0 21 ou plut\u00f4t battre le concessionnaire dans la course \u00e0 21 est en fait beaucoup plus plaisant et excitant lorsque vous passez vers la version avec distributeur en direct.<\/p>\n<p>En effet, vous avez une meilleure exp\u00e9rience de casino r\u00e9el car vous avez la possibilit\u00e9 d\u2019interagir en direct avec le distributeur et les cartes sont tir\u00e9es pendant que vous challengez d\u2019autres joueurs et m\u00eame interagir avec ces derniers.<\/p>\n<h2 id=\"topcasinos\">LE TOP 10 DES SITES WEB DE CASINO<\/h2>\n<p><div class=\"grid-contents\" id=\"grid-contents\"><table class=\"cas_table\" ><tbody><tr class=\"rank-1\">\n                                <td class=\"ranking\">1<\/td>\n                                <td class=\"brandcol\">\n                                    <a href=https:\/\/www.top10casinowebsites.net\/fr\/review\/888-casino\/ class=\"brand brand-bg\"><img loading=\"lazy\" decoding=\"async\" class=\"group list-group-image\" src=\"https:\/\/static.top10casinowebsites.net\/images\/casino-rooms\/888-casino-logo.png\" width=\"200\" height=\"128\"\/><\/a>\n                                <\/td>\n                                <td class=\"bonus\" data-title=\"Bonus\">\n\t\t\t\t\t               <p class=\"bonus-text\"><strong>$888<\/strong>Welcome Bonus <br>(<a href=\"https:\/\/www.top10casinowebsites.net\/fr\/review\/888-casino\/\">T&Cs apply, 18+<\/a>)<\/p>\n\t\t\t\t                <\/td>\n\t\t\t\t\t            <td class=\"badge_game\" data-title=\"Rating\">\n                                    <div class=\"rating\"><strong>5<\/strong>\/5<\/div>\n                                    <div class=\"rating stars\" style=\"margin-top: 5px;\"><span class=\"icon icon-stars\"><span class=\"icon-stars green\" style=\"width: 100%;\"><\/span><\/span><\/div>\n\t\t\t\t\t            <\/td>\n                               \n                                <td class=\"play\">\n\t\t\t\t\t               <a class=\"button-gold\" rel=\"nofollow\" href=\"https:\/\/www.top10casinowebsites.net\/fr\/review\/888-casino\/\">Visit<\/a>\n\t                               <div class=\"\">\n\t\t\t\t\t                   <a class=\"review-snippet-link-play-now-col\" href=\"https:\/\/www.top10casinowebsites.net\/fr\/review\/888-casino\/\">Read Review<\/a>\n\t\t\t\t\t               <\/div>\n\t\t\t\t\t           <\/td>\n     \t\t\t\t        <\/tr><\/tbody><\/table><\/div><br \/>\nSur notre site vous allez trouver les casinos offrant les jeux Blackjack avec concessionnaire en direct\u00a0:<\/p>\n<ul>\n<li>Une faible \u00ab\u00a0FOYER\u00a0\u00bb<\/li>\n<li>De meilleures chances pour les joueurs<\/li>\n<li>Des distributeurs Blackjack sont pr\u00e9sents<\/li>\n<li>Ambiance et sons dignes d\u2019un casino terrestre<\/li>\n<li>Les fonctions de chat et de vid\u00e9o pour interagir avec les concessionnaires et les autres joueurs<\/li>\n<li>Qualit\u00e9 vid\u00e9o haut de gamme<\/li>\n<\/ul>\n<h2>Comment les jeux Blackjack avec concessionnaire en direct fonctionnent<\/h2>\n<p><img loading=\"lazy\" decoding=\"async\" class=\"alignleft size-full wp-image-36\" src=\"https:\/\/www.top10casinowebsites.net\/fr\/wp-content\/uploads\/sites\/4\/2017\/10\/help-and-tips.png\" alt=\"\" width=\"128\" height=\"128\" \/>Si vous avez tent\u00e9 Blackjack en ligne, alors blackjack avec concessionnaire en direct n\u2019est pas aussi diff\u00e9rent d\u00fb au fait que le jeu est conduit par un distributeur direct\/r\u00e9el dans une configuration de casino complet, qui est vraiment la cerise sur le g\u00e2teau.<\/p>\n<p>Les jeux sont visionn\u00e9s en direct depuis le casino ou le studio du fournisseur logiciel avec un concessionnaire toujours disponible pour vous aider \u00e0 joindre une table et placer des paris.<\/p>\n<p>Tout au long du jeu, vous avez la possibilit\u00e9 de voir le concessionnaire, <a href=\"https:\/\/en.wikipedia.org\/wiki\/Shoe_%28cards%29\">les cartes distribu\u00e9es<\/a>, les paris plac\u00e9s, et beaucoup plus, tout cela en temps r\u00e9el.<\/p>\n<p><strong>Hypalinx<\/strong><\/p>\n<p><center><iframe loading=\"lazy\" src=\"https:\/\/www.youtube.com\/embed\/2g4psqzan5M\" width=\"560\" height=\"315\" frameborder=\"0\" allowfullscreen=\"allowfullscreen\"><\/iframe><\/center><br \/>\nUne fois que le jeu commence il vous sera distribu\u00e9 des cartes auxquelles vous pouvez vous tenir ou alors tirer. Tout ce qu\u2019il faut c\u2019est un petit coup de chance et vous vous pourrez gagner de belles sommes.<\/p>\n<h2>Comment Jouer au Blackjack avec concessionnaire en direct<\/h2>\n<p><img loading=\"lazy\" decoding=\"async\" class=\"alignright size-full wp-image-36\" src=\"https:\/\/www.top10casinowebsites.net\/fr\/wp-content\/uploads\/sites\/4\/2017\/10\/help-and-tips.png\" alt=\"\" width=\"128\" height=\"128\" \/>Ce ne sont pas uniquement nos experts, mais tous ceux qui ont v\u00e9rifi\u00e9 les tables Blackjack avec concessionnaire en direct vous diront que c\u2019est la meilleure fa\u00e7on de se jeter dans une magnifique exp\u00e9rience de casino depuis votre desktop ou mobile.<\/p>\n<p>Le jeu est ex\u00e9cut\u00e9 avec les m\u00eames r\u00e8gles qui sont plus ou moins consistants quel que soit la variante que vous jouez.<\/p>\n<ul>\n<li>Blackjack en direct est jou\u00e9 avec une ou plusieurs platines de 52 cartes o\u00f9 l\u2019objectif est de battre la main du concessionnaire avec une valeur de main aussi proche que possible de 21.<\/li>\n<li>Une fois que vous recharg\u00e9 votre compte de casino en ligne, vous pouvez vous lancer directement dans la section du concessionnaire en direct et choisir l\u2019une des variantes de blackjack. Vous pouvez joindre n\u2019importe qu\u2019elle table.<\/li>\n<li><strong>Placer votre pari initial ou avance\u00a0: <\/strong>Vous commencez par placer votre pari initial. Sur une table multiplaces, votre avance doit correspondre \u00e0 d\u2019autres joueurs. Nous recommandons toujours que si vous \u00eates nouveau au Blackjack, d\u00e9marrez avec une faible somme et augmenter progressivement \u00e0 des paris plus \u00e9lev\u00e9s.<\/li>\n<li><strong>Le concessionnaire distribue des cartes\u00a0: <\/strong>une fois que vous avez plac\u00e9 votre pari ou si tous les joueurs ont plac\u00e9 leur pari dans un jeu multiplaces, le concessionnaire en direct distribuera deux cartes \u00e0 chaque joueur. Une carte pourrait \u00eatre distribu\u00e9e face ouverte et l\u2019autre face ferm\u00e9e.<\/li>\n<li><strong>Choisissez de frapper, de tenir, de diviser, de doubler ou d\u2019assurer votre pari\u00a0: <\/strong>Une fois que les cartes ont \u00e9t\u00e9 distribu\u00e9es vous aurez le choix entre frapper, tenir, diviser, doubler ou d\u2019assurer votre pari. Vous serez en mesure de voir votre main et l\u2019une des cartes du distributeur \u00e0 travers le jeu.<\/li>\n<li>Il y a des boutons sur le tableau de bord d\u2019o\u00f9 vous avez la possibilit\u00e9 soit de \u2018frapper\u2019, \u2018Tenir\u2019, \u2018Diviser\u2019 et \u2018Doubler En Bas\u2019. Le distributeur confirmera votre choix une fois que vous avez cliqu\u00e9 sur l\u2019un des boutons.<\/li>\n<li><strong>Le distributeur d\u00e9cide du gagnant\u00a0: <\/strong>Une fois que tous les joueurs sur la table se tiennent, le distributeur prendra toutes les mains dans le compte et annoncera si le jeu est une \u00e9galit\u00e9 ou un \u00ab\u00a0push\u00a0\u00bb,\u00a0\u00ab\u00a0victoire\u00a0\u00bb, ou \u00ab\u00a0perte\u00a0\u00bb, et celui qui a gagn\u00e9 le tour. Si votre main est proche de la valeur de 21 que celle du distributeur, vous gagnez la valeur de votre pari. Si votre main totale exc\u00e8de 21, vous perdez votre pari.<\/li>\n<\/ul>\n<h2>\u00a0Foire Aux Questions\u00a0 du Blackjack avec Distributeur en Direct<\/h2>\n<div class='dt-sc-toggle-frame-set'><div class=\"dt-sc-toggle-frame\">\t<h5 class='dt-sc-toggle-accordion '><a href='#'>Est-il prudent de jouer au Blackjack avec Distributeur en direct ?<\/a><\/h5>\t<div class=\"dt-sc-toggle-content\" style=\"display: none;\">\t\t<div class=\"block\">Tous les casinos list\u00e9s sur notre site offrant blackjack en direct disposent d\u2019une licence et sont r\u00e9put\u00e9s avec une r\u00e9gulation rigoureuse en place. Beaucoup plus, vous voyez les cartes distribu\u00e9es par un distributeur r\u00e9el, rendant cela prudent \u00e0 jouer.\t\t<\/div>\t<\/div><\/div><div class=\"dt-sc-toggle-frame\">\t<h5 class='dt-sc-toggle-accordion '><a href='#'>Quelles sont mes chances ?<\/a><\/h5>\t<div class=\"dt-sc-toggle-content\" style=\"display: none;\">\t\t<div class=\"block\">Les chances dans blackjack en direct sont toujours les m\u00eames que sur un casino en ligne. Parce que le jeu a une faible \u00ab\u00a0FOYER\u00a0\u00bb, vous disposez des vraies chances de gagner plus. Le \u00ab\u00a0FOYER\u00a0\u00bb varie de 0,5% \u00e0 5%, en fonction de nombre de ponts.\t\t<\/div>\t<\/div><\/div><div class=\"dt-sc-toggle-frame\">\t<h5 class='dt-sc-toggle-accordion '><a href='#'>Est-il possible que les jeux blackjack en direct soient truqu\u00e9s ?<\/a><\/h5>\t<div class=\"dt-sc-toggle-content\" style=\"display: none;\">\t\t<div class=\"block\">Sur les <a href=\"https:\/\/www.top10casinowebsites.net\/fr\/casinos\/\">casinos autoris\u00e9s<\/a> qui sont r\u00e9guli\u00e8rement audit\u00e9s et certifi\u00e9s pour le jeu, qui bien s\u00fbr,\u00a0 vous trouverez sur le Top 10 des Sites Web de Casino, il n\u2019y a aucun moyen de manipuler les jeux. Ces jeux sont sujets aux m\u00eames proc\u00e9dures de r\u00e9gulation tr\u00e8s strictes.\t\t<\/div>\t<\/div><\/div><div class=\"dt-sc-toggle-frame\">\t<h5 class='dt-sc-toggle-accordion '><a href='#'>Le comptage des cartes est-il une r\u00e9alit\u00e9 dans blackjack en direct ?<\/a><\/h5>\t<div class=\"dt-sc-toggle-content\" style=\"display: none;\">\t\t<div class=\"block\">De telles pratiques sont mal vues par les par les casinos list\u00e9s sur notre site car, c\u2019est en fin de compte leur \u00ab\u00a0business\u00a0\u00bb qui souffrirait. Les casinos sur notre liste utilisent une vari\u00e9t\u00e9 de multiples ponts et m\u00e9langent r\u00e9guli\u00e8rement les ponts pour att\u00e9nuer le risque de voir les joueurs se livrer au comptage des cartes.\t\t<\/div>\t<\/div><\/div><div class=\"dt-sc-toggle-frame\">\t<h5 class='dt-sc-toggle-accordion '><a href='#'>Puis-je jouer \u00e0 Blackjack en direct sur mon Smartphone ou tablette ?<\/a><\/h5>\t<div class=\"dt-sc-toggle-content\" style=\"display: none;\">\t\t<div class=\"block\">Il existe quelques casinos qui ont \u00e9tendus leur offre de distributeur en direct \u00e0 leur <a href=\"https:\/\/www.top10casinowebsites.net\/fr\/mobiles\/\">plateforme mobile.<\/a> Tant que vous vous avez une connexion Wifi ou 4G d\u00e9cente, vous pouvez joueur au blackjack en direct n\u2019importe o\u00f9 et \u00e0 tout moment.\t\t<\/div>\t<\/div><\/div><div class=\"dt-sc-toggle-frame\">\t<h5 class='dt-sc-toggle-accordion '><a href='#'>Puis-je jouer \u00e0 blackjack en mode d\u00e9mo?<\/a><\/h5>\t<div class=\"dt-sc-toggle-content\" style=\"display: none;\">\t\t<div class=\"block\">Blackjack en direct peut uniquement \u00eatre jou\u00e9 pour de l\u2019argent r\u00e9el. Certains casinos pourraient offrir un tour ou une courte d\u00e9mo de comment jouer pour la seule exp\u00e9rience que vous aurez en attendant de recharger votre compte casino avec du vrai argent. Cependant, de nombreux casinos vous autorisent de regarder d\u2019autres jeux en action, ce qui est une belle mani\u00e8re de voir comment les choses fonctionnent avant de vous lancer et jouer pour de l\u2019argent r\u00e9el.\t\t<\/div>\t<\/div><\/div><\/div>\n","protected":false},"excerpt":{"rendered":"<p>Si vous \u00eates \u00e0 la recherche des plus grandes sensations jouant Blackjack alors le revendeur en direct Blackjack pourrait \u00eatre \u00e0 la hauteur de votre attente. Le Top 10 des Sites Web de Casino vous apporte les meilleurs sites de distributeur en direct o\u00f9 vous obtenez le meilleur des deux mondes, donc, jouer dans un [&hellip;]<\/p>\n","protected":false},"author":4,"featured_media":0,"parent":58,"menu_order":0,"comment_status":"closed","ping_status":"closed","template":"","meta":{"_acf_changed":false,"footnotes":""},"class_list":["post-65","page","type-page","status-publish","hentry"],"acf":[],"yoast_head":"<!-- This site is optimized with the Yoast SEO plugin v27.4 - https:\/\/yoast.com\/product\/yoast-seo-wordpress\/ -->\n<title>Blackjack en Direct \u2013 Jouer aux Jeux Blackjack en direct en ligne<\/title>\n<meta name=\"description\" content=\"Retrouvez les meilleurs sites pour jouer blackjack avec croupier en direct. Profitez d\u2019une exp\u00e9rience authentique de jeu avec des distributeurs en direct.\" \/>\n<meta name=\"robots\" content=\"index, follow, max-snippet:-1, max-image-preview:large, max-video-preview:-1\" \/>\n<link rel=\"canonical\" href=\"https:\/\/www.top10casinowebsites.net\/fr\/casinos-en-direct\/blackjack\/\" \/>\n<meta property=\"og:locale\" content=\"en_US\" \/>\n<meta property=\"og:type\" content=\"article\" \/>\n<meta property=\"og:title\" content=\"Blackjack en Direct \u2013 Jouer aux Jeux Blackjack en direct en ligne\" \/>\n<meta property=\"og:description\" content=\"Retrouvez les meilleurs sites pour jouer blackjack avec croupier en direct. Profitez d\u2019une exp\u00e9rience authentique de jeu avec des distributeurs en direct.\" \/>\n<meta property=\"og:url\" content=\"https:\/\/www.top10casinowebsites.net\/fr\/casinos-en-direct\/blackjack\/\" \/>\n<meta property=\"og:site_name\" content=\"FR\" \/>\n<meta property=\"article:modified_time\" content=\"2017-10-07T16:58:48+00:00\" \/>\n<meta property=\"og:image\" content=\"https:\/\/www.top10casinowebsites.net\/fr\/wp-content\/uploads\/sites\/4\/2017\/10\/live-blackjack.jpg\" \/>\n\t<meta property=\"og:image:width\" content=\"380\" \/>\n\t<meta property=\"og:image:height\" content=\"250\" \/>\n\t<meta property=\"og:image:type\" content=\"image\/jpeg\" \/>\n<meta name=\"twitter:card\" content=\"summary_large_image\" \/>\n<meta name=\"twitter:label1\" content=\"Est. reading time\" \/>\n\t<meta name=\"twitter:data1\" content=\"6 minutes\" \/>\n<script type=\"application\/ld+json\" class=\"yoast-schema-graph\">{\"@context\":\"https:\\\/\\\/schema.org\",\"@graph\":[{\"@type\":\"WebPage\",\"@id\":\"https:\\\/\\\/www.top10casinowebsites.net\\\/fr\\\/casinos-en-direct\\\/blackjack\\\/\",\"url\":\"https:\\\/\\\/www.top10casinowebsites.net\\\/fr\\\/casinos-en-direct\\\/blackjack\\\/\",\"name\":\"Blackjack en Direct \u2013 Jouer aux Jeux Blackjack en direct en ligne\",\"isPartOf\":{\"@id\":\"https:\\\/\\\/www.top10casinowebsites.net\\\/fr\\\/#website\"},\"primaryImageOfPage\":{\"@id\":\"https:\\\/\\\/www.top10casinowebsites.net\\\/fr\\\/casinos-en-direct\\\/blackjack\\\/#primaryimage\"},\"image\":{\"@id\":\"https:\\\/\\\/www.top10casinowebsites.net\\\/fr\\\/casinos-en-direct\\\/blackjack\\\/#primaryimage\"},\"thumbnailUrl\":\"https:\\\/\\\/www.top10casinowebsites.net\\\/fr\\\/wp-content\\\/uploads\\\/sites\\\/4\\\/2017\\\/10\\\/live-blackjack-300x197.jpg\",\"datePublished\":\"2017-10-06T15:31:07+00:00\",\"dateModified\":\"2017-10-07T16:58:48+00:00\",\"description\":\"Retrouvez les meilleurs sites pour jouer blackjack avec croupier en direct. Profitez d\u2019une exp\u00e9rience authentique de jeu avec des distributeurs en direct.\",\"breadcrumb\":{\"@id\":\"https:\\\/\\\/www.top10casinowebsites.net\\\/fr\\\/casinos-en-direct\\\/blackjack\\\/#breadcrumb\"},\"inLanguage\":\"en-US\",\"potentialAction\":[{\"@type\":\"ReadAction\",\"target\":[\"https:\\\/\\\/www.top10casinowebsites.net\\\/fr\\\/casinos-en-direct\\\/blackjack\\\/\"]}]},{\"@type\":\"ImageObject\",\"inLanguage\":\"en-US\",\"@id\":\"https:\\\/\\\/www.top10casinowebsites.net\\\/fr\\\/casinos-en-direct\\\/blackjack\\\/#primaryimage\",\"url\":\"https:\\\/\\\/www.top10casinowebsites.net\\\/fr\\\/wp-content\\\/uploads\\\/sites\\\/4\\\/2017\\\/10\\\/live-blackjack.jpg\",\"contentUrl\":\"https:\\\/\\\/www.top10casinowebsites.net\\\/fr\\\/wp-content\\\/uploads\\\/sites\\\/4\\\/2017\\\/10\\\/live-blackjack.jpg\",\"width\":380,\"height\":250},{\"@type\":\"BreadcrumbList\",\"@id\":\"https:\\\/\\\/www.top10casinowebsites.net\\\/fr\\\/casinos-en-direct\\\/blackjack\\\/#breadcrumb\",\"itemListElement\":[{\"@type\":\"ListItem\",\"position\":1,\"name\":\"Home\",\"item\":\"https:\\\/\\\/www.top10casinowebsites.net\\\/fr\\\/\"},{\"@type\":\"ListItem\",\"position\":2,\"name\":\"Casinos en Direct \u2013 Casinos en Ligne en Direct avec Concessionnaire en direct\",\"item\":\"https:\\\/\\\/www.top10casinowebsites.net\\\/fr\\\/casinos-en-direct\\\/\"},{\"@type\":\"ListItem\",\"position\":3,\"name\":\"Blackjack en Direct \u2013 Jouer aux Jeux Blackjack en direct en ligne\"}]},{\"@type\":\"WebSite\",\"@id\":\"https:\\\/\\\/www.top10casinowebsites.net\\\/fr\\\/#website\",\"url\":\"https:\\\/\\\/www.top10casinowebsites.net\\\/fr\\\/\",\"name\":\"FR\",\"description\":\"Just another Sites site\",\"potentialAction\":[{\"@type\":\"SearchAction\",\"target\":{\"@type\":\"EntryPoint\",\"urlTemplate\":\"https:\\\/\\\/www.top10casinowebsites.net\\\/fr\\\/?s={search_term_string}\"},\"query-input\":{\"@type\":\"PropertyValueSpecification\",\"valueRequired\":true,\"valueName\":\"search_term_string\"}}],\"inLanguage\":\"en-US\"}]}<\/script>\n<!-- \/ Yoast SEO plugin. -->","yoast_head_json":{"title":"Blackjack en Direct \u2013 Jouer aux Jeux Blackjack en direct en ligne","description":"Retrouvez les meilleurs sites pour jouer blackjack avec croupier en direct. Profitez d\u2019une exp\u00e9rience authentique de jeu avec des distributeurs en direct.","robots":{"index":"index","follow":"follow","max-snippet":"max-snippet:-1","max-image-preview":"max-image-preview:large","max-video-preview":"max-video-preview:-1"},"canonical":"https:\/\/www.top10casinowebsites.net\/fr\/casinos-en-direct\/blackjack\/","og_locale":"en_US","og_type":"article","og_title":"Blackjack en Direct \u2013 Jouer aux Jeux Blackjack en direct en ligne","og_description":"Retrouvez les meilleurs sites pour jouer blackjack avec croupier en direct. Profitez d\u2019une exp\u00e9rience authentique de jeu avec des distributeurs en direct.","og_url":"https:\/\/www.top10casinowebsites.net\/fr\/casinos-en-direct\/blackjack\/","og_site_name":"FR","article_modified_time":"2017-10-07T16:58:48+00:00","og_image":[{"width":380,"height":250,"url":"https:\/\/www.top10casinowebsites.net\/fr\/wp-content\/uploads\/sites\/4\/2017\/10\/live-blackjack.jpg","type":"image\/jpeg"}],"twitter_card":"summary_large_image","twitter_misc":{"Est. reading time":"6 minutes"},"schema":{"@context":"https:\/\/schema.org","@graph":[{"@type":"WebPage","@id":"https:\/\/www.top10casinowebsites.net\/fr\/casinos-en-direct\/blackjack\/","url":"https:\/\/www.top10casinowebsites.net\/fr\/casinos-en-direct\/blackjack\/","name":"Blackjack en Direct \u2013 Jouer aux Jeux Blackjack en direct en ligne","isPartOf":{"@id":"https:\/\/www.top10casinowebsites.net\/fr\/#website"},"primaryImageOfPage":{"@id":"https:\/\/www.top10casinowebsites.net\/fr\/casinos-en-direct\/blackjack\/#primaryimage"},"image":{"@id":"https:\/\/www.top10casinowebsites.net\/fr\/casinos-en-direct\/blackjack\/#primaryimage"},"thumbnailUrl":"https:\/\/www.top10casinowebsites.net\/fr\/wp-content\/uploads\/sites\/4\/2017\/10\/live-blackjack-300x197.jpg","datePublished":"2017-10-06T15:31:07+00:00","dateModified":"2017-10-07T16:58:48+00:00","description":"Retrouvez les meilleurs sites pour jouer blackjack avec croupier en direct. Profitez d\u2019une exp\u00e9rience authentique de jeu avec des distributeurs en direct.","breadcrumb":{"@id":"https:\/\/www.top10casinowebsites.net\/fr\/casinos-en-direct\/blackjack\/#breadcrumb"},"inLanguage":"en-US","potentialAction":[{"@type":"ReadAction","target":["https:\/\/www.top10casinowebsites.net\/fr\/casinos-en-direct\/blackjack\/"]}]},{"@type":"ImageObject","inLanguage":"en-US","@id":"https:\/\/www.top10casinowebsites.net\/fr\/casinos-en-direct\/blackjack\/#primaryimage","url":"https:\/\/www.top10casinowebsites.net\/fr\/wp-content\/uploads\/sites\/4\/2017\/10\/live-blackjack.jpg","contentUrl":"https:\/\/www.top10casinowebsites.net\/fr\/wp-content\/uploads\/sites\/4\/2017\/10\/live-blackjack.jpg","width":380,"height":250},{"@type":"BreadcrumbList","@id":"https:\/\/www.top10casinowebsites.net\/fr\/casinos-en-direct\/blackjack\/#breadcrumb","itemListElement":[{"@type":"ListItem","position":1,"name":"Home","item":"https:\/\/www.top10casinowebsites.net\/fr\/"},{"@type":"ListItem","position":2,"name":"Casinos en Direct \u2013 Casinos en Ligne en Direct avec Concessionnaire en direct","item":"https:\/\/www.top10casinowebsites.net\/fr\/casinos-en-direct\/"},{"@type":"ListItem","position":3,"name":"Blackjack en Direct \u2013 Jouer aux Jeux Blackjack en direct en ligne"}]},{"@type":"WebSite","@id":"https:\/\/www.top10casinowebsites.net\/fr\/#website","url":"https:\/\/www.top10casinowebsites.net\/fr\/","name":"FR","description":"Just another Sites site","potentialAction":[{"@type":"SearchAction","target":{"@type":"EntryPoint","urlTemplate":"https:\/\/www.top10casinowebsites.net\/fr\/?s={search_term_string}"},"query-input":{"@type":"PropertyValueSpecification","valueRequired":true,"valueName":"search_term_string"}}],"inLanguage":"en-US"}]}},"_links":{"self":[{"href":"https:\/\/www.top10casinowebsites.net\/fr\/wp-json\/wp\/v2\/pages\/65","targetHints":{"allow":["GET"]}}],"collection":[{"href":"https:\/\/www.top10casinowebsites.net\/fr\/wp-json\/wp\/v2\/pages"}],"about":[{"href":"https:\/\/www.top10casinowebsites.net\/fr\/wp-json\/wp\/v2\/types\/page"}],"author":[{"embeddable":true,"href":"https:\/\/www.top10casinowebsites.net\/fr\/wp-json\/wp\/v2\/users\/4"}],"replies":[{"embeddable":true,"href":"https:\/\/www.top10casinowebsites.net\/fr\/wp-json\/wp\/v2\/comments?post=65"}],"version-history":[{"count":1,"href":"https:\/\/www.top10casinowebsites.net\/fr\/wp-json\/wp\/v2\/pages\/65\/revisions"}],"predecessor-version":[{"id":66,"href":"https:\/\/www.top10casinowebsites.net\/fr\/wp-json\/wp\/v2\/pages\/65\/revisions\/66"}],"up":[{"embeddable":true,"href":"https:\/\/www.top10casinowebsites.net\/fr\/wp-json\/wp\/v2\/pages\/58"}],"wp:attachment":[{"href":"https:\/\/www.top10casinowebsites.net\/fr\/wp-json\/wp\/v2\/media?parent=65"}],"curies":[{"name":"wp","href":"https:\/\/api.w.org\/{rel}","templated":true}]}}