{"id":68,"date":"2017-10-06T16:04:34","date_gmt":"2017-10-06T16:04:34","guid":{"rendered":"https:\/\/www.top10casinowebsites.net\/fr\/?page_id=68"},"modified":"2017-10-07T17:01:03","modified_gmt":"2017-10-07T17:01:03","slug":"casino-holdem","status":"publish","type":"page","link":"https:\/\/www.top10casinowebsites.net\/fr\/casinos-en-direct\/casino-holdem\/","title":{"rendered":"Hold\u2019em avec Distributeur en Direct \u2013 Jouez au Jeux Casino Hold\u2019em en ligne"},"content":{"rendered":"<p><img loading=\"lazy\" decoding=\"async\" class=\"alignright size-medium wp-image-70\" src=\"https:\/\/www.top10casinowebsites.net\/fr\/wp-content\/uploads\/sites\/4\/2017\/10\/live-casino-holdem-300x197.jpg\" alt=\"\" width=\"300\" height=\"197\" srcset=\"https:\/\/www.top10casinowebsites.net\/fr\/wp-content\/uploads\/sites\/4\/2017\/10\/live-casino-holdem-300x197.jpg 300w, https:\/\/www.top10casinowebsites.net\/fr\/wp-content\/uploads\/sites\/4\/2017\/10\/live-casino-holdem.jpg 380w\" sizes=\"auto, (max-width: 300px) 100vw, 300px\" \/>Si vous \u00eates fan du poker alors vous \u00eates des personnes \u00e0 \u00eatre sur le <strong>Top 10 des Sites Web des Casinos. <\/strong><\/p>\n<p>Nous pr\u00e9sentons les meilleurs casinos Hold\u2019em avec distributeur en direct qui mettent game-play \u00e0 tout un autre niveau.<\/p>\n<p>Plus important encore, vous parvenez \u00e0 jouer \u00e0 cette palpitante variante contre un distributeur professionnel et exp\u00e9rimente quelques belles vraies actions en temps r\u00e9el sans avoir \u00e0 vous retrouver sur <a href=\"https:\/\/www.top10casinowebsites.net\/top-10-casinos-in-the-world\">un casino de briques et de mortiers. <\/a><\/p>\n<p>Sur les casinos list\u00e9s sur notre site vous allez trouver\u00a0:<\/p>\n<h2 id=\"topcasinos\">LE TOP 10 DES SITES WEB DE CASINO<\/h2>\n<p><div class=\"grid-contents\" id=\"grid-contents\"><table class=\"cas_table\" ><tbody><tr class=\"rank-1\">\n                                <td class=\"ranking\">1<\/td>\n                                <td class=\"brandcol\">\n                                    <a href=https:\/\/www.top10casinowebsites.net\/fr\/review\/888-casino\/ class=\"brand brand-bg\"><img loading=\"lazy\" decoding=\"async\" class=\"group list-group-image\" src=\"https:\/\/static.top10casinowebsites.net\/images\/casino-rooms\/888-casino-logo.png\" width=\"200\" height=\"128\"\/><\/a>\n                                <\/td>\n                                <td class=\"bonus\" data-title=\"Bonus\">\n\t\t\t\t\t               <p class=\"bonus-text\"><strong>$888<\/strong>Welcome Bonus <br>(<a href=\"https:\/\/www.top10casinowebsites.net\/fr\/review\/888-casino\/\">T&Cs apply, 18+<\/a>)<\/p>\n\t\t\t\t                <\/td>\n\t\t\t\t\t            <td class=\"badge_game\" data-title=\"Rating\">\n                                    <div class=\"rating\"><strong>5<\/strong>\/5<\/div>\n                                    <div class=\"rating stars\" style=\"margin-top: 5px;\"><span class=\"icon icon-stars\"><span class=\"icon-stars green\" style=\"width: 100%;\"><\/span><\/span><\/div>\n\t\t\t\t\t            <\/td>\n                               \n                                <td class=\"play\">\n\t\t\t\t\t               <a class=\"button-gold\" rel=\"nofollow\" href=\"https:\/\/www.top10casinowebsites.net\/fr\/review\/888-casino\/\">Visit<\/a>\n\t                               <div class=\"\">\n\t\t\t\t\t                   <a class=\"review-snippet-link-play-now-col\" href=\"https:\/\/www.top10casinowebsites.net\/fr\/review\/888-casino\/\">Read Review<\/a>\n\t\t\t\t\t               <\/div>\n\t\t\t\t\t           <\/td>\n     \t\t\t\t        <\/tr><\/tbody><\/table><\/div><br \/>\nLes jeux de casino Hodl\u2019em avec distributeur en direct visionn\u00e9s en direct depuis le casino ou le studio du fournisseur logiciel directement sur votre desktop<\/p>\n<ul>\n<li>Les casinos qui offrent les tables pour les enjeux \u00e9lev\u00e9s ou moyens<\/li>\n<li>Autorise les joueurs distributeur en direct \u00e0 gagner des bonus et des points<\/li>\n<li>Les casinos qui offrent les jeux multi-tables<\/li>\n<li>Les sites qui vous permettent de jouer au casino en direct Hold\u2019em continuellement<\/li>\n<\/ul>\n<p>Le casino Hold\u2019em est l\u2019une des <a href=\"http:\/\/www.wikihow.com\/Play-Five-Card-Draw\">variantes de five-card poker<\/a> qui vous permette de tester vos comp\u00e9tences \u00e0 la limite et faire face \u00e0 d\u2019autres joueurs depuis le confort de votre maison\/appartement. Alors, si vous \u00eates pr\u00eat \u00e0 voir le distributeur r\u00e9el tourner les cartes et vous consid\u00e9rer comme apte au bluff d\u2019une main, alors nous sommes les meilleures personnes pour vous faire d\u00e9marrer sur les casinos en direct avec distributeur en direct.<\/p>\n<h2>Pourquoi Jouer au Casino Hold\u2019em avec Distributeur en Direct\u00a0?<\/h2>\n<p><img loading=\"lazy\" decoding=\"async\" class=\"alignright size-full wp-image-36\" src=\"https:\/\/www.top10casinowebsites.net\/fr\/wp-content\/uploads\/sites\/4\/2017\/10\/help-and-tips.png\" alt=\"\" width=\"128\" height=\"128\" \/>Le casino en direct Hold\u2019em offre aux fans de poker plusieurs raisons de vouloir frapper les tables. Voici quelques-unes\u00a0:<\/p>\n<ul>\n<li>Jouer pour les enjeux les plus flexibles<\/li>\n<li>Jouer et interagir contre un distributeur r\u00e9el<\/li>\n<li>Pouvoir jouer n\u2019importe o\u00f9 et \u00e0 tout moment<\/li>\n<li>Profiter des paiements allant jusqu\u2019\u00e0 100\u00a0:1 en fonction de la combinaison gagnante<\/li>\n<li>Jouer aux paris lat\u00e9raux et gagner selon la table de payement des primes<\/li>\n<li>Voir les cartes m\u00e9lang\u00e9es par un distributeur professionnel<\/li>\n<li>Changer de tables si vous n\u2019\u00eates pas int\u00e9ress\u00e9 par un tableau particulier<\/li>\n<\/ul>\n<p><strong>OfficialEuroPartners<\/strong><\/p>\n<p><center><iframe loading=\"lazy\" src=\"https:\/\/www.youtube.com\/embed\/H43HZCaLt_Y\" width=\"560\" height=\"315\" frameborder=\"0\" allowfullscreen=\"allowfullscreen\"><\/iframe><\/center><\/p>\n<h2>Comment Jouer au Casino Hold\u2019em<\/h2>\n<p><img loading=\"lazy\" decoding=\"async\" class=\"alignright size-full wp-image-36\" src=\"https:\/\/www.top10casinowebsites.net\/fr\/wp-content\/uploads\/sites\/4\/2017\/10\/help-and-tips.png\" alt=\"\" width=\"128\" height=\"128\" \/>Le casino Hold\u2019em est un jeu jou\u00e9 avec un jeu d 52 cartes. Contrairement au poker r\u00e9gulier, le jeu implique jouer contre un distributeur.<\/p>\n<ul>\n<li>Le jeu commence avec chaque joueur faisant une avance.<\/li>\n<li>Le distributeur remet \u00e0 chaque joueur ses cartes et place deux cartes face au milieu de la table<\/li>\n<li>Chaque joueur place son pari et r\u00e9alise ses mains sur la base des deux cartes distribu\u00e9s et les cartes communautaires.<\/li>\n<li>Apr\u00e8s que les paris soient plac\u00e9s, le distributeur place une carte suppl\u00e9mentaire au centre de la table.<\/li>\n<li>Vous avez maintenant la possibilit\u00e9 de parier ou de plier.<\/li>\n<li>Le pari continu jusqu\u2019\u00e0 ce qu\u2019il ait cinq cartes au milieu. Apr\u00e8s ceci, chaque joueur devra r\u00e9v\u00e9ler sa carte. Le joueur avec la meilleure main de poker possible gagne le pot.<\/li>\n<\/ul>\n<h2>Conseils de Nos Experts sur le Casino en Direct Hold\u2019em<\/h2>\n<p><img loading=\"lazy\" decoding=\"async\" class=\"alignright size-full wp-image-36\" src=\"https:\/\/www.top10casinowebsites.net\/fr\/wp-content\/uploads\/sites\/4\/2017\/10\/help-and-tips.png\" alt=\"\" width=\"128\" height=\"128\" \/>Il s\u2019agit surtout de prendre la bonne d\u00e9cision de jouer ou plier apr\u00e8s que le premier jeu de cartes soit distribu\u00e9.<\/p>\n<ul>\n<li>Consid\u00e9rer la force de vos mains en plus de comment votre main devrait \u00eatre mieux lorsque les deux cartes restantes sont distribu\u00e9s.<\/li>\n<li>Si vous avez une paire or mieux un Ace ou King alors il serait judicieux d\u2019appeler<\/li>\n<li>Si vous avez deux cartes, alors Appeler<\/li>\n<li>Si vous avez un \u00ab\u00a0flush\u00a0\u00bbou un tirage au sort, alors Appeler si vous avez besoin d\u2019une carte pour compl\u00e9ter la carte \u00ab\u00a0flush\u00a0\u00bb ou droite.<\/li>\n<li>Lorsque vous n\u2019avez pas de carte qui corresponde au tableau, alors Plier<\/li>\n<\/ul>\n<h2>Foire Aux Questions\u00a0 Du Casino Hold\u2019em avec Distributeur en Direct<\/h2>\n<div class='dt-sc-toggle-frame-set'><div class=\"dt-sc-toggle-frame\">\t<h5 class='dt-sc-toggle-accordion '><a href='#'>Les Jeux de casino Hold\u2019em directs sont-ils dignes de confiance ?<\/a><\/h5>\t<div class=\"dt-sc-toggle-content\" style=\"display: none;\">\t\t<div class=\"block\">Tous les jeux en direct r\u00e9pertori\u00e9s sur notre site sont offerts par des casinos en ligne autoris\u00e9s et r\u00e9glement\u00e9s. Leurs jeux sont ind\u00e9pendamment test\u00e9s et certifi\u00e9s pour un jeu juste. Nous recommandons seulement les casinos qui respectent les normes les plus \u00e9lev\u00e9es en mati\u00e8re de r\u00e8glementation. En plus, vous jouez contre un distributeur r\u00e9el dans une configuration de vrai casino, ce qui \u00e9limine tout besoin de d\u00e9cisions hasardeuses par tout logiciel.\t\t<\/div>\t<\/div><\/div><div class=\"dt-sc-toggle-frame\">\t<h5 class='dt-sc-toggle-accordion '><a href='#'>Trouverais-je des tournois de casino Hold\u2019em en direct \u00e0 jouer ?<\/a><\/h5>\t<div class=\"dt-sc-toggle-content\" style=\"display: none;\">\t\t<div class=\"block\">Vous pourrez ne pas trouver beaucoup de tournois avec distributeur en direct car ils impliquent souvent plusieurs tables et plusieurs distributeurs. N\u00e9anmoins, certains casinos peuvent tenir quelques tournois de casino de temps en temps. Jouer \u00e0 la version en ligne normale vous expose \u00e0 plus de tournois.\t\t<\/div>\t<\/div><\/div><div class=\"dt-sc-toggle-frame\">\t<h5 class='dt-sc-toggle-accordion '><a href='#'>Puis-je saisir quelques jeux en direct gratuits ?<\/a><\/h5>\t<div class=\"dt-sc-toggle-content\" style=\"display: none;\">\t\t<div class=\"block\">Ceci n\u2019est pas habituellement une option lorsqu\u2019il est question des jeux avec distributeur en direct. Vous aurez l\u2019obligation de faire un d\u00e9p\u00f4t et jouer aux jeux d\u2019argent r\u00e9el. Cependant, vous pouvez toujours <a href=\"https:\/\/www.top10casinowebsites.net\/fr\/jeux-de-casino\/\">tester les jeux des casinos r\u00e9guliers en ligne<\/a> gratuitement avant de vous lancer dans un casino en direct.\t\t<\/div>\t<\/div><\/div><div class=\"dt-sc-toggle-frame\">\t<h5 class='dt-sc-toggle-accordion '><a href='#'>Quel type de connexion internet aurais-je besoin pour jouer ?<\/a><\/h5>\t<div class=\"dt-sc-toggle-content\" style=\"display: none;\">\t\t<div class=\"block\">Une connexion haut d\u00e9bit est suffisante pour vous permettre de profiter de l\u2019exp\u00e9rience d\u2019un casino en direct sans aucun probl\u00e8me. C\u2019est une vid\u00e9o en direct visionn\u00e9e sur votre desktop alors vous devrez vous rassurer d\u2019avoir une connexion raisonnablement rapide bien que les super-vitesses ne soient pas obligatoires.\t\t<\/div>\t<\/div><\/div><div class=\"dt-sc-toggle-frame\">\t<h5 class='dt-sc-toggle-accordion '><a href='#'>Puis-je utiliser mon mobile ou tablette ?<\/a><\/h5>\t<div class=\"dt-sc-toggle-content\" style=\"display: none;\">\t\t<div class=\"block\">Certains casinos peuvent offrir le casino Hold\u2019em avec distributeur en direct pour mes appareils mobiles et tablettes.\u00a0 Cependant, tous les casinos ne font pas ainsi. V\u00e9rifiez toujours avec le staff d\u2019assistance du casino si vous une avez une <a href=\"https:\/\/www.top10casinowebsites.net\/fr\/mobiles\/\">requ\u00eate concernant le jeu mobile<\/a>.\t\t<\/div>\t<\/div><\/div><div class=\"dt-sc-toggle-frame\">\t<h5 class='dt-sc-toggle-accordion '><a href='#'>O\u00f9 puis-je trouver les meilleurs jeux Hodl\u2019em avec distributeur en direct ?<\/a><\/h5>\t<div class=\"dt-sc-toggle-content\" style=\"display: none;\">\t\t<div class=\"block\">Ici m\u00eame sur les casinos r\u00e9pertori\u00e9s sur notre site.\u00a0 Notre \u00e9quipe d\u2019experts a mis tout en jeu pour s\u00e9parer les meilleurs du reste concernant les jeux en direct.\t\t<\/div>\t<\/div><\/div><div class=\"dt-sc-toggle-frame\">\t<h5 class='dt-sc-toggle-accordion '><a href='#'>Existe-t-il d\u2019autres exigences mat\u00e9rielles suppl\u00e9mentaires?<\/a><\/h5>\t<div class=\"dt-sc-toggle-content\" style=\"display: none;\">\t\t<div class=\"block\">Vous aurez besoin d\u2019une webcam et c\u2019est tout\u00a0!\t\t<\/div>\t<\/div><\/div><\/div>\n","protected":false},"excerpt":{"rendered":"<p>Si vous \u00eates fan du poker alors vous \u00eates des personnes \u00e0 \u00eatre sur le Top 10 des Sites Web des Casinos. Nous pr\u00e9sentons les meilleurs casinos Hold\u2019em avec distributeur en direct qui mettent game-play \u00e0 tout un autre niveau. Plus important encore, vous parvenez \u00e0 jouer \u00e0 cette palpitante variante contre un distributeur professionnel [&hellip;]<\/p>\n","protected":false},"author":4,"featured_media":0,"parent":58,"menu_order":0,"comment_status":"closed","ping_status":"closed","template":"","meta":{"_acf_changed":false,"footnotes":""},"class_list":["post-68","page","type-page","status-publish","hentry"],"acf":[],"yoast_head":"<!-- This site is optimized with the Yoast SEO plugin v27.4 - https:\/\/yoast.com\/product\/yoast-seo-wordpress\/ -->\n<title>Hold\u2019em avec Distributeur en Direct \u2013 Jouez au Jeux Casino Hold\u2019em en ligne<\/title>\n<meta name=\"description\" content=\"Le Casino en Direct Hold\u2019em est une variante passionnante de five card poker et un bon jeu pour les enthousiastes du Poker. Retrouvez le Top 10 des Sites Web pour jouer et battre la main du distributeur avec la meilleure main de CINQ-CARTE.\" \/>\n<meta name=\"robots\" content=\"index, follow, max-snippet:-1, max-image-preview:large, max-video-preview:-1\" \/>\n<link rel=\"canonical\" href=\"https:\/\/www.top10casinowebsites.net\/fr\/casinos-en-direct\/casino-holdem\/\" \/>\n<meta property=\"og:locale\" content=\"en_US\" \/>\n<meta property=\"og:type\" content=\"article\" \/>\n<meta property=\"og:title\" content=\"Hold\u2019em avec Distributeur en Direct \u2013 Jouez au Jeux Casino Hold\u2019em en ligne\" \/>\n<meta property=\"og:description\" content=\"Le Casino en Direct Hold\u2019em est une variante passionnante de five card poker et un bon jeu pour les enthousiastes du Poker. Retrouvez le Top 10 des Sites Web pour jouer et battre la main du distributeur avec la meilleure main de CINQ-CARTE.\" \/>\n<meta property=\"og:url\" content=\"https:\/\/www.top10casinowebsites.net\/fr\/casinos-en-direct\/casino-holdem\/\" \/>\n<meta property=\"og:site_name\" content=\"FR\" \/>\n<meta property=\"article:modified_time\" content=\"2017-10-07T17:01:03+00:00\" \/>\n<meta property=\"og:image\" content=\"https:\/\/www.top10casinowebsites.net\/fr\/wp-content\/uploads\/sites\/4\/2017\/10\/live-casino-holdem.jpg\" \/>\n\t<meta property=\"og:image:width\" content=\"380\" \/>\n\t<meta property=\"og:image:height\" content=\"250\" \/>\n\t<meta property=\"og:image:type\" content=\"image\/jpeg\" \/>\n<meta name=\"twitter:card\" content=\"summary_large_image\" \/>\n<meta name=\"twitter:label1\" content=\"Est. reading time\" \/>\n\t<meta name=\"twitter:data1\" content=\"5 minutes\" \/>\n<script type=\"application\/ld+json\" class=\"yoast-schema-graph\">{\"@context\":\"https:\\\/\\\/schema.org\",\"@graph\":[{\"@type\":\"WebPage\",\"@id\":\"https:\\\/\\\/www.top10casinowebsites.net\\\/fr\\\/casinos-en-direct\\\/casino-holdem\\\/\",\"url\":\"https:\\\/\\\/www.top10casinowebsites.net\\\/fr\\\/casinos-en-direct\\\/casino-holdem\\\/\",\"name\":\"Hold\u2019em avec Distributeur en Direct \u2013 Jouez au Jeux Casino Hold\u2019em en ligne\",\"isPartOf\":{\"@id\":\"https:\\\/\\\/www.top10casinowebsites.net\\\/fr\\\/#website\"},\"primaryImageOfPage\":{\"@id\":\"https:\\\/\\\/www.top10casinowebsites.net\\\/fr\\\/casinos-en-direct\\\/casino-holdem\\\/#primaryimage\"},\"image\":{\"@id\":\"https:\\\/\\\/www.top10casinowebsites.net\\\/fr\\\/casinos-en-direct\\\/casino-holdem\\\/#primaryimage\"},\"thumbnailUrl\":\"https:\\\/\\\/www.top10casinowebsites.net\\\/fr\\\/wp-content\\\/uploads\\\/sites\\\/4\\\/2017\\\/10\\\/live-casino-holdem-300x197.jpg\",\"datePublished\":\"2017-10-06T16:04:34+00:00\",\"dateModified\":\"2017-10-07T17:01:03+00:00\",\"description\":\"Le Casino en Direct Hold\u2019em est une variante passionnante de five card poker et un bon jeu pour les enthousiastes du Poker. Retrouvez le Top 10 des Sites Web pour jouer et battre la main du distributeur avec la meilleure main de CINQ-CARTE.\",\"breadcrumb\":{\"@id\":\"https:\\\/\\\/www.top10casinowebsites.net\\\/fr\\\/casinos-en-direct\\\/casino-holdem\\\/#breadcrumb\"},\"inLanguage\":\"en-US\",\"potentialAction\":[{\"@type\":\"ReadAction\",\"target\":[\"https:\\\/\\\/www.top10casinowebsites.net\\\/fr\\\/casinos-en-direct\\\/casino-holdem\\\/\"]}]},{\"@type\":\"ImageObject\",\"inLanguage\":\"en-US\",\"@id\":\"https:\\\/\\\/www.top10casinowebsites.net\\\/fr\\\/casinos-en-direct\\\/casino-holdem\\\/#primaryimage\",\"url\":\"https:\\\/\\\/www.top10casinowebsites.net\\\/fr\\\/wp-content\\\/uploads\\\/sites\\\/4\\\/2017\\\/10\\\/live-casino-holdem.jpg\",\"contentUrl\":\"https:\\\/\\\/www.top10casinowebsites.net\\\/fr\\\/wp-content\\\/uploads\\\/sites\\\/4\\\/2017\\\/10\\\/live-casino-holdem.jpg\",\"width\":380,\"height\":250},{\"@type\":\"BreadcrumbList\",\"@id\":\"https:\\\/\\\/www.top10casinowebsites.net\\\/fr\\\/casinos-en-direct\\\/casino-holdem\\\/#breadcrumb\",\"itemListElement\":[{\"@type\":\"ListItem\",\"position\":1,\"name\":\"Home\",\"item\":\"https:\\\/\\\/www.top10casinowebsites.net\\\/fr\\\/\"},{\"@type\":\"ListItem\",\"position\":2,\"name\":\"Casinos en Direct \u2013 Casinos en Ligne en Direct avec Concessionnaire en direct\",\"item\":\"https:\\\/\\\/www.top10casinowebsites.net\\\/fr\\\/casinos-en-direct\\\/\"},{\"@type\":\"ListItem\",\"position\":3,\"name\":\"Hold\u2019em avec Distributeur en Direct \u2013 Jouez au Jeux Casino Hold\u2019em en ligne\"}]},{\"@type\":\"WebSite\",\"@id\":\"https:\\\/\\\/www.top10casinowebsites.net\\\/fr\\\/#website\",\"url\":\"https:\\\/\\\/www.top10casinowebsites.net\\\/fr\\\/\",\"name\":\"FR\",\"description\":\"Just another Sites site\",\"potentialAction\":[{\"@type\":\"SearchAction\",\"target\":{\"@type\":\"EntryPoint\",\"urlTemplate\":\"https:\\\/\\\/www.top10casinowebsites.net\\\/fr\\\/?s={search_term_string}\"},\"query-input\":{\"@type\":\"PropertyValueSpecification\",\"valueRequired\":true,\"valueName\":\"search_term_string\"}}],\"inLanguage\":\"en-US\"}]}<\/script>\n<!-- \/ Yoast SEO plugin. -->","yoast_head_json":{"title":"Hold\u2019em avec Distributeur en Direct \u2013 Jouez au Jeux Casino Hold\u2019em en ligne","description":"Le Casino en Direct Hold\u2019em est une variante passionnante de five card poker et un bon jeu pour les enthousiastes du Poker. Retrouvez le Top 10 des Sites Web pour jouer et battre la main du distributeur avec la meilleure main de CINQ-CARTE.","robots":{"index":"index","follow":"follow","max-snippet":"max-snippet:-1","max-image-preview":"max-image-preview:large","max-video-preview":"max-video-preview:-1"},"canonical":"https:\/\/www.top10casinowebsites.net\/fr\/casinos-en-direct\/casino-holdem\/","og_locale":"en_US","og_type":"article","og_title":"Hold\u2019em avec Distributeur en Direct \u2013 Jouez au Jeux Casino Hold\u2019em en ligne","og_description":"Le Casino en Direct Hold\u2019em est une variante passionnante de five card poker et un bon jeu pour les enthousiastes du Poker. Retrouvez le Top 10 des Sites Web pour jouer et battre la main du distributeur avec la meilleure main de CINQ-CARTE.","og_url":"https:\/\/www.top10casinowebsites.net\/fr\/casinos-en-direct\/casino-holdem\/","og_site_name":"FR","article_modified_time":"2017-10-07T17:01:03+00:00","og_image":[{"width":380,"height":250,"url":"https:\/\/www.top10casinowebsites.net\/fr\/wp-content\/uploads\/sites\/4\/2017\/10\/live-casino-holdem.jpg","type":"image\/jpeg"}],"twitter_card":"summary_large_image","twitter_misc":{"Est. reading time":"5 minutes"},"schema":{"@context":"https:\/\/schema.org","@graph":[{"@type":"WebPage","@id":"https:\/\/www.top10casinowebsites.net\/fr\/casinos-en-direct\/casino-holdem\/","url":"https:\/\/www.top10casinowebsites.net\/fr\/casinos-en-direct\/casino-holdem\/","name":"Hold\u2019em avec Distributeur en Direct \u2013 Jouez au Jeux Casino Hold\u2019em en ligne","isPartOf":{"@id":"https:\/\/www.top10casinowebsites.net\/fr\/#website"},"primaryImageOfPage":{"@id":"https:\/\/www.top10casinowebsites.net\/fr\/casinos-en-direct\/casino-holdem\/#primaryimage"},"image":{"@id":"https:\/\/www.top10casinowebsites.net\/fr\/casinos-en-direct\/casino-holdem\/#primaryimage"},"thumbnailUrl":"https:\/\/www.top10casinowebsites.net\/fr\/wp-content\/uploads\/sites\/4\/2017\/10\/live-casino-holdem-300x197.jpg","datePublished":"2017-10-06T16:04:34+00:00","dateModified":"2017-10-07T17:01:03+00:00","description":"Le Casino en Direct Hold\u2019em est une variante passionnante de five card poker et un bon jeu pour les enthousiastes du Poker. Retrouvez le Top 10 des Sites Web pour jouer et battre la main du distributeur avec la meilleure main de CINQ-CARTE.","breadcrumb":{"@id":"https:\/\/www.top10casinowebsites.net\/fr\/casinos-en-direct\/casino-holdem\/#breadcrumb"},"inLanguage":"en-US","potentialAction":[{"@type":"ReadAction","target":["https:\/\/www.top10casinowebsites.net\/fr\/casinos-en-direct\/casino-holdem\/"]}]},{"@type":"ImageObject","inLanguage":"en-US","@id":"https:\/\/www.top10casinowebsites.net\/fr\/casinos-en-direct\/casino-holdem\/#primaryimage","url":"https:\/\/www.top10casinowebsites.net\/fr\/wp-content\/uploads\/sites\/4\/2017\/10\/live-casino-holdem.jpg","contentUrl":"https:\/\/www.top10casinowebsites.net\/fr\/wp-content\/uploads\/sites\/4\/2017\/10\/live-casino-holdem.jpg","width":380,"height":250},{"@type":"BreadcrumbList","@id":"https:\/\/www.top10casinowebsites.net\/fr\/casinos-en-direct\/casino-holdem\/#breadcrumb","itemListElement":[{"@type":"ListItem","position":1,"name":"Home","item":"https:\/\/www.top10casinowebsites.net\/fr\/"},{"@type":"ListItem","position":2,"name":"Casinos en Direct \u2013 Casinos en Ligne en Direct avec Concessionnaire en direct","item":"https:\/\/www.top10casinowebsites.net\/fr\/casinos-en-direct\/"},{"@type":"ListItem","position":3,"name":"Hold\u2019em avec Distributeur en Direct \u2013 Jouez au Jeux Casino Hold\u2019em en ligne"}]},{"@type":"WebSite","@id":"https:\/\/www.top10casinowebsites.net\/fr\/#website","url":"https:\/\/www.top10casinowebsites.net\/fr\/","name":"FR","description":"Just another Sites site","potentialAction":[{"@type":"SearchAction","target":{"@type":"EntryPoint","urlTemplate":"https:\/\/www.top10casinowebsites.net\/fr\/?s={search_term_string}"},"query-input":{"@type":"PropertyValueSpecification","valueRequired":true,"valueName":"search_term_string"}}],"inLanguage":"en-US"}]}},"_links":{"self":[{"href":"https:\/\/www.top10casinowebsites.net\/fr\/wp-json\/wp\/v2\/pages\/68","targetHints":{"allow":["GET"]}}],"collection":[{"href":"https:\/\/www.top10casinowebsites.net\/fr\/wp-json\/wp\/v2\/pages"}],"about":[{"href":"https:\/\/www.top10casinowebsites.net\/fr\/wp-json\/wp\/v2\/types\/page"}],"author":[{"embeddable":true,"href":"https:\/\/www.top10casinowebsites.net\/fr\/wp-json\/wp\/v2\/users\/4"}],"replies":[{"embeddable":true,"href":"https:\/\/www.top10casinowebsites.net\/fr\/wp-json\/wp\/v2\/comments?post=68"}],"version-history":[{"count":1,"href":"https:\/\/www.top10casinowebsites.net\/fr\/wp-json\/wp\/v2\/pages\/68\/revisions"}],"predecessor-version":[{"id":69,"href":"https:\/\/www.top10casinowebsites.net\/fr\/wp-json\/wp\/v2\/pages\/68\/revisions\/69"}],"up":[{"embeddable":true,"href":"https:\/\/www.top10casinowebsites.net\/fr\/wp-json\/wp\/v2\/pages\/58"}],"wp:attachment":[{"href":"https:\/\/www.top10casinowebsites.net\/fr\/wp-json\/wp\/v2\/media?parent=68"}],"curies":[{"name":"wp","href":"https:\/\/api.w.org\/{rel}","templated":true}]}}