{"id":71,"date":"2017-10-06T16:14:07","date_gmt":"2017-10-06T16:14:07","guid":{"rendered":"https:\/\/www.top10casinowebsites.net\/fr\/?page_id=71"},"modified":"2017-10-07T17:02:44","modified_gmt":"2017-10-07T17:02:44","slug":"roulette","status":"publish","type":"page","link":"https:\/\/www.top10casinowebsites.net\/fr\/casinos-en-direct\/roulette\/","title":{"rendered":"Roulette avec Distributeur en direct \u2013 Jouer aux Jeux de Roulette en Direct en Ligne"},"content":{"rendered":"<p><img loading=\"lazy\" decoding=\"async\" class=\"alignright size-medium wp-image-73\" src=\"https:\/\/www.top10casinowebsites.net\/fr\/wp-content\/uploads\/sites\/4\/2017\/10\/live-roulette-300x197.jpg\" alt=\"\" width=\"300\" height=\"197\" srcset=\"https:\/\/www.top10casinowebsites.net\/fr\/wp-content\/uploads\/sites\/4\/2017\/10\/live-roulette-300x197.jpg 300w, https:\/\/www.top10casinowebsites.net\/fr\/wp-content\/uploads\/sites\/4\/2017\/10\/live-roulette.jpg 380w\" sizes=\"auto, (max-width: 300px) 100vw, 300px\" \/><a href=\"https:\/\/www.top10casinowebsites.net\/fr\/roulette\/\">La roulette est indiscutablement le jeu casino<\/a> le plus ancien et y aurait-il quelque chose de mieux que d\u2019exp\u00e9rimenter le jeu et sa forme native que sur un casino avec distributeur en direct.<\/p>\n<p><strong>Le Top 10 des Sites Web de Casino<\/strong> vous apporte le meilleur de la roulette en direct o\u00f9 vous pouvez profiter du meilleur d\u2019un casino terrestre depuis votre PC.<\/p>\n<p>Nous vous apportons la meilleure technologie de \u00ab\u00a0visionnage\u00a0\u00bb de vid\u00e9o en direct depuis le meilleur logiciel et les fournisseurs de jeu en direct \u00e0 port\u00e9e de main.<\/p>\n<p>Ce que vous exp\u00e9rimentez lorsque vous jouez sur un casino list\u00e9 ici\u00a0:<\/p>\n<ul>\n<li>Un casino r\u00e9put\u00e9 avec une roulette en direct haute de gamme<\/li>\n<li>Streaming vid\u00e9o sans faille en temps r\u00e9el<\/li>\n<li>Quelques bonus importants en plus des jeux de roulette en direct<\/li>\n<li>Les options bancaires s\u00e9curis\u00e9es pour la roulette<\/li>\n<li>Roulette Europ\u00e9enne et les jeux de Roulette Am\u00e9ricaine<\/li>\n<\/ul>\n<h2 id=\"topcasinos\">LE TOP 10 DES SITES WEB DE CASINO<\/h2>\n<p><div class=\"grid-contents\" id=\"grid-contents\"><table class=\"cas_table\" ><tbody><tr class=\"rank-1\">\n                                <td class=\"ranking\">1<\/td>\n                                <td class=\"brandcol\">\n                                    <a href=https:\/\/www.top10casinowebsites.net\/fr\/review\/888-casino\/ class=\"brand brand-bg\"><img loading=\"lazy\" decoding=\"async\" class=\"group list-group-image\" src=\"https:\/\/static.top10casinowebsites.net\/images\/casino-rooms\/888-casino-logo.png\" width=\"200\" height=\"128\"\/><\/a>\n                                <\/td>\n                                <td class=\"bonus\" data-title=\"Bonus\">\n\t\t\t\t\t               <p class=\"bonus-text\"><strong>$888<\/strong>Welcome Bonus <br>(<a href=\"https:\/\/www.top10casinowebsites.net\/fr\/review\/888-casino\/\">T&Cs apply, 18+<\/a>)<\/p>\n\t\t\t\t                <\/td>\n\t\t\t\t\t            <td class=\"badge_game\" data-title=\"Rating\">\n                                    <div class=\"rating\"><strong>5<\/strong>\/5<\/div>\n                                    <div class=\"rating stars\" style=\"margin-top: 5px;\"><span class=\"icon icon-stars\"><span class=\"icon-stars green\" style=\"width: 100%;\"><\/span><\/span><\/div>\n\t\t\t\t\t            <\/td>\n                               \n                                <td class=\"play\">\n\t\t\t\t\t               <a class=\"button-gold\" rel=\"nofollow\" href=\"https:\/\/www.top10casinowebsites.net\/fr\/review\/888-casino\/\">Visit<\/a>\n\t                               <div class=\"\">\n\t\t\t\t\t                   <a class=\"review-snippet-link-play-now-col\" href=\"https:\/\/www.top10casinowebsites.net\/fr\/review\/888-casino\/\">Read Review<\/a>\n\t\t\t\t\t               <\/div>\n\t\t\t\t\t           <\/td>\n     \t\t\t\t        <\/tr><\/tbody><\/table><\/div><br \/>\nAlors si vous \u00eates pr\u00eats \u00e0 profiter du plus vieux jeu de casino dans une configuration r\u00e9elle, le tout depuis votre maison, permettrez-nous de vous emmener.<\/p>\n<h2>Pourquoi Jouer \u00e0 la Roulette avec Distributeur en Direct<\/h2>\n<p><img loading=\"lazy\" decoding=\"async\" class=\"alignright size-full wp-image-36\" src=\"https:\/\/www.top10casinowebsites.net\/fr\/wp-content\/uploads\/sites\/4\/2017\/10\/help-and-tips.png\" alt=\"\" width=\"128\" height=\"128\" \/>Nos experts aimeraient d\u2019abord partager ce \u00e0 quoi vous devez vous attendre sur un casino roulette en direct et les avantages y aff\u00e9rents.<\/p>\n<ul>\n<li>Profiter de la vid\u00e9o en direct en streaming depuis le casino ou studio du fournisseur du jeu sur votre PC ou Mobile<\/li>\n<li>Les jeux sont conduits par des croupiers professionnels et entrain\u00e9s<\/li>\n<li>Les limites de pari vari\u00e9es avec plusieurs options de puce<\/li>\n<li>Les tables de roulette pour toutes les pochettes<\/li>\n<li>Excellente plateforme pour les patins hauts<\/li>\n<li>Jouer sur de multiples tables<\/li>\n<li>Gagner des points suppl\u00e9mentaires en jouant la roulette avec distributeur en direct sur certains casinos<\/li>\n<li>Les jeux sont certifi\u00e9s pour le fair-play<\/li>\n<li>Interagir avec les croupiers et d\u2019autres joueurs<\/li>\n<li>Une fonctionnalit\u00e9 sp\u00e9ciale pour voir le complet de paris complet plac\u00e9 dans les sessions de pari<\/li>\n<li>V\u00e9rifier la biographie du concessionnaire<\/li>\n<li>Afficher les statistiques telles que l\u2019historique des num\u00e9ros r\u00e9cents, pourcentages pairs\/impairs, num\u00e9ros \u00ab\u00a0hot\u00a0\u00bb et \u00ab\u00a0cold\u00a0\u00bb et bien plus encore.<\/li>\n<li>Plusieurs options de pari, comprenant le placement de plusieurs paris<\/li>\n<li>Profiter de la roulette \u00e0 un rythme plus lent<\/li>\n<\/ul>\n<p><strong>Livedealer.org<\/strong><\/p>\n<p><center><iframe loading=\"lazy\" src=\"https:\/\/www.youtube.com\/embed\/nJTsnHu3mxU\" width=\"560\" height=\"315\" frameborder=\"0\" allowfullscreen=\"allowfullscreen\"><\/iframe><\/center><\/p>\n<h2>Comment Jouer \u00e0 la Roulette avec Distributeur en Direct<\/h2>\n<p><img loading=\"lazy\" decoding=\"async\" class=\"alignright size-full wp-image-36\" src=\"https:\/\/www.top10casinowebsites.net\/fr\/wp-content\/uploads\/sites\/4\/2017\/10\/help-and-tips.png\" alt=\"\" width=\"128\" height=\"128\" \/>La roulette en direct est jou\u00e9 de la m\u00eame fa\u00e7on que sur un casino terrestre et dans la m\u00eame configuration.<\/p>\n<p>Vous avez un concessionnaire r\u00e9el et la roulette avec une vraie roue, qui rend cela exactement comme un vrai casino mais tout ceci dans le confort de votre maison.<\/p>\n<ul>\n<li>Pour commencer, vous devrez vous rassurer de recharger votre compte de casino et vous diriger vers la section de casino en direct ou la section du <a href=\"https:\/\/www.top10casinowebsites.net\/fr\/casinos-en-direct\/roulette\/\">distributeur en direct.<\/a><\/li>\n<li>Choisir une variante que vous souhaitez jouer. La plupart des casinos offre La <strong>Roulette Am\u00e9ricaine<\/strong> et <strong>Europ\u00e9enne <\/strong>pendant que la <strong>Roulette Fran\u00e7aise<\/strong> et <strong>Royale<\/strong> sont presque toujours sur le menu aussi bien.<\/li>\n<li>Choisissez simplement une table avec des limites de mise en jeu qui conviennent \u00e0 votre capital et vous \u00eates pr\u00eat \u00e0 jouer.<\/li>\n<li>Le casino ou studio donnant le streaming du jeu chargera sur votre \u00e9cran en temps r\u00e9el. Avec un click simple de la souris, vous pouvez placer des paris directement avec le distributeur.<\/li>\n<li>Vous choisissez une vari\u00e9t\u00e9 des options de pari qui incluent <strong>les paris vers le bas, les paris partag\u00e9s, les paris de rue, les paris en ligne, les paris d&#8217;angle, les paris en colonnes, Rouge \/ Noir, Pair \/ Impair, Faible \/ Elev\u00e9 paris et plus encore.<\/strong><\/li>\n<li>Une fois que tous les paris sont plac\u00e9s le croupier lancera la balle dans la roue de la roulette. Tout ce que vous aurez besoin de faire et d\u2019attendre que la roue s\u2019arr\u00eate et la balle de se retrouver sur une pochette. Si vous avez fait la bonne pr\u00e9dication, vous recevrez vos gains instantan\u00e9ment dans votre compte de casino.<\/li>\n<\/ul>\n<h2>Foire Aux Questions\u00a0 de la Roulette avec Distributeur en Direct<\/h2>\n<div class='dt-sc-toggle-frame-set'><div class=\"dt-sc-toggle-frame\">\t<h5 class='dt-sc-toggle-accordion '><a href='#'>Quel choix aurais-je dans la roulette avec concessionnaire en direct ?<\/a><\/h5>\t<div class=\"dt-sc-toggle-content\" style=\"display: none;\">\t\t<div class=\"block\">Les casinos list\u00e9s sur notre site offrent plusieurs types de roulettes dans le format de distributeur en direct. Les plus fr\u00e9quents sont les Roulettes Am\u00e9ricaine et Europ\u00e9enne. La roulette fran\u00e7aise est aussi l\u2019une des variantes que vous verrez fr\u00e9quemment sans oublier que la Roulette Royale a aussi fait son entr\u00e9e dans quelques casinos en direct.\t\t<\/div>\t<\/div><\/div><div class=\"dt-sc-toggle-frame\">\t<h5 class='dt-sc-toggle-accordion '><a href='#'>Est-il prudent de jouer \u00e0 la roulette avec concessionnaire en direct ?<\/a><\/h5>\t<div class=\"dt-sc-toggle-content\" style=\"display: none;\">\t\t<div class=\"block\">Il est prudent de jouer \u00e0 un casino en direct une fois que vous avez opt\u00e9 pour un <a href=\"https:\/\/www.top10casinowebsites.net\/casinos\">casino r\u00e9put\u00e9 et sous License<\/a>, dont vous trouverez ICI sur notre site. L\u2019un des atouts suppl\u00e9mentaires est que vous voyez la roue de la roulette\u00a0 en mouvement et pariez en pr\u00e9sence d\u2019un concessionnaire r\u00e9el ce qui vous permet de surveiller le jeu \u00e0 tout moment.\t\t<\/div>\t<\/div><\/div><div class=\"dt-sc-toggle-frame\">\t<h5 class='dt-sc-toggle-accordion '><a href='#'>Quelles sont les chances dans la roulette en direct ?<\/a><\/h5>\t<div class=\"dt-sc-toggle-content\" style=\"display: none;\">\t\t<div class=\"block\">Les chances sont les m\u00eames que sur une roulette en ligne. Les paiements sont identiques que vous mettiez sur un rouge\/noir, pair\/impair, colonnes ou coins. Rappelez-vous, le concessionnaire en direct Am\u00e9ricain a le double z\u00e9ro, dont nous vous recommandons d\u2019essayer seulement une fois que vous \u00eates familier avec la Roulette Europ\u00e9enne et son unique z\u00e9ro.\t\t<\/div>\t<\/div><\/div><div class=\"dt-sc-toggle-frame\">\t<h5 class='dt-sc-toggle-accordion '><a href='#'>Puis-je pratiquer la roulette en direct comme la version normale en ligne ?<\/a><\/h5>\t<div class=\"dt-sc-toggle-content\" style=\"display: none;\">\t\t<div class=\"block\">Malheureusement, les jeux avec distributeur en direct sont exclusivement faits pour un environnement d\u2019argent r\u00e9el. Toutefois, certains casinos pourraient vous laisser un gout du casino avant que vous ne placiez des paris en argent r\u00e9el.\t\t<\/div>\t<\/div><\/div><div class=\"dt-sc-toggle-frame\">\t<h5 class='dt-sc-toggle-accordion '><a href='#'>Puis-je jouer \u00e0 la roulette en direct sur un appareil mobile ?<\/a><\/h5>\t<div class=\"dt-sc-toggle-content\" style=\"display: none;\">\t\t<div class=\"block\">Certains casinos en direct ont optimis\u00e9 les jeux de roulette en direct pour les smartphones et tablettes. Vous voudrez peut-\u00eatre v\u00e9rifier avec le staff d\u2019assistance du casino pour vous rassurer que l\u2019option est bel bien disponible.\t\t<\/div>\t<\/div><\/div><div class=\"dt-sc-toggle-frame\">\t<h5 class='dt-sc-toggle-accordion '><a href='#'>Ais-je besoin d\u2019une connexion internet particuli\u00e8re pour jouer \u00e0 la roulette en direct ?<\/a><\/h5>\t<div class=\"dt-sc-toggle-content\" style=\"display: none;\">\t\t<div class=\"block\">Tout ce dont vous avez besoin est une connexion haute d\u00e9bit raisonnable ou <a href=\"https:\/\/en.wikipedia.org\/wiki\/3G\">3G<\/a> or 4G (pour la version mobile) pour profiter de la qualit\u00e9 de la lecture et de la continuit\u00e9 de la vid\u00e9o.\t\t<\/div>\t<\/div><\/div><div class=\"dt-sc-toggle-frame\">\t<h5 class='dt-sc-toggle-accordion '><a href='#'>Comment les gagnants sont-ils pay\u00e9s ?<\/a><\/h5>\t<div class=\"dt-sc-toggle-content\" style=\"display: none;\">\t\t<div class=\"block\">Une fois que vous avez gagn\u00e9 un jeu de roulette en direct les gains seront transf\u00e9r\u00e9s dans votre compte casino.\t\t<\/div>\t<\/div><\/div><div class=\"dt-sc-toggle-frame\">\t<h5 class='dt-sc-toggle-accordion '><a href='#'>Les jeux de roulette en direct sont-ils disponibles 24 heures sur 24?<\/a><\/h5>\t<div class=\"dt-sc-toggle-content\" style=\"display: none;\">\t\t<div class=\"block\">Tout cela d\u00e9pend du casino que vous aurez choisi. Toutefois, la plupart des casinos ont des restrictions sur ce point car tout le param\u00e9trage n\u00e9cessite des Hommes.\t\t<\/div>\t<\/div><\/div><div class=\"dt-sc-toggle-frame\">\t<h5 class='dt-sc-toggle-accordion '><a href='#'>Puis-je utiliser la strat\u00e9gie de la roulette ?<\/a><\/h5>\t<div class=\"dt-sc-toggle-content\" style=\"display: none;\">\t\t<div class=\"block\">Si vous \u00eates familier avec les r\u00e8gles et les fins aspects du jeu, vous \u00eates capable de d\u00e9velopper une strat\u00e9gie. Placer des paris dehors comme rouge\/noir ou pair\/impair est un bon d\u00e9but si vous \u00eates nouveau \u00e0 la roulette. Nos experts mettent en garde qu\u2019il n\u2019y a pas de strat\u00e9gie prouv\u00e9e, ignorez donc quiconque affirmant disposer d\u2019une strat\u00e9gie prouv\u00e9e. Il s\u2019agit de devenir un joueur intelligent car la Roulette est apr\u00e8s tout un jeu de hasard.\t\t<\/div>\t<\/div><\/div><\/div>\n","protected":false},"excerpt":{"rendered":"<p>La roulette est indiscutablement le jeu casino le plus ancien et y aurait-il quelque chose de mieux que d\u2019exp\u00e9rimenter le jeu et sa forme native que sur un casino avec distributeur en direct. Le Top 10 des Sites Web de Casino vous apporte le meilleur de la roulette en direct o\u00f9 vous pouvez profiter du [&hellip;]<\/p>\n","protected":false},"author":4,"featured_media":0,"parent":58,"menu_order":0,"comment_status":"closed","ping_status":"closed","template":"","meta":{"_acf_changed":false,"footnotes":""},"class_list":["post-71","page","type-page","status-publish","hentry"],"acf":[],"yoast_head":"<!-- This site is optimized with the Yoast SEO plugin v27.4 - https:\/\/yoast.com\/product\/yoast-seo-wordpress\/ -->\n<title>Roulette avec Distributeur en direct \u2013 Jouer aux Jeux de Roulette en Direct en Ligne<\/title>\n<meta name=\"description\" content=\"Retrouver les casinos de roulette en direct sur Top 10 des Sites Web de Casino. Jouer \u00e0 la roulette en direct avec enjeux \u00e9lev\u00e9s et faibles avec un croupier r\u00e9el en direct\" \/>\n<meta name=\"robots\" content=\"index, follow, max-snippet:-1, max-image-preview:large, max-video-preview:-1\" \/>\n<link rel=\"canonical\" href=\"https:\/\/www.top10casinowebsites.net\/fr\/casinos-en-direct\/roulette\/\" \/>\n<meta property=\"og:locale\" content=\"en_US\" \/>\n<meta property=\"og:type\" content=\"article\" \/>\n<meta property=\"og:title\" content=\"Roulette avec Distributeur en direct \u2013 Jouer aux Jeux de Roulette en Direct en Ligne\" \/>\n<meta property=\"og:description\" content=\"Retrouver les casinos de roulette en direct sur Top 10 des Sites Web de Casino. Jouer \u00e0 la roulette en direct avec enjeux \u00e9lev\u00e9s et faibles avec un croupier r\u00e9el en direct\" \/>\n<meta property=\"og:url\" content=\"https:\/\/www.top10casinowebsites.net\/fr\/casinos-en-direct\/roulette\/\" \/>\n<meta property=\"og:site_name\" content=\"FR\" \/>\n<meta property=\"article:modified_time\" content=\"2017-10-07T17:02:44+00:00\" \/>\n<meta property=\"og:image\" content=\"https:\/\/www.top10casinowebsites.net\/fr\/wp-content\/uploads\/sites\/4\/2017\/10\/live-roulette.jpg\" \/>\n\t<meta property=\"og:image:width\" content=\"380\" \/>\n\t<meta property=\"og:image:height\" content=\"250\" \/>\n\t<meta property=\"og:image:type\" content=\"image\/jpeg\" \/>\n<meta name=\"twitter:card\" content=\"summary_large_image\" \/>\n<meta name=\"twitter:label1\" content=\"Est. reading time\" \/>\n\t<meta name=\"twitter:data1\" content=\"7 minutes\" \/>\n<script type=\"application\/ld+json\" class=\"yoast-schema-graph\">{\"@context\":\"https:\\\/\\\/schema.org\",\"@graph\":[{\"@type\":\"WebPage\",\"@id\":\"https:\\\/\\\/www.top10casinowebsites.net\\\/fr\\\/casinos-en-direct\\\/roulette\\\/\",\"url\":\"https:\\\/\\\/www.top10casinowebsites.net\\\/fr\\\/casinos-en-direct\\\/roulette\\\/\",\"name\":\"Roulette avec Distributeur en direct \u2013 Jouer aux Jeux de Roulette en Direct en Ligne\",\"isPartOf\":{\"@id\":\"https:\\\/\\\/www.top10casinowebsites.net\\\/fr\\\/#website\"},\"primaryImageOfPage\":{\"@id\":\"https:\\\/\\\/www.top10casinowebsites.net\\\/fr\\\/casinos-en-direct\\\/roulette\\\/#primaryimage\"},\"image\":{\"@id\":\"https:\\\/\\\/www.top10casinowebsites.net\\\/fr\\\/casinos-en-direct\\\/roulette\\\/#primaryimage\"},\"thumbnailUrl\":\"https:\\\/\\\/www.top10casinowebsites.net\\\/fr\\\/wp-content\\\/uploads\\\/sites\\\/4\\\/2017\\\/10\\\/live-roulette-300x197.jpg\",\"datePublished\":\"2017-10-06T16:14:07+00:00\",\"dateModified\":\"2017-10-07T17:02:44+00:00\",\"description\":\"Retrouver les casinos de roulette en direct sur Top 10 des Sites Web de Casino. Jouer \u00e0 la roulette en direct avec enjeux \u00e9lev\u00e9s et faibles avec un croupier r\u00e9el en direct\",\"breadcrumb\":{\"@id\":\"https:\\\/\\\/www.top10casinowebsites.net\\\/fr\\\/casinos-en-direct\\\/roulette\\\/#breadcrumb\"},\"inLanguage\":\"en-US\",\"potentialAction\":[{\"@type\":\"ReadAction\",\"target\":[\"https:\\\/\\\/www.top10casinowebsites.net\\\/fr\\\/casinos-en-direct\\\/roulette\\\/\"]}]},{\"@type\":\"ImageObject\",\"inLanguage\":\"en-US\",\"@id\":\"https:\\\/\\\/www.top10casinowebsites.net\\\/fr\\\/casinos-en-direct\\\/roulette\\\/#primaryimage\",\"url\":\"https:\\\/\\\/www.top10casinowebsites.net\\\/fr\\\/wp-content\\\/uploads\\\/sites\\\/4\\\/2017\\\/10\\\/live-roulette.jpg\",\"contentUrl\":\"https:\\\/\\\/www.top10casinowebsites.net\\\/fr\\\/wp-content\\\/uploads\\\/sites\\\/4\\\/2017\\\/10\\\/live-roulette.jpg\",\"width\":380,\"height\":250},{\"@type\":\"BreadcrumbList\",\"@id\":\"https:\\\/\\\/www.top10casinowebsites.net\\\/fr\\\/casinos-en-direct\\\/roulette\\\/#breadcrumb\",\"itemListElement\":[{\"@type\":\"ListItem\",\"position\":1,\"name\":\"Home\",\"item\":\"https:\\\/\\\/www.top10casinowebsites.net\\\/fr\\\/\"},{\"@type\":\"ListItem\",\"position\":2,\"name\":\"Casinos en Direct \u2013 Casinos en Ligne en Direct avec Concessionnaire en direct\",\"item\":\"https:\\\/\\\/www.top10casinowebsites.net\\\/fr\\\/casinos-en-direct\\\/\"},{\"@type\":\"ListItem\",\"position\":3,\"name\":\"Roulette avec Distributeur en direct \u2013 Jouer aux Jeux de Roulette en Direct en Ligne\"}]},{\"@type\":\"WebSite\",\"@id\":\"https:\\\/\\\/www.top10casinowebsites.net\\\/fr\\\/#website\",\"url\":\"https:\\\/\\\/www.top10casinowebsites.net\\\/fr\\\/\",\"name\":\"FR\",\"description\":\"Just another Sites site\",\"potentialAction\":[{\"@type\":\"SearchAction\",\"target\":{\"@type\":\"EntryPoint\",\"urlTemplate\":\"https:\\\/\\\/www.top10casinowebsites.net\\\/fr\\\/?s={search_term_string}\"},\"query-input\":{\"@type\":\"PropertyValueSpecification\",\"valueRequired\":true,\"valueName\":\"search_term_string\"}}],\"inLanguage\":\"en-US\"}]}<\/script>\n<!-- \/ Yoast SEO plugin. -->","yoast_head_json":{"title":"Roulette avec Distributeur en direct \u2013 Jouer aux Jeux de Roulette en Direct en Ligne","description":"Retrouver les casinos de roulette en direct sur Top 10 des Sites Web de Casino. Jouer \u00e0 la roulette en direct avec enjeux \u00e9lev\u00e9s et faibles avec un croupier r\u00e9el en direct","robots":{"index":"index","follow":"follow","max-snippet":"max-snippet:-1","max-image-preview":"max-image-preview:large","max-video-preview":"max-video-preview:-1"},"canonical":"https:\/\/www.top10casinowebsites.net\/fr\/casinos-en-direct\/roulette\/","og_locale":"en_US","og_type":"article","og_title":"Roulette avec Distributeur en direct \u2013 Jouer aux Jeux de Roulette en Direct en Ligne","og_description":"Retrouver les casinos de roulette en direct sur Top 10 des Sites Web de Casino. Jouer \u00e0 la roulette en direct avec enjeux \u00e9lev\u00e9s et faibles avec un croupier r\u00e9el en direct","og_url":"https:\/\/www.top10casinowebsites.net\/fr\/casinos-en-direct\/roulette\/","og_site_name":"FR","article_modified_time":"2017-10-07T17:02:44+00:00","og_image":[{"width":380,"height":250,"url":"https:\/\/www.top10casinowebsites.net\/fr\/wp-content\/uploads\/sites\/4\/2017\/10\/live-roulette.jpg","type":"image\/jpeg"}],"twitter_card":"summary_large_image","twitter_misc":{"Est. reading time":"7 minutes"},"schema":{"@context":"https:\/\/schema.org","@graph":[{"@type":"WebPage","@id":"https:\/\/www.top10casinowebsites.net\/fr\/casinos-en-direct\/roulette\/","url":"https:\/\/www.top10casinowebsites.net\/fr\/casinos-en-direct\/roulette\/","name":"Roulette avec Distributeur en direct \u2013 Jouer aux Jeux de Roulette en Direct en Ligne","isPartOf":{"@id":"https:\/\/www.top10casinowebsites.net\/fr\/#website"},"primaryImageOfPage":{"@id":"https:\/\/www.top10casinowebsites.net\/fr\/casinos-en-direct\/roulette\/#primaryimage"},"image":{"@id":"https:\/\/www.top10casinowebsites.net\/fr\/casinos-en-direct\/roulette\/#primaryimage"},"thumbnailUrl":"https:\/\/www.top10casinowebsites.net\/fr\/wp-content\/uploads\/sites\/4\/2017\/10\/live-roulette-300x197.jpg","datePublished":"2017-10-06T16:14:07+00:00","dateModified":"2017-10-07T17:02:44+00:00","description":"Retrouver les casinos de roulette en direct sur Top 10 des Sites Web de Casino. Jouer \u00e0 la roulette en direct avec enjeux \u00e9lev\u00e9s et faibles avec un croupier r\u00e9el en direct","breadcrumb":{"@id":"https:\/\/www.top10casinowebsites.net\/fr\/casinos-en-direct\/roulette\/#breadcrumb"},"inLanguage":"en-US","potentialAction":[{"@type":"ReadAction","target":["https:\/\/www.top10casinowebsites.net\/fr\/casinos-en-direct\/roulette\/"]}]},{"@type":"ImageObject","inLanguage":"en-US","@id":"https:\/\/www.top10casinowebsites.net\/fr\/casinos-en-direct\/roulette\/#primaryimage","url":"https:\/\/www.top10casinowebsites.net\/fr\/wp-content\/uploads\/sites\/4\/2017\/10\/live-roulette.jpg","contentUrl":"https:\/\/www.top10casinowebsites.net\/fr\/wp-content\/uploads\/sites\/4\/2017\/10\/live-roulette.jpg","width":380,"height":250},{"@type":"BreadcrumbList","@id":"https:\/\/www.top10casinowebsites.net\/fr\/casinos-en-direct\/roulette\/#breadcrumb","itemListElement":[{"@type":"ListItem","position":1,"name":"Home","item":"https:\/\/www.top10casinowebsites.net\/fr\/"},{"@type":"ListItem","position":2,"name":"Casinos en Direct \u2013 Casinos en Ligne en Direct avec Concessionnaire en direct","item":"https:\/\/www.top10casinowebsites.net\/fr\/casinos-en-direct\/"},{"@type":"ListItem","position":3,"name":"Roulette avec Distributeur en direct \u2013 Jouer aux Jeux de Roulette en Direct en Ligne"}]},{"@type":"WebSite","@id":"https:\/\/www.top10casinowebsites.net\/fr\/#website","url":"https:\/\/www.top10casinowebsites.net\/fr\/","name":"FR","description":"Just another Sites site","potentialAction":[{"@type":"SearchAction","target":{"@type":"EntryPoint","urlTemplate":"https:\/\/www.top10casinowebsites.net\/fr\/?s={search_term_string}"},"query-input":{"@type":"PropertyValueSpecification","valueRequired":true,"valueName":"search_term_string"}}],"inLanguage":"en-US"}]}},"_links":{"self":[{"href":"https:\/\/www.top10casinowebsites.net\/fr\/wp-json\/wp\/v2\/pages\/71","targetHints":{"allow":["GET"]}}],"collection":[{"href":"https:\/\/www.top10casinowebsites.net\/fr\/wp-json\/wp\/v2\/pages"}],"about":[{"href":"https:\/\/www.top10casinowebsites.net\/fr\/wp-json\/wp\/v2\/types\/page"}],"author":[{"embeddable":true,"href":"https:\/\/www.top10casinowebsites.net\/fr\/wp-json\/wp\/v2\/users\/4"}],"replies":[{"embeddable":true,"href":"https:\/\/www.top10casinowebsites.net\/fr\/wp-json\/wp\/v2\/comments?post=71"}],"version-history":[{"count":1,"href":"https:\/\/www.top10casinowebsites.net\/fr\/wp-json\/wp\/v2\/pages\/71\/revisions"}],"predecessor-version":[{"id":72,"href":"https:\/\/www.top10casinowebsites.net\/fr\/wp-json\/wp\/v2\/pages\/71\/revisions\/72"}],"up":[{"embeddable":true,"href":"https:\/\/www.top10casinowebsites.net\/fr\/wp-json\/wp\/v2\/pages\/58"}],"wp:attachment":[{"href":"https:\/\/www.top10casinowebsites.net\/fr\/wp-json\/wp\/v2\/media?parent=71"}],"curies":[{"name":"wp","href":"https:\/\/api.w.org\/{rel}","templated":true}]}}