{"id":78,"date":"2017-10-06T16:23:43","date_gmt":"2017-10-06T16:23:43","guid":{"rendered":"https:\/\/www.top10casinowebsites.net\/fr\/?page_id=78"},"modified":"2017-10-06T19:41:31","modified_gmt":"2017-10-06T19:41:31","slug":"depots-options","status":"publish","type":"page","link":"https:\/\/www.top10casinowebsites.net\/fr\/depots-options\/","title":{"rendered":"Les M\u00e9thodes de D\u00e9p\u00f4ts \u2013 Un Guide Complet sur Les Options de d\u00e9p\u00f4t Sur Un Casino"},"content":{"rendered":"<p><img loading=\"lazy\" decoding=\"async\" class=\"alignright size-medium wp-image-80\" src=\"https:\/\/www.top10casinowebsites.net\/fr\/wp-content\/uploads\/sites\/4\/2017\/10\/deposit-options-300x197.jpg\" alt=\"\" width=\"300\" height=\"197\" srcset=\"https:\/\/www.top10casinowebsites.net\/fr\/wp-content\/uploads\/sites\/4\/2017\/10\/deposit-options-300x197.jpg 300w, https:\/\/www.top10casinowebsites.net\/fr\/wp-content\/uploads\/sites\/4\/2017\/10\/deposit-options.jpg 380w\" sizes=\"auto, (max-width: 300px) 100vw, 300px\" \/>De nos jours, il existe une panoplie de diff\u00e9rentes m\u00e9thodes de paiement disponible sur les casinos en ligne.<\/p>\n<p>Le nombre de m\u00e9thodes de paiement a drastiquement augment\u00e9 pendant les quelques ann\u00e9es pass\u00e9es, et les casinos en ligne essayent de toujours fournir le meilleur service et r\u00e9pondant aux d\u00e9sirs de tous les joueurs, et s\u2019adapter aussi \u00e0 un monde tr\u00e8s dynamique dans la mati\u00e8re.<\/p>\n<p>Parce que les nouvelles m\u00e9thodes de paiement s\u2019ajoutent tous les jours, il est important de rester \u00e0 jour avec ces derni\u00e8res afin que vous sachiez quelles sont vos options et pouvoir choisir une m\u00e9thode de paiement qui r\u00e9pondre parfaitement \u00e0 vos besoins et le style de jeu.<\/p>\n<p>Dans cet article, nous essayerons de regarder de pr\u00eat quelques m\u00e9thodes parmi lesquelles vous pouvez vous baser pour s\u00e9lectionner un mode de paiement pour r\u00e9pondre \u00e0 vos besoins, aussi bien que les facteurs importants \u00e0 consid\u00e9rer avant de d\u00e9cider sur le meilleur mode de paiement. Nous r\u00e9pondrons aussi aux questions les plus pos\u00e9es que vous aurez concernant les m\u00e9thodes de paiement sur les casinos en ligne.<\/p>\n<h2 id=\"topcasinos\">LE TOP 10 DES SITES WEB DE CASINO<\/h2>\n<div class=\"grid-contents\" id=\"grid-contents\"><table class=\"cas_table\" ><tbody><tr class=\"rank-1\">\n                                <td class=\"ranking\">1<\/td>\n                                <td class=\"brandcol\">\n                                    <a href=https:\/\/www.top10casinowebsites.net\/fr\/review\/888-casino\/ class=\"brand brand-bg\"><img loading=\"lazy\" decoding=\"async\" class=\"group list-group-image\" src=\"https:\/\/static.top10casinowebsites.net\/images\/casino-rooms\/888-casino-logo.png\" width=\"200\" height=\"128\"\/><\/a>\n                                <\/td>\n                                <td class=\"bonus\" data-title=\"Bonus\">\n\t\t\t\t\t               <p class=\"bonus-text\"><strong>$888<\/strong>Welcome Bonus <br>(<a href=\"https:\/\/www.top10casinowebsites.net\/fr\/review\/888-casino\/\">T&Cs apply, 18+<\/a>)<\/p>\n\t\t\t\t                <\/td>\n\t\t\t\t\t            <td class=\"badge_game\" data-title=\"Rating\">\n                                    <div class=\"rating\"><strong>5<\/strong>\/5<\/div>\n                                    <div class=\"rating stars\" style=\"margin-top: 5px;\"><span class=\"icon icon-stars\"><span class=\"icon-stars green\" style=\"width: 100%;\"><\/span><\/span><\/div>\n\t\t\t\t\t            <\/td>\n                               \n                                <td class=\"play\">\n\t\t\t\t\t               <a class=\"button-gold\" rel=\"nofollow\" href=\"https:\/\/www.top10casinowebsites.net\/fr\/review\/888-casino\/\">Visit<\/a>\n\t                               <div class=\"\">\n\t\t\t\t\t                   <a class=\"review-snippet-link-play-now-col\" href=\"https:\/\/www.top10casinowebsites.net\/fr\/review\/888-casino\/\">Read Review<\/a>\n\t\t\t\t\t               <\/div>\n\t\t\t\t\t           <\/td>\n     \t\t\t\t        <\/tr><\/tbody><\/table><\/div>\n<h2><strong>Choisir La Meilleure Option De D\u00e9p\u00f4t Sur Un Casino En Ligne <\/strong><\/h2>\n<p><img loading=\"lazy\" decoding=\"async\" class=\"alignleft size-full wp-image-36\" src=\"https:\/\/www.top10casinowebsites.net\/fr\/wp-content\/uploads\/sites\/4\/2017\/10\/help-and-tips.png\" alt=\"\" width=\"128\" height=\"128\" \/>Certains parmi nous n\u2019aiment pas trop les changements, et lorsque nous trouvons quelque chose qui fonctionne, nous aimons nous focaliser dessus. Plusieurs joueurs de casinos en ligne ont un mode de paiement pr\u00e9f\u00e9r\u00e9 ayant march\u00e9 pour eux pour beaucoup d\u2019ann\u00e9es et dont ils ne souhaitent pas du tout s\u2019en d\u00e9barrasser.<\/p>\n<p>M\u00eame avec l\u2019\u00e9mergence des nouveaux modes de paiement, certains joueurs pr\u00e9f\u00e8rent rester fid\u00e8les \u00e0 leur m\u00e9thode confiance. Les\u00a0 joueurs ont non seulement une vari\u00e9t\u00e9 de choix de modes de paiement mais aussi une s\u00e9lection massive des casinos en ligne \u00e0 choisir.<\/p>\n<p>Plusieurs casinos en ligne offrent les m\u00eames modes de paiement, mais d\u2019autres pourraient \u00eatre limit\u00e9s sur ce qu\u2019ils ont \u00e0 offrir. Si vous \u00eates d\u00e9j\u00e0 certain de la m\u00e9thode de paiement que vous allez utiliser, c\u2019est recommand\u00e9 de se rassurer que le casino en ligne de votre choix fournit le mode de paiement que vous souhaitez utiliser.<\/p>\n<p>Ce serait extr\u00eamement frustrant et une perte de temps si vous enregistrez un compte sur un casino en ligne avant de d\u00e9couvrir qu\u2019ils n\u2019offrent pas le mode de paiement de votre choix, car cela signifiera refaire la m\u00eame proc\u00e9dure avec un casino en ligne en diff\u00e9rent.<\/p>\n<h2><strong>Les Modes de Paiements R\u00e9put\u00e9s<\/strong><\/h2>\n<p><img loading=\"lazy\" decoding=\"async\" class=\"alignleft size-full wp-image-36\" src=\"https:\/\/www.top10casinowebsites.net\/fr\/wp-content\/uploads\/sites\/4\/2017\/10\/help-and-tips.png\" alt=\"\" width=\"128\" height=\"128\" \/>Il est extr\u00eamement important que vous s\u00e9lectionnez uniquement un mode de paiement r\u00e9put\u00e9 et digne de confiance.<\/p>\n<p>La s\u00e9curit\u00e9 de vos fonds et les informations de votre compte sont d\u2019une importance sans pr\u00e9c\u00e9dent, et il est hautement recommand\u00e9 d\u2019utiliser un mode de paiement prouv\u00e9 \u00eatre s\u00e9curis\u00e9, s\u00fbr et fiable.<\/p>\n<p>Avec autant de nouvelles et nombreuses m\u00e9thodes de paiement disponible, c\u2019est recommand\u00e9 de faire votre recherche si vous souhaitez tenter une nouvelle m\u00e9thode.<\/p>\n<p>Il n\u2019est pas recommand\u00e9 de s\u00e9lectionner une m\u00e9thode de paiement dont vous ne connaissez pas grand-chose \u00e0-propos, sp\u00e9cialement si c\u2019est une nouvelle m\u00e9thode de paiement qui n\u2019a pas \u00e9t\u00e9 v\u00e9rifi\u00e9e comme fiable ou s\u00fbr par d\u2019autres joueurs. Il y a une liste de m\u00e9thodes de paiement r\u00e9put\u00e9es \u00eatre s\u00fbres, s\u00e9curis\u00e9es et qui ont \u00e9t\u00e9 utilis\u00e9es avec succ\u00e8s par beaucoup d\u2019autres joueurs dans le monde entier. Celles-ci sont les m\u00e9thodes paiement sur lesquelles vous devrez vous focaliser.<\/p>\n<h2><strong>Les Restrictions des Options de D\u00e9p\u00f4t<\/strong><\/h2>\n<p><img loading=\"lazy\" decoding=\"async\" class=\"alignleft size-full wp-image-36\" src=\"https:\/\/www.top10casinowebsites.net\/fr\/wp-content\/uploads\/sites\/4\/2017\/10\/help-and-tips.png\" alt=\"\" width=\"128\" height=\"128\" \/>Certaines nouvelles m\u00e9thodes de paiement disponible sur les casinos en ligne ont certaines restrictions associ\u00e9es elles, et il est de votre meilleur int\u00e9r\u00eat de conna\u00eetre mieux sur ces restrictions afin d\u2019\u00e9viter tout mauvaise exp\u00e9rience \u00e0 une \u00e9tape ult\u00e9rieure.<\/p>\n<p>Certaines nouvelles m\u00e9thodes de paiement ont limit\u00e9 le nombre de devises qu\u2019elles acceptent, et c\u2019est crucial de vous rassurer si la m\u00e9thode de paiement de votre choix accepte votre monnaie nationale.<\/p>\n<p>Si vous s\u00e9lectionnez une m\u00e9thode de paiement qui n\u2019accepte pas votre devise, vous serez oblig\u00e9 de payer les frais de conversion afin de convertir vos fonds dans votre monnaie n\u00e9cessaire.<\/p>\n<p>Ce processus est tr\u00e8s inutile et couteux pour la plupart des joueurs ayant seulement besoin de s\u00e9lectionner une m\u00e9thode de paiement comprenant leur monnaie. Les restrictions g\u00e9ographiques peuvent \u00e9galement \u00eatre associ\u00e9es avec certaines m\u00e9thodes de paiement, CECI signifie que ces m\u00e9thodes accepterons seulement les joueurs depuis certains pays ou emplacements.<\/p>\n<h2><strong>Option de d\u00e9p\u00f4t pour Transactions Rapides<\/strong><\/h2>\n<p><img loading=\"lazy\" decoding=\"async\" class=\"alignleft size-full wp-image-36\" src=\"https:\/\/www.top10casinowebsites.net\/fr\/wp-content\/uploads\/sites\/4\/2017\/10\/help-and-tips.png\" alt=\"\" width=\"128\" height=\"128\" \/>Un facteur crucial pour les joueurs de casino en ligne est la rapidit\u00e9.<\/p>\n<p>Il y a rien de plus frustrant que de vouloir commencer \u00e0 jouer \u00e0 votre jeu pr\u00e9f\u00e9r\u00e9 mais \u00eatre contraint d\u2019attendre que votre d\u00e9p\u00f4t soit effectif.<\/p>\n<p>Ceci peut \u00eatre \u00e9vit\u00e9 en faisant votre recherche et s\u00e9lectionner une m\u00e9thode de paiement qui est prouv\u00e9e \u00eatre rapide et fiable.<\/p>\n<h2><strong>Foire Aux Questions des Options de D\u00e9p\u00f4t en Ligne <\/strong><\/h2>\n<div class='dt-sc-toggle-frame-set'><div class=\"dt-sc-toggle-frame\">\t<h5 class='dt-sc-toggle-accordion '><a href='#'>Dois-je enregistrer un compte afin de d\u00e9poser des fonds et jouer sur un casino en ligne ?<\/a><\/h5>\t<div class=\"dt-sc-toggle-content\" style=\"display: none;\">\t\t<div class=\"block\">Bien s\u00fbr, afin de d\u00e9poser et jouer pour du vrai argent, vous devrez enregistrer un compte le casino en ligne de votre choix. Vous pourrez \u00eatre capable de jouer les jeux gratuits ou d\u00e9mo sans ouvrir un compte, mais vous ne serez pas capable de gagner ou d\u00e9poser du vrai argent.\t\t<\/div>\t<\/div><\/div><div class=\"dt-sc-toggle-frame\">\t<h5 class='dt-sc-toggle-accordion '><a href='#'>Comment puis-je savoir que mes informations seront en s\u00e9curit\u00e9 ?<\/a><\/h5>\t<div class=\"dt-sc-toggle-content\" style=\"display: none;\">\t\t<div class=\"block\">Les casinos sont contraints d\u2019avoir une certaine forme de s\u00e9curit\u00e9 afin de v\u00e9rifier que vos informations seront prot\u00e9g\u00e9es et s\u00e9curis\u00e9es. La plupart des casinos en ligne utilise la technologie <a href=\"https:\/\/www.digicert.com\/ssl.htm\">SSL (Secure Socket Layer)<\/a> qui est une forme de protection par cryptage. C\u2019est important de jouer seulement sur les casinos en ligne ayant une forme de protection, sinon vos informations pourront se retrouver sur de mauvaises mains.\t\t<\/div>\t<\/div><\/div><div class=\"dt-sc-toggle-frame\">\t<h5 class='dt-sc-toggle-accordion '><a href='#'>Combien de temps dois-je attendre pour que mes paiements soient trait\u00e9s ?<\/a><\/h5>\t<div class=\"dt-sc-toggle-content\" style=\"display: none;\">\t\t<div class=\"block\">Ca varie suivant chaque m\u00e9thode de paiement\u00a0; cependant, les d\u00e9p\u00f4ts sont habituellement trait\u00e9s automatiquement sans temps d\u2019attente.\u00a0 Les retraits sont aussi le plus souvent trait\u00e9s instantan\u00e9ment mais sont sujets d\u2019une p\u00e9riode d\u2019attente suivant la m\u00e9thode. Pour illustration, en faisant un retrait par Transfert BANCAIRE, le casino en ligne peut le traiter imm\u00e9diatement, mais la banque elle-m\u00eame prendra quelques jours ouvrables pour confirmer le retrait.\t\t<\/div>\t<\/div><\/div><\/div>\n","protected":false},"excerpt":{"rendered":"<p>De nos jours, il existe une panoplie de diff\u00e9rentes m\u00e9thodes de paiement disponible sur les casinos en ligne. Le nombre de m\u00e9thodes de paiement a drastiquement augment\u00e9 pendant les quelques ann\u00e9es pass\u00e9es, et les casinos en ligne essayent de toujours fournir le meilleur service et r\u00e9pondant aux d\u00e9sirs de tous les joueurs, et s\u2019adapter aussi [&hellip;]<\/p>\n","protected":false},"author":4,"featured_media":0,"parent":0,"menu_order":0,"comment_status":"closed","ping_status":"closed","template":"","meta":{"_acf_changed":false,"footnotes":""},"class_list":["post-78","page","type-page","status-publish","hentry"],"acf":[],"yoast_head":"<!-- This site is optimized with the Yoast SEO plugin v27.4 - https:\/\/yoast.com\/product\/yoast-seo-wordpress\/ -->\n<title>Les M\u00e9thodes de D\u00e9p\u00f4ts \u2013 Un Guide Complet sur Les Options de d\u00e9p\u00f4t Sur Un Casino<\/title>\n<meta name=\"description\" content=\"Les M\u00e9thodes de Paiement sur les Casinos en Ligne \u2013 Recevez des Conseils Exclusifs et des Informations pour vous Aider \u00e0 Effectuer le Meilleur Choix \u2013 Section Foire Aux Questions Comprise !\" \/>\n<meta name=\"robots\" content=\"index, follow, max-snippet:-1, max-image-preview:large, max-video-preview:-1\" \/>\n<link rel=\"canonical\" href=\"https:\/\/www.top10casinowebsites.net\/fr\/depots-options\/\" \/>\n<meta property=\"og:locale\" content=\"en_US\" \/>\n<meta property=\"og:type\" content=\"article\" \/>\n<meta property=\"og:title\" content=\"Les M\u00e9thodes de D\u00e9p\u00f4ts \u2013 Un Guide Complet sur Les Options de d\u00e9p\u00f4t Sur Un Casino\" \/>\n<meta property=\"og:description\" content=\"Les M\u00e9thodes de Paiement sur les Casinos en Ligne \u2013 Recevez des Conseils Exclusifs et des Informations pour vous Aider \u00e0 Effectuer le Meilleur Choix \u2013 Section Foire Aux Questions Comprise !\" \/>\n<meta property=\"og:url\" content=\"https:\/\/www.top10casinowebsites.net\/fr\/depots-options\/\" \/>\n<meta property=\"og:site_name\" content=\"FR\" \/>\n<meta property=\"article:modified_time\" content=\"2017-10-06T19:41:31+00:00\" \/>\n<meta property=\"og:image\" content=\"https:\/\/www.top10casinowebsites.net\/fr\/wp-content\/uploads\/sites\/4\/2017\/10\/deposit-options.jpg\" \/>\n\t<meta property=\"og:image:width\" content=\"380\" \/>\n\t<meta property=\"og:image:height\" content=\"250\" \/>\n\t<meta property=\"og:image:type\" content=\"image\/jpeg\" \/>\n<meta name=\"twitter:card\" content=\"summary_large_image\" \/>\n<meta name=\"twitter:label1\" content=\"Est. reading time\" \/>\n\t<meta name=\"twitter:data1\" content=\"6 minutes\" \/>\n<script type=\"application\/ld+json\" class=\"yoast-schema-graph\">{\"@context\":\"https:\\\/\\\/schema.org\",\"@graph\":[{\"@type\":\"WebPage\",\"@id\":\"https:\\\/\\\/www.top10casinowebsites.net\\\/fr\\\/depots-options\\\/\",\"url\":\"https:\\\/\\\/www.top10casinowebsites.net\\\/fr\\\/depots-options\\\/\",\"name\":\"Les M\u00e9thodes de D\u00e9p\u00f4ts \u2013 Un Guide Complet sur Les Options de d\u00e9p\u00f4t Sur Un Casino\",\"isPartOf\":{\"@id\":\"https:\\\/\\\/www.top10casinowebsites.net\\\/fr\\\/#website\"},\"primaryImageOfPage\":{\"@id\":\"https:\\\/\\\/www.top10casinowebsites.net\\\/fr\\\/depots-options\\\/#primaryimage\"},\"image\":{\"@id\":\"https:\\\/\\\/www.top10casinowebsites.net\\\/fr\\\/depots-options\\\/#primaryimage\"},\"thumbnailUrl\":\"https:\\\/\\\/www.top10casinowebsites.net\\\/fr\\\/wp-content\\\/uploads\\\/sites\\\/4\\\/2017\\\/10\\\/deposit-options-300x197.jpg\",\"datePublished\":\"2017-10-06T16:23:43+00:00\",\"dateModified\":\"2017-10-06T19:41:31+00:00\",\"description\":\"Les M\u00e9thodes de Paiement sur les Casinos en Ligne \u2013 Recevez des Conseils Exclusifs et des Informations pour vous Aider \u00e0 Effectuer le Meilleur Choix \u2013 Section Foire Aux Questions Comprise !\",\"breadcrumb\":{\"@id\":\"https:\\\/\\\/www.top10casinowebsites.net\\\/fr\\\/depots-options\\\/#breadcrumb\"},\"inLanguage\":\"en-US\",\"potentialAction\":[{\"@type\":\"ReadAction\",\"target\":[\"https:\\\/\\\/www.top10casinowebsites.net\\\/fr\\\/depots-options\\\/\"]}]},{\"@type\":\"ImageObject\",\"inLanguage\":\"en-US\",\"@id\":\"https:\\\/\\\/www.top10casinowebsites.net\\\/fr\\\/depots-options\\\/#primaryimage\",\"url\":\"https:\\\/\\\/www.top10casinowebsites.net\\\/fr\\\/wp-content\\\/uploads\\\/sites\\\/4\\\/2017\\\/10\\\/deposit-options.jpg\",\"contentUrl\":\"https:\\\/\\\/www.top10casinowebsites.net\\\/fr\\\/wp-content\\\/uploads\\\/sites\\\/4\\\/2017\\\/10\\\/deposit-options.jpg\",\"width\":380,\"height\":250},{\"@type\":\"BreadcrumbList\",\"@id\":\"https:\\\/\\\/www.top10casinowebsites.net\\\/fr\\\/depots-options\\\/#breadcrumb\",\"itemListElement\":[{\"@type\":\"ListItem\",\"position\":1,\"name\":\"Home\",\"item\":\"https:\\\/\\\/www.top10casinowebsites.net\\\/fr\\\/\"},{\"@type\":\"ListItem\",\"position\":2,\"name\":\"Les M\u00e9thodes de D\u00e9p\u00f4ts \u2013 Un Guide Complet sur Les Options de d\u00e9p\u00f4t Sur Un Casino\"}]},{\"@type\":\"WebSite\",\"@id\":\"https:\\\/\\\/www.top10casinowebsites.net\\\/fr\\\/#website\",\"url\":\"https:\\\/\\\/www.top10casinowebsites.net\\\/fr\\\/\",\"name\":\"FR\",\"description\":\"Just another Sites site\",\"potentialAction\":[{\"@type\":\"SearchAction\",\"target\":{\"@type\":\"EntryPoint\",\"urlTemplate\":\"https:\\\/\\\/www.top10casinowebsites.net\\\/fr\\\/?s={search_term_string}\"},\"query-input\":{\"@type\":\"PropertyValueSpecification\",\"valueRequired\":true,\"valueName\":\"search_term_string\"}}],\"inLanguage\":\"en-US\"}]}<\/script>\n<!-- \/ Yoast SEO plugin. -->","yoast_head_json":{"title":"Les M\u00e9thodes de D\u00e9p\u00f4ts \u2013 Un Guide Complet sur Les Options de d\u00e9p\u00f4t Sur Un Casino","description":"Les M\u00e9thodes de Paiement sur les Casinos en Ligne \u2013 Recevez des Conseils Exclusifs et des Informations pour vous Aider \u00e0 Effectuer le Meilleur Choix \u2013 Section Foire Aux Questions Comprise !","robots":{"index":"index","follow":"follow","max-snippet":"max-snippet:-1","max-image-preview":"max-image-preview:large","max-video-preview":"max-video-preview:-1"},"canonical":"https:\/\/www.top10casinowebsites.net\/fr\/depots-options\/","og_locale":"en_US","og_type":"article","og_title":"Les M\u00e9thodes de D\u00e9p\u00f4ts \u2013 Un Guide Complet sur Les Options de d\u00e9p\u00f4t Sur Un Casino","og_description":"Les M\u00e9thodes de Paiement sur les Casinos en Ligne \u2013 Recevez des Conseils Exclusifs et des Informations pour vous Aider \u00e0 Effectuer le Meilleur Choix \u2013 Section Foire Aux Questions Comprise !","og_url":"https:\/\/www.top10casinowebsites.net\/fr\/depots-options\/","og_site_name":"FR","article_modified_time":"2017-10-06T19:41:31+00:00","og_image":[{"width":380,"height":250,"url":"https:\/\/www.top10casinowebsites.net\/fr\/wp-content\/uploads\/sites\/4\/2017\/10\/deposit-options.jpg","type":"image\/jpeg"}],"twitter_card":"summary_large_image","twitter_misc":{"Est. reading time":"6 minutes"},"schema":{"@context":"https:\/\/schema.org","@graph":[{"@type":"WebPage","@id":"https:\/\/www.top10casinowebsites.net\/fr\/depots-options\/","url":"https:\/\/www.top10casinowebsites.net\/fr\/depots-options\/","name":"Les M\u00e9thodes de D\u00e9p\u00f4ts \u2013 Un Guide Complet sur Les Options de d\u00e9p\u00f4t Sur Un Casino","isPartOf":{"@id":"https:\/\/www.top10casinowebsites.net\/fr\/#website"},"primaryImageOfPage":{"@id":"https:\/\/www.top10casinowebsites.net\/fr\/depots-options\/#primaryimage"},"image":{"@id":"https:\/\/www.top10casinowebsites.net\/fr\/depots-options\/#primaryimage"},"thumbnailUrl":"https:\/\/www.top10casinowebsites.net\/fr\/wp-content\/uploads\/sites\/4\/2017\/10\/deposit-options-300x197.jpg","datePublished":"2017-10-06T16:23:43+00:00","dateModified":"2017-10-06T19:41:31+00:00","description":"Les M\u00e9thodes de Paiement sur les Casinos en Ligne \u2013 Recevez des Conseils Exclusifs et des Informations pour vous Aider \u00e0 Effectuer le Meilleur Choix \u2013 Section Foire Aux Questions Comprise !","breadcrumb":{"@id":"https:\/\/www.top10casinowebsites.net\/fr\/depots-options\/#breadcrumb"},"inLanguage":"en-US","potentialAction":[{"@type":"ReadAction","target":["https:\/\/www.top10casinowebsites.net\/fr\/depots-options\/"]}]},{"@type":"ImageObject","inLanguage":"en-US","@id":"https:\/\/www.top10casinowebsites.net\/fr\/depots-options\/#primaryimage","url":"https:\/\/www.top10casinowebsites.net\/fr\/wp-content\/uploads\/sites\/4\/2017\/10\/deposit-options.jpg","contentUrl":"https:\/\/www.top10casinowebsites.net\/fr\/wp-content\/uploads\/sites\/4\/2017\/10\/deposit-options.jpg","width":380,"height":250},{"@type":"BreadcrumbList","@id":"https:\/\/www.top10casinowebsites.net\/fr\/depots-options\/#breadcrumb","itemListElement":[{"@type":"ListItem","position":1,"name":"Home","item":"https:\/\/www.top10casinowebsites.net\/fr\/"},{"@type":"ListItem","position":2,"name":"Les M\u00e9thodes de D\u00e9p\u00f4ts \u2013 Un Guide Complet sur Les Options de d\u00e9p\u00f4t Sur Un Casino"}]},{"@type":"WebSite","@id":"https:\/\/www.top10casinowebsites.net\/fr\/#website","url":"https:\/\/www.top10casinowebsites.net\/fr\/","name":"FR","description":"Just another Sites site","potentialAction":[{"@type":"SearchAction","target":{"@type":"EntryPoint","urlTemplate":"https:\/\/www.top10casinowebsites.net\/fr\/?s={search_term_string}"},"query-input":{"@type":"PropertyValueSpecification","valueRequired":true,"valueName":"search_term_string"}}],"inLanguage":"en-US"}]}},"_links":{"self":[{"href":"https:\/\/www.top10casinowebsites.net\/fr\/wp-json\/wp\/v2\/pages\/78","targetHints":{"allow":["GET"]}}],"collection":[{"href":"https:\/\/www.top10casinowebsites.net\/fr\/wp-json\/wp\/v2\/pages"}],"about":[{"href":"https:\/\/www.top10casinowebsites.net\/fr\/wp-json\/wp\/v2\/types\/page"}],"author":[{"embeddable":true,"href":"https:\/\/www.top10casinowebsites.net\/fr\/wp-json\/wp\/v2\/users\/4"}],"replies":[{"embeddable":true,"href":"https:\/\/www.top10casinowebsites.net\/fr\/wp-json\/wp\/v2\/comments?post=78"}],"version-history":[{"count":1,"href":"https:\/\/www.top10casinowebsites.net\/fr\/wp-json\/wp\/v2\/pages\/78\/revisions"}],"predecessor-version":[{"id":79,"href":"https:\/\/www.top10casinowebsites.net\/fr\/wp-json\/wp\/v2\/pages\/78\/revisions\/79"}],"wp:attachment":[{"href":"https:\/\/www.top10casinowebsites.net\/fr\/wp-json\/wp\/v2\/media?parent=78"}],"curies":[{"name":"wp","href":"https:\/\/api.w.org\/{rel}","templated":true}]}}