{"id":81,"date":"2017-10-06T16:49:20","date_gmt":"2017-10-06T16:49:20","guid":{"rendered":"https:\/\/www.top10casinowebsites.net\/fr\/?page_id=81"},"modified":"2017-10-12T17:02:19","modified_gmt":"2017-10-12T17:02:19","slug":"bitcoin","status":"publish","type":"page","link":"https:\/\/www.top10casinowebsites.net\/fr\/depots-options\/bitcoin\/","title":{"rendered":"Les Casinos Bitcoin \u2013 Les Casinos en Ligne Acceptent Bitcoins"},"content":{"rendered":"<p><img decoding=\"async\" class=\"alignright size-full wp-image-1775\" src=\"https:\/\/www.top10casinowebsites.net\/wp-content\/uploads\/2017\/01\/bitcoin.jpg\" alt=\"Deposit using Bitcoins\" width=\"300\" \/><\/p>\n<p><a href=\"https:\/\/bitcoin.org\/\">Bitcoin le monnaie \u00e9lectronique le plus populaire au monde<\/a>. Une monnaie \u00e9lectronique est type de monnaie digitale qui vous permette de transf\u00e9rer des fonds en ligne faiblement et anonymement.<\/p>\n<p>La monnaie Bitcoin a \u00e9volu\u00e9 de fa\u00e7on incroyable depuis son entr\u00e9e en sc\u00e8ne dans le monde, et beaucoup de joueurs de casino en ligne ont choisi la monnaie Bitcoin comme leur m\u00e9thode de paiement de pr\u00e9dilection.<\/p>\n<p>La monnaie Bitcoin est devenue une m\u00e9thode de paiement sur les casinos en ligne populaire que certains casinos en ligne offrent uniquement la m\u00e9thode de paiement Bitcoin et aucune autre option.<\/p>\n<p>Ces casinos en ligne particuliers sont ceux qui sont connus comme <em>\u2018Casinos Bitcoin\u2019 <\/em>et ils sont largement utilis\u00e9s par les joueurs qui aiment profiter de l\u2019utilisation de leurs portefeuilles Bitcoin.<\/p>\n<h2 id=\"topcasinos\">LE TOP 10 DES SITES WEB DE CASINO<\/h2>\n<p><div class=\"grid-contents\" id=\"grid-contents\"><table class=\"cas_table\" ><tbody><tr class=\"rank-1\">\n                                <td class=\"ranking\">1<\/td>\n                                <td class=\"brandcol\">\n                                    <a href=https:\/\/www.top10casinowebsites.net\/fr\/review\/888-casino\/ class=\"brand brand-bg\"><img loading=\"lazy\" decoding=\"async\" class=\"group list-group-image\" src=\"https:\/\/static.top10casinowebsites.net\/images\/casino-rooms\/888-casino-logo.png\" width=\"200\" height=\"128\"\/><\/a>\n                                <\/td>\n                                <td class=\"bonus\" data-title=\"Bonus\">\n\t\t\t\t\t               <p class=\"bonus-text\"><strong>$888<\/strong>Welcome Bonus <br>(<a href=\"https:\/\/www.top10casinowebsites.net\/fr\/review\/888-casino\/\">T&Cs apply, 18+<\/a>)<\/p>\n\t\t\t\t                <\/td>\n\t\t\t\t\t            <td class=\"badge_game\" data-title=\"Rating\">\n                                    <div class=\"rating\"><strong>5<\/strong>\/5<\/div>\n                                    <div class=\"rating stars\" style=\"margin-top: 5px;\"><span class=\"icon icon-stars\"><span class=\"icon-stars green\" style=\"width: 100%;\"><\/span><\/span><\/div>\n\t\t\t\t\t            <\/td>\n                               \n                                <td class=\"play\">\n\t\t\t\t\t               <a class=\"button-gold\" rel=\"nofollow\" href=\"https:\/\/www.top10casinowebsites.net\/fr\/review\/888-casino\/\">Visit<\/a>\n\t                               <div class=\"\">\n\t\t\t\t\t                   <a class=\"review-snippet-link-play-now-col\" href=\"https:\/\/www.top10casinowebsites.net\/fr\/review\/888-casino\/\">Read Review<\/a>\n\t\t\t\t\t               <\/div>\n\t\t\t\t\t           <\/td>\n     \t\t\t\t        <\/tr><\/tbody><\/table><\/div><br \/>\nLa monnaie Bitcoin a \u00e9t\u00e9 invent\u00e9e du besoin de cr\u00e9er une m\u00e9thode de paiement qui fut totalement anonyme et qui ne n\u00e9cessitait aucune autorit\u00e9, gouvernement, banques ou toute autre partie quelle qu\u2019elle soit. C\u2019est l\u2019une des raisons pour lesquelles Bitcoin est une m\u00e9thode de paiement si populaire chez les challengers en ligne\u00a0; comme beaucoup de syst\u00e8mes bancaires contr\u00f4lent les transactions qui sont faites entre les casinos en ligne et les challengers.<\/p>\n<h2><strong>WeUseCoins<\/strong><\/h2>\n<p><center><iframe loading=\"lazy\" src=\"https:\/\/www.youtube.com\/embed\/Gc2en3nHxA4\" width=\"560\" height=\"315\" frameborder=\"0\" allowfullscreen=\"allowfullscreen\"><\/iframe><\/center><br \/>\nCeci peut r\u00e9sulter \u00e0 voir votre compte suspendu ou avoir des limites ou restrictions impos\u00e9es dans les montants qui vous pouvez d\u00e9poser ou retirer. Ceci peut cr\u00e9er des complications aussi bien que les frustrations, sans oublier les d\u00e9lais de temps dans votre jeu de casino, et en utilisant Bitcoin comme votre m\u00e9thode de paiement, l\u2019ensemble de tous ces soucis peut enti\u00e8rement \u00eatre \u00e9vit\u00e9. Les transactions Bitcoin sont s\u00e9curis\u00e9es et fiables et n\u2019impliquent pas beaucoup de frais suppl\u00e9mentaires dont vous \u00eates sujet de payer avec d\u2019autres m\u00e9thodes de paiement impliquant les tiers.<\/p>\n<h2><strong>Comment la m\u00e9thode de paiement par la monnaie Bitcoin fonctionne-t-elle\u00a0? <\/strong><\/h2>\n<p>Afin d\u2019utiliser Bitcoin pour effectuer des d\u00e9p\u00f4ts ou des retraits sur un casino en ligne, vous aurez avant tout besoin de cr\u00e9er un portefeuille Bitcoin et remplir celui-ci avec des Bitcoins.<\/p>\n<p>Pour y arriver, naviguer sur le site web de Bitcoin et choisir d\u2019ouvrir un compte et cr\u00e9er un portefeuille. Vous avez le choix de s\u00e9lectionner soit le portefeuille cloud, logiciel ou mat\u00e9riel. Les portefeuilles cloud sont les plus simples des types de portefeuille et pendant le choix ce cette option, votre portefeuille Bitcoin sera stock\u00e9 en ligne sur un serveur cloud. Le portefeuille logiciel vous permet de stocker votre portefeuille Bitcoin sur votre propre ordinateur personnel et le portefeuille mat\u00e9riel stockera votre portefeuille Bitcoin sur un p\u00e9riph\u00e9rique externe comme une cl\u00e9 USB. La seule fa\u00e7on d\u2019acc\u00e9der \u00e0 portefeuille Bitcoin est de connecter la cl\u00e9 USB.<\/p>\n<p>Une fois que vous avez s\u00e9lectionn\u00e9 votre portefeuille vous aurez besoin de remplir votre portefeuille avec Bitcoins. Pour s\u2019y faire, vous devrez trouver un fournisseur d\u2019\u00e9change Bitcoin, qui sont nombreux. Vous pouvez acheter Bitcoins en utilisant plusieurs des m\u00e9thodes de paiement standards y compris les transferts bancaires, carte de cr\u00e9dit ou cartes de d\u00e9bit. Vous pouvez aussi acheter Bitcoins en localisant votre Distributeur Automatique Bitcoin le plus proche. Une fois l\u2019achat des Bitcoins effectu\u00e9, ils seront transf\u00e9r\u00e9s instantan\u00e9ment dans votre portefeuille.<\/p>\n<p>Afin d\u2019effectuer des d\u00e9p\u00f4ts ou retraits sur un casino en ligne qui utilise Bitcoin vous aurez besoin de trouver l\u2019adresse Bitcoin du casino. Acc\u00e9dez \u00e0 votre portefeuille Bitcoin et ajoutez l\u2019adresse Bitcoin du casino ainsi que le montant que vous souhaitez d\u00e9poser.\u00a0 Le paiement sera instantan\u00e9ment ajout\u00e9 dans votre compte casino en ligne.<\/p>\n<p>Afin d\u2019effectuer des retraits utilisant Bitcoin, choisissez de faire un retrait Bitcoin et entrer l\u2019adresse du portefeuille de votre Bitcoin ainsi que le montant que vous souhaitez retirer. Bitcoin est tr\u00e8s rapide avec leurs paiements et votre retrait sera trait\u00e9 instantan\u00e9ment.<\/p>\n<h2><strong>Quels sont les avantages de l\u2019utilisation la m\u00e9thode de paiement Bitcoin\u00a0? <\/strong><\/h2>\n<p>Les avantages d\u2019utiliser Bitcoin en tant que mode de paiement pour les casinos en ligne sont vari\u00e9s, et c\u2019est \u00e9vident eu \u00e9gard au nombre important de joueurs pr\u00e9f\u00e9rant cette m\u00e9thode. Les transactions Bitcoin sont enti\u00e8rement fiables et s\u00e9curis\u00e9es, rapides et efficaces. Le principal atout d\u2019utiliser Bitcoin est le fait qu\u2019il n\u2019y a pas de tierce partie impliqu\u00e9e dans la transaction \u00e9vitant beaucoup de tracas et des frais suppl\u00e9mentaires.<\/p>\n","protected":false},"excerpt":{"rendered":"<p>Bitcoin le monnaie \u00e9lectronique le plus populaire au monde. Une monnaie \u00e9lectronique est type de monnaie digitale qui vous permette de transf\u00e9rer des fonds en ligne faiblement et anonymement. La monnaie Bitcoin a \u00e9volu\u00e9 de fa\u00e7on incroyable depuis son entr\u00e9e en sc\u00e8ne dans le monde, et beaucoup de joueurs de casino en ligne ont choisi [&hellip;]<\/p>\n","protected":false},"author":1,"featured_media":0,"parent":78,"menu_order":0,"comment_status":"closed","ping_status":"closed","template":"","meta":{"_acf_changed":false,"footnotes":""},"class_list":["post-81","page","type-page","status-publish","hentry"],"acf":[],"yoast_head":"<!-- This site is optimized with the Yoast SEO plugin v27.4 - https:\/\/yoast.com\/product\/yoast-seo-wordpress\/ -->\n<title>Les Casinos Bitcoin \u2013 Les Casinos en Ligne Acceptent Bitcoins<\/title>\n<meta name=\"description\" content=\"La m\u00e9thode de paiement bitcoin sur les casinos en ligne expliqu\u00e9e \u2013 D\u00e9couvrez Comment \u00e7a marche et les avantages d\u2019utiliser cette m\u00e9thode\" \/>\n<meta name=\"robots\" content=\"index, follow, max-snippet:-1, max-image-preview:large, max-video-preview:-1\" \/>\n<link rel=\"canonical\" href=\"https:\/\/www.top10casinowebsites.net\/fr\/depots-options\/bitcoin\/\" \/>\n<meta property=\"og:locale\" content=\"en_US\" \/>\n<meta property=\"og:type\" content=\"article\" \/>\n<meta property=\"og:title\" content=\"Les Casinos Bitcoin \u2013 Les Casinos en Ligne Acceptent Bitcoins\" \/>\n<meta property=\"og:description\" content=\"La m\u00e9thode de paiement bitcoin sur les casinos en ligne expliqu\u00e9e \u2013 D\u00e9couvrez Comment \u00e7a marche et les avantages d\u2019utiliser cette m\u00e9thode\" \/>\n<meta property=\"og:url\" content=\"https:\/\/www.top10casinowebsites.net\/fr\/depots-options\/bitcoin\/\" \/>\n<meta property=\"og:site_name\" content=\"FR\" \/>\n<meta property=\"article:modified_time\" content=\"2017-10-12T17:02:19+00:00\" \/>\n<meta name=\"twitter:card\" content=\"summary_large_image\" \/>\n<meta name=\"twitter:label1\" content=\"Est. reading time\" \/>\n\t<meta name=\"twitter:data1\" content=\"4 minutes\" \/>\n<script type=\"application\/ld+json\" class=\"yoast-schema-graph\">{\"@context\":\"https:\\\/\\\/schema.org\",\"@graph\":[{\"@type\":\"WebPage\",\"@id\":\"https:\\\/\\\/www.top10casinowebsites.net\\\/fr\\\/depots-options\\\/bitcoin\\\/\",\"url\":\"https:\\\/\\\/www.top10casinowebsites.net\\\/fr\\\/depots-options\\\/bitcoin\\\/\",\"name\":\"Les Casinos Bitcoin \u2013 Les Casinos en Ligne Acceptent Bitcoins\",\"isPartOf\":{\"@id\":\"https:\\\/\\\/www.top10casinowebsites.net\\\/fr\\\/#website\"},\"primaryImageOfPage\":{\"@id\":\"https:\\\/\\\/www.top10casinowebsites.net\\\/fr\\\/depots-options\\\/bitcoin\\\/#primaryimage\"},\"image\":{\"@id\":\"https:\\\/\\\/www.top10casinowebsites.net\\\/fr\\\/depots-options\\\/bitcoin\\\/#primaryimage\"},\"thumbnailUrl\":\"https:\\\/\\\/www.top10casinowebsites.net\\\/wp-content\\\/uploads\\\/2017\\\/01\\\/bitcoin.jpg\",\"datePublished\":\"2017-10-06T16:49:20+00:00\",\"dateModified\":\"2017-10-12T17:02:19+00:00\",\"description\":\"La m\u00e9thode de paiement bitcoin sur les casinos en ligne expliqu\u00e9e \u2013 D\u00e9couvrez Comment \u00e7a marche et les avantages d\u2019utiliser cette m\u00e9thode\",\"breadcrumb\":{\"@id\":\"https:\\\/\\\/www.top10casinowebsites.net\\\/fr\\\/depots-options\\\/bitcoin\\\/#breadcrumb\"},\"inLanguage\":\"en-US\",\"potentialAction\":[{\"@type\":\"ReadAction\",\"target\":[\"https:\\\/\\\/www.top10casinowebsites.net\\\/fr\\\/depots-options\\\/bitcoin\\\/\"]}]},{\"@type\":\"ImageObject\",\"inLanguage\":\"en-US\",\"@id\":\"https:\\\/\\\/www.top10casinowebsites.net\\\/fr\\\/depots-options\\\/bitcoin\\\/#primaryimage\",\"url\":\"https:\\\/\\\/www.top10casinowebsites.net\\\/wp-content\\\/uploads\\\/2017\\\/01\\\/bitcoin.jpg\",\"contentUrl\":\"https:\\\/\\\/www.top10casinowebsites.net\\\/wp-content\\\/uploads\\\/2017\\\/01\\\/bitcoin.jpg\"},{\"@type\":\"BreadcrumbList\",\"@id\":\"https:\\\/\\\/www.top10casinowebsites.net\\\/fr\\\/depots-options\\\/bitcoin\\\/#breadcrumb\",\"itemListElement\":[{\"@type\":\"ListItem\",\"position\":1,\"name\":\"Home\",\"item\":\"https:\\\/\\\/www.top10casinowebsites.net\\\/fr\\\/\"},{\"@type\":\"ListItem\",\"position\":2,\"name\":\"Les M\u00e9thodes de D\u00e9p\u00f4ts \u2013 Un Guide Complet sur Les Options de d\u00e9p\u00f4t Sur Un Casino\",\"item\":\"https:\\\/\\\/www.top10casinowebsites.net\\\/fr\\\/depots-options\\\/\"},{\"@type\":\"ListItem\",\"position\":3,\"name\":\"Les Casinos Bitcoin \u2013 Les Casinos en Ligne Acceptent Bitcoins\"}]},{\"@type\":\"WebSite\",\"@id\":\"https:\\\/\\\/www.top10casinowebsites.net\\\/fr\\\/#website\",\"url\":\"https:\\\/\\\/www.top10casinowebsites.net\\\/fr\\\/\",\"name\":\"FR\",\"description\":\"Just another Sites site\",\"potentialAction\":[{\"@type\":\"SearchAction\",\"target\":{\"@type\":\"EntryPoint\",\"urlTemplate\":\"https:\\\/\\\/www.top10casinowebsites.net\\\/fr\\\/?s={search_term_string}\"},\"query-input\":{\"@type\":\"PropertyValueSpecification\",\"valueRequired\":true,\"valueName\":\"search_term_string\"}}],\"inLanguage\":\"en-US\"}]}<\/script>\n<!-- \/ Yoast SEO plugin. -->","yoast_head_json":{"title":"Les Casinos Bitcoin \u2013 Les Casinos en Ligne Acceptent Bitcoins","description":"La m\u00e9thode de paiement bitcoin sur les casinos en ligne expliqu\u00e9e \u2013 D\u00e9couvrez Comment \u00e7a marche et les avantages d\u2019utiliser cette m\u00e9thode","robots":{"index":"index","follow":"follow","max-snippet":"max-snippet:-1","max-image-preview":"max-image-preview:large","max-video-preview":"max-video-preview:-1"},"canonical":"https:\/\/www.top10casinowebsites.net\/fr\/depots-options\/bitcoin\/","og_locale":"en_US","og_type":"article","og_title":"Les Casinos Bitcoin \u2013 Les Casinos en Ligne Acceptent Bitcoins","og_description":"La m\u00e9thode de paiement bitcoin sur les casinos en ligne expliqu\u00e9e \u2013 D\u00e9couvrez Comment \u00e7a marche et les avantages d\u2019utiliser cette m\u00e9thode","og_url":"https:\/\/www.top10casinowebsites.net\/fr\/depots-options\/bitcoin\/","og_site_name":"FR","article_modified_time":"2017-10-12T17:02:19+00:00","twitter_card":"summary_large_image","twitter_misc":{"Est. reading time":"4 minutes"},"schema":{"@context":"https:\/\/schema.org","@graph":[{"@type":"WebPage","@id":"https:\/\/www.top10casinowebsites.net\/fr\/depots-options\/bitcoin\/","url":"https:\/\/www.top10casinowebsites.net\/fr\/depots-options\/bitcoin\/","name":"Les Casinos Bitcoin \u2013 Les Casinos en Ligne Acceptent Bitcoins","isPartOf":{"@id":"https:\/\/www.top10casinowebsites.net\/fr\/#website"},"primaryImageOfPage":{"@id":"https:\/\/www.top10casinowebsites.net\/fr\/depots-options\/bitcoin\/#primaryimage"},"image":{"@id":"https:\/\/www.top10casinowebsites.net\/fr\/depots-options\/bitcoin\/#primaryimage"},"thumbnailUrl":"https:\/\/www.top10casinowebsites.net\/wp-content\/uploads\/2017\/01\/bitcoin.jpg","datePublished":"2017-10-06T16:49:20+00:00","dateModified":"2017-10-12T17:02:19+00:00","description":"La m\u00e9thode de paiement bitcoin sur les casinos en ligne expliqu\u00e9e \u2013 D\u00e9couvrez Comment \u00e7a marche et les avantages d\u2019utiliser cette m\u00e9thode","breadcrumb":{"@id":"https:\/\/www.top10casinowebsites.net\/fr\/depots-options\/bitcoin\/#breadcrumb"},"inLanguage":"en-US","potentialAction":[{"@type":"ReadAction","target":["https:\/\/www.top10casinowebsites.net\/fr\/depots-options\/bitcoin\/"]}]},{"@type":"ImageObject","inLanguage":"en-US","@id":"https:\/\/www.top10casinowebsites.net\/fr\/depots-options\/bitcoin\/#primaryimage","url":"https:\/\/www.top10casinowebsites.net\/wp-content\/uploads\/2017\/01\/bitcoin.jpg","contentUrl":"https:\/\/www.top10casinowebsites.net\/wp-content\/uploads\/2017\/01\/bitcoin.jpg"},{"@type":"BreadcrumbList","@id":"https:\/\/www.top10casinowebsites.net\/fr\/depots-options\/bitcoin\/#breadcrumb","itemListElement":[{"@type":"ListItem","position":1,"name":"Home","item":"https:\/\/www.top10casinowebsites.net\/fr\/"},{"@type":"ListItem","position":2,"name":"Les M\u00e9thodes de D\u00e9p\u00f4ts \u2013 Un Guide Complet sur Les Options de d\u00e9p\u00f4t Sur Un Casino","item":"https:\/\/www.top10casinowebsites.net\/fr\/depots-options\/"},{"@type":"ListItem","position":3,"name":"Les Casinos Bitcoin \u2013 Les Casinos en Ligne Acceptent Bitcoins"}]},{"@type":"WebSite","@id":"https:\/\/www.top10casinowebsites.net\/fr\/#website","url":"https:\/\/www.top10casinowebsites.net\/fr\/","name":"FR","description":"Just another Sites site","potentialAction":[{"@type":"SearchAction","target":{"@type":"EntryPoint","urlTemplate":"https:\/\/www.top10casinowebsites.net\/fr\/?s={search_term_string}"},"query-input":{"@type":"PropertyValueSpecification","valueRequired":true,"valueName":"search_term_string"}}],"inLanguage":"en-US"}]}},"_links":{"self":[{"href":"https:\/\/www.top10casinowebsites.net\/fr\/wp-json\/wp\/v2\/pages\/81","targetHints":{"allow":["GET"]}}],"collection":[{"href":"https:\/\/www.top10casinowebsites.net\/fr\/wp-json\/wp\/v2\/pages"}],"about":[{"href":"https:\/\/www.top10casinowebsites.net\/fr\/wp-json\/wp\/v2\/types\/page"}],"author":[{"embeddable":true,"href":"https:\/\/www.top10casinowebsites.net\/fr\/wp-json\/wp\/v2\/users\/1"}],"replies":[{"embeddable":true,"href":"https:\/\/www.top10casinowebsites.net\/fr\/wp-json\/wp\/v2\/comments?post=81"}],"version-history":[{"count":1,"href":"https:\/\/www.top10casinowebsites.net\/fr\/wp-json\/wp\/v2\/pages\/81\/revisions"}],"predecessor-version":[{"id":109,"href":"https:\/\/www.top10casinowebsites.net\/fr\/wp-json\/wp\/v2\/pages\/81\/revisions\/109"}],"up":[{"embeddable":true,"href":"https:\/\/www.top10casinowebsites.net\/fr\/wp-json\/wp\/v2\/pages\/78"}],"wp:attachment":[{"href":"https:\/\/www.top10casinowebsites.net\/fr\/wp-json\/wp\/v2\/media?parent=81"}],"curies":[{"name":"wp","href":"https:\/\/api.w.org\/{rel}","templated":true}]}}