{"id":82,"date":"2017-10-06T17:03:53","date_gmt":"2017-10-06T17:03:53","guid":{"rendered":"https:\/\/www.top10casinowebsites.net\/fr\/?page_id=82"},"modified":"2018-07-17T15:30:37","modified_gmt":"2018-07-17T15:30:37","slug":"paypal","status":"publish","type":"page","link":"https:\/\/www.top10casinowebsites.net\/fr\/depots-options\/paypal\/","title":{"rendered":"Les Casinos PayPal \u2013 Le D\u00e9p\u00f4t Utilisant PayPal sur les Casinos en Ligne"},"content":{"rendered":"<p><img decoding=\"async\" class=\"alignright size-full wp-image-1788\" src=\"https:\/\/www.top10casinowebsites.net\/wp-content\/uploads\/2017\/01\/paypal.jpg\" alt=\"\" width=\"300\" \/><\/p>\n<p>PayPal est l\u2019un des moyens de paiement le plus populaire pour les joueurs de casino en ligne dans le monde entier. PayPal est une m\u00e9thode de paiement pour plusieurs personnes faisant des transactions en ligne telles que les achats et les \u00e9changes en ligne.<\/p>\n<p>Plusieurs joueurs ont d\u2019entr\u00e9e un compte PayPal qu\u2019ils utilisent pour les transactions en ligne et c\u2019est facile pour ces derniers d\u2019effectuer leurs transactions avec un casino en ligne utilisant le m\u00eame compte PayPal.<\/p>\n<p>Parce que PayPal est si populaire et utilis\u00e9e dans de nombreuses transactions en ligne, la majorit\u00e9 des casinos en ligne fournissent cette m\u00e9thode de paiement.<\/p>\n<h2 id=\"topcasinos\">LE TOP 10 DES SITES WEB DE CASINO<\/h2>\n<p><div class=\"grid-contents\" id=\"grid-contents\"><table class=\"cas_table\" ><tbody><tr class=\"rank-1\">\n                                <td class=\"ranking\">1<\/td>\n                                <td class=\"brandcol\">\n                                    <a href=https:\/\/www.top10casinowebsites.net\/fr\/review\/888-casino\/ class=\"brand brand-bg\"><img loading=\"lazy\" decoding=\"async\" class=\"group list-group-image\" src=\"https:\/\/static.top10casinowebsites.net\/images\/casino-rooms\/888-casino-logo.png\" width=\"200\" height=\"128\"\/><\/a>\n                                <\/td>\n                                <td class=\"bonus\" data-title=\"Bonus\">\n\t\t\t\t\t               <p class=\"bonus-text\"><strong>$888<\/strong>Welcome Bonus <br>(<a href=\"https:\/\/www.top10casinowebsites.net\/fr\/review\/888-casino\/\">T&Cs apply, 18+<\/a>)<\/p>\n\t\t\t\t                <\/td>\n\t\t\t\t\t            <td class=\"badge_game\" data-title=\"Rating\">\n                                    <div class=\"rating\"><strong>5<\/strong>\/5<\/div>\n                                    <div class=\"rating stars\" style=\"margin-top: 5px;\"><span class=\"icon icon-stars\"><span class=\"icon-stars green\" style=\"width: 100%;\"><\/span><\/span><\/div>\n\t\t\t\t\t            <\/td>\n                               \n                                <td class=\"play\">\n\t\t\t\t\t               <a class=\"button-gold\" rel=\"nofollow\" href=\"https:\/\/www.top10casinowebsites.net\/fr\/review\/888-casino\/\">Visit<\/a>\n\t                               <div class=\"\">\n\t\t\t\t\t                   <a class=\"review-snippet-link-play-now-col\" href=\"https:\/\/www.top10casinowebsites.net\/fr\/review\/888-casino\/\">Read Review<\/a>\n\t\t\t\t\t               <\/div>\n\t\t\t\t\t           <\/td>\n     \t\t\t\t        <\/tr><\/tbody><\/table><\/div><br \/>\nPayPal entra en sc\u00e8ne en 1999 fut officiellement lanc\u00e9 l\u2019ann\u00e9e 2000. Preuve que PayPal \u00e9tait l\u2019un des premiers services de portefeuille \u00e9lectronique et original, longtemps avant que plusieurs personnes ne sachent m\u00eame ce que le service portefeuille \u00e9lectronique \u00e9tait.<\/p>\n<p>Puisqu\u2019ils furent l\u2019un des premiers \u00e0 fournir les services de Portefeuille \u00e9lectronique et existe depuis 17 ans, PayPal a r\u00e9sist\u00e9 \u00e0 l\u2019\u00e9preuve du temps et a \u00e9t\u00e9 prouv\u00e9 \u00eatre fiable et s\u00fbr pour plusieurs casinos en ligne dans le monde entier. PayPal est incontestablement une m\u00e9thode de paiement s\u00fbre, s\u00e9curis\u00e9e et rapide privil\u00e9gi\u00e9e par plusieurs joueurs, et c\u2019est une m\u00e9thode de paiement r\u00e9put\u00e9e digne de confiance.<\/p>\n<p>Plusieurs joueurs dans le monde entier sont en mesure d\u2019utiliser PayPal comme leur m\u00e9thode de paiement de choix car ce dernier <strong>accepte jusqu\u2019\u00e0 22 monnaies diff\u00e9rentes.<\/strong>\u00a0 Cette large s\u00e9lection d\u2019options de monnaie rend PayPal disponible \u00e0 un large \u00e9ventail de joueurs internationaux.\u00a0 C\u2019est \u00e9vident \u00e0 voir lorsque vous mettez en jeu le fait que PayPal est utilis\u00e9 par les joueurs de casino en ligne dans <strong>plus de 175 pays autour du globe<\/strong>. Une m\u00e9thode de paiement avec une telle popularit\u00e9 est une m\u00e9thode de paiement sur laquelle vous pouvez attribuer votre confiance.<\/p>\n<h2><strong>Comment fonctionne PayPal? <\/strong><\/h2>\n<p>Pour utiliser les services de porte-monnaie \u00e9lectronique PayPal sur un casino en ligne, vous devrez cr\u00e9er un compte PayPal. Bien entendu vous aurez aussi besoin d\u2019avoir un compte sur le casino en ligne de votre choix, mais en choisissant d\u2019effectuer les transactions \u00e0 travers PayPal, vous acceptez de partager vos informations personnelles avec PayPal et non le casino en ligne.<\/p>\n<h2><strong>PayPal <\/strong><\/h2>\n<p><center><iframe loading=\"lazy\" src=\"https:\/\/www.youtube.com\/embed\/lkz4GZgyb9o\" width=\"560\" height=\"315\" frameborder=\"0\" allowfullscreen=\"allowfullscreen\"><\/iframe><\/center><br \/>\nPour ouvrir un compte PayPal, acc\u00e9dez au site web de PayPal et suivez les instructions pour ouvrir un compte. Vous fournirez vos informations personnelles telles que les d\u00e9tails bancaires afin d\u2019ouvrir votre compte. L\u2019avantage ici est que vous avez uniquement besoin de vos d\u00e9tails personnels sur PayPal, un portail de paiement de confiance et r\u00e9put\u00e9, contrairement \u00e0 partager vos d\u00e9tails personnels avec les casinos en ligne pouvant quelques fois mal se passer si le casino n\u2019est pas r\u00e9put\u00e9 ou s\u2019il arrive que ce soit un casino en ligne foireux.<\/p>\n<p>Les Casinos en ligne escrocs sont ceux-l\u00e0 qui s\u2019affirment fournir un service de jeu en ligne mais ne respecte pas ses promesses une fois que vous entrez vos d\u00e9tails bancaires. G\u00e9n\u00e9ralement, vos d\u00e9tails bancaires sont partag\u00e9s avec les tierces parties et remis \u00e0 de mauvaises mains. Ces probl\u00e8mes peuvent \u00eatre de loin \u00e9vit\u00e9s en utilisant un service de porte-monnaie \u00e9lectronique tel que PayPal.<\/p>\n<p>Une fois que votre compte PayPal est ouvert, d\u00e9posez simplement des fonds dans votre compte en utilisant tout autre moyen de paiement de votre choix. Une fois que votre compte PayPal a \u00e9t\u00e9 charg\u00e9 avec les fonds, vous \u00eates alors en mesure de transf\u00e9rer ces derniers de votre compte PayPal vers votre compte de joueur de casino en ligne afin de commencer \u00e0 jouer. Les retraits fonctionnent de la m\u00eame fa\u00e7on\u00a0; tout ce dont vous avez besoin est d\u2019accepter que le transfert soit fait sur compte PayPal, et une fois que vous recevez le transfert, vous pourrez soit garder les fonds dans votre compte PayPal pour une utilisation ult\u00e9rieure, ou transf\u00e9rer directement dans votre compte bancaire.<\/p>\n<h2><strong>Les avantages d\u2019utiliser PayPal\u00a0? <\/strong><\/h2>\n<p>PayPal est un portail de paiement tr\u00e8s s\u00e9curis\u00e9 digne de votre confiance. Les chances de rencontrer des fraudes ou des probl\u00e8mes de s\u00e9curit\u00e9 avec PayPal sont tr\u00e8s faibles, ce qui fait de ce moyen de paiement un choix fiable et bon.<\/p>\n<p>PayPal a aussi une application Mobile qui permet aux joueurs de faire des transactions en ligne en toute s\u00e9curit\u00e9 en utilisant leurs t\u00e9l\u00e9phones mobiles, et parce que de nombreux joueurs utilisent leurs <a href=\"https:\/\/www.top10casinowebsites.net\/fr\/mobiles\/android-2\/\">t\u00e9l\u00e9phones mobiles pour joueur<\/a> de nos jours, avoir un portail de paiement s\u00e9curis\u00e9 est hautement n\u00e9cessaire et avantageux. Un autre avantage int\u00e9ressant est de ne pas \u00eatre contraint de partager vos d\u00e9tails personnels avec les casinos en ligne sur lesquels vous avez choisi de jouer.<\/p>\n","protected":false},"excerpt":{"rendered":"<p>PayPal est l\u2019un des moyens de paiement le plus populaire pour les joueurs de casino en ligne dans le monde entier. PayPal est une m\u00e9thode de paiement pour plusieurs personnes faisant des transactions en ligne telles que les achats et les \u00e9changes en ligne. Plusieurs joueurs ont d\u2019entr\u00e9e un compte PayPal qu\u2019ils utilisent pour les [&hellip;]<\/p>\n","protected":false},"author":1,"featured_media":0,"parent":78,"menu_order":0,"comment_status":"closed","ping_status":"closed","template":"","meta":{"_acf_changed":false,"footnotes":""},"class_list":["post-82","page","type-page","status-publish","hentry"],"acf":[],"yoast_head":"<!-- This site is optimized with the Yoast SEO plugin v27.4 - https:\/\/yoast.com\/product\/yoast-seo-wordpress\/ -->\n<title>Les Casinos PayPal \u2013 Le D\u00e9p\u00f4t Utilisant PayPal sur les Casinos en Ligne<\/title>\n<meta name=\"description\" content=\"La M\u00e9thode de Paiement PayPal sur les Casinos En Ligne Expliqu\u00e9e \u2013 D\u00e9couvrez comment cela fonctionne et les atouts d\u2019utiliser cette derni\u00e8re\" \/>\n<meta name=\"robots\" content=\"index, follow, max-snippet:-1, max-image-preview:large, max-video-preview:-1\" \/>\n<link rel=\"canonical\" href=\"https:\/\/www.top10casinowebsites.net\/fr\/depots-options\/paypal\/\" \/>\n<meta property=\"og:locale\" content=\"en_US\" \/>\n<meta property=\"og:type\" content=\"article\" \/>\n<meta property=\"og:title\" content=\"Les Casinos PayPal \u2013 Le D\u00e9p\u00f4t Utilisant PayPal sur les Casinos en Ligne\" \/>\n<meta property=\"og:description\" content=\"La M\u00e9thode de Paiement PayPal sur les Casinos En Ligne Expliqu\u00e9e \u2013 D\u00e9couvrez comment cela fonctionne et les atouts d\u2019utiliser cette derni\u00e8re\" \/>\n<meta property=\"og:url\" content=\"https:\/\/www.top10casinowebsites.net\/fr\/depots-options\/paypal\/\" \/>\n<meta property=\"og:site_name\" content=\"FR\" \/>\n<meta property=\"article:modified_time\" content=\"2018-07-17T15:30:37+00:00\" \/>\n<meta name=\"twitter:card\" content=\"summary_large_image\" \/>\n<meta name=\"twitter:label1\" content=\"Est. reading time\" \/>\n\t<meta name=\"twitter:data1\" content=\"4 minutes\" \/>\n<script type=\"application\/ld+json\" class=\"yoast-schema-graph\">{\"@context\":\"https:\\\/\\\/schema.org\",\"@graph\":[{\"@type\":\"WebPage\",\"@id\":\"https:\\\/\\\/www.top10casinowebsites.net\\\/fr\\\/depots-options\\\/paypal\\\/\",\"url\":\"https:\\\/\\\/www.top10casinowebsites.net\\\/fr\\\/depots-options\\\/paypal\\\/\",\"name\":\"Les Casinos PayPal \u2013 Le D\u00e9p\u00f4t Utilisant PayPal sur les Casinos en Ligne\",\"isPartOf\":{\"@id\":\"https:\\\/\\\/www.top10casinowebsites.net\\\/fr\\\/#website\"},\"primaryImageOfPage\":{\"@id\":\"https:\\\/\\\/www.top10casinowebsites.net\\\/fr\\\/depots-options\\\/paypal\\\/#primaryimage\"},\"image\":{\"@id\":\"https:\\\/\\\/www.top10casinowebsites.net\\\/fr\\\/depots-options\\\/paypal\\\/#primaryimage\"},\"thumbnailUrl\":\"https:\\\/\\\/www.top10casinowebsites.net\\\/wp-content\\\/uploads\\\/2017\\\/01\\\/paypal.jpg\",\"datePublished\":\"2017-10-06T17:03:53+00:00\",\"dateModified\":\"2018-07-17T15:30:37+00:00\",\"description\":\"La M\u00e9thode de Paiement PayPal sur les Casinos En Ligne Expliqu\u00e9e \u2013 D\u00e9couvrez comment cela fonctionne et les atouts d\u2019utiliser cette derni\u00e8re\",\"breadcrumb\":{\"@id\":\"https:\\\/\\\/www.top10casinowebsites.net\\\/fr\\\/depots-options\\\/paypal\\\/#breadcrumb\"},\"inLanguage\":\"en-US\",\"potentialAction\":[{\"@type\":\"ReadAction\",\"target\":[\"https:\\\/\\\/www.top10casinowebsites.net\\\/fr\\\/depots-options\\\/paypal\\\/\"]}]},{\"@type\":\"ImageObject\",\"inLanguage\":\"en-US\",\"@id\":\"https:\\\/\\\/www.top10casinowebsites.net\\\/fr\\\/depots-options\\\/paypal\\\/#primaryimage\",\"url\":\"https:\\\/\\\/www.top10casinowebsites.net\\\/wp-content\\\/uploads\\\/2017\\\/01\\\/paypal.jpg\",\"contentUrl\":\"https:\\\/\\\/www.top10casinowebsites.net\\\/wp-content\\\/uploads\\\/2017\\\/01\\\/paypal.jpg\"},{\"@type\":\"BreadcrumbList\",\"@id\":\"https:\\\/\\\/www.top10casinowebsites.net\\\/fr\\\/depots-options\\\/paypal\\\/#breadcrumb\",\"itemListElement\":[{\"@type\":\"ListItem\",\"position\":1,\"name\":\"Home\",\"item\":\"https:\\\/\\\/www.top10casinowebsites.net\\\/fr\\\/\"},{\"@type\":\"ListItem\",\"position\":2,\"name\":\"Les M\u00e9thodes de D\u00e9p\u00f4ts \u2013 Un Guide Complet sur Les Options de d\u00e9p\u00f4t Sur Un Casino\",\"item\":\"https:\\\/\\\/www.top10casinowebsites.net\\\/fr\\\/depots-options\\\/\"},{\"@type\":\"ListItem\",\"position\":3,\"name\":\"Les Casinos PayPal \u2013 Le D\u00e9p\u00f4t Utilisant PayPal sur les Casinos en Ligne\"}]},{\"@type\":\"WebSite\",\"@id\":\"https:\\\/\\\/www.top10casinowebsites.net\\\/fr\\\/#website\",\"url\":\"https:\\\/\\\/www.top10casinowebsites.net\\\/fr\\\/\",\"name\":\"FR\",\"description\":\"Just another Sites site\",\"potentialAction\":[{\"@type\":\"SearchAction\",\"target\":{\"@type\":\"EntryPoint\",\"urlTemplate\":\"https:\\\/\\\/www.top10casinowebsites.net\\\/fr\\\/?s={search_term_string}\"},\"query-input\":{\"@type\":\"PropertyValueSpecification\",\"valueRequired\":true,\"valueName\":\"search_term_string\"}}],\"inLanguage\":\"en-US\"}]}<\/script>\n<!-- \/ Yoast SEO plugin. -->","yoast_head_json":{"title":"Les Casinos PayPal \u2013 Le D\u00e9p\u00f4t Utilisant PayPal sur les Casinos en Ligne","description":"La M\u00e9thode de Paiement PayPal sur les Casinos En Ligne Expliqu\u00e9e \u2013 D\u00e9couvrez comment cela fonctionne et les atouts d\u2019utiliser cette derni\u00e8re","robots":{"index":"index","follow":"follow","max-snippet":"max-snippet:-1","max-image-preview":"max-image-preview:large","max-video-preview":"max-video-preview:-1"},"canonical":"https:\/\/www.top10casinowebsites.net\/fr\/depots-options\/paypal\/","og_locale":"en_US","og_type":"article","og_title":"Les Casinos PayPal \u2013 Le D\u00e9p\u00f4t Utilisant PayPal sur les Casinos en Ligne","og_description":"La M\u00e9thode de Paiement PayPal sur les Casinos En Ligne Expliqu\u00e9e \u2013 D\u00e9couvrez comment cela fonctionne et les atouts d\u2019utiliser cette derni\u00e8re","og_url":"https:\/\/www.top10casinowebsites.net\/fr\/depots-options\/paypal\/","og_site_name":"FR","article_modified_time":"2018-07-17T15:30:37+00:00","twitter_card":"summary_large_image","twitter_misc":{"Est. reading time":"4 minutes"},"schema":{"@context":"https:\/\/schema.org","@graph":[{"@type":"WebPage","@id":"https:\/\/www.top10casinowebsites.net\/fr\/depots-options\/paypal\/","url":"https:\/\/www.top10casinowebsites.net\/fr\/depots-options\/paypal\/","name":"Les Casinos PayPal \u2013 Le D\u00e9p\u00f4t Utilisant PayPal sur les Casinos en Ligne","isPartOf":{"@id":"https:\/\/www.top10casinowebsites.net\/fr\/#website"},"primaryImageOfPage":{"@id":"https:\/\/www.top10casinowebsites.net\/fr\/depots-options\/paypal\/#primaryimage"},"image":{"@id":"https:\/\/www.top10casinowebsites.net\/fr\/depots-options\/paypal\/#primaryimage"},"thumbnailUrl":"https:\/\/www.top10casinowebsites.net\/wp-content\/uploads\/2017\/01\/paypal.jpg","datePublished":"2017-10-06T17:03:53+00:00","dateModified":"2018-07-17T15:30:37+00:00","description":"La M\u00e9thode de Paiement PayPal sur les Casinos En Ligne Expliqu\u00e9e \u2013 D\u00e9couvrez comment cela fonctionne et les atouts d\u2019utiliser cette derni\u00e8re","breadcrumb":{"@id":"https:\/\/www.top10casinowebsites.net\/fr\/depots-options\/paypal\/#breadcrumb"},"inLanguage":"en-US","potentialAction":[{"@type":"ReadAction","target":["https:\/\/www.top10casinowebsites.net\/fr\/depots-options\/paypal\/"]}]},{"@type":"ImageObject","inLanguage":"en-US","@id":"https:\/\/www.top10casinowebsites.net\/fr\/depots-options\/paypal\/#primaryimage","url":"https:\/\/www.top10casinowebsites.net\/wp-content\/uploads\/2017\/01\/paypal.jpg","contentUrl":"https:\/\/www.top10casinowebsites.net\/wp-content\/uploads\/2017\/01\/paypal.jpg"},{"@type":"BreadcrumbList","@id":"https:\/\/www.top10casinowebsites.net\/fr\/depots-options\/paypal\/#breadcrumb","itemListElement":[{"@type":"ListItem","position":1,"name":"Home","item":"https:\/\/www.top10casinowebsites.net\/fr\/"},{"@type":"ListItem","position":2,"name":"Les M\u00e9thodes de D\u00e9p\u00f4ts \u2013 Un Guide Complet sur Les Options de d\u00e9p\u00f4t Sur Un Casino","item":"https:\/\/www.top10casinowebsites.net\/fr\/depots-options\/"},{"@type":"ListItem","position":3,"name":"Les Casinos PayPal \u2013 Le D\u00e9p\u00f4t Utilisant PayPal sur les Casinos en Ligne"}]},{"@type":"WebSite","@id":"https:\/\/www.top10casinowebsites.net\/fr\/#website","url":"https:\/\/www.top10casinowebsites.net\/fr\/","name":"FR","description":"Just another Sites site","potentialAction":[{"@type":"SearchAction","target":{"@type":"EntryPoint","urlTemplate":"https:\/\/www.top10casinowebsites.net\/fr\/?s={search_term_string}"},"query-input":{"@type":"PropertyValueSpecification","valueRequired":true,"valueName":"search_term_string"}}],"inLanguage":"en-US"}]}},"_links":{"self":[{"href":"https:\/\/www.top10casinowebsites.net\/fr\/wp-json\/wp\/v2\/pages\/82","targetHints":{"allow":["GET"]}}],"collection":[{"href":"https:\/\/www.top10casinowebsites.net\/fr\/wp-json\/wp\/v2\/pages"}],"about":[{"href":"https:\/\/www.top10casinowebsites.net\/fr\/wp-json\/wp\/v2\/types\/page"}],"author":[{"embeddable":true,"href":"https:\/\/www.top10casinowebsites.net\/fr\/wp-json\/wp\/v2\/users\/1"}],"replies":[{"embeddable":true,"href":"https:\/\/www.top10casinowebsites.net\/fr\/wp-json\/wp\/v2\/comments?post=82"}],"version-history":[{"count":1,"href":"https:\/\/www.top10casinowebsites.net\/fr\/wp-json\/wp\/v2\/pages\/82\/revisions"}],"predecessor-version":[{"id":115,"href":"https:\/\/www.top10casinowebsites.net\/fr\/wp-json\/wp\/v2\/pages\/82\/revisions\/115"}],"up":[{"embeddable":true,"href":"https:\/\/www.top10casinowebsites.net\/fr\/wp-json\/wp\/v2\/pages\/78"}],"wp:attachment":[{"href":"https:\/\/www.top10casinowebsites.net\/fr\/wp-json\/wp\/v2\/media?parent=82"}],"curies":[{"name":"wp","href":"https:\/\/api.w.org\/{rel}","templated":true}]}}