{"id":83,"date":"2017-10-06T17:08:07","date_gmt":"2017-10-06T17:08:07","guid":{"rendered":"https:\/\/www.top10casinowebsites.net\/fr\/?page_id=83"},"modified":"2017-10-07T17:09:14","modified_gmt":"2017-10-07T17:09:14","slug":"cartes-de-credit","status":"publish","type":"page","link":"https:\/\/www.top10casinowebsites.net\/fr\/depots-options\/cartes-de-credit\/","title":{"rendered":"Les Casinos Cartes de Cr\u00e9dit \u2013 Les Casinos en Ligne acceptent les Cartes de Cr\u00e9dit"},"content":{"rendered":"<p><img decoding=\"async\" class=\"alignright size-full wp-image-156\" src=\"https:\/\/www.top10casinowebsites.net\/wp-content\/uploads\/2016\/01\/deposit-options.jpg\" alt=\"Deposit using Credit Cards\" width=\"300\" \/><\/p>\n<p><strong>Les cartes de cr\u00e9dit<\/strong> sont sans doute le moyen de paiement le plus accept\u00e9 dans les casinos en ligne du monde entier.<\/p>\n<p>La majorit\u00e9, sinon pas tous, des casinos en ligne <a href=\"https:\/\/en.wikipedia.org\/wiki\/Credit_card\">accepteront les d\u00e9p\u00f4ts et retraits faits avec les cartes de cr\u00e9dit<\/a>. Les cartes de cr\u00e9dit ont plusieurs r\u00e8gles strictes et sont une forme de paiement en ligne s\u00e9curis\u00e9e et digne de confiance lorsqu\u2019on joue sur un casino en ligne.<\/p>\n<p>Comme il existe de nombreuses variantes de cartes de cr\u00e9dit, il est conseill\u00e9 de vous rassurer que le casino en ligne de votre choix accepte votre marque particuli\u00e8re de carte de cr\u00e9dit.<\/p>\n<p>Un facteur important \u00e0 ne pas oublier lorsqu\u2019on utilise les cartes de cr\u00e9dits pour effectuer un d\u00e9p\u00f4t ou un retrait sur un compte de casino en ligne est de se rassurer que votre Banque autorise <a href=\"https:\/\/www.top10casinowebsites.net\/fr\/casinos\/\">les transactions de d\u00e9p\u00f4t et de retrait depuis les casinos en ligne<\/a>.<\/p>\n<h2 id=\"topcasinos\">LE TOP 10 DES SITES WEB DE CASINO<\/h2>\n<p><div class=\"grid-contents\" id=\"grid-contents\"><table class=\"cas_table\" ><tbody><tr class=\"rank-1\">\n                                <td class=\"ranking\">1<\/td>\n                                <td class=\"brandcol\">\n                                    <a href=https:\/\/www.top10casinowebsites.net\/fr\/review\/888-casino\/ class=\"brand brand-bg\"><img loading=\"lazy\" decoding=\"async\" class=\"group list-group-image\" src=\"https:\/\/static.top10casinowebsites.net\/images\/casino-rooms\/888-casino-logo.png\" width=\"200\" height=\"128\"\/><\/a>\n                                <\/td>\n                                <td class=\"bonus\" data-title=\"Bonus\">\n\t\t\t\t\t               <p class=\"bonus-text\"><strong>$888<\/strong>Welcome Bonus <br>(<a href=\"https:\/\/www.top10casinowebsites.net\/fr\/review\/888-casino\/\">T&Cs apply, 18+<\/a>)<\/p>\n\t\t\t\t                <\/td>\n\t\t\t\t\t            <td class=\"badge_game\" data-title=\"Rating\">\n                                    <div class=\"rating\"><strong>5<\/strong>\/5<\/div>\n                                    <div class=\"rating stars\" style=\"margin-top: 5px;\"><span class=\"icon icon-stars\"><span class=\"icon-stars green\" style=\"width: 100%;\"><\/span><\/span><\/div>\n\t\t\t\t\t            <\/td>\n                               \n                                <td class=\"play\">\n\t\t\t\t\t               <a class=\"button-gold\" rel=\"nofollow\" href=\"https:\/\/www.top10casinowebsites.net\/fr\/review\/888-casino\/\">Visit<\/a>\n\t                               <div class=\"\">\n\t\t\t\t\t                   <a class=\"review-snippet-link-play-now-col\" href=\"https:\/\/www.top10casinowebsites.net\/fr\/review\/888-casino\/\">Read Review<\/a>\n\t\t\t\t\t               <\/div>\n\t\t\t\t\t           <\/td>\n     \t\t\t\t        <\/tr><\/tbody><\/table><\/div><br \/>\nCertaines banques n\u2019autorisent pas les transactions faites depuis ou vers les casinos en ligne, et dans ce cas vous aurez des soucis pendant le d\u00e9p\u00f4t des fonds utilisant une carte de cr\u00e9dit dans votre compte de jeu en ligne. Pour \u00e9viter cette situation, rassurez-vous que votre banque autorise ou non les transactions faites sur les casinos en ligne.<\/p>\n<p>Un autre facteur important \u00e0 garder en esprit est que m\u00eame si la banque autorise les paiements faits sur les casinos en ligne, parfois elles surveillent fortement les transactions faites entre vous et le casino, et pourront m\u00eame d\u00e9cider d\u2019imposer les restrictions et limitations si elles ont l\u2019impression que vous envoyez et recevez beaucoup avec un casino en ligne. Rassurez-vous d\u2019\u00eatre au courant de toutes les restrictions et limitations avec les casinos en ligne depuis votre banque, et gardez en esprit que la banque aura acc\u00e8s \u00e0 votre activit\u00e9.<\/p>\n<h2>\u00a0<strong>Comment fonctionnent les paiements par carte de cr\u00e9dit\u00a0? <\/strong><\/h2>\n<p>Effectuer les d\u00e9p\u00f4ts ou retraits sur les casinos en ligne utilisant une carte de cr\u00e9dit fonctionne de la m\u00eame fa\u00e7on que toute autre transaction en ligne n\u00e9cessitant une carte de cr\u00e9dit.\u00a0 Pour faire un d\u00e9p\u00f4t, acc\u00e9dez \u00e0 la section \u2018Caissier\u2019 de votre compte de jeu en ligne et choisissez de faire un d\u00e9p\u00f4t. Il vous sera alors pr\u00e9sent\u00e9 une s\u00e9rie de diff\u00e9rentes m\u00e9thodes de paiement \u00e0 choisir parmi et vous choisirez l\u2019option \u2018Carte de Cr\u00e9dit\u2019.<\/p>\n<p><strong>AuthorizeNet<\/strong><\/p>\n<p><center><iframe loading=\"lazy\" src=\"https:\/\/www.youtube.com\/embed\/9bm0b8pdKws\" width=\"560\" height=\"315\" frameborder=\"0\" allowfullscreen=\"allowfullscreen\"><\/iframe><\/center><br \/>\nIl vous sera pr\u00e9sent\u00e9 une courte liste de fournisseurs de carte de cr\u00e9dit, et vous devrez choisir la marque de la carte en votre possession. Il vous sera demand\u00e9 de fournir les d\u00e9tails de votre carte de cr\u00e9dit, apr\u00e8s lequel l\u2019argent sera transf\u00e9r\u00e9 depuis votre compte bancaire vers votre compte de joueur. Les casinos en ligne traitent couramment les processus de d\u00e9p\u00f4ts instantan\u00e9ment, sauf indication contraire du fournisseur de la carte de cr\u00e9dit.<\/p>\n<p>Afin de faire un retrait utilisant la carte de cr\u00e9dit, acc\u00e9dez simplement \u00e0 la section \u2018Caissier\u2019 du casino en ligne et faites le choix de retirer vos fonds. Vous aurez alors besoin d\u2019entrer les d\u00e9tails de votre carte de cr\u00e9dit, et les fonds seront donc transf\u00e9r\u00e9s dans votre compte bancaire. Le temps de traitement pour les retraits d\u00e9pend de votre banque, et <strong>peut prendre 3 \u00e0 5 jours ouvrables<\/strong>, et parfois plus.\u00a0 La plupart de casinos en ligne vous autorise \u00e0 enregistrer les d\u00e9tails de facturation et de la carte de cr\u00e9dit afin que vous n\u2019ayez plus besoin de les entrer \u00e0 chaque fois que besoin se pr\u00e9sente.<\/p>\n<h2><strong>Quels sont les avantages de l\u2019utilisation des cartes de cr\u00e9dit sur les casinos en ligne\u00a0? <\/strong><\/h2>\n<p>Les compagnies de carte de cr\u00e9dit font usage des r\u00e8gles strictes pour s\u2019assurer de la s\u00e9curit\u00e9 des transactions. Le fraude de carte de cr\u00e9dit emm\u00e8ne ces entreprises \u00e0 am\u00e9liorer leur s\u00e9curit\u00e9 et pour la m\u00eame raison, les cartes de cr\u00e9dit sont l\u2019une <a href=\"https:\/\/www.top10casinowebsites.net\/fr\/depots-options\/\">des m\u00e9thodes de paiement les plus fiables<\/a> que vous pouvez utiliser sur un casino en ligne.<\/p>\n<p>L\u2019utilisation de cette m\u00e9thode de paiement est tr\u00e8s facile et directe carte cette derni\u00e8re est faite entre votre casino et vous\u00a0; pas besoin d\u2019impliquer une tierce partie ou tout autre portail de paiement. De nombreuses personnes sont habitu\u00e9es \u00e0 faire des transactions utilisant leurs cartes de cr\u00e9dit, et c\u2019est aussi simple d\u2019effectuer les transactions en utilisant cette m\u00e9thode sur un casino en ligne. A contrario des autres m\u00e9thodes de paiement, les cartes de cr\u00e9dit sont tr\u00e8s directes ce qui signifie que vous n\u2019avez pas besoin de recherche et apprendre comment les utiliser, comme le cas de certaines m\u00e9thodes de paiement plus complexes.<\/p>\n","protected":false},"excerpt":{"rendered":"<p>Les cartes de cr\u00e9dit sont sans doute le moyen de paiement le plus accept\u00e9 dans les casinos en ligne du monde entier. La majorit\u00e9, sinon pas tous, des casinos en ligne accepteront les d\u00e9p\u00f4ts et retraits faits avec les cartes de cr\u00e9dit. Les cartes de cr\u00e9dit ont plusieurs r\u00e8gles strictes et sont une forme de [&hellip;]<\/p>\n","protected":false},"author":1,"featured_media":0,"parent":78,"menu_order":0,"comment_status":"closed","ping_status":"closed","template":"","meta":{"_acf_changed":false,"footnotes":""},"class_list":["post-83","page","type-page","status-publish","hentry"],"acf":[],"yoast_head":"<!-- This site is optimized with the Yoast SEO plugin v27.4 - https:\/\/yoast.com\/product\/yoast-seo-wordpress\/ -->\n<title>Les Casinos Cartes de Cr\u00e9dit \u2013 Les Casinos en Ligne acceptent les Cartes de Cr\u00e9dit<\/title>\n<meta name=\"description\" content=\"La m\u00e9thode de paiement sur les casinos en ligne par Carte de Cr\u00e9dit Expliqu\u00e9e \u2013 D\u00e9couvrez comment cette m\u00e9thode fonctionne et les avantages de ce dernier\" \/>\n<meta name=\"robots\" content=\"index, follow, max-snippet:-1, max-image-preview:large, max-video-preview:-1\" \/>\n<link rel=\"canonical\" href=\"https:\/\/www.top10casinowebsites.net\/fr\/depots-options\/cartes-de-credit\/\" \/>\n<meta property=\"og:locale\" content=\"en_US\" \/>\n<meta property=\"og:type\" content=\"article\" \/>\n<meta property=\"og:title\" content=\"Les Casinos Cartes de Cr\u00e9dit \u2013 Les Casinos en Ligne acceptent les Cartes de Cr\u00e9dit\" \/>\n<meta property=\"og:description\" content=\"La m\u00e9thode de paiement sur les casinos en ligne par Carte de Cr\u00e9dit Expliqu\u00e9e \u2013 D\u00e9couvrez comment cette m\u00e9thode fonctionne et les avantages de ce dernier\" \/>\n<meta property=\"og:url\" content=\"https:\/\/www.top10casinowebsites.net\/fr\/depots-options\/cartes-de-credit\/\" \/>\n<meta property=\"og:site_name\" content=\"FR\" \/>\n<meta property=\"article:modified_time\" content=\"2017-10-07T17:09:14+00:00\" \/>\n<meta name=\"twitter:card\" content=\"summary_large_image\" \/>\n<meta name=\"twitter:label1\" content=\"Est. reading time\" \/>\n\t<meta name=\"twitter:data1\" content=\"4 minutes\" \/>\n<script type=\"application\/ld+json\" class=\"yoast-schema-graph\">{\"@context\":\"https:\\\/\\\/schema.org\",\"@graph\":[{\"@type\":\"WebPage\",\"@id\":\"https:\\\/\\\/www.top10casinowebsites.net\\\/fr\\\/depots-options\\\/cartes-de-credit\\\/\",\"url\":\"https:\\\/\\\/www.top10casinowebsites.net\\\/fr\\\/depots-options\\\/cartes-de-credit\\\/\",\"name\":\"Les Casinos Cartes de Cr\u00e9dit \u2013 Les Casinos en Ligne acceptent les Cartes de Cr\u00e9dit\",\"isPartOf\":{\"@id\":\"https:\\\/\\\/www.top10casinowebsites.net\\\/fr\\\/#website\"},\"primaryImageOfPage\":{\"@id\":\"https:\\\/\\\/www.top10casinowebsites.net\\\/fr\\\/depots-options\\\/cartes-de-credit\\\/#primaryimage\"},\"image\":{\"@id\":\"https:\\\/\\\/www.top10casinowebsites.net\\\/fr\\\/depots-options\\\/cartes-de-credit\\\/#primaryimage\"},\"thumbnailUrl\":\"https:\\\/\\\/www.top10casinowebsites.net\\\/wp-content\\\/uploads\\\/2016\\\/01\\\/deposit-options.jpg\",\"datePublished\":\"2017-10-06T17:08:07+00:00\",\"dateModified\":\"2017-10-07T17:09:14+00:00\",\"description\":\"La m\u00e9thode de paiement sur les casinos en ligne par Carte de Cr\u00e9dit Expliqu\u00e9e \u2013 D\u00e9couvrez comment cette m\u00e9thode fonctionne et les avantages de ce dernier\",\"breadcrumb\":{\"@id\":\"https:\\\/\\\/www.top10casinowebsites.net\\\/fr\\\/depots-options\\\/cartes-de-credit\\\/#breadcrumb\"},\"inLanguage\":\"en-US\",\"potentialAction\":[{\"@type\":\"ReadAction\",\"target\":[\"https:\\\/\\\/www.top10casinowebsites.net\\\/fr\\\/depots-options\\\/cartes-de-credit\\\/\"]}]},{\"@type\":\"ImageObject\",\"inLanguage\":\"en-US\",\"@id\":\"https:\\\/\\\/www.top10casinowebsites.net\\\/fr\\\/depots-options\\\/cartes-de-credit\\\/#primaryimage\",\"url\":\"https:\\\/\\\/www.top10casinowebsites.net\\\/wp-content\\\/uploads\\\/2016\\\/01\\\/deposit-options.jpg\",\"contentUrl\":\"https:\\\/\\\/www.top10casinowebsites.net\\\/wp-content\\\/uploads\\\/2016\\\/01\\\/deposit-options.jpg\"},{\"@type\":\"BreadcrumbList\",\"@id\":\"https:\\\/\\\/www.top10casinowebsites.net\\\/fr\\\/depots-options\\\/cartes-de-credit\\\/#breadcrumb\",\"itemListElement\":[{\"@type\":\"ListItem\",\"position\":1,\"name\":\"Home\",\"item\":\"https:\\\/\\\/www.top10casinowebsites.net\\\/fr\\\/\"},{\"@type\":\"ListItem\",\"position\":2,\"name\":\"Les M\u00e9thodes de D\u00e9p\u00f4ts \u2013 Un Guide Complet sur Les Options de d\u00e9p\u00f4t Sur Un Casino\",\"item\":\"https:\\\/\\\/www.top10casinowebsites.net\\\/fr\\\/depots-options\\\/\"},{\"@type\":\"ListItem\",\"position\":3,\"name\":\"Les Casinos Cartes de Cr\u00e9dit \u2013 Les Casinos en Ligne acceptent les Cartes de Cr\u00e9dit\"}]},{\"@type\":\"WebSite\",\"@id\":\"https:\\\/\\\/www.top10casinowebsites.net\\\/fr\\\/#website\",\"url\":\"https:\\\/\\\/www.top10casinowebsites.net\\\/fr\\\/\",\"name\":\"FR\",\"description\":\"Just another Sites site\",\"potentialAction\":[{\"@type\":\"SearchAction\",\"target\":{\"@type\":\"EntryPoint\",\"urlTemplate\":\"https:\\\/\\\/www.top10casinowebsites.net\\\/fr\\\/?s={search_term_string}\"},\"query-input\":{\"@type\":\"PropertyValueSpecification\",\"valueRequired\":true,\"valueName\":\"search_term_string\"}}],\"inLanguage\":\"en-US\"}]}<\/script>\n<!-- \/ Yoast SEO plugin. -->","yoast_head_json":{"title":"Les Casinos Cartes de Cr\u00e9dit \u2013 Les Casinos en Ligne acceptent les Cartes de Cr\u00e9dit","description":"La m\u00e9thode de paiement sur les casinos en ligne par Carte de Cr\u00e9dit Expliqu\u00e9e \u2013 D\u00e9couvrez comment cette m\u00e9thode fonctionne et les avantages de ce dernier","robots":{"index":"index","follow":"follow","max-snippet":"max-snippet:-1","max-image-preview":"max-image-preview:large","max-video-preview":"max-video-preview:-1"},"canonical":"https:\/\/www.top10casinowebsites.net\/fr\/depots-options\/cartes-de-credit\/","og_locale":"en_US","og_type":"article","og_title":"Les Casinos Cartes de Cr\u00e9dit \u2013 Les Casinos en Ligne acceptent les Cartes de Cr\u00e9dit","og_description":"La m\u00e9thode de paiement sur les casinos en ligne par Carte de Cr\u00e9dit Expliqu\u00e9e \u2013 D\u00e9couvrez comment cette m\u00e9thode fonctionne et les avantages de ce dernier","og_url":"https:\/\/www.top10casinowebsites.net\/fr\/depots-options\/cartes-de-credit\/","og_site_name":"FR","article_modified_time":"2017-10-07T17:09:14+00:00","twitter_card":"summary_large_image","twitter_misc":{"Est. reading time":"4 minutes"},"schema":{"@context":"https:\/\/schema.org","@graph":[{"@type":"WebPage","@id":"https:\/\/www.top10casinowebsites.net\/fr\/depots-options\/cartes-de-credit\/","url":"https:\/\/www.top10casinowebsites.net\/fr\/depots-options\/cartes-de-credit\/","name":"Les Casinos Cartes de Cr\u00e9dit \u2013 Les Casinos en Ligne acceptent les Cartes de Cr\u00e9dit","isPartOf":{"@id":"https:\/\/www.top10casinowebsites.net\/fr\/#website"},"primaryImageOfPage":{"@id":"https:\/\/www.top10casinowebsites.net\/fr\/depots-options\/cartes-de-credit\/#primaryimage"},"image":{"@id":"https:\/\/www.top10casinowebsites.net\/fr\/depots-options\/cartes-de-credit\/#primaryimage"},"thumbnailUrl":"https:\/\/www.top10casinowebsites.net\/wp-content\/uploads\/2016\/01\/deposit-options.jpg","datePublished":"2017-10-06T17:08:07+00:00","dateModified":"2017-10-07T17:09:14+00:00","description":"La m\u00e9thode de paiement sur les casinos en ligne par Carte de Cr\u00e9dit Expliqu\u00e9e \u2013 D\u00e9couvrez comment cette m\u00e9thode fonctionne et les avantages de ce dernier","breadcrumb":{"@id":"https:\/\/www.top10casinowebsites.net\/fr\/depots-options\/cartes-de-credit\/#breadcrumb"},"inLanguage":"en-US","potentialAction":[{"@type":"ReadAction","target":["https:\/\/www.top10casinowebsites.net\/fr\/depots-options\/cartes-de-credit\/"]}]},{"@type":"ImageObject","inLanguage":"en-US","@id":"https:\/\/www.top10casinowebsites.net\/fr\/depots-options\/cartes-de-credit\/#primaryimage","url":"https:\/\/www.top10casinowebsites.net\/wp-content\/uploads\/2016\/01\/deposit-options.jpg","contentUrl":"https:\/\/www.top10casinowebsites.net\/wp-content\/uploads\/2016\/01\/deposit-options.jpg"},{"@type":"BreadcrumbList","@id":"https:\/\/www.top10casinowebsites.net\/fr\/depots-options\/cartes-de-credit\/#breadcrumb","itemListElement":[{"@type":"ListItem","position":1,"name":"Home","item":"https:\/\/www.top10casinowebsites.net\/fr\/"},{"@type":"ListItem","position":2,"name":"Les M\u00e9thodes de D\u00e9p\u00f4ts \u2013 Un Guide Complet sur Les Options de d\u00e9p\u00f4t Sur Un Casino","item":"https:\/\/www.top10casinowebsites.net\/fr\/depots-options\/"},{"@type":"ListItem","position":3,"name":"Les Casinos Cartes de Cr\u00e9dit \u2013 Les Casinos en Ligne acceptent les Cartes de Cr\u00e9dit"}]},{"@type":"WebSite","@id":"https:\/\/www.top10casinowebsites.net\/fr\/#website","url":"https:\/\/www.top10casinowebsites.net\/fr\/","name":"FR","description":"Just another Sites site","potentialAction":[{"@type":"SearchAction","target":{"@type":"EntryPoint","urlTemplate":"https:\/\/www.top10casinowebsites.net\/fr\/?s={search_term_string}"},"query-input":{"@type":"PropertyValueSpecification","valueRequired":true,"valueName":"search_term_string"}}],"inLanguage":"en-US"}]}},"_links":{"self":[{"href":"https:\/\/www.top10casinowebsites.net\/fr\/wp-json\/wp\/v2\/pages\/83","targetHints":{"allow":["GET"]}}],"collection":[{"href":"https:\/\/www.top10casinowebsites.net\/fr\/wp-json\/wp\/v2\/pages"}],"about":[{"href":"https:\/\/www.top10casinowebsites.net\/fr\/wp-json\/wp\/v2\/types\/page"}],"author":[{"embeddable":true,"href":"https:\/\/www.top10casinowebsites.net\/fr\/wp-json\/wp\/v2\/users\/1"}],"replies":[{"embeddable":true,"href":"https:\/\/www.top10casinowebsites.net\/fr\/wp-json\/wp\/v2\/comments?post=83"}],"version-history":[{"count":1,"href":"https:\/\/www.top10casinowebsites.net\/fr\/wp-json\/wp\/v2\/pages\/83\/revisions"}],"predecessor-version":[{"id":110,"href":"https:\/\/www.top10casinowebsites.net\/fr\/wp-json\/wp\/v2\/pages\/83\/revisions\/110"}],"up":[{"embeddable":true,"href":"https:\/\/www.top10casinowebsites.net\/fr\/wp-json\/wp\/v2\/pages\/78"}],"wp:attachment":[{"href":"https:\/\/www.top10casinowebsites.net\/fr\/wp-json\/wp\/v2\/media?parent=83"}],"curies":[{"name":"wp","href":"https:\/\/api.w.org\/{rel}","templated":true}]}}