{"id":84,"date":"2017-10-06T17:34:39","date_gmt":"2017-10-06T17:34:39","guid":{"rendered":"https:\/\/www.top10casinowebsites.net\/fr\/?page_id=84"},"modified":"2017-10-07T17:11:46","modified_gmt":"2017-10-07T17:11:46","slug":"paysafecard","status":"publish","type":"page","link":"https:\/\/www.top10casinowebsites.net\/fr\/depots-options\/paysafecard\/","title":{"rendered":"Les Casinos PaySafeCard \u2013 Faire Un D\u00e9p\u00f4t sur Les Casinos en Ligne"},"content":{"rendered":"<p><img decoding=\"async\" class=\"alignright size-full wp-image-1790\" src=\"https:\/\/www.top10casinowebsites.net\/wp-content\/uploads\/2017\/01\/paysafecard.jpg\" alt=\"Deposit using paysafecard\" width=\"300\" \/><a href=\"http:\/\/paysafecard.com\/\">PaySafeCard<\/a> est l\u2019une des formes les plus s\u00fbres, simples et faciles d\u2019effectuer des transactions en ligne. PaySafeCard est une bonne m\u00e9thode de paiement \u00e0 utiliser lorsque vous jouez sur les casinos en ligne et vous d\u00e9couvrirez que la majorit\u00e9 des casinos en ligne offre ce mode de paiement \u00e0 cause de sa demande grandissante.<\/p>\n<p>Le principal atout du service PaySafeCard est la s\u00e9curit\u00e9 et la confidentialit\u00e9, et ceci est certainement l\u2019une des formes les plus s\u00fbres de paiements en ligne car vous n\u2019avez pas besoin de soumettre des d\u00e9tails bancaires ou personnels.<\/p>\n<p>Pour effectuer un achat avec PaySafeCard, vous n\u2019avez m\u00eame pas besoin d\u2019avoir un compte bancaire.<\/p>\n<h2 id=\"topcasinos\">LE TOP 10 DES SITES WEB DE CASINO<\/h2>\n<p><div class=\"grid-contents\" id=\"grid-contents\"><table class=\"cas_table\" ><tbody><tr class=\"rank-1\">\n                                <td class=\"ranking\">1<\/td>\n                                <td class=\"brandcol\">\n                                    <a href=https:\/\/www.top10casinowebsites.net\/fr\/review\/888-casino\/ class=\"brand brand-bg\"><img loading=\"lazy\" decoding=\"async\" class=\"group list-group-image\" src=\"https:\/\/static.top10casinowebsites.net\/images\/casino-rooms\/888-casino-logo.png\" width=\"200\" height=\"128\"\/><\/a>\n                                <\/td>\n                                <td class=\"bonus\" data-title=\"Bonus\">\n\t\t\t\t\t               <p class=\"bonus-text\"><strong>$888<\/strong>Welcome Bonus <br>(<a href=\"https:\/\/www.top10casinowebsites.net\/fr\/review\/888-casino\/\">T&Cs apply, 18+<\/a>)<\/p>\n\t\t\t\t                <\/td>\n\t\t\t\t\t            <td class=\"badge_game\" data-title=\"Rating\">\n                                    <div class=\"rating\"><strong>5<\/strong>\/5<\/div>\n                                    <div class=\"rating stars\" style=\"margin-top: 5px;\"><span class=\"icon icon-stars\"><span class=\"icon-stars green\" style=\"width: 100%;\"><\/span><\/span><\/div>\n\t\t\t\t\t            <\/td>\n                               \n                                <td class=\"play\">\n\t\t\t\t\t               <a class=\"button-gold\" rel=\"nofollow\" href=\"https:\/\/www.top10casinowebsites.net\/fr\/review\/888-casino\/\">Visit<\/a>\n\t                               <div class=\"\">\n\t\t\t\t\t                   <a class=\"review-snippet-link-play-now-col\" href=\"https:\/\/www.top10casinowebsites.net\/fr\/review\/888-casino\/\">Read Review<\/a>\n\t\t\t\t\t               <\/div>\n\t\t\t\t\t           <\/td>\n     \t\t\t\t        <\/tr><\/tbody><\/table><\/div><br \/>\nL\u2019\u2019utilisation de PaySafeCard est la m\u00e9thode la plus proche pour avoir du cash pour les paiements en ligne. Parce qu\u2019il y a eu les probl\u00e8mes de fraude dans le pass\u00e9 \u00e0 propos des transactions en ligne et les paiements par carte de cr\u00e9dit, l\u2019opton PaySafeCard fournit UN service de paiement s\u00e9curis\u00e9 et priv\u00e9.<\/p>\n<p>PaySafeCard est disponible pour les achats dans plus de 500\u00a0000 magasins et emplacements dans plusieurs pays dans le monde entier. Ces cartes peuvent \u00eatre achet\u00e9es dans les stations de p\u00e9trole, les \u00e9piceries, les march\u00e9s et d\u2019autres sources. Afin de trouver un revendeur dans votre localit\u00e9 o\u00f9 vous pourrez acheter un PaySafeCard, acc\u00e9dez au site web de PaySafeCard et s\u00e9lectionnez \u2018\u2019Trouver des points de vente\u2018\u2019. Il vous sera donc demand\u00e9 de fournir votre boite postale ou zone de r\u00e9sidence et l\u2019\u00e9quipe PaySafeCard vous alertera du revendeur le plus proche de vous.<\/p>\n<h2><strong>Comment fonctionne la m\u00e9thode de paiement PaySafeCard\u00a0? <\/strong><\/h2>\n<p>C\u2019est l\u2019une des m\u00e9thodes de paiement les plus s\u00fbres et simples pour les paiements en ligne aussi bien qu\u2019acheter un article en ligne ou un service. Tout ce que vous avez \u00e0 faire est de trouver un revendeur PaySafeCard le plus proche et faire une demande de carte. Vous aurez juste besoin de choisir le montant que vous souhaitez avoir dans votre carte et une fois que vous avez pay\u00e9 pour la carte, vous recevrez un bon de paiement PaySafeCard en fonction du montant que vous avez choisi. Avec votre PaySafeCard, vous recevrez aussi <strong>un nombre de 16 chiffres <\/strong>que vous utiliserez pour effectuer les paiements avec votre bon.<\/p>\n<p><strong>paysafecard<\/strong><\/p>\n<p><center><iframe loading=\"lazy\" src=\"https:\/\/www.youtube.com\/embed\/HFSfwM_PHMI\" width=\"560\" height=\"315\" frameborder=\"0\" allowfullscreen=\"allowfullscreen\"><\/iframe><\/center><br \/>\nAfin de recharger votre compte casino en ligne utilisant paysafecard, acc\u00e9dez \u00e0 la section \u2018\u2019Caissier\u2019\u2019 une fois connect\u00e9 dans votre compte joueur. Choisissez de faire un d\u00e9p\u00f4t et lorsque vous \u00eates soumis \u00e0 une courte liste de m\u00e9thodes de paiement, s\u00e9lectionnez paysafecard comme votre m\u00e9thode de paiement. Vous serez appel\u00e9 \u00e0 entrer les 16 chiffres fournis avec votre bon. Une fois le nombre entr\u00e9, les fonds seront instantan\u00e9ment transf\u00e9r\u00e9s dans votre compte joueur.<\/p>\n<p>Paysafecard est plus b\u00e9n\u00e9fique pour la haute s\u00e9curit\u00e9 sur les casinos en lignes. Le seul v\u00e9ritable inconv\u00e9nient de la m\u00e9thode de paiement Paysafecard est le fait que vous ne puissiez pas effectuer des retraits en utilisant cette m\u00e9thode et vous ne pouvez utiliser la m\u00eame carte pour jouer sur plusieurs casinos en ligne. Paysafecard est une belle option, efficace pour faire des d\u00e9p\u00f4ts, mais vous aurez besoin d\u2019une autre m\u00e9thode de paiement diff\u00e9rente pour retirer vos fonds.<\/p>\n<h2>Les avantages d\u2019utiliser cette m\u00e9thode de paiement<\/h2>\n<p>Paysafecard est aujourd\u2019hui accept\u00e9 sur<a href=\"https:\/\/www.top10casinowebsites.net\/fr\/casinos\"> de nombreux casinos dans le monde entier<\/a>, et sa m\u00e9thode s\u00fbre et fiable pour d\u00e9poser les fonds dans votre compte. C\u2019est aussi utile si vous avez exc\u00e9d\u00e9 vos limites de d\u00e9p\u00f4t journalier, hebdomadaire et mensuel avec d\u2019autres formes de m\u00e9thodes de paiement, car vous pouvez utiliser Paysafecard pour recharger votre compte casino avec une discr\u00e9tion absolue.<\/p>\n<p>En ce sens, vous pouvez utiliser la m\u00e9thode paiement Paysafecard comme un type de sauvegarde si vous faites face tout probl\u00e8me ou les d\u00e9lais avec votre fourni r\u00e9gulier.<\/p>\n<p>L\u2019utilisation de l\u2019option Paysafecard peut aussi vous aider \u00e0 Contr\u00f4ler votre \u00ab\u00a0Banroll\u00a0\u00bb et placer les limites de pari pour vous-m\u00eame, car vous \u00eates seulement en mesure de d\u00e9poser le compte dans lequel vous avez transf\u00e9r\u00e9 dans la carte. Pour les joueurs de casinos en ligne qui souhaitent baisser le montant qu\u2019ils d\u00e9pensent ou ont des difficult\u00e9s \u00e0 maintenir leurs limites personnelles, l\u2019utilisation de Paysafecard peut valablement les assister \u00e0 cr\u00e9er des budgets pour le montant qu\u2019ils parient mensuellement, hebdomadairement et quotidiennement.<\/p>\n","protected":false},"excerpt":{"rendered":"<p>PaySafeCard est l\u2019une des formes les plus s\u00fbres, simples et faciles d\u2019effectuer des transactions en ligne. PaySafeCard est une bonne m\u00e9thode de paiement \u00e0 utiliser lorsque vous jouez sur les casinos en ligne et vous d\u00e9couvrirez que la majorit\u00e9 des casinos en ligne offre ce mode de paiement \u00e0 cause de sa demande grandissante. Le [&hellip;]<\/p>\n","protected":false},"author":1,"featured_media":0,"parent":78,"menu_order":0,"comment_status":"closed","ping_status":"closed","template":"","meta":{"_acf_changed":false,"footnotes":""},"class_list":["post-84","page","type-page","status-publish","hentry"],"acf":[],"yoast_head":"<!-- This site is optimized with the Yoast SEO plugin v27.4 - https:\/\/yoast.com\/product\/yoast-seo-wordpress\/ -->\n<title>Les Casinos PaySafeCard \u2013 Faire Un D\u00e9p\u00f4t sur Les Casinos en Ligne<\/title>\n<meta name=\"description\" content=\"La M\u00e9thode de Paiement PaySafeCard sur Un Casino en Ligne Expliqu\u00e9e \u2013 D\u00e9couvrez comment fonctionne cette m\u00e9thode est ses avantages\" \/>\n<meta name=\"robots\" content=\"index, follow, max-snippet:-1, max-image-preview:large, max-video-preview:-1\" \/>\n<link rel=\"canonical\" href=\"https:\/\/www.top10casinowebsites.net\/fr\/depots-options\/paysafecard\/\" \/>\n<meta property=\"og:locale\" content=\"en_US\" \/>\n<meta property=\"og:type\" content=\"article\" \/>\n<meta property=\"og:title\" content=\"Les Casinos PaySafeCard \u2013 Faire Un D\u00e9p\u00f4t sur Les Casinos en Ligne\" \/>\n<meta property=\"og:description\" content=\"La M\u00e9thode de Paiement PaySafeCard sur Un Casino en Ligne Expliqu\u00e9e \u2013 D\u00e9couvrez comment fonctionne cette m\u00e9thode est ses avantages\" \/>\n<meta property=\"og:url\" content=\"https:\/\/www.top10casinowebsites.net\/fr\/depots-options\/paysafecard\/\" \/>\n<meta property=\"og:site_name\" content=\"FR\" \/>\n<meta property=\"article:modified_time\" content=\"2017-10-07T17:11:46+00:00\" \/>\n<meta name=\"twitter:card\" content=\"summary_large_image\" \/>\n<meta name=\"twitter:label1\" content=\"Est. reading time\" \/>\n\t<meta name=\"twitter:data1\" content=\"4 minutes\" \/>\n<script type=\"application\/ld+json\" class=\"yoast-schema-graph\">{\"@context\":\"https:\\\/\\\/schema.org\",\"@graph\":[{\"@type\":\"WebPage\",\"@id\":\"https:\\\/\\\/www.top10casinowebsites.net\\\/fr\\\/depots-options\\\/paysafecard\\\/\",\"url\":\"https:\\\/\\\/www.top10casinowebsites.net\\\/fr\\\/depots-options\\\/paysafecard\\\/\",\"name\":\"Les Casinos PaySafeCard \u2013 Faire Un D\u00e9p\u00f4t sur Les Casinos en Ligne\",\"isPartOf\":{\"@id\":\"https:\\\/\\\/www.top10casinowebsites.net\\\/fr\\\/#website\"},\"primaryImageOfPage\":{\"@id\":\"https:\\\/\\\/www.top10casinowebsites.net\\\/fr\\\/depots-options\\\/paysafecard\\\/#primaryimage\"},\"image\":{\"@id\":\"https:\\\/\\\/www.top10casinowebsites.net\\\/fr\\\/depots-options\\\/paysafecard\\\/#primaryimage\"},\"thumbnailUrl\":\"https:\\\/\\\/www.top10casinowebsites.net\\\/wp-content\\\/uploads\\\/2017\\\/01\\\/paysafecard.jpg\",\"datePublished\":\"2017-10-06T17:34:39+00:00\",\"dateModified\":\"2017-10-07T17:11:46+00:00\",\"description\":\"La M\u00e9thode de Paiement PaySafeCard sur Un Casino en Ligne Expliqu\u00e9e \u2013 D\u00e9couvrez comment fonctionne cette m\u00e9thode est ses avantages\",\"breadcrumb\":{\"@id\":\"https:\\\/\\\/www.top10casinowebsites.net\\\/fr\\\/depots-options\\\/paysafecard\\\/#breadcrumb\"},\"inLanguage\":\"en-US\",\"potentialAction\":[{\"@type\":\"ReadAction\",\"target\":[\"https:\\\/\\\/www.top10casinowebsites.net\\\/fr\\\/depots-options\\\/paysafecard\\\/\"]}]},{\"@type\":\"ImageObject\",\"inLanguage\":\"en-US\",\"@id\":\"https:\\\/\\\/www.top10casinowebsites.net\\\/fr\\\/depots-options\\\/paysafecard\\\/#primaryimage\",\"url\":\"https:\\\/\\\/www.top10casinowebsites.net\\\/wp-content\\\/uploads\\\/2017\\\/01\\\/paysafecard.jpg\",\"contentUrl\":\"https:\\\/\\\/www.top10casinowebsites.net\\\/wp-content\\\/uploads\\\/2017\\\/01\\\/paysafecard.jpg\"},{\"@type\":\"BreadcrumbList\",\"@id\":\"https:\\\/\\\/www.top10casinowebsites.net\\\/fr\\\/depots-options\\\/paysafecard\\\/#breadcrumb\",\"itemListElement\":[{\"@type\":\"ListItem\",\"position\":1,\"name\":\"Home\",\"item\":\"https:\\\/\\\/www.top10casinowebsites.net\\\/fr\\\/\"},{\"@type\":\"ListItem\",\"position\":2,\"name\":\"Les M\u00e9thodes de D\u00e9p\u00f4ts \u2013 Un Guide Complet sur Les Options de d\u00e9p\u00f4t Sur Un Casino\",\"item\":\"https:\\\/\\\/www.top10casinowebsites.net\\\/fr\\\/depots-options\\\/\"},{\"@type\":\"ListItem\",\"position\":3,\"name\":\"Les Casinos PaySafeCard \u2013 Faire Un D\u00e9p\u00f4t sur Les Casinos en Ligne\"}]},{\"@type\":\"WebSite\",\"@id\":\"https:\\\/\\\/www.top10casinowebsites.net\\\/fr\\\/#website\",\"url\":\"https:\\\/\\\/www.top10casinowebsites.net\\\/fr\\\/\",\"name\":\"FR\",\"description\":\"Just another Sites site\",\"potentialAction\":[{\"@type\":\"SearchAction\",\"target\":{\"@type\":\"EntryPoint\",\"urlTemplate\":\"https:\\\/\\\/www.top10casinowebsites.net\\\/fr\\\/?s={search_term_string}\"},\"query-input\":{\"@type\":\"PropertyValueSpecification\",\"valueRequired\":true,\"valueName\":\"search_term_string\"}}],\"inLanguage\":\"en-US\"}]}<\/script>\n<!-- \/ Yoast SEO plugin. -->","yoast_head_json":{"title":"Les Casinos PaySafeCard \u2013 Faire Un D\u00e9p\u00f4t sur Les Casinos en Ligne","description":"La M\u00e9thode de Paiement PaySafeCard sur Un Casino en Ligne Expliqu\u00e9e \u2013 D\u00e9couvrez comment fonctionne cette m\u00e9thode est ses avantages","robots":{"index":"index","follow":"follow","max-snippet":"max-snippet:-1","max-image-preview":"max-image-preview:large","max-video-preview":"max-video-preview:-1"},"canonical":"https:\/\/www.top10casinowebsites.net\/fr\/depots-options\/paysafecard\/","og_locale":"en_US","og_type":"article","og_title":"Les Casinos PaySafeCard \u2013 Faire Un D\u00e9p\u00f4t sur Les Casinos en Ligne","og_description":"La M\u00e9thode de Paiement PaySafeCard sur Un Casino en Ligne Expliqu\u00e9e \u2013 D\u00e9couvrez comment fonctionne cette m\u00e9thode est ses avantages","og_url":"https:\/\/www.top10casinowebsites.net\/fr\/depots-options\/paysafecard\/","og_site_name":"FR","article_modified_time":"2017-10-07T17:11:46+00:00","twitter_card":"summary_large_image","twitter_misc":{"Est. reading time":"4 minutes"},"schema":{"@context":"https:\/\/schema.org","@graph":[{"@type":"WebPage","@id":"https:\/\/www.top10casinowebsites.net\/fr\/depots-options\/paysafecard\/","url":"https:\/\/www.top10casinowebsites.net\/fr\/depots-options\/paysafecard\/","name":"Les Casinos PaySafeCard \u2013 Faire Un D\u00e9p\u00f4t sur Les Casinos en Ligne","isPartOf":{"@id":"https:\/\/www.top10casinowebsites.net\/fr\/#website"},"primaryImageOfPage":{"@id":"https:\/\/www.top10casinowebsites.net\/fr\/depots-options\/paysafecard\/#primaryimage"},"image":{"@id":"https:\/\/www.top10casinowebsites.net\/fr\/depots-options\/paysafecard\/#primaryimage"},"thumbnailUrl":"https:\/\/www.top10casinowebsites.net\/wp-content\/uploads\/2017\/01\/paysafecard.jpg","datePublished":"2017-10-06T17:34:39+00:00","dateModified":"2017-10-07T17:11:46+00:00","description":"La M\u00e9thode de Paiement PaySafeCard sur Un Casino en Ligne Expliqu\u00e9e \u2013 D\u00e9couvrez comment fonctionne cette m\u00e9thode est ses avantages","breadcrumb":{"@id":"https:\/\/www.top10casinowebsites.net\/fr\/depots-options\/paysafecard\/#breadcrumb"},"inLanguage":"en-US","potentialAction":[{"@type":"ReadAction","target":["https:\/\/www.top10casinowebsites.net\/fr\/depots-options\/paysafecard\/"]}]},{"@type":"ImageObject","inLanguage":"en-US","@id":"https:\/\/www.top10casinowebsites.net\/fr\/depots-options\/paysafecard\/#primaryimage","url":"https:\/\/www.top10casinowebsites.net\/wp-content\/uploads\/2017\/01\/paysafecard.jpg","contentUrl":"https:\/\/www.top10casinowebsites.net\/wp-content\/uploads\/2017\/01\/paysafecard.jpg"},{"@type":"BreadcrumbList","@id":"https:\/\/www.top10casinowebsites.net\/fr\/depots-options\/paysafecard\/#breadcrumb","itemListElement":[{"@type":"ListItem","position":1,"name":"Home","item":"https:\/\/www.top10casinowebsites.net\/fr\/"},{"@type":"ListItem","position":2,"name":"Les M\u00e9thodes de D\u00e9p\u00f4ts \u2013 Un Guide Complet sur Les Options de d\u00e9p\u00f4t Sur Un Casino","item":"https:\/\/www.top10casinowebsites.net\/fr\/depots-options\/"},{"@type":"ListItem","position":3,"name":"Les Casinos PaySafeCard \u2013 Faire Un D\u00e9p\u00f4t sur Les Casinos en Ligne"}]},{"@type":"WebSite","@id":"https:\/\/www.top10casinowebsites.net\/fr\/#website","url":"https:\/\/www.top10casinowebsites.net\/fr\/","name":"FR","description":"Just another Sites site","potentialAction":[{"@type":"SearchAction","target":{"@type":"EntryPoint","urlTemplate":"https:\/\/www.top10casinowebsites.net\/fr\/?s={search_term_string}"},"query-input":{"@type":"PropertyValueSpecification","valueRequired":true,"valueName":"search_term_string"}}],"inLanguage":"en-US"}]}},"_links":{"self":[{"href":"https:\/\/www.top10casinowebsites.net\/fr\/wp-json\/wp\/v2\/pages\/84","targetHints":{"allow":["GET"]}}],"collection":[{"href":"https:\/\/www.top10casinowebsites.net\/fr\/wp-json\/wp\/v2\/pages"}],"about":[{"href":"https:\/\/www.top10casinowebsites.net\/fr\/wp-json\/wp\/v2\/types\/page"}],"author":[{"embeddable":true,"href":"https:\/\/www.top10casinowebsites.net\/fr\/wp-json\/wp\/v2\/users\/1"}],"replies":[{"embeddable":true,"href":"https:\/\/www.top10casinowebsites.net\/fr\/wp-json\/wp\/v2\/comments?post=84"}],"version-history":[{"count":1,"href":"https:\/\/www.top10casinowebsites.net\/fr\/wp-json\/wp\/v2\/pages\/84\/revisions"}],"predecessor-version":[{"id":111,"href":"https:\/\/www.top10casinowebsites.net\/fr\/wp-json\/wp\/v2\/pages\/84\/revisions\/111"}],"up":[{"embeddable":true,"href":"https:\/\/www.top10casinowebsites.net\/fr\/wp-json\/wp\/v2\/pages\/78"}],"wp:attachment":[{"href":"https:\/\/www.top10casinowebsites.net\/fr\/wp-json\/wp\/v2\/media?parent=84"}],"curies":[{"name":"wp","href":"https:\/\/api.w.org\/{rel}","templated":true}]}}