{"id":85,"date":"2017-10-06T17:43:18","date_gmt":"2017-10-06T17:43:18","guid":{"rendered":"https:\/\/www.top10casinowebsites.net\/fr\/?page_id=85"},"modified":"2017-10-07T17:10:20","modified_gmt":"2017-10-07T17:10:20","slug":"mastercard","status":"publish","type":"page","link":"https:\/\/www.top10casinowebsites.net\/fr\/depots-options\/mastercard\/","title":{"rendered":"Les Casinos Mastercard \u2013 Les casinos en ligne acceptent Mastercard"},"content":{"rendered":"<p><img decoding=\"async\" class=\"alignright size-full wp-image-1782\" src=\"https:\/\/www.top10casinowebsites.net\/wp-content\/uploads\/2017\/01\/mastercard.jpg\" alt=\"Deposit using mastercard\" width=\"300\" \/>Mastercard est un vrai choix de m\u00e9thode de paiement lorsqu\u2019on joue sur un casino en ligne parce qu\u2019elle est une m\u00e9thode sure et tr\u00e8s simple, mais aussi l\u2019un des types de carte de cr\u00e9dit les plus accept\u00e9es.<\/p>\n<p>La plupart de casinos en ligne offre les paiements par carte de cr\u00e9dit comme paiement par d\u00e9faut et beaucoup de ces derniers accepteront Mastercard comme l\u2019une des cartes de cr\u00e9dit accept\u00e9e. C\u2019est fort probable que le casino en ligne de votre choix accepte les cartes de cr\u00e9dit mastercard comme forme de paiement.<\/p>\n<p>Comme la plupart de casinos en ligne accepte mastercard comme m\u00e9thode de paiement, il y aura tr\u00e8s peu de limitations quant aux casinos sur lesquels vous allez jouer. Ceci vous permet de jouer avec n\u2019importe quel casino en ligne de votre choix.<\/p>\n<h2 id=\"topcasinos\">LE TOP 10 DES SITES WEB DE CASINO<\/h2>\n<p><div class=\"grid-contents\" id=\"grid-contents\"><table class=\"cas_table\" ><tbody><tr class=\"rank-1\">\n                                <td class=\"ranking\">1<\/td>\n                                <td class=\"brandcol\">\n                                    <a href=https:\/\/www.top10casinowebsites.net\/fr\/review\/888-casino\/ class=\"brand brand-bg\"><img loading=\"lazy\" decoding=\"async\" class=\"group list-group-image\" src=\"https:\/\/static.top10casinowebsites.net\/images\/casino-rooms\/888-casino-logo.png\" width=\"200\" height=\"128\"\/><\/a>\n                                <\/td>\n                                <td class=\"bonus\" data-title=\"Bonus\">\n\t\t\t\t\t               <p class=\"bonus-text\"><strong>$888<\/strong>Welcome Bonus <br>(<a href=\"https:\/\/www.top10casinowebsites.net\/fr\/review\/888-casino\/\">T&Cs apply, 18+<\/a>)<\/p>\n\t\t\t\t                <\/td>\n\t\t\t\t\t            <td class=\"badge_game\" data-title=\"Rating\">\n                                    <div class=\"rating\"><strong>5<\/strong>\/5<\/div>\n                                    <div class=\"rating stars\" style=\"margin-top: 5px;\"><span class=\"icon icon-stars\"><span class=\"icon-stars green\" style=\"width: 100%;\"><\/span><\/span><\/div>\n\t\t\t\t\t            <\/td>\n                               \n                                <td class=\"play\">\n\t\t\t\t\t               <a class=\"button-gold\" rel=\"nofollow\" href=\"https:\/\/www.top10casinowebsites.net\/fr\/review\/888-casino\/\">Visit<\/a>\n\t                               <div class=\"\">\n\t\t\t\t\t                   <a class=\"review-snippet-link-play-now-col\" href=\"https:\/\/www.top10casinowebsites.net\/fr\/review\/888-casino\/\">Read Review<\/a>\n\t\t\t\t\t               <\/div>\n\t\t\t\t\t           <\/td>\n     \t\t\t\t        <\/tr><\/tbody><\/table><\/div><br \/>\nMastercard a \u00e9t\u00e9 exemplaire depuis 1966 et a sans doute \u00e9tait l\u00e0 pour longtemps que la majorit\u00e9 des autres m\u00e9thodes de paiement. \u00c7a va aussi avec le fait qu\u2019utiliser mastercard comme mode de paiement lorsqu\u2019on sur un casino en ligne est tr\u00e8s s\u00e9curis\u00e9 et digne de confiance. Un aspect que vous pouvez utiliser pour discerner si une m\u00e9thode de paiement est fiable et s\u00fbre est de savoir pendant combien de temps ils ont exist\u00e9 et comment de nombreux joueurs choisissent d\u2019utiliser cette derni\u00e8re.<\/p>\n<p>Mastercard est l\u2019une des m\u00e9thodes de paiement le plus ancien dans le monde et utilis\u00e9e dans le monde entier par un nombre de personnes consid\u00e9rable. La popularit\u00e9 du mode de paiement mastercard est une belle indication qu\u2019elle est digne de confiance, car beaucoup de joueurs n\u2019utiliseront plus cette m\u00e9thode si elle s\u2019av\u00e9rait \u00eatre mauvaise.<\/p>\n<p>Plusieurs joueurs ayant une carte de cr\u00e9dit Mastercard sont d\u00e9j\u00e0 accoutum\u00e9s \u00e0 l\u2019utilisation de leur mastercard pour effectuer des transactions en ligne, comme le paiement des factures, transferts en ligne ou l\u2019achat des produits en ligne. Pour ces joueurs, c\u2019est tr\u00e8s facile de s\u00e9lectionner la m\u00eame m\u00e9thode de paiement qu\u2019ils ont d\u00e9j\u00e0 eu \u00e0 utiliser sur d\u2019autres sites web, et utiliser cette m\u00eame m\u00e9thode de paiement pour recharger ou retirer depuis leur compte de jeu en ligne.<\/p>\n<h2><strong>Comment utiliser mastercard pour les transactions sur un casino en ligne<\/strong><\/h2>\n<p>Effectuer des d\u00e9p\u00f4ts ou des retraits utilisant une carte de cr\u00e9dit mastercard sur un casino en ligne est tr\u00e8s facile. Tout ce dont vous aurez besoin est d\u2019acc\u00e9der \u00e0 la section \u2018\u2019Caissier\u2019\u2019 une fois connect\u00e9 dans votre compte casino en ligne. Si vous d\u00e9sirez effectuer un d\u00e9p\u00f4t, s\u00e9lectionner l\u2019option \u2018\u2019Faire un D\u00e9p\u00f4t\u2019\u2019, et il vous sera fourni une courte liste de m\u00e9thodes de paiement disponible.<\/p>\n<p><strong>Mastercard<\/strong><\/p>\n<p><center><iframe loading=\"lazy\" src=\"https:\/\/www.youtube.com\/embed\/Fs6fAjesBVI\" width=\"560\" height=\"315\" frameborder=\"0\" allowfullscreen=\"allowfullscreen\"><\/iframe><\/center><br \/>\nVous devrez ensuite s\u00e9lectionner soit paiements par \u2018<em>Carte de Cr\u00e9dit\u2019, <\/em>ou paiements par<em> \u2018mastercard\u2019. <\/em>S\u2019il vous ait seulement pr\u00e9sent\u00e9 l\u2019option \u2018Carte de Cr\u00e9dit\u2019, une fois cette derni\u00e8re s\u00e9lectionn\u00e9e, <a href=\"https:\/\/www.top10casinowebsites.net\/fr\/depots-options\/cartes-de-credit\/\">une liste de fournisseurs de carte de cr\u00e9dit<\/a> vous sera pr\u00e9sent\u00e9e pour choisir comprenant l\u2019option \u2018mastercard\u2019. Une fois la m\u00e9thode de paiement mastercard choisie, les d\u00e9tails de la carte vous seront ensuite demand\u00e9s. Une les d\u00e9tails n\u00e9cessaires soumis, les fonds seront transf\u00e9r\u00e9s de votre compte bancaire dans votre compte en ligne (casino).<\/p>\n<p>Faire des retraits est aussi facile, acc\u00e9dez simplement \u00e0 la section \u2018Caissier\u2019 de votre compte joueur et choisissez de faire un retrait. Si vous avez au pr\u00e9alable d\u00e9pos\u00e9 en utilisant votre carte de cr\u00e9dit mastercard, le casino en ligne pourrait enregistrer vos d\u00e9tails afin de les utiliser pour d\u2019autres besoin ult\u00e9rieurs. Une fois les d\u00e9tails confirm\u00e9s pour le retrait,\u00a0 le retrait sera trait\u00e9 et par la suite pr\u00e9sent\u00e9 dans votre compte bancaire. Gardez en esprit que l\u2019utilisation de mastercard peut prendre entre 48 et 72 heures pour \u00eatre trait\u00e9. Mastercard a aussi un frais de traitement d\u2019environ 2%-3% que vous ne devrez pas oublier pendant les transactions.<\/p>\n<h2><strong>Les avantages de l\u2019utilisation de mastercard sur les casinos en ligne<\/strong><\/h2>\n<p>L\u2019un des avantages \u00e9vidents de l\u2019utilisation des cartes de cr\u00e9dit mastercard pour d\u00e9poser ou retirer depuis un casino en ligne est la s\u00e9curit\u00e9 et la fiabilit\u00e9 qui sont une garantie absolue. Utiliser mastercard pour recharger votre compte de joueur vous assure une certaine tranquillit\u00e9 d\u2019esprit et vous \u00eates certain que vos informations et vos fonds sont en s\u00e9curit\u00e9. Mastercard est aussi largement utilis\u00e9, vous pourrez donc utiliser cette m\u00e9thode de paiement sur presque tout casino en ligne dans le monde entier.<\/p>\n","protected":false},"excerpt":{"rendered":"<p>Mastercard est un vrai choix de m\u00e9thode de paiement lorsqu\u2019on joue sur un casino en ligne parce qu\u2019elle est une m\u00e9thode sure et tr\u00e8s simple, mais aussi l\u2019un des types de carte de cr\u00e9dit les plus accept\u00e9es. La plupart de casinos en ligne offre les paiements par carte de cr\u00e9dit comme paiement par d\u00e9faut et [&hellip;]<\/p>\n","protected":false},"author":1,"featured_media":0,"parent":78,"menu_order":0,"comment_status":"closed","ping_status":"closed","template":"","meta":{"_acf_changed":false,"footnotes":""},"class_list":["post-85","page","type-page","status-publish","hentry"],"acf":[],"yoast_head":"<!-- This site is optimized with the Yoast SEO plugin v27.4 - https:\/\/yoast.com\/product\/yoast-seo-wordpress\/ -->\n<title>Les Casinos Mastercard \u2013 Les casinos en ligne acceptent Mastercard<\/title>\n<meta name=\"description\" content=\"La M\u00e9thode de Paiement Mastercard sur casino en ligne expliqu\u00e9e \u2013 D\u00e9couvrez comment \u00e7a fonctionne et les avantages de cette m\u00e9thode\" \/>\n<meta name=\"robots\" content=\"index, follow, max-snippet:-1, max-image-preview:large, max-video-preview:-1\" \/>\n<link rel=\"canonical\" href=\"https:\/\/www.top10casinowebsites.net\/fr\/depots-options\/mastercard\/\" \/>\n<meta property=\"og:locale\" content=\"en_US\" \/>\n<meta property=\"og:type\" content=\"article\" \/>\n<meta property=\"og:title\" content=\"Les Casinos Mastercard \u2013 Les casinos en ligne acceptent Mastercard\" \/>\n<meta property=\"og:description\" content=\"La M\u00e9thode de Paiement Mastercard sur casino en ligne expliqu\u00e9e \u2013 D\u00e9couvrez comment \u00e7a fonctionne et les avantages de cette m\u00e9thode\" \/>\n<meta property=\"og:url\" content=\"https:\/\/www.top10casinowebsites.net\/fr\/depots-options\/mastercard\/\" \/>\n<meta property=\"og:site_name\" content=\"FR\" \/>\n<meta property=\"article:modified_time\" content=\"2017-10-07T17:10:20+00:00\" \/>\n<meta name=\"twitter:card\" content=\"summary_large_image\" \/>\n<meta name=\"twitter:label1\" content=\"Est. reading time\" \/>\n\t<meta name=\"twitter:data1\" content=\"4 minutes\" \/>\n<script type=\"application\/ld+json\" class=\"yoast-schema-graph\">{\"@context\":\"https:\\\/\\\/schema.org\",\"@graph\":[{\"@type\":\"WebPage\",\"@id\":\"https:\\\/\\\/www.top10casinowebsites.net\\\/fr\\\/depots-options\\\/mastercard\\\/\",\"url\":\"https:\\\/\\\/www.top10casinowebsites.net\\\/fr\\\/depots-options\\\/mastercard\\\/\",\"name\":\"Les Casinos Mastercard \u2013 Les casinos en ligne acceptent Mastercard\",\"isPartOf\":{\"@id\":\"https:\\\/\\\/www.top10casinowebsites.net\\\/fr\\\/#website\"},\"primaryImageOfPage\":{\"@id\":\"https:\\\/\\\/www.top10casinowebsites.net\\\/fr\\\/depots-options\\\/mastercard\\\/#primaryimage\"},\"image\":{\"@id\":\"https:\\\/\\\/www.top10casinowebsites.net\\\/fr\\\/depots-options\\\/mastercard\\\/#primaryimage\"},\"thumbnailUrl\":\"https:\\\/\\\/www.top10casinowebsites.net\\\/wp-content\\\/uploads\\\/2017\\\/01\\\/mastercard.jpg\",\"datePublished\":\"2017-10-06T17:43:18+00:00\",\"dateModified\":\"2017-10-07T17:10:20+00:00\",\"description\":\"La M\u00e9thode de Paiement Mastercard sur casino en ligne expliqu\u00e9e \u2013 D\u00e9couvrez comment \u00e7a fonctionne et les avantages de cette m\u00e9thode\",\"breadcrumb\":{\"@id\":\"https:\\\/\\\/www.top10casinowebsites.net\\\/fr\\\/depots-options\\\/mastercard\\\/#breadcrumb\"},\"inLanguage\":\"en-US\",\"potentialAction\":[{\"@type\":\"ReadAction\",\"target\":[\"https:\\\/\\\/www.top10casinowebsites.net\\\/fr\\\/depots-options\\\/mastercard\\\/\"]}]},{\"@type\":\"ImageObject\",\"inLanguage\":\"en-US\",\"@id\":\"https:\\\/\\\/www.top10casinowebsites.net\\\/fr\\\/depots-options\\\/mastercard\\\/#primaryimage\",\"url\":\"https:\\\/\\\/www.top10casinowebsites.net\\\/wp-content\\\/uploads\\\/2017\\\/01\\\/mastercard.jpg\",\"contentUrl\":\"https:\\\/\\\/www.top10casinowebsites.net\\\/wp-content\\\/uploads\\\/2017\\\/01\\\/mastercard.jpg\"},{\"@type\":\"BreadcrumbList\",\"@id\":\"https:\\\/\\\/www.top10casinowebsites.net\\\/fr\\\/depots-options\\\/mastercard\\\/#breadcrumb\",\"itemListElement\":[{\"@type\":\"ListItem\",\"position\":1,\"name\":\"Home\",\"item\":\"https:\\\/\\\/www.top10casinowebsites.net\\\/fr\\\/\"},{\"@type\":\"ListItem\",\"position\":2,\"name\":\"Les M\u00e9thodes de D\u00e9p\u00f4ts \u2013 Un Guide Complet sur Les Options de d\u00e9p\u00f4t Sur Un Casino\",\"item\":\"https:\\\/\\\/www.top10casinowebsites.net\\\/fr\\\/depots-options\\\/\"},{\"@type\":\"ListItem\",\"position\":3,\"name\":\"Les Casinos Mastercard \u2013 Les casinos en ligne acceptent Mastercard\"}]},{\"@type\":\"WebSite\",\"@id\":\"https:\\\/\\\/www.top10casinowebsites.net\\\/fr\\\/#website\",\"url\":\"https:\\\/\\\/www.top10casinowebsites.net\\\/fr\\\/\",\"name\":\"FR\",\"description\":\"Just another Sites site\",\"potentialAction\":[{\"@type\":\"SearchAction\",\"target\":{\"@type\":\"EntryPoint\",\"urlTemplate\":\"https:\\\/\\\/www.top10casinowebsites.net\\\/fr\\\/?s={search_term_string}\"},\"query-input\":{\"@type\":\"PropertyValueSpecification\",\"valueRequired\":true,\"valueName\":\"search_term_string\"}}],\"inLanguage\":\"en-US\"}]}<\/script>\n<!-- \/ Yoast SEO plugin. -->","yoast_head_json":{"title":"Les Casinos Mastercard \u2013 Les casinos en ligne acceptent Mastercard","description":"La M\u00e9thode de Paiement Mastercard sur casino en ligne expliqu\u00e9e \u2013 D\u00e9couvrez comment \u00e7a fonctionne et les avantages de cette m\u00e9thode","robots":{"index":"index","follow":"follow","max-snippet":"max-snippet:-1","max-image-preview":"max-image-preview:large","max-video-preview":"max-video-preview:-1"},"canonical":"https:\/\/www.top10casinowebsites.net\/fr\/depots-options\/mastercard\/","og_locale":"en_US","og_type":"article","og_title":"Les Casinos Mastercard \u2013 Les casinos en ligne acceptent Mastercard","og_description":"La M\u00e9thode de Paiement Mastercard sur casino en ligne expliqu\u00e9e \u2013 D\u00e9couvrez comment \u00e7a fonctionne et les avantages de cette m\u00e9thode","og_url":"https:\/\/www.top10casinowebsites.net\/fr\/depots-options\/mastercard\/","og_site_name":"FR","article_modified_time":"2017-10-07T17:10:20+00:00","twitter_card":"summary_large_image","twitter_misc":{"Est. reading time":"4 minutes"},"schema":{"@context":"https:\/\/schema.org","@graph":[{"@type":"WebPage","@id":"https:\/\/www.top10casinowebsites.net\/fr\/depots-options\/mastercard\/","url":"https:\/\/www.top10casinowebsites.net\/fr\/depots-options\/mastercard\/","name":"Les Casinos Mastercard \u2013 Les casinos en ligne acceptent Mastercard","isPartOf":{"@id":"https:\/\/www.top10casinowebsites.net\/fr\/#website"},"primaryImageOfPage":{"@id":"https:\/\/www.top10casinowebsites.net\/fr\/depots-options\/mastercard\/#primaryimage"},"image":{"@id":"https:\/\/www.top10casinowebsites.net\/fr\/depots-options\/mastercard\/#primaryimage"},"thumbnailUrl":"https:\/\/www.top10casinowebsites.net\/wp-content\/uploads\/2017\/01\/mastercard.jpg","datePublished":"2017-10-06T17:43:18+00:00","dateModified":"2017-10-07T17:10:20+00:00","description":"La M\u00e9thode de Paiement Mastercard sur casino en ligne expliqu\u00e9e \u2013 D\u00e9couvrez comment \u00e7a fonctionne et les avantages de cette m\u00e9thode","breadcrumb":{"@id":"https:\/\/www.top10casinowebsites.net\/fr\/depots-options\/mastercard\/#breadcrumb"},"inLanguage":"en-US","potentialAction":[{"@type":"ReadAction","target":["https:\/\/www.top10casinowebsites.net\/fr\/depots-options\/mastercard\/"]}]},{"@type":"ImageObject","inLanguage":"en-US","@id":"https:\/\/www.top10casinowebsites.net\/fr\/depots-options\/mastercard\/#primaryimage","url":"https:\/\/www.top10casinowebsites.net\/wp-content\/uploads\/2017\/01\/mastercard.jpg","contentUrl":"https:\/\/www.top10casinowebsites.net\/wp-content\/uploads\/2017\/01\/mastercard.jpg"},{"@type":"BreadcrumbList","@id":"https:\/\/www.top10casinowebsites.net\/fr\/depots-options\/mastercard\/#breadcrumb","itemListElement":[{"@type":"ListItem","position":1,"name":"Home","item":"https:\/\/www.top10casinowebsites.net\/fr\/"},{"@type":"ListItem","position":2,"name":"Les M\u00e9thodes de D\u00e9p\u00f4ts \u2013 Un Guide Complet sur Les Options de d\u00e9p\u00f4t Sur Un Casino","item":"https:\/\/www.top10casinowebsites.net\/fr\/depots-options\/"},{"@type":"ListItem","position":3,"name":"Les Casinos Mastercard \u2013 Les casinos en ligne acceptent Mastercard"}]},{"@type":"WebSite","@id":"https:\/\/www.top10casinowebsites.net\/fr\/#website","url":"https:\/\/www.top10casinowebsites.net\/fr\/","name":"FR","description":"Just another Sites site","potentialAction":[{"@type":"SearchAction","target":{"@type":"EntryPoint","urlTemplate":"https:\/\/www.top10casinowebsites.net\/fr\/?s={search_term_string}"},"query-input":{"@type":"PropertyValueSpecification","valueRequired":true,"valueName":"search_term_string"}}],"inLanguage":"en-US"}]}},"_links":{"self":[{"href":"https:\/\/www.top10casinowebsites.net\/fr\/wp-json\/wp\/v2\/pages\/85","targetHints":{"allow":["GET"]}}],"collection":[{"href":"https:\/\/www.top10casinowebsites.net\/fr\/wp-json\/wp\/v2\/pages"}],"about":[{"href":"https:\/\/www.top10casinowebsites.net\/fr\/wp-json\/wp\/v2\/types\/page"}],"author":[{"embeddable":true,"href":"https:\/\/www.top10casinowebsites.net\/fr\/wp-json\/wp\/v2\/users\/1"}],"replies":[{"embeddable":true,"href":"https:\/\/www.top10casinowebsites.net\/fr\/wp-json\/wp\/v2\/comments?post=85"}],"version-history":[{"count":0,"href":"https:\/\/www.top10casinowebsites.net\/fr\/wp-json\/wp\/v2\/pages\/85\/revisions"}],"up":[{"embeddable":true,"href":"https:\/\/www.top10casinowebsites.net\/fr\/wp-json\/wp\/v2\/pages\/78"}],"wp:attachment":[{"href":"https:\/\/www.top10casinowebsites.net\/fr\/wp-json\/wp\/v2\/media?parent=85"}],"curies":[{"name":"wp","href":"https:\/\/api.w.org\/{rel}","templated":true}]}}