{"id":92,"date":"2017-10-06T18:04:27","date_gmt":"2017-10-06T18:04:27","guid":{"rendered":"https:\/\/www.top10casinowebsites.net\/fr\/?page_id=92"},"modified":"2017-10-07T17:17:04","modified_gmt":"2017-10-07T17:17:04","slug":"pas-de-casinos-de-depot","status":"publish","type":"page","link":"https:\/\/www.top10casinowebsites.net\/fr\/pas-de-casinos-de-depot\/","title":{"rendered":"Top 10 de Sites Web de Casino Sans D\u00e9p\u00f4t par Top 10 des Sites Web de Casino"},"content":{"rendered":"<p><img loading=\"lazy\" decoding=\"async\" class=\"size-medium wp-image-93 alignright\" src=\"https:\/\/www.top10casinowebsites.net\/fr\/wp-content\/uploads\/sites\/4\/2017\/10\/online-casino-300x197.jpg\" alt=\"\" width=\"300\" height=\"197\" srcset=\"https:\/\/www.top10casinowebsites.net\/fr\/wp-content\/uploads\/sites\/4\/2017\/10\/online-casino-300x197.jpg 300w, https:\/\/www.top10casinowebsites.net\/fr\/wp-content\/uploads\/sites\/4\/2017\/10\/online-casino.jpg 380w\" sizes=\"auto, (max-width: 300px) 100vw, 300px\" \/>Il existe plusieurs fa\u00e7ons d\u2019acc\u00e9der et de jouer aux jeux de casino en ligne sans d\u00e9p\u00f4t requis et tel que, permettez-nous de vous guider vers ce diff\u00e9rentes fa\u00e7ons que vous pourrez utiliser et r\u00e9pondre aussi aux questions fr\u00e9quentes des joueurs concernant les jeux en ligne gratuitement sans besoin de faire un d\u00e9p\u00f4t pour acc\u00e9der et jouer \u00e0 ces jeux.<\/p>\n<p>La premi\u00e8re fa\u00e7on d\u2019acc\u00e9der et jouer aux de casinos en ligne sans d\u00e9p\u00f4t pr\u00e9alable est de le faire comme joueur gratuit, plusieurs sites ont souvent des jeux compl\u00e8tement gratuits qui sont disponible instantan\u00e9ment sur leurs sites web, ce qui signifie que vous n\u2019aurez besoin de donner aucune de vos informations personnelles pour acc\u00e9der que ces jeux gratuits sans d\u00e9p\u00f4t.<\/p>\n<h2 id=\"topcasinos\">LE TOP 10 DES SITES WEB DE CASINO<\/h2>\n<p><div class=\"grid-contents\" id=\"grid-contents\"><table class=\"cas_table\" ><tbody><tr class=\"rank-1\">\n                                <td class=\"ranking\">1<\/td>\n                                <td class=\"brandcol\">\n                                    <a href=https:\/\/www.top10casinowebsites.net\/fr\/review\/888-casino\/ class=\"brand brand-bg\"><img loading=\"lazy\" decoding=\"async\" class=\"group list-group-image\" src=\"https:\/\/static.top10casinowebsites.net\/images\/casino-rooms\/888-casino-logo.png\" width=\"200\" height=\"128\"\/><\/a>\n                                <\/td>\n                                <td class=\"bonus\" data-title=\"Bonus\">\n\t\t\t\t\t               <p class=\"bonus-text\"><strong>$888<\/strong>Welcome Bonus <br>(<a href=\"https:\/\/www.top10casinowebsites.net\/fr\/review\/888-casino\/\">T&Cs apply, 18+<\/a>)<\/p>\n\t\t\t\t                <\/td>\n\t\t\t\t\t            <td class=\"badge_game\" data-title=\"Rating\">\n                                    <div class=\"rating\"><strong>5<\/strong>\/5<\/div>\n                                    <div class=\"rating stars\" style=\"margin-top: 5px;\"><span class=\"icon icon-stars\"><span class=\"icon-stars green\" style=\"width: 100%;\"><\/span><\/span><\/div>\n\t\t\t\t\t            <\/td>\n                               \n                                <td class=\"play\">\n\t\t\t\t\t               <a class=\"button-gold\" rel=\"nofollow\" href=\"https:\/\/www.top10casinowebsites.net\/fr\/review\/888-casino\/\">Visit<\/a>\n\t                               <div class=\"\">\n\t\t\t\t\t                   <a class=\"review-snippet-link-play-now-col\" href=\"https:\/\/www.top10casinowebsites.net\/fr\/review\/888-casino\/\">Read Review<\/a>\n\t\t\t\t\t               <\/div>\n\t\t\t\t\t           <\/td>\n     \t\t\t\t        <\/tr><\/tbody><\/table><\/div><br \/>\nPlusieurs sites ont aussi beaucoup de tournois de machine \u00e0 sous, et celles-ci sont une meilleure mani\u00e8re de joueur aux jeux sans d\u00e9p\u00f4t quelconque et de pouvoir se faire du gain r\u00e9el, alors, referez-vous \u00e0 notre liste <a href=\"http:\/\/casinogambling.about.com\/od\/slots\/a\/slottourny.htm\">de tournois de machine \u00e0 sous<\/a> offrant ce genre de possibilit\u00e9.<\/p>\n<p>Pour terminer, vous rencontrerez plusieurs casinos offrant des bonus sans d\u00e9p\u00f4t, seulement si vous d\u00e9cidez de vous enregistrer comme un nouveau joueur sur ces types de sites de casino, alors, une fois que vous \u00eates connect\u00e9 dans votre compte pour la toute premi\u00e8re fois, vous serez en mesure de r\u00e9clamer un bonus cash sans d\u00e9p\u00f4t requis\u00a0!<\/p>\n<h2><strong>Les Avantages de Jouer sur Un Site de Casino Sans D\u00e9p\u00f4t <\/strong><\/h2>\n<p>Vous y trouveriez beaucoup de b\u00e9n\u00e9fices uniques de jouer sur site de casino sans d\u00e9p\u00f4t et la liste sur notre site web vous fournira plus de d\u00e9tails de notre Top 20 de sites de Casino qui vous donnerons un acc\u00e8s complet \u00e0 leurs suites de jeux en s\u2019enregistrant pour y jouer gratuitement, et beaucoup d\u2019entre eux vous donneront un bonus de casino sans d\u00e9p\u00f4t.<\/p>\n<p>Vous allez b\u00e9n\u00e9ficier d\u2019une magnifique collection de jeux diff\u00e9rents et serez capable de jouer aux jeux de casino depuis plusieurs compagnies logicielles et ceci vous permettra de s\u00e9lectionner le meilleur sur lequel il vous convienne de jouer.<\/p>\n<h2><strong>Foire Aux Questions <\/strong><\/h2>\n<p>Il y a souvent beaucoup de questions que tout joueur de casino en ligne devrait se poser concernant l\u2019avantage d\u2019une offre de bonus sur un site web de casino sans d\u00e9p\u00f4t, et plus bas, une liste de questions fr\u00e9quemment pos\u00e9es avec les questions respectives.<br \/>\n<div class='dt-sc-toggle-frame-set'><div class=\"dt-sc-toggle-frame\">\t<h5 class='dt-sc-toggle-accordion '><a href='#'>Puis-je garde les gaines ?<\/a><\/h5>\t<div class=\"dt-sc-toggle-content\" style=\"display: none;\">\t\t<div class=\"block\">Absolument, vous remarquerez que tout casino en ligne sans d\u00e9p\u00f4t, offrant des bonus vous laissera garder les gains faits avec cette offre de bonus, cependant, certains sites vous permette seulement un certain montant maximum gagn\u00e9, pendant que d\u2019autres casinos vous permettent de garder tout le montant gagn\u00e9.\t\t<\/div>\t<\/div><\/div><div class=\"dt-sc-toggle-frame\">\t<h5 class='dt-sc-toggle-accordion '><a href='#'>Combien d\u2019argent gratuit puis-je r\u00e9clamer ?<\/a><\/h5>\t<div class=\"dt-sc-toggle-content\" style=\"display: none;\">\t\t<div class=\"block\">Le montant donn\u00e9 comme bonus sans d\u00e9p\u00f4t varie de site de casino \u00e0 un autre, vous verrez le plus souvent que le montant actuel que vous pouvez r\u00e9clamer comme un bonus sans d\u00e9p\u00f4t sera assez modeste. Toutefois, regardez les bonus de jeu d\u2019une heure offrant un bonus consid\u00e9rable sans d\u00e9p\u00f4t. Ces bonus vous laissent garder tout le montant fait en sus du montant du d\u00e9p\u00f4t.\t\t<\/div>\t<\/div><\/div><div class=\"dt-sc-toggle-frame\">\t<h5 class='dt-sc-toggle-accordion '><a href='#'>Quels sont les jeux de Casino sans d\u00e9p\u00f4t disponible ?<\/a><\/h5>\t<div class=\"dt-sc-toggle-content\" style=\"display: none;\">\t\t<div class=\"block\">Vous serrez appel\u00e9 \u00e0 jouer \u00e0 tout type de jeu de casino en ligne gratuitement et sans besoin de faire un d\u00e9p\u00f4t, mais il existe une exception \u00e0 cette r\u00e8gle car \u00e9tant des jeux progressifs, et en tant que tel, ces derniers utilisent un montant de cash de chaque joueur pari\u00e9 sur les jeux progressifs pour alimenter les cagnottes, et les jeux progressifs ne sont pas faits pour les jeux gratuits. Certains sites vous laisseront jouer aux jeux progressifs mais la cagnotte progressive ne sera pas en jeu sera gard\u00e9e \u00e0 c\u00f4t\u00e9 lorsqu\u2019on les joue gratuitement.\t\t<\/div>\t<\/div><\/div><\/div>\n","protected":false},"excerpt":{"rendered":"<p>Il existe plusieurs fa\u00e7ons d\u2019acc\u00e9der et de jouer aux jeux de casino en ligne sans d\u00e9p\u00f4t requis et tel que, permettez-nous de vous guider vers ce diff\u00e9rentes fa\u00e7ons que vous pourrez utiliser et r\u00e9pondre aussi aux questions fr\u00e9quentes des joueurs concernant les jeux en ligne gratuitement sans besoin de faire un d\u00e9p\u00f4t pour acc\u00e9der et [&hellip;]<\/p>\n","protected":false},"author":1,"featured_media":0,"parent":0,"menu_order":0,"comment_status":"closed","ping_status":"closed","template":"","meta":{"_acf_changed":false,"footnotes":""},"class_list":["post-92","page","type-page","status-publish","hentry"],"acf":[],"yoast_head":"<!-- This site is optimized with the Yoast SEO plugin v27.4 - https:\/\/yoast.com\/product\/yoast-seo-wordpress\/ -->\n<title>Top 10 de Sites Web de Casino Sans D\u00e9p\u00f4t par Top 10 des Sites Web de Casino<\/title>\n<meta name=\"description\" content=\"Jetez un coup d\u2019\u0153il sur notre liste du top des sites web de casino en ligne sans versement pr\u00e9alable que nous avions trouv\u00e9s pour vous. Tous ces casinos offrent une vraie chance de pour et faire des vrais gains\" \/>\n<meta name=\"robots\" content=\"index, follow, max-snippet:-1, max-image-preview:large, max-video-preview:-1\" \/>\n<link rel=\"canonical\" href=\"https:\/\/www.top10casinowebsites.net\/fr\/pas-de-casinos-de-depot\/\" \/>\n<meta property=\"og:locale\" content=\"en_US\" \/>\n<meta property=\"og:type\" content=\"article\" \/>\n<meta property=\"og:title\" content=\"Top 10 de Sites Web de Casino Sans D\u00e9p\u00f4t par Top 10 des Sites Web de Casino\" \/>\n<meta property=\"og:description\" content=\"Jetez un coup d\u2019\u0153il sur notre liste du top des sites web de casino en ligne sans versement pr\u00e9alable que nous avions trouv\u00e9s pour vous. Tous ces casinos offrent une vraie chance de pour et faire des vrais gains\" \/>\n<meta property=\"og:url\" content=\"https:\/\/www.top10casinowebsites.net\/fr\/pas-de-casinos-de-depot\/\" \/>\n<meta property=\"og:site_name\" content=\"FR\" \/>\n<meta property=\"article:modified_time\" content=\"2017-10-07T17:17:04+00:00\" \/>\n<meta property=\"og:image\" content=\"https:\/\/www.top10casinowebsites.net\/fr\/wp-content\/uploads\/sites\/4\/2017\/10\/online-casino.jpg\" \/>\n\t<meta property=\"og:image:width\" content=\"380\" \/>\n\t<meta property=\"og:image:height\" content=\"250\" \/>\n\t<meta property=\"og:image:type\" content=\"image\/jpeg\" \/>\n<meta name=\"twitter:card\" content=\"summary_large_image\" \/>\n<meta name=\"twitter:label1\" content=\"Est. reading time\" \/>\n\t<meta name=\"twitter:data1\" content=\"4 minutes\" \/>\n<script type=\"application\/ld+json\" class=\"yoast-schema-graph\">{\"@context\":\"https:\\\/\\\/schema.org\",\"@graph\":[{\"@type\":\"WebPage\",\"@id\":\"https:\\\/\\\/www.top10casinowebsites.net\\\/fr\\\/pas-de-casinos-de-depot\\\/\",\"url\":\"https:\\\/\\\/www.top10casinowebsites.net\\\/fr\\\/pas-de-casinos-de-depot\\\/\",\"name\":\"Top 10 de Sites Web de Casino Sans D\u00e9p\u00f4t par Top 10 des Sites Web de Casino\",\"isPartOf\":{\"@id\":\"https:\\\/\\\/www.top10casinowebsites.net\\\/fr\\\/#website\"},\"primaryImageOfPage\":{\"@id\":\"https:\\\/\\\/www.top10casinowebsites.net\\\/fr\\\/pas-de-casinos-de-depot\\\/#primaryimage\"},\"image\":{\"@id\":\"https:\\\/\\\/www.top10casinowebsites.net\\\/fr\\\/pas-de-casinos-de-depot\\\/#primaryimage\"},\"thumbnailUrl\":\"https:\\\/\\\/www.top10casinowebsites.net\\\/fr\\\/wp-content\\\/uploads\\\/sites\\\/4\\\/2017\\\/10\\\/online-casino-300x197.jpg\",\"datePublished\":\"2017-10-06T18:04:27+00:00\",\"dateModified\":\"2017-10-07T17:17:04+00:00\",\"description\":\"Jetez un coup d\u2019\u0153il sur notre liste du top des sites web de casino en ligne sans versement pr\u00e9alable que nous avions trouv\u00e9s pour vous. Tous ces casinos offrent une vraie chance de pour et faire des vrais gains\",\"breadcrumb\":{\"@id\":\"https:\\\/\\\/www.top10casinowebsites.net\\\/fr\\\/pas-de-casinos-de-depot\\\/#breadcrumb\"},\"inLanguage\":\"en-US\",\"potentialAction\":[{\"@type\":\"ReadAction\",\"target\":[\"https:\\\/\\\/www.top10casinowebsites.net\\\/fr\\\/pas-de-casinos-de-depot\\\/\"]}]},{\"@type\":\"ImageObject\",\"inLanguage\":\"en-US\",\"@id\":\"https:\\\/\\\/www.top10casinowebsites.net\\\/fr\\\/pas-de-casinos-de-depot\\\/#primaryimage\",\"url\":\"https:\\\/\\\/www.top10casinowebsites.net\\\/fr\\\/wp-content\\\/uploads\\\/sites\\\/4\\\/2017\\\/10\\\/online-casino.jpg\",\"contentUrl\":\"https:\\\/\\\/www.top10casinowebsites.net\\\/fr\\\/wp-content\\\/uploads\\\/sites\\\/4\\\/2017\\\/10\\\/online-casino.jpg\",\"width\":380,\"height\":250},{\"@type\":\"BreadcrumbList\",\"@id\":\"https:\\\/\\\/www.top10casinowebsites.net\\\/fr\\\/pas-de-casinos-de-depot\\\/#breadcrumb\",\"itemListElement\":[{\"@type\":\"ListItem\",\"position\":1,\"name\":\"Home\",\"item\":\"https:\\\/\\\/www.top10casinowebsites.net\\\/fr\\\/\"},{\"@type\":\"ListItem\",\"position\":2,\"name\":\"Top 10 de Sites Web de Casino Sans D\u00e9p\u00f4t par Top 10 des Sites Web de Casino\"}]},{\"@type\":\"WebSite\",\"@id\":\"https:\\\/\\\/www.top10casinowebsites.net\\\/fr\\\/#website\",\"url\":\"https:\\\/\\\/www.top10casinowebsites.net\\\/fr\\\/\",\"name\":\"FR\",\"description\":\"Just another Sites site\",\"potentialAction\":[{\"@type\":\"SearchAction\",\"target\":{\"@type\":\"EntryPoint\",\"urlTemplate\":\"https:\\\/\\\/www.top10casinowebsites.net\\\/fr\\\/?s={search_term_string}\"},\"query-input\":{\"@type\":\"PropertyValueSpecification\",\"valueRequired\":true,\"valueName\":\"search_term_string\"}}],\"inLanguage\":\"en-US\"}]}<\/script>\n<!-- \/ Yoast SEO plugin. -->","yoast_head_json":{"title":"Top 10 de Sites Web de Casino Sans D\u00e9p\u00f4t par Top 10 des Sites Web de Casino","description":"Jetez un coup d\u2019\u0153il sur notre liste du top des sites web de casino en ligne sans versement pr\u00e9alable que nous avions trouv\u00e9s pour vous. Tous ces casinos offrent une vraie chance de pour et faire des vrais gains","robots":{"index":"index","follow":"follow","max-snippet":"max-snippet:-1","max-image-preview":"max-image-preview:large","max-video-preview":"max-video-preview:-1"},"canonical":"https:\/\/www.top10casinowebsites.net\/fr\/pas-de-casinos-de-depot\/","og_locale":"en_US","og_type":"article","og_title":"Top 10 de Sites Web de Casino Sans D\u00e9p\u00f4t par Top 10 des Sites Web de Casino","og_description":"Jetez un coup d\u2019\u0153il sur notre liste du top des sites web de casino en ligne sans versement pr\u00e9alable que nous avions trouv\u00e9s pour vous. Tous ces casinos offrent une vraie chance de pour et faire des vrais gains","og_url":"https:\/\/www.top10casinowebsites.net\/fr\/pas-de-casinos-de-depot\/","og_site_name":"FR","article_modified_time":"2017-10-07T17:17:04+00:00","og_image":[{"width":380,"height":250,"url":"https:\/\/www.top10casinowebsites.net\/fr\/wp-content\/uploads\/sites\/4\/2017\/10\/online-casino.jpg","type":"image\/jpeg"}],"twitter_card":"summary_large_image","twitter_misc":{"Est. reading time":"4 minutes"},"schema":{"@context":"https:\/\/schema.org","@graph":[{"@type":"WebPage","@id":"https:\/\/www.top10casinowebsites.net\/fr\/pas-de-casinos-de-depot\/","url":"https:\/\/www.top10casinowebsites.net\/fr\/pas-de-casinos-de-depot\/","name":"Top 10 de Sites Web de Casino Sans D\u00e9p\u00f4t par Top 10 des Sites Web de Casino","isPartOf":{"@id":"https:\/\/www.top10casinowebsites.net\/fr\/#website"},"primaryImageOfPage":{"@id":"https:\/\/www.top10casinowebsites.net\/fr\/pas-de-casinos-de-depot\/#primaryimage"},"image":{"@id":"https:\/\/www.top10casinowebsites.net\/fr\/pas-de-casinos-de-depot\/#primaryimage"},"thumbnailUrl":"https:\/\/www.top10casinowebsites.net\/fr\/wp-content\/uploads\/sites\/4\/2017\/10\/online-casino-300x197.jpg","datePublished":"2017-10-06T18:04:27+00:00","dateModified":"2017-10-07T17:17:04+00:00","description":"Jetez un coup d\u2019\u0153il sur notre liste du top des sites web de casino en ligne sans versement pr\u00e9alable que nous avions trouv\u00e9s pour vous. Tous ces casinos offrent une vraie chance de pour et faire des vrais gains","breadcrumb":{"@id":"https:\/\/www.top10casinowebsites.net\/fr\/pas-de-casinos-de-depot\/#breadcrumb"},"inLanguage":"en-US","potentialAction":[{"@type":"ReadAction","target":["https:\/\/www.top10casinowebsites.net\/fr\/pas-de-casinos-de-depot\/"]}]},{"@type":"ImageObject","inLanguage":"en-US","@id":"https:\/\/www.top10casinowebsites.net\/fr\/pas-de-casinos-de-depot\/#primaryimage","url":"https:\/\/www.top10casinowebsites.net\/fr\/wp-content\/uploads\/sites\/4\/2017\/10\/online-casino.jpg","contentUrl":"https:\/\/www.top10casinowebsites.net\/fr\/wp-content\/uploads\/sites\/4\/2017\/10\/online-casino.jpg","width":380,"height":250},{"@type":"BreadcrumbList","@id":"https:\/\/www.top10casinowebsites.net\/fr\/pas-de-casinos-de-depot\/#breadcrumb","itemListElement":[{"@type":"ListItem","position":1,"name":"Home","item":"https:\/\/www.top10casinowebsites.net\/fr\/"},{"@type":"ListItem","position":2,"name":"Top 10 de Sites Web de Casino Sans D\u00e9p\u00f4t par Top 10 des Sites Web de Casino"}]},{"@type":"WebSite","@id":"https:\/\/www.top10casinowebsites.net\/fr\/#website","url":"https:\/\/www.top10casinowebsites.net\/fr\/","name":"FR","description":"Just another Sites site","potentialAction":[{"@type":"SearchAction","target":{"@type":"EntryPoint","urlTemplate":"https:\/\/www.top10casinowebsites.net\/fr\/?s={search_term_string}"},"query-input":{"@type":"PropertyValueSpecification","valueRequired":true,"valueName":"search_term_string"}}],"inLanguage":"en-US"}]}},"_links":{"self":[{"href":"https:\/\/www.top10casinowebsites.net\/fr\/wp-json\/wp\/v2\/pages\/92","targetHints":{"allow":["GET"]}}],"collection":[{"href":"https:\/\/www.top10casinowebsites.net\/fr\/wp-json\/wp\/v2\/pages"}],"about":[{"href":"https:\/\/www.top10casinowebsites.net\/fr\/wp-json\/wp\/v2\/types\/page"}],"author":[{"embeddable":true,"href":"https:\/\/www.top10casinowebsites.net\/fr\/wp-json\/wp\/v2\/users\/1"}],"replies":[{"embeddable":true,"href":"https:\/\/www.top10casinowebsites.net\/fr\/wp-json\/wp\/v2\/comments?post=92"}],"version-history":[{"count":0,"href":"https:\/\/www.top10casinowebsites.net\/fr\/wp-json\/wp\/v2\/pages\/92\/revisions"}],"wp:attachment":[{"href":"https:\/\/www.top10casinowebsites.net\/fr\/wp-json\/wp\/v2\/media?parent=92"}],"curies":[{"name":"wp","href":"https:\/\/api.w.org\/{rel}","templated":true}]}}