{"id":94,"date":"2017-10-06T18:12:16","date_gmt":"2017-10-06T18:12:16","guid":{"rendered":"https:\/\/www.top10casinowebsites.net\/fr\/?page_id=94"},"modified":"2019-11-21T17:29:11","modified_gmt":"2019-11-21T17:29:11","slug":"gain-reel-par-top-10-des-sites-web-de-casino","status":"publish","type":"page","link":"https:\/\/www.top10casinowebsites.net\/fr\/gain-reel-par-top-10-des-sites-web-de-casino\/","title":{"rendered":"Top 10 des sites Web de Casino en Ligne de Gain R\u00e9el par Top 10 des sites web de casino"},"content":{"rendered":"<p><img decoding=\"async\" class=\"size-full alignright\" src=\"https:\/\/www.top10casinowebsites.net\/wp-content\/uploads\/2015\/05\/online-casino.jpg\" alt=\"Online Casino\" width=\"300\" \/><\/p>\n<p>Afin d\u2019aider tous les visiteurs de notre site Web qui recherchent et demandent l&#8217;exp\u00e9rience ultime de jeu en ligne pour pouvoir trouver un site de casino hautement cot\u00e9 offrant de nombreux jeux de casino, des offres promotionnelles pour joueurs r\u00e9guliers et des paiements rapides, nous vous invitons \u00e0 jeter un bon coup d\u2019\u0153il sur notre site Web, car nous avons plusieurs articles uniques qui permettront \u00e0 quiconque vivant dans n&#8217;importe quel pays de trouver le top 10 des sites de casino de gain r\u00e9el disponibles pour ces derniers en fonction de leur lieu de r\u00e9sidence.<\/p>\n<p>Le paysage de l&#8217;environnement de casino en ligne a \u00e9volu\u00e9 rapidement au cours des derni\u00e8res ann\u00e9es et nous sommes arriv\u00e9s au point o\u00f9 les meilleurs sites de casino de gain r\u00e9el sont disponibles pour les joueurs, chacun \u00e9tant autoris\u00e9 et certifi\u00e9 de fournir des jeux \u00e9quitables et al\u00e9atoires et, en tant que tels le jeu en ligne n&#8217;est plus un double jeu!<\/p>\n<h2 id=\"topcasinos\">LE TOP 10 DES SITES WEB DE CASINO<\/h2>\n<p><div class=\"grid-contents\" id=\"grid-contents\"><table class=\"cas_table\" ><tbody><tr class=\"rank-1\">\n                                <td class=\"ranking\">1<\/td>\n                                <td class=\"brandcol\">\n                                    <a href=https:\/\/www.top10casinowebsites.net\/fr\/review\/888-casino\/ class=\"brand brand-bg\"><img loading=\"lazy\" decoding=\"async\" class=\"group list-group-image\" src=\"https:\/\/static.top10casinowebsites.net\/images\/casino-rooms\/888-casino-logo.png\" width=\"200\" height=\"128\"\/><\/a>\n                                <\/td>\n                                <td class=\"bonus\" data-title=\"Bonus\">\n\t\t\t\t\t               <p class=\"bonus-text\"><strong>$888<\/strong>Welcome Bonus <br>(<a href=\"https:\/\/www.top10casinowebsites.net\/fr\/review\/888-casino\/\">T&Cs apply, 18+<\/a>)<\/p>\n\t\t\t\t                <\/td>\n\t\t\t\t\t            <td class=\"badge_game\" data-title=\"Rating\">\n                                    <div class=\"rating\"><strong>5<\/strong>\/5<\/div>\n                                    <div class=\"rating stars\" style=\"margin-top: 5px;\"><span class=\"icon icon-stars\"><span class=\"icon-stars green\" style=\"width: 100%;\"><\/span><\/span><\/div>\n\t\t\t\t\t            <\/td>\n                               \n                                <td class=\"play\">\n\t\t\t\t\t               <a class=\"button-gold\" rel=\"nofollow\" href=\"https:\/\/www.top10casinowebsites.net\/fr\/review\/888-casino\/\">Visit<\/a>\n\t                               <div class=\"\">\n\t\t\t\t\t                   <a class=\"review-snippet-link-play-now-col\" href=\"https:\/\/www.top10casinowebsites.net\/fr\/review\/888-casino\/\">Read Review<\/a>\n\t\t\t\t\t               <\/div>\n\t\t\t\t\t           <\/td>\n     \t\t\t\t        <\/tr><\/tbody><\/table><\/div><br \/>\nVous exp\u00e9rimenterez vraiment la sensation du jeu pendant le jeu sur notre top 10 de casinos de gain r\u00e9el et en tant quel, continuez la lecture pour trouver encore beaucoup d\u2019autres avantages si vous souhaitez vous lancer dans l\u2019environnement du jeu de casino en ligne.<\/p>\n<h2><strong>Avantages de Jouer sur Un Casino de Gain R\u00e9el<\/strong><\/h2>\n<p>L\u2019aspect le plus important de s\u2019enregistrer et jouer sur un site de casino de gain r\u00e9el est que vous pourrez avoir beaucoup plus d\u2019opportunit\u00e9s que lorsque vous jouez sur un casino terrestre local\u00a0!<\/p>\n<p>Beaucoup de nouveaux joueurs de jeux de casino ont remarqu\u00e9 que, en raison de l&#8217;augmentation des pourcentages de paiement sur les jeux de casino en ligne de gain r\u00e9el, et avec les aspects de l\u2019augmentation des bonus et les offres promotionnelles sp\u00e9ciales, leurs budgets de jeu ont tendance \u00e0 s&#8217;\u00e9tendre beaucoup plus loin en jouant en ligne. Contrairement s\u2019ils allaient jouer sur un casino local terrestre\u00a0!<\/p>\n<p>Vous n&#8217;\u00eates plus oblig\u00e9 de jouer dans une seule devise de casino lorsque vous jouez \u00e0 des jeux de casino de gain r\u00e9el, comme cela a \u00e9t\u00e9 le cas il y a quelques ann\u00e9es, vous pouvez maintenant financer vos comptes de casino de gain r\u00e9el suivant votre propre devise nationale et jouez dans cette devise, tout en permettant de <a href=\"https:\/\/www.top10casinowebsites.net\/fr\/depots-options\/\">d\u00e9poser et de retirer des gains<\/a> de mani\u00e8re tr\u00e8s rentable.<\/p>\n<h2><strong>Foire Aux Questions <\/strong><\/h2>\n<p>Alors que jouer sur n&#8217;importe quel site Web de casino de gain r\u00e9el peut \u00eatre excitant et souvent enrichissant, vous pouvez avoir quelques questions \u00e0 ce sujet, et si vous avez des r\u00e9ponses aux questions les plus fr\u00e9quemment pos\u00e9es par les joueurs de casino en ligne de gain r\u00e9el.<br \/>\n<div class='dt-sc-toggle-frame-set'><div class=\"dt-sc-toggle-frame\">\t<h5 class='dt-sc-toggle-accordion '><a href='#'>Les jeux de casino de vrai gain sont-ils prudents ?<\/a><\/h5>\t<div class=\"dt-sc-toggle-content\" style=\"display: none;\">\t\t<div class=\"block\">La seule mani\u00e8re dont vous pouvez \u00eatre totalement assur\u00e9 que la suite de jeux propos\u00e9e par un seul site de casino d\u2019argent r\u00e9el est juste et honn\u00eate en regardant leur site Web et en recherchant deux choses diff\u00e9rentes.<\/p>\n<p>Vous devez d&#8217;abord voir si ce site de casino a obtenu une licence de jeu en ligne compl\u00e8te et cette licence est valide et cela sera affich\u00e9e sur le site Web des casinos, chercher \u00e9galement le logo de l\u2019une <a href=\"http:\/\/www.ecogra.org\/\">des entreprises qui \u00e9mettent leur sceau d&#8217;approbation apr\u00e8s avoir test\u00e9 et certifi\u00e9 chaque jeu de casino<\/a> offert sur n&#8217;importe quel site de casino.\t\t<\/div>\t<\/div><\/div><div class=\"dt-sc-toggle-frame\">\t<h5 class='dt-sc-toggle-accordion '><a href='#'>Les cagnottes de grandes tailles progressives peuvent-elles \u00eatre gagn\u00e9es ?<\/a><\/h5>\t<div class=\"dt-sc-toggle-content\" style=\"display: none;\">\t\t<div class=\"block\">La seule fa\u00e7on d\u2019avoir une chance de gagner des sommes pouvant changer votre vie est de jouer aux jeux progressifs, et nous pouvons vous dire avec confidentialit\u00e9 que tous les jackpots progressifs pr\u00e9sent\u00e9s sur nos sites et sur les casinos approuv\u00e9s ont une offre pour vous permettre de d\u00e9crocher une cagnotte.\t\t<\/div>\t<\/div><\/div><div class=\"dt-sc-toggle-frame\">\t<h5 class='dt-sc-toggle-accordion '><a href='#'>Combien de temps attendre avant d\u2019obtenir les gains ?<\/a><\/h5>\t<div class=\"dt-sc-toggle-content\" style=\"display: none;\">\t\t<div class=\"block\">Ce sera question de quel site de casino vous choisissez de jouer, ainsi que la m\u00e9thode que vous demandez pour que vos gains vous soient pay\u00e9s, ce qui permettra de d\u00e9terminer \u00e0 quel point vos gains vous sont pay\u00e9s. Les casinos r\u00e9pertori\u00e9s sur notre site Web payent g\u00e9n\u00e9ralement leurs gagnants dans les 24 heures et vous devriez essayer d&#8217;\u00e9viter de jouer sur des sites qui prennent plus de temps que cela!\t\t<\/div>\t<\/div><\/div><\/div>\n","protected":false},"excerpt":{"rendered":"<p>Afin d\u2019aider tous les visiteurs de notre site Web qui recherchent et demandent l&#8217;exp\u00e9rience ultime de jeu en ligne pour pouvoir trouver un site de casino hautement cot\u00e9 offrant de nombreux jeux de casino, des offres promotionnelles pour joueurs r\u00e9guliers et des paiements rapides, nous vous invitons \u00e0 jeter un bon coup d\u2019\u0153il sur notre [&hellip;]<\/p>\n","protected":false},"author":1,"featured_media":0,"parent":0,"menu_order":0,"comment_status":"closed","ping_status":"closed","template":"","meta":{"_acf_changed":false,"footnotes":""},"class_list":["post-94","page","type-page","status-publish","hentry"],"acf":[],"yoast_head":"<!-- This site is optimized with the Yoast SEO plugin v27.4 - https:\/\/yoast.com\/product\/yoast-seo-wordpress\/ -->\n<title>Top 10 des sites Web de Casino en Ligne de Gain R\u00e9el par Top 10 des sites web de casino<\/title>\n<meta name=\"description\" content=\"Si vous adorez l\u2019id\u00e9e de jouer aux jeux en ligne pour du gain r\u00e9el, lisez notre guide exclusif sur quel casino en ligne de vrai gain choisir\" \/>\n<meta name=\"robots\" content=\"index, follow, max-snippet:-1, max-image-preview:large, max-video-preview:-1\" \/>\n<link rel=\"canonical\" href=\"https:\/\/www.top10casinowebsites.net\/fr\/gain-reel-par-top-10-des-sites-web-de-casino\/\" \/>\n<meta property=\"og:locale\" content=\"en_US\" \/>\n<meta property=\"og:type\" content=\"article\" \/>\n<meta property=\"og:title\" content=\"Top 10 des sites Web de Casino en Ligne de Gain R\u00e9el par Top 10 des sites web de casino\" \/>\n<meta property=\"og:description\" content=\"Si vous adorez l\u2019id\u00e9e de jouer aux jeux en ligne pour du gain r\u00e9el, lisez notre guide exclusif sur quel casino en ligne de vrai gain choisir\" \/>\n<meta property=\"og:url\" content=\"https:\/\/www.top10casinowebsites.net\/fr\/gain-reel-par-top-10-des-sites-web-de-casino\/\" \/>\n<meta property=\"og:site_name\" content=\"FR\" \/>\n<meta property=\"article:modified_time\" content=\"2019-11-21T17:29:11+00:00\" \/>\n<meta property=\"og:image\" content=\"https:\/\/www.top10casinowebsites.net\/wp-content\/uploads\/2015\/05\/online-casino.jpg\" \/>\n<meta name=\"twitter:card\" content=\"summary_large_image\" \/>\n<meta name=\"twitter:label1\" content=\"Est. reading time\" \/>\n\t<meta name=\"twitter:data1\" content=\"4 minutes\" \/>\n<script type=\"application\/ld+json\" class=\"yoast-schema-graph\">{\"@context\":\"https:\\\/\\\/schema.org\",\"@graph\":[{\"@type\":\"WebPage\",\"@id\":\"https:\\\/\\\/www.top10casinowebsites.net\\\/fr\\\/gain-reel-par-top-10-des-sites-web-de-casino\\\/\",\"url\":\"https:\\\/\\\/www.top10casinowebsites.net\\\/fr\\\/gain-reel-par-top-10-des-sites-web-de-casino\\\/\",\"name\":\"Top 10 des sites Web de Casino en Ligne de Gain R\u00e9el par Top 10 des sites web de casino\",\"isPartOf\":{\"@id\":\"https:\\\/\\\/www.top10casinowebsites.net\\\/fr\\\/#website\"},\"primaryImageOfPage\":{\"@id\":\"https:\\\/\\\/www.top10casinowebsites.net\\\/fr\\\/gain-reel-par-top-10-des-sites-web-de-casino\\\/#primaryimage\"},\"image\":{\"@id\":\"https:\\\/\\\/www.top10casinowebsites.net\\\/fr\\\/gain-reel-par-top-10-des-sites-web-de-casino\\\/#primaryimage\"},\"thumbnailUrl\":\"https:\\\/\\\/www.top10casinowebsites.net\\\/wp-content\\\/uploads\\\/2015\\\/05\\\/online-casino.jpg\",\"datePublished\":\"2017-10-06T18:12:16+00:00\",\"dateModified\":\"2019-11-21T17:29:11+00:00\",\"description\":\"Si vous adorez l\u2019id\u00e9e de jouer aux jeux en ligne pour du gain r\u00e9el, lisez notre guide exclusif sur quel casino en ligne de vrai gain choisir\",\"breadcrumb\":{\"@id\":\"https:\\\/\\\/www.top10casinowebsites.net\\\/fr\\\/gain-reel-par-top-10-des-sites-web-de-casino\\\/#breadcrumb\"},\"inLanguage\":\"en-US\",\"potentialAction\":[{\"@type\":\"ReadAction\",\"target\":[\"https:\\\/\\\/www.top10casinowebsites.net\\\/fr\\\/gain-reel-par-top-10-des-sites-web-de-casino\\\/\"]}]},{\"@type\":\"ImageObject\",\"inLanguage\":\"en-US\",\"@id\":\"https:\\\/\\\/www.top10casinowebsites.net\\\/fr\\\/gain-reel-par-top-10-des-sites-web-de-casino\\\/#primaryimage\",\"url\":\"https:\\\/\\\/www.top10casinowebsites.net\\\/wp-content\\\/uploads\\\/2015\\\/05\\\/online-casino.jpg\",\"contentUrl\":\"https:\\\/\\\/www.top10casinowebsites.net\\\/wp-content\\\/uploads\\\/2015\\\/05\\\/online-casino.jpg\"},{\"@type\":\"BreadcrumbList\",\"@id\":\"https:\\\/\\\/www.top10casinowebsites.net\\\/fr\\\/gain-reel-par-top-10-des-sites-web-de-casino\\\/#breadcrumb\",\"itemListElement\":[{\"@type\":\"ListItem\",\"position\":1,\"name\":\"Home\",\"item\":\"https:\\\/\\\/www.top10casinowebsites.net\\\/fr\\\/\"},{\"@type\":\"ListItem\",\"position\":2,\"name\":\"Top 10 des sites Web de Casino en Ligne de Gain R\u00e9el par Top 10 des sites web de casino\"}]},{\"@type\":\"WebSite\",\"@id\":\"https:\\\/\\\/www.top10casinowebsites.net\\\/fr\\\/#website\",\"url\":\"https:\\\/\\\/www.top10casinowebsites.net\\\/fr\\\/\",\"name\":\"FR\",\"description\":\"Just another Sites site\",\"potentialAction\":[{\"@type\":\"SearchAction\",\"target\":{\"@type\":\"EntryPoint\",\"urlTemplate\":\"https:\\\/\\\/www.top10casinowebsites.net\\\/fr\\\/?s={search_term_string}\"},\"query-input\":{\"@type\":\"PropertyValueSpecification\",\"valueRequired\":true,\"valueName\":\"search_term_string\"}}],\"inLanguage\":\"en-US\"}]}<\/script>\n<!-- \/ Yoast SEO plugin. -->","yoast_head_json":{"title":"Top 10 des sites Web de Casino en Ligne de Gain R\u00e9el par Top 10 des sites web de casino","description":"Si vous adorez l\u2019id\u00e9e de jouer aux jeux en ligne pour du gain r\u00e9el, lisez notre guide exclusif sur quel casino en ligne de vrai gain choisir","robots":{"index":"index","follow":"follow","max-snippet":"max-snippet:-1","max-image-preview":"max-image-preview:large","max-video-preview":"max-video-preview:-1"},"canonical":"https:\/\/www.top10casinowebsites.net\/fr\/gain-reel-par-top-10-des-sites-web-de-casino\/","og_locale":"en_US","og_type":"article","og_title":"Top 10 des sites Web de Casino en Ligne de Gain R\u00e9el par Top 10 des sites web de casino","og_description":"Si vous adorez l\u2019id\u00e9e de jouer aux jeux en ligne pour du gain r\u00e9el, lisez notre guide exclusif sur quel casino en ligne de vrai gain choisir","og_url":"https:\/\/www.top10casinowebsites.net\/fr\/gain-reel-par-top-10-des-sites-web-de-casino\/","og_site_name":"FR","article_modified_time":"2019-11-21T17:29:11+00:00","og_image":[{"url":"https:\/\/www.top10casinowebsites.net\/wp-content\/uploads\/2015\/05\/online-casino.jpg","type":"","width":"","height":""}],"twitter_card":"summary_large_image","twitter_misc":{"Est. reading time":"4 minutes"},"schema":{"@context":"https:\/\/schema.org","@graph":[{"@type":"WebPage","@id":"https:\/\/www.top10casinowebsites.net\/fr\/gain-reel-par-top-10-des-sites-web-de-casino\/","url":"https:\/\/www.top10casinowebsites.net\/fr\/gain-reel-par-top-10-des-sites-web-de-casino\/","name":"Top 10 des sites Web de Casino en Ligne de Gain R\u00e9el par Top 10 des sites web de casino","isPartOf":{"@id":"https:\/\/www.top10casinowebsites.net\/fr\/#website"},"primaryImageOfPage":{"@id":"https:\/\/www.top10casinowebsites.net\/fr\/gain-reel-par-top-10-des-sites-web-de-casino\/#primaryimage"},"image":{"@id":"https:\/\/www.top10casinowebsites.net\/fr\/gain-reel-par-top-10-des-sites-web-de-casino\/#primaryimage"},"thumbnailUrl":"https:\/\/www.top10casinowebsites.net\/wp-content\/uploads\/2015\/05\/online-casino.jpg","datePublished":"2017-10-06T18:12:16+00:00","dateModified":"2019-11-21T17:29:11+00:00","description":"Si vous adorez l\u2019id\u00e9e de jouer aux jeux en ligne pour du gain r\u00e9el, lisez notre guide exclusif sur quel casino en ligne de vrai gain choisir","breadcrumb":{"@id":"https:\/\/www.top10casinowebsites.net\/fr\/gain-reel-par-top-10-des-sites-web-de-casino\/#breadcrumb"},"inLanguage":"en-US","potentialAction":[{"@type":"ReadAction","target":["https:\/\/www.top10casinowebsites.net\/fr\/gain-reel-par-top-10-des-sites-web-de-casino\/"]}]},{"@type":"ImageObject","inLanguage":"en-US","@id":"https:\/\/www.top10casinowebsites.net\/fr\/gain-reel-par-top-10-des-sites-web-de-casino\/#primaryimage","url":"https:\/\/www.top10casinowebsites.net\/wp-content\/uploads\/2015\/05\/online-casino.jpg","contentUrl":"https:\/\/www.top10casinowebsites.net\/wp-content\/uploads\/2015\/05\/online-casino.jpg"},{"@type":"BreadcrumbList","@id":"https:\/\/www.top10casinowebsites.net\/fr\/gain-reel-par-top-10-des-sites-web-de-casino\/#breadcrumb","itemListElement":[{"@type":"ListItem","position":1,"name":"Home","item":"https:\/\/www.top10casinowebsites.net\/fr\/"},{"@type":"ListItem","position":2,"name":"Top 10 des sites Web de Casino en Ligne de Gain R\u00e9el par Top 10 des sites web de casino"}]},{"@type":"WebSite","@id":"https:\/\/www.top10casinowebsites.net\/fr\/#website","url":"https:\/\/www.top10casinowebsites.net\/fr\/","name":"FR","description":"Just another Sites site","potentialAction":[{"@type":"SearchAction","target":{"@type":"EntryPoint","urlTemplate":"https:\/\/www.top10casinowebsites.net\/fr\/?s={search_term_string}"},"query-input":{"@type":"PropertyValueSpecification","valueRequired":true,"valueName":"search_term_string"}}],"inLanguage":"en-US"}]}},"_links":{"self":[{"href":"https:\/\/www.top10casinowebsites.net\/fr\/wp-json\/wp\/v2\/pages\/94","targetHints":{"allow":["GET"]}}],"collection":[{"href":"https:\/\/www.top10casinowebsites.net\/fr\/wp-json\/wp\/v2\/pages"}],"about":[{"href":"https:\/\/www.top10casinowebsites.net\/fr\/wp-json\/wp\/v2\/types\/page"}],"author":[{"embeddable":true,"href":"https:\/\/www.top10casinowebsites.net\/fr\/wp-json\/wp\/v2\/users\/1"}],"replies":[{"embeddable":true,"href":"https:\/\/www.top10casinowebsites.net\/fr\/wp-json\/wp\/v2\/comments?post=94"}],"version-history":[{"count":1,"href":"https:\/\/www.top10casinowebsites.net\/fr\/wp-json\/wp\/v2\/pages\/94\/revisions"}],"predecessor-version":[{"id":116,"href":"https:\/\/www.top10casinowebsites.net\/fr\/wp-json\/wp\/v2\/pages\/94\/revisions\/116"}],"wp:attachment":[{"href":"https:\/\/www.top10casinowebsites.net\/fr\/wp-json\/wp\/v2\/media?parent=94"}],"curies":[{"name":"wp","href":"https:\/\/api.w.org\/{rel}","templated":true}]}}