{"id":95,"date":"2017-10-06T18:15:06","date_gmt":"2017-10-06T18:15:06","guid":{"rendered":"https:\/\/www.top10casinowebsites.net\/fr\/?page_id=95"},"modified":"2017-10-06T18:15:06","modified_gmt":"2017-10-06T18:15:06","slug":"a-propos-de-nous","status":"publish","type":"page","link":"https:\/\/www.top10casinowebsites.net\/fr\/a-propos-de-nous\/","title":{"rendered":"\u00c0-propos De Nous"},"content":{"rendered":"<p>Le site a \u00e9t\u00e9 compil\u00e9 avec la conviction que nous pouvons vous assister rapidement et facilement \u00e0 trouver un site de casino en ligne r\u00e9gulier, prudent et ayant une licence. Pour nous permettre de faire ceci, nous avions pass\u00e9s de nombreux mois regroupant beaucoup de faits et de cas de figures qui nous ont ainsi permis de mettre ensemble nos guides de jeu et les articles concernant le casino en ligne.<\/p>\n<p>Nous encourageons vivement les visiteurs de notre site web de casino de nous contacter s\u2019ils souhaitent compiler les guides de jeu sp\u00e9cifiques ou alors tout type d\u2019articles sur les casinos en ligne.<\/p>\n<p>Souhaiterez-vous entrer en contact avec nous, alors vous trouverez nos informations de contact pr\u00e9sent\u00e9s sur notre page de contact de ce site. Profitez de votre visite sur notre Site du Top 10 des Sites Web dont nous sommes confiant de la quantit\u00e9 d\u2019informations mise \u00e0 votre disposition et sera mise \u00e0 jour de jour en jour.<\/p>\n","protected":false},"excerpt":{"rendered":"<p>Le site a \u00e9t\u00e9 compil\u00e9 avec la conviction que nous pouvons vous assister rapidement et facilement \u00e0 trouver un site de casino en ligne r\u00e9gulier, prudent et ayant une licence. Pour nous permettre de faire ceci, nous avions pass\u00e9s de nombreux mois regroupant beaucoup de faits et de cas de figures qui nous ont ainsi [&hellip;]<\/p>\n","protected":false},"author":4,"featured_media":0,"parent":0,"menu_order":0,"comment_status":"closed","ping_status":"closed","template":"","meta":{"_acf_changed":false,"footnotes":""},"class_list":["post-95","page","type-page","status-publish","hentry"],"acf":[],"yoast_head":"<!-- This site is optimized with the Yoast SEO plugin v27.4 - https:\/\/yoast.com\/product\/yoast-seo-wordpress\/ -->\n<title>\u00c0-propos De Nous<\/title>\n<meta name=\"description\" content=\"\u00c7a c\u2019est la page A-propos de Nous du site web du Top 10 des Sites Web de Casino\" \/>\n<meta name=\"robots\" content=\"index, follow, max-snippet:-1, max-image-preview:large, max-video-preview:-1\" \/>\n<link rel=\"canonical\" href=\"https:\/\/www.top10casinowebsites.net\/fr\/a-propos-de-nous\/\" \/>\n<meta property=\"og:locale\" content=\"en_US\" \/>\n<meta property=\"og:type\" content=\"article\" \/>\n<meta property=\"og:title\" content=\"\u00c0-propos De Nous\" \/>\n<meta property=\"og:description\" content=\"\u00c7a c\u2019est la page A-propos de Nous du site web du Top 10 des Sites Web de Casino\" \/>\n<meta property=\"og:url\" content=\"https:\/\/www.top10casinowebsites.net\/fr\/a-propos-de-nous\/\" \/>\n<meta property=\"og:site_name\" content=\"FR\" \/>\n<meta name=\"twitter:card\" content=\"summary_large_image\" \/>\n<meta name=\"twitter:label1\" content=\"Est. reading time\" \/>\n\t<meta name=\"twitter:data1\" content=\"1 minute\" \/>\n<script type=\"application\/ld+json\" class=\"yoast-schema-graph\">{\"@context\":\"https:\\\/\\\/schema.org\",\"@graph\":[{\"@type\":\"WebPage\",\"@id\":\"https:\\\/\\\/www.top10casinowebsites.net\\\/fr\\\/a-propos-de-nous\\\/\",\"url\":\"https:\\\/\\\/www.top10casinowebsites.net\\\/fr\\\/a-propos-de-nous\\\/\",\"name\":\"\u00c0-propos De Nous\",\"isPartOf\":{\"@id\":\"https:\\\/\\\/www.top10casinowebsites.net\\\/fr\\\/#website\"},\"datePublished\":\"2017-10-06T18:15:06+00:00\",\"description\":\"\u00c7a c\u2019est la page A-propos de Nous du site web du Top 10 des Sites Web de Casino\",\"breadcrumb\":{\"@id\":\"https:\\\/\\\/www.top10casinowebsites.net\\\/fr\\\/a-propos-de-nous\\\/#breadcrumb\"},\"inLanguage\":\"en-US\",\"potentialAction\":[{\"@type\":\"ReadAction\",\"target\":[\"https:\\\/\\\/www.top10casinowebsites.net\\\/fr\\\/a-propos-de-nous\\\/\"]}]},{\"@type\":\"BreadcrumbList\",\"@id\":\"https:\\\/\\\/www.top10casinowebsites.net\\\/fr\\\/a-propos-de-nous\\\/#breadcrumb\",\"itemListElement\":[{\"@type\":\"ListItem\",\"position\":1,\"name\":\"Home\",\"item\":\"https:\\\/\\\/www.top10casinowebsites.net\\\/fr\\\/\"},{\"@type\":\"ListItem\",\"position\":2,\"name\":\"\u00c0-propos De Nous\"}]},{\"@type\":\"WebSite\",\"@id\":\"https:\\\/\\\/www.top10casinowebsites.net\\\/fr\\\/#website\",\"url\":\"https:\\\/\\\/www.top10casinowebsites.net\\\/fr\\\/\",\"name\":\"FR\",\"description\":\"Just another Sites site\",\"potentialAction\":[{\"@type\":\"SearchAction\",\"target\":{\"@type\":\"EntryPoint\",\"urlTemplate\":\"https:\\\/\\\/www.top10casinowebsites.net\\\/fr\\\/?s={search_term_string}\"},\"query-input\":{\"@type\":\"PropertyValueSpecification\",\"valueRequired\":true,\"valueName\":\"search_term_string\"}}],\"inLanguage\":\"en-US\"}]}<\/script>\n<!-- \/ Yoast SEO plugin. -->","yoast_head_json":{"title":"\u00c0-propos De Nous","description":"\u00c7a c\u2019est la page A-propos de Nous du site web du Top 10 des Sites Web de Casino","robots":{"index":"index","follow":"follow","max-snippet":"max-snippet:-1","max-image-preview":"max-image-preview:large","max-video-preview":"max-video-preview:-1"},"canonical":"https:\/\/www.top10casinowebsites.net\/fr\/a-propos-de-nous\/","og_locale":"en_US","og_type":"article","og_title":"\u00c0-propos De Nous","og_description":"\u00c7a c\u2019est la page A-propos de Nous du site web du Top 10 des Sites Web de Casino","og_url":"https:\/\/www.top10casinowebsites.net\/fr\/a-propos-de-nous\/","og_site_name":"FR","twitter_card":"summary_large_image","twitter_misc":{"Est. reading time":"1 minute"},"schema":{"@context":"https:\/\/schema.org","@graph":[{"@type":"WebPage","@id":"https:\/\/www.top10casinowebsites.net\/fr\/a-propos-de-nous\/","url":"https:\/\/www.top10casinowebsites.net\/fr\/a-propos-de-nous\/","name":"\u00c0-propos De Nous","isPartOf":{"@id":"https:\/\/www.top10casinowebsites.net\/fr\/#website"},"datePublished":"2017-10-06T18:15:06+00:00","description":"\u00c7a c\u2019est la page A-propos de Nous du site web du Top 10 des Sites Web de Casino","breadcrumb":{"@id":"https:\/\/www.top10casinowebsites.net\/fr\/a-propos-de-nous\/#breadcrumb"},"inLanguage":"en-US","potentialAction":[{"@type":"ReadAction","target":["https:\/\/www.top10casinowebsites.net\/fr\/a-propos-de-nous\/"]}]},{"@type":"BreadcrumbList","@id":"https:\/\/www.top10casinowebsites.net\/fr\/a-propos-de-nous\/#breadcrumb","itemListElement":[{"@type":"ListItem","position":1,"name":"Home","item":"https:\/\/www.top10casinowebsites.net\/fr\/"},{"@type":"ListItem","position":2,"name":"\u00c0-propos De Nous"}]},{"@type":"WebSite","@id":"https:\/\/www.top10casinowebsites.net\/fr\/#website","url":"https:\/\/www.top10casinowebsites.net\/fr\/","name":"FR","description":"Just another Sites site","potentialAction":[{"@type":"SearchAction","target":{"@type":"EntryPoint","urlTemplate":"https:\/\/www.top10casinowebsites.net\/fr\/?s={search_term_string}"},"query-input":{"@type":"PropertyValueSpecification","valueRequired":true,"valueName":"search_term_string"}}],"inLanguage":"en-US"}]}},"_links":{"self":[{"href":"https:\/\/www.top10casinowebsites.net\/fr\/wp-json\/wp\/v2\/pages\/95","targetHints":{"allow":["GET"]}}],"collection":[{"href":"https:\/\/www.top10casinowebsites.net\/fr\/wp-json\/wp\/v2\/pages"}],"about":[{"href":"https:\/\/www.top10casinowebsites.net\/fr\/wp-json\/wp\/v2\/types\/page"}],"author":[{"embeddable":true,"href":"https:\/\/www.top10casinowebsites.net\/fr\/wp-json\/wp\/v2\/users\/4"}],"replies":[{"embeddable":true,"href":"https:\/\/www.top10casinowebsites.net\/fr\/wp-json\/wp\/v2\/comments?post=95"}],"version-history":[{"count":0,"href":"https:\/\/www.top10casinowebsites.net\/fr\/wp-json\/wp\/v2\/pages\/95\/revisions"}],"wp:attachment":[{"href":"https:\/\/www.top10casinowebsites.net\/fr\/wp-json\/wp\/v2\/media?parent=95"}],"curies":[{"name":"wp","href":"https:\/\/api.w.org\/{rel}","templated":true}]}}