{"id":96,"date":"2017-10-06T18:18:22","date_gmt":"2017-10-06T18:18:22","guid":{"rendered":"https:\/\/www.top10casinowebsites.net\/fr\/?page_id=96"},"modified":"2017-10-06T18:18:22","modified_gmt":"2017-10-06T18:18:22","slug":"contact-us","status":"publish","type":"page","link":"https:\/\/www.top10casinowebsites.net\/fr\/contact-us\/","title":{"rendered":"Contactez-Nous"},"content":{"rendered":"<p>Vous \u00eates toujours plus que bienvenu pour nous contacter ici sur le Site Web du Top 10 des Sites Web de Casino et nous devons vous proposer deux adresses e-mail sur lesquelles vous pouvez le faire.<\/p>\n<p>Si vous avez des questions sur notre site Web ou si vous souhaitez nous donner des revues ou souhaitez nous ajouter des informations ou des articles sur notre site, \u00a0contactez-nous et envoyez-nous un mail \u00e0 l&#8217;adresse suivante: <a href=\"mailto:info@top10casinowebsites.net\"><strong>info@top10casinowebsites.net<\/strong><\/a><\/p>\n<p>Si vous souhaitez que nous ajoutions votre site de casino \u00e0 nos sites class\u00e9s en vedette, vous pouvez nous contacter \u00e0 l&#8217;adresse email suivante: <strong>sales@top10casinowebsites.net<\/strong> et c&#8217;est aussi sur cette adresse e-mail que vous allez nous contacter si vous une question commercial ou de vente.<\/p>\n<p>Nous nous efforcerons de r\u00e9pondre \u00e0 toutes les questions et de r\u00e9pondre \u00e0 tous les courriels aussi rapidement que possible, et nous appliquons une politique de confidentialit\u00e9 stricte et n&#8217;utiliserons jamais votre adresse \u00e9lectronique \u00e0 d&#8217;autres fins que pour r\u00e9pondre \u00e0 votre courrier \u00e9lectronique, vous pouvez consulter notre politique de confidentialit\u00e9 En visitant la page pertinente de ce site pour plus de d\u00e9tails.<\/p>\n\r\n<!-- Super Simple Contact Form -->\r\n<!-- Support URL: http:\/\/shinraholdings.com\/plugins\/super-simple-contact-form\/ -->\r\n\r\n<div class=\"sscf-wrapper\">\r\n\t<form action=\"\" method=\"post\">\r\n\t\t\r\n\t\t<p id=\"sscf-name-wrapper\" class=\"sscf-input-wrapper\">\r\n\t\t\t<label for=\"sscf_name\">Your name:<\/label>\r\n\t\t\t<input type=\"text\" name=\"sscf_name\" id=\"sscf_name\" value=\"\" \/>\r\n\t\t<\/p>\r\n\r\n\t\t<p id=\"sscf-from-wrapper\" class=\"sscf-input-wrapper\">\r\n\t\t\t<label for=\"sscf_from\">Your email:<\/label>\r\n\t\t\t<input type=\"text\" name=\"sscf_from\" id=\"sscf_from\" value=\"\" \/>\r\n\t\t\t<\/p>\r\n\r\n\t\t<p id=\"sscf-subject-wrapper\" class=\"sscf-input-wrapper\">\r\n\t\t\t<label for=\"sscf_subject\">Subject:<\/label>\r\n\t\t\t<input type=\"text\" name=\"sscf_subject\" id=\"sscf_subject\" value=\"\" \/>\r\n\t\t<\/p>\r\n\r\n\t\t<p id=\"sscf-message-wrapper\" class=\"sscf-input-wrapper\">\r\n\t\t\t<label for=\"sscf_message\">Message:<\/label>\r\n\t\t\t<textarea name=\"sscf_message\" id=\"sscf_message\" cols=\"45\" rows=\"5\"><\/textarea>\r\n\t\t<\/p>\r\n\r\n\t\t<p id=\"sscf-submit-wrapper\">\r\n\t\t\t<input type=\"submit\" name=\"submit\" id=\"submit\" value=\"Send\" class=\"sscf-submit\"\/>\r\n\t\t<\/p>\r\n\r\n\t\t<p class=\"sscf-clear\"><\/p>\r\n\r\n\t<\/form>\r\n<\/div><!-- \/.sscf-wrapper -->\r\n\r\n<!-- \/\/ Super Simple Contact Form -->\r\n\n","protected":false},"excerpt":{"rendered":"<p>Vous \u00eates toujours plus que bienvenu pour nous contacter ici sur le Site Web du Top 10 des Sites Web de Casino et nous devons vous proposer deux adresses e-mail sur lesquelles vous pouvez le faire. Si vous avez des questions sur notre site Web ou si vous souhaitez nous donner des revues ou souhaitez [&hellip;]<\/p>\n","protected":false},"author":4,"featured_media":0,"parent":0,"menu_order":0,"comment_status":"closed","ping_status":"closed","template":"","meta":{"_acf_changed":false,"footnotes":""},"class_list":["post-96","page","type-page","status-publish","hentry"],"acf":[],"yoast_head":"<!-- This site is optimized with the Yoast SEO plugin v27.4 - https:\/\/yoast.com\/product\/yoast-seo-wordpress\/ -->\n<title>Contactez-Nous<\/title>\n<meta name=\"description\" content=\"Voici la page Contactez-Nous du site web du Top 10 des Sites web de Casino\" \/>\n<meta name=\"robots\" content=\"index, follow, max-snippet:-1, max-image-preview:large, max-video-preview:-1\" \/>\n<link rel=\"canonical\" href=\"https:\/\/www.top10casinowebsites.net\/fr\/contact-us\/\" \/>\n<meta property=\"og:locale\" content=\"en_US\" \/>\n<meta property=\"og:type\" content=\"article\" \/>\n<meta property=\"og:title\" content=\"Contactez-Nous\" \/>\n<meta property=\"og:description\" content=\"Voici la page Contactez-Nous du site web du Top 10 des Sites web de Casino\" \/>\n<meta property=\"og:url\" content=\"https:\/\/www.top10casinowebsites.net\/fr\/contact-us\/\" \/>\n<meta property=\"og:site_name\" content=\"FR\" \/>\n<meta name=\"twitter:card\" content=\"summary_large_image\" \/>\n<meta name=\"twitter:label1\" content=\"Est. reading time\" \/>\n\t<meta name=\"twitter:data1\" content=\"1 minute\" \/>\n<script type=\"application\/ld+json\" class=\"yoast-schema-graph\">{\"@context\":\"https:\\\/\\\/schema.org\",\"@graph\":[{\"@type\":\"WebPage\",\"@id\":\"https:\\\/\\\/www.top10casinowebsites.net\\\/fr\\\/contact-us\\\/\",\"url\":\"https:\\\/\\\/www.top10casinowebsites.net\\\/fr\\\/contact-us\\\/\",\"name\":\"Contactez-Nous\",\"isPartOf\":{\"@id\":\"https:\\\/\\\/www.top10casinowebsites.net\\\/fr\\\/#website\"},\"datePublished\":\"2017-10-06T18:18:22+00:00\",\"description\":\"Voici la page Contactez-Nous du site web du Top 10 des Sites web de Casino\",\"breadcrumb\":{\"@id\":\"https:\\\/\\\/www.top10casinowebsites.net\\\/fr\\\/contact-us\\\/#breadcrumb\"},\"inLanguage\":\"en-US\",\"potentialAction\":[{\"@type\":\"ReadAction\",\"target\":[\"https:\\\/\\\/www.top10casinowebsites.net\\\/fr\\\/contact-us\\\/\"]}]},{\"@type\":\"BreadcrumbList\",\"@id\":\"https:\\\/\\\/www.top10casinowebsites.net\\\/fr\\\/contact-us\\\/#breadcrumb\",\"itemListElement\":[{\"@type\":\"ListItem\",\"position\":1,\"name\":\"Home\",\"item\":\"https:\\\/\\\/www.top10casinowebsites.net\\\/fr\\\/\"},{\"@type\":\"ListItem\",\"position\":2,\"name\":\"Contactez-Nous\"}]},{\"@type\":\"WebSite\",\"@id\":\"https:\\\/\\\/www.top10casinowebsites.net\\\/fr\\\/#website\",\"url\":\"https:\\\/\\\/www.top10casinowebsites.net\\\/fr\\\/\",\"name\":\"FR\",\"description\":\"Just another Sites site\",\"potentialAction\":[{\"@type\":\"SearchAction\",\"target\":{\"@type\":\"EntryPoint\",\"urlTemplate\":\"https:\\\/\\\/www.top10casinowebsites.net\\\/fr\\\/?s={search_term_string}\"},\"query-input\":{\"@type\":\"PropertyValueSpecification\",\"valueRequired\":true,\"valueName\":\"search_term_string\"}}],\"inLanguage\":\"en-US\"}]}<\/script>\n<!-- \/ Yoast SEO plugin. -->","yoast_head_json":{"title":"Contactez-Nous","description":"Voici la page Contactez-Nous du site web du Top 10 des Sites web de Casino","robots":{"index":"index","follow":"follow","max-snippet":"max-snippet:-1","max-image-preview":"max-image-preview:large","max-video-preview":"max-video-preview:-1"},"canonical":"https:\/\/www.top10casinowebsites.net\/fr\/contact-us\/","og_locale":"en_US","og_type":"article","og_title":"Contactez-Nous","og_description":"Voici la page Contactez-Nous du site web du Top 10 des Sites web de Casino","og_url":"https:\/\/www.top10casinowebsites.net\/fr\/contact-us\/","og_site_name":"FR","twitter_card":"summary_large_image","twitter_misc":{"Est. reading time":"1 minute"},"schema":{"@context":"https:\/\/schema.org","@graph":[{"@type":"WebPage","@id":"https:\/\/www.top10casinowebsites.net\/fr\/contact-us\/","url":"https:\/\/www.top10casinowebsites.net\/fr\/contact-us\/","name":"Contactez-Nous","isPartOf":{"@id":"https:\/\/www.top10casinowebsites.net\/fr\/#website"},"datePublished":"2017-10-06T18:18:22+00:00","description":"Voici la page Contactez-Nous du site web du Top 10 des Sites web de Casino","breadcrumb":{"@id":"https:\/\/www.top10casinowebsites.net\/fr\/contact-us\/#breadcrumb"},"inLanguage":"en-US","potentialAction":[{"@type":"ReadAction","target":["https:\/\/www.top10casinowebsites.net\/fr\/contact-us\/"]}]},{"@type":"BreadcrumbList","@id":"https:\/\/www.top10casinowebsites.net\/fr\/contact-us\/#breadcrumb","itemListElement":[{"@type":"ListItem","position":1,"name":"Home","item":"https:\/\/www.top10casinowebsites.net\/fr\/"},{"@type":"ListItem","position":2,"name":"Contactez-Nous"}]},{"@type":"WebSite","@id":"https:\/\/www.top10casinowebsites.net\/fr\/#website","url":"https:\/\/www.top10casinowebsites.net\/fr\/","name":"FR","description":"Just another Sites site","potentialAction":[{"@type":"SearchAction","target":{"@type":"EntryPoint","urlTemplate":"https:\/\/www.top10casinowebsites.net\/fr\/?s={search_term_string}"},"query-input":{"@type":"PropertyValueSpecification","valueRequired":true,"valueName":"search_term_string"}}],"inLanguage":"en-US"}]}},"_links":{"self":[{"href":"https:\/\/www.top10casinowebsites.net\/fr\/wp-json\/wp\/v2\/pages\/96","targetHints":{"allow":["GET"]}}],"collection":[{"href":"https:\/\/www.top10casinowebsites.net\/fr\/wp-json\/wp\/v2\/pages"}],"about":[{"href":"https:\/\/www.top10casinowebsites.net\/fr\/wp-json\/wp\/v2\/types\/page"}],"author":[{"embeddable":true,"href":"https:\/\/www.top10casinowebsites.net\/fr\/wp-json\/wp\/v2\/users\/4"}],"replies":[{"embeddable":true,"href":"https:\/\/www.top10casinowebsites.net\/fr\/wp-json\/wp\/v2\/comments?post=96"}],"version-history":[{"count":0,"href":"https:\/\/www.top10casinowebsites.net\/fr\/wp-json\/wp\/v2\/pages\/96\/revisions"}],"wp:attachment":[{"href":"https:\/\/www.top10casinowebsites.net\/fr\/wp-json\/wp\/v2\/media?parent=96"}],"curies":[{"name":"wp","href":"https:\/\/api.w.org\/{rel}","templated":true}]}}