{"id":97,"date":"2017-10-06T18:20:34","date_gmt":"2017-10-06T18:20:34","guid":{"rendered":"https:\/\/www.top10casinowebsites.net\/fr\/?page_id=97"},"modified":"2017-10-06T18:20:34","modified_gmt":"2017-10-06T18:20:34","slug":"politique-de-confidentialite","status":"publish","type":"page","link":"https:\/\/www.top10casinowebsites.net\/fr\/politique-de-confidentialite\/","title":{"rendered":"Politique de Confidentialit\u00e9"},"content":{"rendered":"<p>Tous les visiteurs de notre site Web peuvent \u00eatre assur\u00e9s que nous prenons votre vie priv\u00e9e tr\u00e8s au s\u00e9rieux et, en tant que tel, lorsque vous visitez notre site Web, il ne vous sera jamais demand\u00e9 de vous inscrire pour acc\u00e9der \u00e0 une partie de celui-ci et cela signifie \u00e9videmment que vous \u00eates libre d&#8217;aller et venir comme vous le souhaitez, tout \u00e7a dans l\u2019anonymat.<\/p>\n<p>Nous aimerions \u00e9galement mentionner que si vous souhaitez nous contacter pour quelque raison que ce soit, vous trouverez les coordonn\u00e9es dans la section Contact de ce site, nous n&#8217;utiliserons jamais votre adresse \u00e9lectronique \u00e0 d&#8217;autres fins que pour r\u00e9pondre \u00e0 toutes les questions que vous avez pos\u00e9s.<\/p>\n<p>Nous ne vous enverrons jamais de mat\u00e9riel marketing ou publicitaire par courrier \u00e9lectronique et nous n&#8217;allons jamais vous inscrire pour utiliser une partie de notre site. Le site Web de chaque tiers auquel nous avons des liens ou des r\u00e9f\u00e9rences sur ce site Web aura ses propres politiques de confidentialit\u00e9 sur ses sites afin de vous familiariser avec eux si vous choisissez de visiter un tel site.<\/p>\n","protected":false},"excerpt":{"rendered":"<p>Tous les visiteurs de notre site Web peuvent \u00eatre assur\u00e9s que nous prenons votre vie priv\u00e9e tr\u00e8s au s\u00e9rieux et, en tant que tel, lorsque vous visitez notre site Web, il ne vous sera jamais demand\u00e9 de vous inscrire pour acc\u00e9der \u00e0 une partie de celui-ci et cela signifie \u00e9videmment que vous \u00eates libre d&#8217;aller [&hellip;]<\/p>\n","protected":false},"author":4,"featured_media":0,"parent":0,"menu_order":0,"comment_status":"closed","ping_status":"closed","template":"","meta":{"_acf_changed":false,"footnotes":""},"class_list":["post-97","page","type-page","status-publish","hentry"],"acf":[],"yoast_head":"<!-- This site is optimized with the Yoast SEO plugin v27.4 - https:\/\/yoast.com\/product\/yoast-seo-wordpress\/ -->\n<title>Politique de Confidentialit\u00e9<\/title>\n<meta name=\"description\" content=\"Voici la page Politique de Confidentialit\u00e9 du site web du top 10 des Sites Web de casino\" \/>\n<meta name=\"robots\" content=\"index, follow, max-snippet:-1, max-image-preview:large, max-video-preview:-1\" \/>\n<link rel=\"canonical\" href=\"https:\/\/www.top10casinowebsites.net\/fr\/politique-de-confidentialite\/\" \/>\n<meta property=\"og:locale\" content=\"en_US\" \/>\n<meta property=\"og:type\" content=\"article\" \/>\n<meta property=\"og:title\" content=\"Politique de Confidentialit\u00e9\" \/>\n<meta property=\"og:description\" content=\"Voici la page Politique de Confidentialit\u00e9 du site web du top 10 des Sites Web de casino\" \/>\n<meta property=\"og:url\" content=\"https:\/\/www.top10casinowebsites.net\/fr\/politique-de-confidentialite\/\" \/>\n<meta property=\"og:site_name\" content=\"FR\" \/>\n<meta name=\"twitter:card\" content=\"summary_large_image\" \/>\n<meta name=\"twitter:label1\" content=\"Est. reading time\" \/>\n\t<meta name=\"twitter:data1\" content=\"1 minute\" \/>\n<script type=\"application\/ld+json\" class=\"yoast-schema-graph\">{\"@context\":\"https:\\\/\\\/schema.org\",\"@graph\":[{\"@type\":\"WebPage\",\"@id\":\"https:\\\/\\\/www.top10casinowebsites.net\\\/fr\\\/politique-de-confidentialite\\\/\",\"url\":\"https:\\\/\\\/www.top10casinowebsites.net\\\/fr\\\/politique-de-confidentialite\\\/\",\"name\":\"Politique de Confidentialit\u00e9\",\"isPartOf\":{\"@id\":\"https:\\\/\\\/www.top10casinowebsites.net\\\/fr\\\/#website\"},\"datePublished\":\"2017-10-06T18:20:34+00:00\",\"description\":\"Voici la page Politique de Confidentialit\u00e9 du site web du top 10 des Sites Web de casino\",\"breadcrumb\":{\"@id\":\"https:\\\/\\\/www.top10casinowebsites.net\\\/fr\\\/politique-de-confidentialite\\\/#breadcrumb\"},\"inLanguage\":\"en-US\",\"potentialAction\":[{\"@type\":\"ReadAction\",\"target\":[\"https:\\\/\\\/www.top10casinowebsites.net\\\/fr\\\/politique-de-confidentialite\\\/\"]}]},{\"@type\":\"BreadcrumbList\",\"@id\":\"https:\\\/\\\/www.top10casinowebsites.net\\\/fr\\\/politique-de-confidentialite\\\/#breadcrumb\",\"itemListElement\":[{\"@type\":\"ListItem\",\"position\":1,\"name\":\"Home\",\"item\":\"https:\\\/\\\/www.top10casinowebsites.net\\\/fr\\\/\"},{\"@type\":\"ListItem\",\"position\":2,\"name\":\"Politique de Confidentialit\u00e9\"}]},{\"@type\":\"WebSite\",\"@id\":\"https:\\\/\\\/www.top10casinowebsites.net\\\/fr\\\/#website\",\"url\":\"https:\\\/\\\/www.top10casinowebsites.net\\\/fr\\\/\",\"name\":\"FR\",\"description\":\"Just another Sites site\",\"potentialAction\":[{\"@type\":\"SearchAction\",\"target\":{\"@type\":\"EntryPoint\",\"urlTemplate\":\"https:\\\/\\\/www.top10casinowebsites.net\\\/fr\\\/?s={search_term_string}\"},\"query-input\":{\"@type\":\"PropertyValueSpecification\",\"valueRequired\":true,\"valueName\":\"search_term_string\"}}],\"inLanguage\":\"en-US\"}]}<\/script>\n<!-- \/ Yoast SEO plugin. -->","yoast_head_json":{"title":"Politique de Confidentialit\u00e9","description":"Voici la page Politique de Confidentialit\u00e9 du site web du top 10 des Sites Web de casino","robots":{"index":"index","follow":"follow","max-snippet":"max-snippet:-1","max-image-preview":"max-image-preview:large","max-video-preview":"max-video-preview:-1"},"canonical":"https:\/\/www.top10casinowebsites.net\/fr\/politique-de-confidentialite\/","og_locale":"en_US","og_type":"article","og_title":"Politique de Confidentialit\u00e9","og_description":"Voici la page Politique de Confidentialit\u00e9 du site web du top 10 des Sites Web de casino","og_url":"https:\/\/www.top10casinowebsites.net\/fr\/politique-de-confidentialite\/","og_site_name":"FR","twitter_card":"summary_large_image","twitter_misc":{"Est. reading time":"1 minute"},"schema":{"@context":"https:\/\/schema.org","@graph":[{"@type":"WebPage","@id":"https:\/\/www.top10casinowebsites.net\/fr\/politique-de-confidentialite\/","url":"https:\/\/www.top10casinowebsites.net\/fr\/politique-de-confidentialite\/","name":"Politique de Confidentialit\u00e9","isPartOf":{"@id":"https:\/\/www.top10casinowebsites.net\/fr\/#website"},"datePublished":"2017-10-06T18:20:34+00:00","description":"Voici la page Politique de Confidentialit\u00e9 du site web du top 10 des Sites Web de casino","breadcrumb":{"@id":"https:\/\/www.top10casinowebsites.net\/fr\/politique-de-confidentialite\/#breadcrumb"},"inLanguage":"en-US","potentialAction":[{"@type":"ReadAction","target":["https:\/\/www.top10casinowebsites.net\/fr\/politique-de-confidentialite\/"]}]},{"@type":"BreadcrumbList","@id":"https:\/\/www.top10casinowebsites.net\/fr\/politique-de-confidentialite\/#breadcrumb","itemListElement":[{"@type":"ListItem","position":1,"name":"Home","item":"https:\/\/www.top10casinowebsites.net\/fr\/"},{"@type":"ListItem","position":2,"name":"Politique de Confidentialit\u00e9"}]},{"@type":"WebSite","@id":"https:\/\/www.top10casinowebsites.net\/fr\/#website","url":"https:\/\/www.top10casinowebsites.net\/fr\/","name":"FR","description":"Just another Sites site","potentialAction":[{"@type":"SearchAction","target":{"@type":"EntryPoint","urlTemplate":"https:\/\/www.top10casinowebsites.net\/fr\/?s={search_term_string}"},"query-input":{"@type":"PropertyValueSpecification","valueRequired":true,"valueName":"search_term_string"}}],"inLanguage":"en-US"}]}},"_links":{"self":[{"href":"https:\/\/www.top10casinowebsites.net\/fr\/wp-json\/wp\/v2\/pages\/97","targetHints":{"allow":["GET"]}}],"collection":[{"href":"https:\/\/www.top10casinowebsites.net\/fr\/wp-json\/wp\/v2\/pages"}],"about":[{"href":"https:\/\/www.top10casinowebsites.net\/fr\/wp-json\/wp\/v2\/types\/page"}],"author":[{"embeddable":true,"href":"https:\/\/www.top10casinowebsites.net\/fr\/wp-json\/wp\/v2\/users\/4"}],"replies":[{"embeddable":true,"href":"https:\/\/www.top10casinowebsites.net\/fr\/wp-json\/wp\/v2\/comments?post=97"}],"version-history":[{"count":0,"href":"https:\/\/www.top10casinowebsites.net\/fr\/wp-json\/wp\/v2\/pages\/97\/revisions"}],"wp:attachment":[{"href":"https:\/\/www.top10casinowebsites.net\/fr\/wp-json\/wp\/v2\/media?parent=97"}],"curies":[{"name":"wp","href":"https:\/\/api.w.org\/{rel}","templated":true}]}}