{"id":98,"date":"2017-10-06T18:22:46","date_gmt":"2017-10-06T18:22:46","guid":{"rendered":"https:\/\/www.top10casinowebsites.net\/fr\/?page_id=98"},"modified":"2017-10-06T18:22:46","modified_gmt":"2017-10-06T18:22:46","slug":"conditions-generales-dutilisation","status":"publish","type":"page","link":"https:\/\/www.top10casinowebsites.net\/fr\/conditions-generales-dutilisation\/","title":{"rendered":"Conditions G\u00e9n\u00e9rales d\u2019Utilisation"},"content":{"rendered":"<p>Vous \u00eates libre de visiter et d&#8217;acc\u00e9der \u00e0 notre site Web \u00e0 tout moment, mais sachez que toutes les images, le contenu et la mise en page de ce site sont prot\u00e9g\u00e9s par des droits d&#8217;auteur et, en tant que tels, vous ne pouvez pas utiliser ou copier n&#8217;importe quel aspect de notre site Web sans d&#8217;abord obtenir notre approbation. Si vous souhaitez nous contacter par rapport \u00e0 cela, nos d\u00e9tails peuvent \u00eatre trouv\u00e9s sur notre page de contact.<\/p>\n<p>Soyez \u00e9galement conscient que nous appliquons une politique de confidentialit\u00e9 tr\u00e8s stricte qui peut \u00eatre revue en cliquant sur le lien respectif, mais tous les sites tiers dont nous pourrions avoir des liens auront leurs propres politiques de confidentialit\u00e9 en place et, en tant que tels, nous ne pouvons \u00eatre responsables pour les sites tiers auxquels nous pouvons avoir des liens.<\/p>\n<p>Soyez conscient que si vous choisissez de jouer en ligne sur l&#8217;un de nos sites Web pr\u00e9sent\u00e9s, il existe un \u00e9l\u00e9ment de risque impliqu\u00e9 et, en tant que tel, vous ne devriez jamais jouer avec de l&#8217;argent dont vous ne pourrez pas \u00eatre confortable \u00e0 perdre.<\/p>\n","protected":false},"excerpt":{"rendered":"<p>Vous \u00eates libre de visiter et d&#8217;acc\u00e9der \u00e0 notre site Web \u00e0 tout moment, mais sachez que toutes les images, le contenu et la mise en page de ce site sont prot\u00e9g\u00e9s par des droits d&#8217;auteur et, en tant que tels, vous ne pouvez pas utiliser ou copier n&#8217;importe quel aspect de notre site Web [&hellip;]<\/p>\n","protected":false},"author":4,"featured_media":0,"parent":0,"menu_order":0,"comment_status":"closed","ping_status":"closed","template":"","meta":{"_acf_changed":false,"footnotes":""},"class_list":["post-98","page","type-page","status-publish","hentry"],"acf":[],"yoast_head":"<!-- This site is optimized with the Yoast SEO plugin v27.4 - https:\/\/yoast.com\/product\/yoast-seo-wordpress\/ -->\n<title>Conditions G\u00e9n\u00e9rales d\u2019Utilisation<\/title>\n<meta name=\"description\" content=\"Voici la page Conditions G\u00e9n\u00e9rales d\u2019Utilisation du site web du top 10 des sites web de Casino\" \/>\n<meta name=\"robots\" content=\"index, follow, max-snippet:-1, max-image-preview:large, max-video-preview:-1\" \/>\n<link rel=\"canonical\" href=\"https:\/\/www.top10casinowebsites.net\/fr\/conditions-generales-dutilisation\/\" \/>\n<meta property=\"og:locale\" content=\"en_US\" \/>\n<meta property=\"og:type\" content=\"article\" \/>\n<meta property=\"og:title\" content=\"Conditions G\u00e9n\u00e9rales d\u2019Utilisation\" \/>\n<meta property=\"og:description\" content=\"Voici la page Conditions G\u00e9n\u00e9rales d\u2019Utilisation du site web du top 10 des sites web de Casino\" \/>\n<meta property=\"og:url\" content=\"https:\/\/www.top10casinowebsites.net\/fr\/conditions-generales-dutilisation\/\" \/>\n<meta property=\"og:site_name\" content=\"FR\" \/>\n<meta name=\"twitter:card\" content=\"summary_large_image\" \/>\n<meta name=\"twitter:label1\" content=\"Est. reading time\" \/>\n\t<meta name=\"twitter:data1\" content=\"1 minute\" \/>\n<script type=\"application\/ld+json\" class=\"yoast-schema-graph\">{\"@context\":\"https:\\\/\\\/schema.org\",\"@graph\":[{\"@type\":\"WebPage\",\"@id\":\"https:\\\/\\\/www.top10casinowebsites.net\\\/fr\\\/conditions-generales-dutilisation\\\/\",\"url\":\"https:\\\/\\\/www.top10casinowebsites.net\\\/fr\\\/conditions-generales-dutilisation\\\/\",\"name\":\"Conditions G\u00e9n\u00e9rales d\u2019Utilisation\",\"isPartOf\":{\"@id\":\"https:\\\/\\\/www.top10casinowebsites.net\\\/fr\\\/#website\"},\"datePublished\":\"2017-10-06T18:22:46+00:00\",\"description\":\"Voici la page Conditions G\u00e9n\u00e9rales d\u2019Utilisation du site web du top 10 des sites web de Casino\",\"breadcrumb\":{\"@id\":\"https:\\\/\\\/www.top10casinowebsites.net\\\/fr\\\/conditions-generales-dutilisation\\\/#breadcrumb\"},\"inLanguage\":\"en-US\",\"potentialAction\":[{\"@type\":\"ReadAction\",\"target\":[\"https:\\\/\\\/www.top10casinowebsites.net\\\/fr\\\/conditions-generales-dutilisation\\\/\"]}]},{\"@type\":\"BreadcrumbList\",\"@id\":\"https:\\\/\\\/www.top10casinowebsites.net\\\/fr\\\/conditions-generales-dutilisation\\\/#breadcrumb\",\"itemListElement\":[{\"@type\":\"ListItem\",\"position\":1,\"name\":\"Home\",\"item\":\"https:\\\/\\\/www.top10casinowebsites.net\\\/fr\\\/\"},{\"@type\":\"ListItem\",\"position\":2,\"name\":\"Conditions G\u00e9n\u00e9rales d\u2019Utilisation\"}]},{\"@type\":\"WebSite\",\"@id\":\"https:\\\/\\\/www.top10casinowebsites.net\\\/fr\\\/#website\",\"url\":\"https:\\\/\\\/www.top10casinowebsites.net\\\/fr\\\/\",\"name\":\"FR\",\"description\":\"Just another Sites site\",\"potentialAction\":[{\"@type\":\"SearchAction\",\"target\":{\"@type\":\"EntryPoint\",\"urlTemplate\":\"https:\\\/\\\/www.top10casinowebsites.net\\\/fr\\\/?s={search_term_string}\"},\"query-input\":{\"@type\":\"PropertyValueSpecification\",\"valueRequired\":true,\"valueName\":\"search_term_string\"}}],\"inLanguage\":\"en-US\"}]}<\/script>\n<!-- \/ Yoast SEO plugin. -->","yoast_head_json":{"title":"Conditions G\u00e9n\u00e9rales d\u2019Utilisation","description":"Voici la page Conditions G\u00e9n\u00e9rales d\u2019Utilisation du site web du top 10 des sites web de Casino","robots":{"index":"index","follow":"follow","max-snippet":"max-snippet:-1","max-image-preview":"max-image-preview:large","max-video-preview":"max-video-preview:-1"},"canonical":"https:\/\/www.top10casinowebsites.net\/fr\/conditions-generales-dutilisation\/","og_locale":"en_US","og_type":"article","og_title":"Conditions G\u00e9n\u00e9rales d\u2019Utilisation","og_description":"Voici la page Conditions G\u00e9n\u00e9rales d\u2019Utilisation du site web du top 10 des sites web de Casino","og_url":"https:\/\/www.top10casinowebsites.net\/fr\/conditions-generales-dutilisation\/","og_site_name":"FR","twitter_card":"summary_large_image","twitter_misc":{"Est. reading time":"1 minute"},"schema":{"@context":"https:\/\/schema.org","@graph":[{"@type":"WebPage","@id":"https:\/\/www.top10casinowebsites.net\/fr\/conditions-generales-dutilisation\/","url":"https:\/\/www.top10casinowebsites.net\/fr\/conditions-generales-dutilisation\/","name":"Conditions G\u00e9n\u00e9rales d\u2019Utilisation","isPartOf":{"@id":"https:\/\/www.top10casinowebsites.net\/fr\/#website"},"datePublished":"2017-10-06T18:22:46+00:00","description":"Voici la page Conditions G\u00e9n\u00e9rales d\u2019Utilisation du site web du top 10 des sites web de Casino","breadcrumb":{"@id":"https:\/\/www.top10casinowebsites.net\/fr\/conditions-generales-dutilisation\/#breadcrumb"},"inLanguage":"en-US","potentialAction":[{"@type":"ReadAction","target":["https:\/\/www.top10casinowebsites.net\/fr\/conditions-generales-dutilisation\/"]}]},{"@type":"BreadcrumbList","@id":"https:\/\/www.top10casinowebsites.net\/fr\/conditions-generales-dutilisation\/#breadcrumb","itemListElement":[{"@type":"ListItem","position":1,"name":"Home","item":"https:\/\/www.top10casinowebsites.net\/fr\/"},{"@type":"ListItem","position":2,"name":"Conditions G\u00e9n\u00e9rales d\u2019Utilisation"}]},{"@type":"WebSite","@id":"https:\/\/www.top10casinowebsites.net\/fr\/#website","url":"https:\/\/www.top10casinowebsites.net\/fr\/","name":"FR","description":"Just another Sites site","potentialAction":[{"@type":"SearchAction","target":{"@type":"EntryPoint","urlTemplate":"https:\/\/www.top10casinowebsites.net\/fr\/?s={search_term_string}"},"query-input":{"@type":"PropertyValueSpecification","valueRequired":true,"valueName":"search_term_string"}}],"inLanguage":"en-US"}]}},"_links":{"self":[{"href":"https:\/\/www.top10casinowebsites.net\/fr\/wp-json\/wp\/v2\/pages\/98","targetHints":{"allow":["GET"]}}],"collection":[{"href":"https:\/\/www.top10casinowebsites.net\/fr\/wp-json\/wp\/v2\/pages"}],"about":[{"href":"https:\/\/www.top10casinowebsites.net\/fr\/wp-json\/wp\/v2\/types\/page"}],"author":[{"embeddable":true,"href":"https:\/\/www.top10casinowebsites.net\/fr\/wp-json\/wp\/v2\/users\/4"}],"replies":[{"embeddable":true,"href":"https:\/\/www.top10casinowebsites.net\/fr\/wp-json\/wp\/v2\/comments?post=98"}],"version-history":[{"count":0,"href":"https:\/\/www.top10casinowebsites.net\/fr\/wp-json\/wp\/v2\/pages\/98\/revisions"}],"wp:attachment":[{"href":"https:\/\/www.top10casinowebsites.net\/fr\/wp-json\/wp\/v2\/media?parent=98"}],"curies":[{"name":"wp","href":"https:\/\/api.w.org\/{rel}","templated":true}]}}