{"id":99,"date":"2017-10-06T18:27:32","date_gmt":"2017-10-06T18:27:32","guid":{"rendered":"https:\/\/www.top10casinowebsites.net\/fr\/?page_id=99"},"modified":"2024-01-17T12:44:32","modified_gmt":"2024-01-17T12:44:32","slug":"casinos","status":"publish","type":"page","link":"https:\/\/www.top10casinowebsites.net\/fr\/casinos\/","title":{"rendered":"Top 10 des Casinos en Ligne de Gain R\u00e9el en 2020"},"content":{"rendered":"<p><img loading=\"lazy\" decoding=\"async\" class=\"alignleft\" src=\"https:\/\/static.top10casinowebsites.net\/images\/flags\/online-casino-world.jpg\" alt=\"Online Casinos\" width=\"250\" height=\"200\" \/><\/p>\n<p>Pour vous assurer d&#8217;avoir une gamme de sites de casino sur lesquels vous pouvez jouer en tant que joueur d&#8217;argent r\u00e9el, tous les jeux de machines \u00e0 sous que nous avons examin\u00e9s et disponibles en tant que jeux gratuits sur notre site Web, nous avons une s\u00e9lection compl\u00e8te d&#8217;examens de casino en ligne que nous aimerions regarder de pr\u00e8s.<\/p>\n<p>Cependant, avant de le faire, nous souhaitons vous \u00e9claircir sur nos crit\u00e8res stricts que nous utilisons pour choisir les casinos \u00e0 pr\u00e9senter \u00e0 chacun de nos visiteurs du site, car nous ne choisissons pas simplement les sites de casino afin de promouvoir!<\/p>\n<h2 id=\"topcasinos\">LE TOP 10 DES SITES WEB DE CASINO<\/h2>\n<p><div class=\"grid-contents\" id=\"grid-contents\"><table class=\"cas_table\" ><tbody><tr class=\"rank-1\">\n                                <td class=\"ranking\">1<\/td>\n                                <td class=\"brandcol\">\n                                    <a href=https:\/\/www.top10casinowebsites.net\/fr\/review\/888-casino\/ class=\"brand brand-bg\"><img loading=\"lazy\" decoding=\"async\" class=\"group list-group-image\" src=\"https:\/\/static.top10casinowebsites.net\/images\/casino-rooms\/888-casino-logo.png\" width=\"200\" height=\"128\"\/><\/a>\n                                <\/td>\n                                <td class=\"bonus\" data-title=\"Bonus\">\n\t\t\t\t\t               <p class=\"bonus-text\"><strong>$888<\/strong>Welcome Bonus <br>(<a href=\"https:\/\/www.top10casinowebsites.net\/fr\/review\/888-casino\/\">T&Cs apply, 18+<\/a>)<\/p>\n\t\t\t\t                <\/td>\n\t\t\t\t\t            <td class=\"badge_game\" data-title=\"Rating\">\n                                    <div class=\"rating\"><strong>5<\/strong>\/5<\/div>\n                                    <div class=\"rating stars\" style=\"margin-top: 5px;\"><span class=\"icon icon-stars\"><span class=\"icon-stars green\" style=\"width: 100%;\"><\/span><\/span><\/div>\n\t\t\t\t\t            <\/td>\n                               \n                                <td class=\"play\">\n\t\t\t\t\t               <a class=\"button-gold\" rel=\"nofollow\" href=\"https:\/\/www.top10casinowebsites.net\/fr\/review\/888-casino\/\">Visit<\/a>\n\t                               <div class=\"\">\n\t\t\t\t\t                   <a class=\"review-snippet-link-play-now-col\" href=\"https:\/\/www.top10casinowebsites.net\/fr\/review\/888-casino\/\">Read Review<\/a>\n\t\t\t\t\t               <\/div>\n\t\t\t\t\t           <\/td>\n     \t\t\t\t        <\/tr><\/tbody><\/table><\/div><br \/>\nVous trouverez ci-dessous un aper\u00e7u de l&#8217;ensemble des conditions, de notre liste de contr\u00f4le et d&#8217;une s\u00e9rie d&#8217;autres choses que nous recherchons et demandons \u00e0 n&#8217;importe quel site de casino que nous avons choisi de r\u00e9pertorier sur notre site Web, afin de garantir que, quel que soit celui que vous choisirez vous aller profiter de l\u2019aventure sans aucun stresse.<\/p>\n<h2>Classements des Casinos en Ligne<\/h2>\n<p>Une chose dont nous avons tendance \u00e0 nous \u00e9loigner et de donner \u00e0 chacun des sites de casino que vous trouvez sur ce site n\u2019importe quel type classement. La raison \u00e0 cela est que chaque site de casino que vous trouverez pr\u00e9sent\u00e9 et not\u00e9 a exc\u00e9d\u00e9 nos crit\u00e8res list\u00e9s, ce qui veut dire qu\u2019en tant que joueur, vous trouverez que chacun d\u2019eux ira au-del\u00e0 de vos attentes.<\/p>\n<p>Comme il existe un certain nombre de diff\u00e9rentes autorit\u00e9s de licence de casino et de commissions de pari , une autre chose \u00e0 garder \u00e0 l&#8217;esprit est que chaque casino que nous proposons est enti\u00e8rement autoris\u00e9 et, en tant que tel, les jeux que vous jouerez sont \u00e9quitables et chacun d&#8217;eux est r\u00e9glement\u00e9 conform\u00e9ment aux normes de l&#8217;industrie.<\/p>\n<h2>L\u00e9galit\u00e9 du Pari en Ligne<\/h2>\n<p>Il y a deux choses dont vous devez \u00eatre conscient en ce qui concerne la l\u00e9galit\u00e9 du jeu en ligne selon votre pays\/r\u00e9gion\/Etat dans le monde. Tout d&#8217;abord, vous devrez avoir l\u2019\u00e2ge minimum requis pour vous enregistrer, d\u00e9poser et jouer sur tout site de casino que nous avions not\u00e9.<\/p>\n<p>Deuxi\u00e8mement, cela d\u00e9pendra de l&#8217;endroit o\u00f9 vous vivez dans le monde pour d\u00e9terminer si vous pourrez l\u00e9galement jouer en ligne. En tant que tel, nous avons divis\u00e9 plusieurs des critiques de casino que nous avons compil\u00e9es et plac\u00e9es sur notre site Web dans diff\u00e9rentes sections sp\u00e9cifiques au pays, ce qui permettra de trouver un site de casino qui est sous licence dans votre pays de r\u00e9sidence beaucoup plus facilement.<\/p>\n<h2>Plateforme et Technologie de Paris<\/h2>\n<p>Tous les jeux de casino que vous trouverez disponibles sur l&#8217;un des sites de casino que nous avons examin\u00e9s ont \u00e9t\u00e9 fournis une fois de plus par un fournisseur de jeux, mais chaque jeu a \u00e9t\u00e9 test\u00e9 de mani\u00e8re ind\u00e9pendante et certifi\u00e9 comme \u00e9tant des jeux de hasard totalement al\u00e9atoires.<\/p>\n<p>Vous constaterez \u00e9galement que les g\u00e9n\u00e9rateurs de nombres al\u00e9atoires qui sont utilis\u00e9s pour d\u00e9terminer chaque jeu ont \u00e9galement \u00e9t\u00e9 certifi\u00e9s comme produisant des \u00e9v\u00e9nements compl\u00e8tement al\u00e9atoires et impr\u00e9visibles, de sorte que chaque jeu que vous jouez fonctionnera en fonction de ses r\u00e8gles de jeu et des gains qui peuvent \u00eatre obtenus.<\/p>\n<p>Vous aurez trois mani\u00e8res diff\u00e9rentes d&#8217;acc\u00e9der aux jeux de casino disponibles sur n&#8217;importe quel site de casino en ligne r\u00e9vis\u00e9. Vous pourrez les jouer via une plate-forme de jeux mobiles via une application ou via un navigateur Web mobile, ou vous pouvez acc\u00e9der \u00e0 ces jeux par une plate-forme de jeux enti\u00e8rement t\u00e9l\u00e9chargeable ou par une plate-forme de jeux instantan\u00e9e compatible avec le navigateur Web.<\/p>\n<h2>Jeux<\/h2>\n<p>Quel que soit le type de jeu de casino que vous recherchez, nous sommes plus que confiants que vous trouverez ces jeux disponibles sur n&#8217;importe quel casino r\u00e9vis\u00e9 et pr\u00e9sent\u00e9. Les jeux seront r\u00e9pertori\u00e9s dans chaque cat\u00e9gorie de jeux sur le site de casino respectif sur lequel vous choisirez de jouer et il y aura \u00e9galement plusieurs variantes diff\u00e9rentes de la m\u00eame cat\u00e9gorie de jeu.<\/p>\n<p>Pour se conformer \u00e0 la l\u00e9galisation actuelle des jeux exig\u00e9e de plusieurs pays diff\u00e9rents, vous pouvez \u00e9galement trouver les RTP \u00e0 long terme attendus et \/ ou le foyer de chaque jeu de casino et chaque variante de jeu de casino r\u00e9pertori\u00e9e quelque part sur le site de sites de casino que vous jouez.<\/p>\n<h2>Casinos Mobile<\/h2>\n<p>Car beaucoup de sites de casino en ligne ont commenc\u00e9 \u00e0 lancer leur propre site de casino mobile autonome, vous trouverez \u00e9galement dans tout notre site Web une liste de revues des casinos mobiles. Tout comme leurs homologues en ligne, ils sont soumis \u00e0 la m\u00eame r\u00e9glementation et chaque casino mobile r\u00e9pertori\u00e9 et examin\u00e9 sera \u00e9galement autoris\u00e9 et r\u00e9glement\u00e9.<\/p>\n<p>Cela d\u00e9pendra juste de quel site de casino mobile vous vous inscrivez pour savoir si les plates-formes de jeux mobiles et les applications de casino seront compatibles avec le type d&#8217;appareil mobile que vous poss\u00e9dez ou avez \u00e9galement acc\u00e8s, mais la plupart des appareils mobiles \u00e0 \u00e9cran tactile seront compatibles avec la plupart des plates-formes de jeux.<\/p>\n<h2>Jackpots<\/h2>\n<p>Vous avez la possibilit\u00e9 de jouer au jackpot progressif qui accorde des jeux de casino \u00e0 tous nos sites de casino en ligne. Notez cependant que la fa\u00e7on dont ces jackpots seront pay\u00e9s avec vous d\u00e9pend des termes et conditions rattach\u00e9s au site de casino sur lequel vous avez choisi de jouer.<\/p>\n<p>Certains casinos rembourseront les paiements de jackpot en une somme forfaitaire une fois que le jackpot a \u00e9t\u00e9 v\u00e9rifi\u00e9, tandis qu&#8217;un autre casino peut vous envoyer un paiement de jackpot au prix \u00e9gal quotidien, hebdomadaire ou mensuel.<\/p>\n","protected":false},"excerpt":{"rendered":"<p>Pour vous assurer d&#8217;avoir une gamme de sites de casino sur lesquels vous pouvez jouer en tant que joueur d&#8217;argent r\u00e9el, tous les jeux de machines \u00e0 sous que nous avons examin\u00e9s et disponibles en tant que jeux gratuits sur notre site Web, nous avons une s\u00e9lection compl\u00e8te d&#8217;examens de casino en ligne que nous [&hellip;]<\/p>\n","protected":false},"author":4,"featured_media":0,"parent":0,"menu_order":0,"comment_status":"closed","ping_status":"closed","template":"","meta":{"_acf_changed":false,"footnotes":""},"class_list":["post-99","page","type-page","status-publish","hentry"],"acf":[],"yoast_head":"<!-- This site is optimized with the Yoast SEO plugin v27.4 - https:\/\/yoast.com\/product\/yoast-seo-wordpress\/ -->\n<title>Top 10 des Casinos en Ligne de Gain R\u00e9el en 2019<\/title>\n<meta name=\"description\" content=\"Retrouvez la liste des meilleurs casinos de gain r\u00e9el \u00e0 essayer. Choisissez le meilleur site de casino sur lequel vous pouvez jouer partout dans le monde.\" \/>\n<meta name=\"robots\" content=\"index, follow, max-snippet:-1, max-image-preview:large, max-video-preview:-1\" \/>\n<link rel=\"canonical\" href=\"https:\/\/www.top10casinowebsites.net\/fr\/casinos\/\" \/>\n<meta property=\"og:locale\" content=\"en_US\" \/>\n<meta property=\"og:type\" content=\"article\" \/>\n<meta property=\"og:title\" content=\"Top 10 des Casinos en Ligne de Gain R\u00e9el en 2019\" \/>\n<meta property=\"og:description\" content=\"Retrouvez la liste des meilleurs casinos de gain r\u00e9el \u00e0 essayer. Choisissez le meilleur site de casino sur lequel vous pouvez jouer partout dans le monde.\" \/>\n<meta property=\"og:url\" content=\"https:\/\/www.top10casinowebsites.net\/fr\/casinos\/\" \/>\n<meta property=\"og:site_name\" content=\"FR\" \/>\n<meta property=\"article:modified_time\" content=\"2024-01-17T12:44:32+00:00\" \/>\n<meta property=\"og:image\" content=\"https:\/\/static.top10casinowebsites.net\/images\/flags\/online-casino-world.jpg\" \/>\n<meta name=\"twitter:card\" content=\"summary_large_image\" \/>\n<meta name=\"twitter:label1\" content=\"Est. reading time\" \/>\n\t<meta name=\"twitter:data1\" content=\"5 minutes\" \/>\n<script type=\"application\/ld+json\" class=\"yoast-schema-graph\">{\"@context\":\"https:\\\/\\\/schema.org\",\"@graph\":[{\"@type\":\"WebPage\",\"@id\":\"https:\\\/\\\/www.top10casinowebsites.net\\\/fr\\\/casinos\\\/\",\"url\":\"https:\\\/\\\/www.top10casinowebsites.net\\\/fr\\\/casinos\\\/\",\"name\":\"Top 10 des Casinos en Ligne de Gain R\u00e9el en 2019\",\"isPartOf\":{\"@id\":\"https:\\\/\\\/www.top10casinowebsites.net\\\/fr\\\/#website\"},\"primaryImageOfPage\":{\"@id\":\"https:\\\/\\\/www.top10casinowebsites.net\\\/fr\\\/casinos\\\/#primaryimage\"},\"image\":{\"@id\":\"https:\\\/\\\/www.top10casinowebsites.net\\\/fr\\\/casinos\\\/#primaryimage\"},\"thumbnailUrl\":\"https:\\\/\\\/static.top10casinowebsites.net\\\/images\\\/flags\\\/online-casino-world.jpg\",\"datePublished\":\"2017-10-06T18:27:32+00:00\",\"dateModified\":\"2024-01-17T12:44:32+00:00\",\"description\":\"Retrouvez la liste des meilleurs casinos de gain r\u00e9el \u00e0 essayer. Choisissez le meilleur site de casino sur lequel vous pouvez jouer partout dans le monde.\",\"breadcrumb\":{\"@id\":\"https:\\\/\\\/www.top10casinowebsites.net\\\/fr\\\/casinos\\\/#breadcrumb\"},\"inLanguage\":\"en-US\",\"potentialAction\":[{\"@type\":\"ReadAction\",\"target\":[\"https:\\\/\\\/www.top10casinowebsites.net\\\/fr\\\/casinos\\\/\"]}]},{\"@type\":\"ImageObject\",\"inLanguage\":\"en-US\",\"@id\":\"https:\\\/\\\/www.top10casinowebsites.net\\\/fr\\\/casinos\\\/#primaryimage\",\"url\":\"https:\\\/\\\/static.top10casinowebsites.net\\\/images\\\/flags\\\/online-casino-world.jpg\",\"contentUrl\":\"https:\\\/\\\/static.top10casinowebsites.net\\\/images\\\/flags\\\/online-casino-world.jpg\"},{\"@type\":\"BreadcrumbList\",\"@id\":\"https:\\\/\\\/www.top10casinowebsites.net\\\/fr\\\/casinos\\\/#breadcrumb\",\"itemListElement\":[{\"@type\":\"ListItem\",\"position\":1,\"name\":\"Home\",\"item\":\"https:\\\/\\\/www.top10casinowebsites.net\\\/fr\\\/\"},{\"@type\":\"ListItem\",\"position\":2,\"name\":\"Top 10 des Casinos en Ligne de Gain R\u00e9el en 2020\"}]},{\"@type\":\"WebSite\",\"@id\":\"https:\\\/\\\/www.top10casinowebsites.net\\\/fr\\\/#website\",\"url\":\"https:\\\/\\\/www.top10casinowebsites.net\\\/fr\\\/\",\"name\":\"FR\",\"description\":\"Just another Sites site\",\"potentialAction\":[{\"@type\":\"SearchAction\",\"target\":{\"@type\":\"EntryPoint\",\"urlTemplate\":\"https:\\\/\\\/www.top10casinowebsites.net\\\/fr\\\/?s={search_term_string}\"},\"query-input\":{\"@type\":\"PropertyValueSpecification\",\"valueRequired\":true,\"valueName\":\"search_term_string\"}}],\"inLanguage\":\"en-US\"}]}<\/script>\n<!-- \/ Yoast SEO plugin. -->","yoast_head_json":{"title":"Top 10 des Casinos en Ligne de Gain R\u00e9el en 2019","description":"Retrouvez la liste des meilleurs casinos de gain r\u00e9el \u00e0 essayer. Choisissez le meilleur site de casino sur lequel vous pouvez jouer partout dans le monde.","robots":{"index":"index","follow":"follow","max-snippet":"max-snippet:-1","max-image-preview":"max-image-preview:large","max-video-preview":"max-video-preview:-1"},"canonical":"https:\/\/www.top10casinowebsites.net\/fr\/casinos\/","og_locale":"en_US","og_type":"article","og_title":"Top 10 des Casinos en Ligne de Gain R\u00e9el en 2019","og_description":"Retrouvez la liste des meilleurs casinos de gain r\u00e9el \u00e0 essayer. Choisissez le meilleur site de casino sur lequel vous pouvez jouer partout dans le monde.","og_url":"https:\/\/www.top10casinowebsites.net\/fr\/casinos\/","og_site_name":"FR","article_modified_time":"2024-01-17T12:44:32+00:00","og_image":[{"url":"https:\/\/static.top10casinowebsites.net\/images\/flags\/online-casino-world.jpg","type":"","width":"","height":""}],"twitter_card":"summary_large_image","twitter_misc":{"Est. reading time":"5 minutes"},"schema":{"@context":"https:\/\/schema.org","@graph":[{"@type":"WebPage","@id":"https:\/\/www.top10casinowebsites.net\/fr\/casinos\/","url":"https:\/\/www.top10casinowebsites.net\/fr\/casinos\/","name":"Top 10 des Casinos en Ligne de Gain R\u00e9el en 2019","isPartOf":{"@id":"https:\/\/www.top10casinowebsites.net\/fr\/#website"},"primaryImageOfPage":{"@id":"https:\/\/www.top10casinowebsites.net\/fr\/casinos\/#primaryimage"},"image":{"@id":"https:\/\/www.top10casinowebsites.net\/fr\/casinos\/#primaryimage"},"thumbnailUrl":"https:\/\/static.top10casinowebsites.net\/images\/flags\/online-casino-world.jpg","datePublished":"2017-10-06T18:27:32+00:00","dateModified":"2024-01-17T12:44:32+00:00","description":"Retrouvez la liste des meilleurs casinos de gain r\u00e9el \u00e0 essayer. Choisissez le meilleur site de casino sur lequel vous pouvez jouer partout dans le monde.","breadcrumb":{"@id":"https:\/\/www.top10casinowebsites.net\/fr\/casinos\/#breadcrumb"},"inLanguage":"en-US","potentialAction":[{"@type":"ReadAction","target":["https:\/\/www.top10casinowebsites.net\/fr\/casinos\/"]}]},{"@type":"ImageObject","inLanguage":"en-US","@id":"https:\/\/www.top10casinowebsites.net\/fr\/casinos\/#primaryimage","url":"https:\/\/static.top10casinowebsites.net\/images\/flags\/online-casino-world.jpg","contentUrl":"https:\/\/static.top10casinowebsites.net\/images\/flags\/online-casino-world.jpg"},{"@type":"BreadcrumbList","@id":"https:\/\/www.top10casinowebsites.net\/fr\/casinos\/#breadcrumb","itemListElement":[{"@type":"ListItem","position":1,"name":"Home","item":"https:\/\/www.top10casinowebsites.net\/fr\/"},{"@type":"ListItem","position":2,"name":"Top 10 des Casinos en Ligne de Gain R\u00e9el en 2020"}]},{"@type":"WebSite","@id":"https:\/\/www.top10casinowebsites.net\/fr\/#website","url":"https:\/\/www.top10casinowebsites.net\/fr\/","name":"FR","description":"Just another Sites site","potentialAction":[{"@type":"SearchAction","target":{"@type":"EntryPoint","urlTemplate":"https:\/\/www.top10casinowebsites.net\/fr\/?s={search_term_string}"},"query-input":{"@type":"PropertyValueSpecification","valueRequired":true,"valueName":"search_term_string"}}],"inLanguage":"en-US"}]}},"_links":{"self":[{"href":"https:\/\/www.top10casinowebsites.net\/fr\/wp-json\/wp\/v2\/pages\/99","targetHints":{"allow":["GET"]}}],"collection":[{"href":"https:\/\/www.top10casinowebsites.net\/fr\/wp-json\/wp\/v2\/pages"}],"about":[{"href":"https:\/\/www.top10casinowebsites.net\/fr\/wp-json\/wp\/v2\/types\/page"}],"author":[{"embeddable":true,"href":"https:\/\/www.top10casinowebsites.net\/fr\/wp-json\/wp\/v2\/users\/4"}],"replies":[{"embeddable":true,"href":"https:\/\/www.top10casinowebsites.net\/fr\/wp-json\/wp\/v2\/comments?post=99"}],"version-history":[{"count":2,"href":"https:\/\/www.top10casinowebsites.net\/fr\/wp-json\/wp\/v2\/pages\/99\/revisions"}],"predecessor-version":[{"id":154,"href":"https:\/\/www.top10casinowebsites.net\/fr\/wp-json\/wp\/v2\/pages\/99\/revisions\/154"}],"wp:attachment":[{"href":"https:\/\/www.top10casinowebsites.net\/fr\/wp-json\/wp\/v2\/media?parent=99"}],"curies":[{"name":"wp","href":"https:\/\/api.w.org\/{rel}","templated":true}]}}